{"id":17217,"date":"2024-11-03T10:00:41","date_gmt":"2024-11-03T08:00:41","guid":{"rendered":"https:\/\/vinilozona.lt\/?post_type=product&#038;p=17217"},"modified":"2026-01-10T23:19:28","modified_gmt":"2026-01-10T21:19:28","slug":"johnny-cash-the-complete-mercury-albums-1986-1991-7lp-boxset","status":"publish","type":"product","link":"https:\/\/vinilozona.lt\/en\/parduotuve\/naujos-lp\/johnny-cash-the-complete-mercury-albums-1986-1991-7lp-boxset\/","title":{"rendered":"Johnny Cash \u2013 The Complete Mercury Albums 1986-1991 7LP BoxSet"},"content":{"rendered":"<p>Class Of &#8217;55<br \/>\n1-1\t\tBirth Of Rock And Roll<br \/>\n1-2\t\tSixteen Candles<br \/>\n1-3\t\tClass Of &#8217;55<br \/>\n1-4\t\tWaymore&#8217;s Blues<br \/>\n1-5\t\tWe Remember The King<br \/>\n1-6\t\tComing Home<br \/>\n1-7\t\tRock And Roll (Fais-Do-Do)<br \/>\n1-8\t\tKeep My Motor Running<br \/>\n1-9\t\tI Will Rock And Roll With You<br \/>\n1-10\t\tBig Train (From Memphis)<\/p>\n<p>Johnny Cash Is Coming To Town<br \/>\n2-1\t\tThe Big Light<br \/>\n2-2\t\tThe Ballad Of Barbara<br \/>\n2-3\t\tI&#8217;d Rather Have You<br \/>\n2-4\t\tLet Him Roll<br \/>\n2-5\t\tThe Night Hank Williams Came To Town<br \/>\n2-6\t\tSixteen Tons<br \/>\n2-7\t\tLetters From Home<br \/>\n2-8\t\tW. Lee O&#8217;Daniel (And The Light Crust Dough Boys)<br \/>\n2-9\t\tHeavy Metal (Don&#8217;t Mean Rock And Roll To Me)<br \/>\n2-10\t\tMy Ship Will Sail<\/p>\n<p>Water From The Wells Of Home<br \/>\n3-1\t\tBallad Of A Teenage Queen<br \/>\n3-2\t\tAs Long As I Live<br \/>\n3-3\t\tWhere Did We Go Right<br \/>\n3-4\t\tThe Last Of The Drifters<br \/>\n3-5\t\tCall Me The Breeze<br \/>\n3-6\t\tThat Old Wheel<br \/>\n3-7\t\tSweeter Than The Flowers<br \/>\n3-8\t\tA Croft In Clachan (The Ballad Of Rob Macdunn)<br \/>\n3-9\t\tNew Moon Over Jamaica<br \/>\n3-10\t\tWater From The Wells Of Home<\/p>\n<p>Classic Cash: Hall Of Fame Series<br \/>\n4-1\t\tGet Rhythm<br \/>\n4-2\t\tTennessee Flat Top Box<br \/>\n4-3\t\tLong Black Veil<br \/>\n4-4\t\tA Thing Called Love<br \/>\n4-5\t\tI Still Miss Someone<br \/>\n4-6\t\tCry, Cry, Cry<br \/>\n4-7\t\tBlue Train<br \/>\n4-8\t\tSunday Morning Coming Down<br \/>\n4-9\t\tFive Feet High And Rising<br \/>\n4-10\t\tPeace In The Valley<\/p>\n<p>Classic Cash: Hall Of Fame Series<br \/>\n5-1\t\tDon&#8217;t Take Your Guns To Town<br \/>\n5-2\t\tHome Of The Blues<br \/>\n5-3\t\tGuess Things Happen That Way<br \/>\n5-4\t\tI Got Stripes<br \/>\n5-5\t\tI Walk The Line<br \/>\n5-6\t\tRing Of Fire<br \/>\n5-7\t\tBallad Of Ira Hayes<br \/>\n5-8\t\tThe Ways Of A Woman In Love<br \/>\n5-9\t\tFolsom Prison Blues<br \/>\n5-10\t\tSupper Time<\/p>\n<p>Boom Chicka Boom<br \/>\n6-1\t\tA Backstage Pass<br \/>\n6-2\t\tCat&#8217;s In The Cradle<br \/>\n6-3\t\tFarmer&#8217;s Almanac<br \/>\n6-4\t\tDon&#8217;t Go Near The Water<br \/>\n6-5\t\tFamily Bible<br \/>\n6-6\t\tHarley<br \/>\n6-7\t\tI Love You, Love You<br \/>\n6-8\t\tHidden Shame<br \/>\n6-9\t\tMonteagle Mountain<br \/>\n6-10\t\tThat&#8217;s One You Own Me<\/p>\n<p>The Mystery Of Life<br \/>\n7-1\t\tThe Greatest Cowboy Of Them All<br \/>\n7-2\t\tI&#8217;m An Easy Rider<br \/>\n7-3\t\tThe Mystery Of Life<br \/>\n7-4\t\tHey Porter<br \/>\n7-5\t\tBeans For Breakfast<br \/>\n7-6\t\tGoin&#8217; By The Book<br \/>\n7-7\t\tWanted Man<br \/>\n7-8\t\tI&#8217;ll Go Somewhere And Sing My Songs Again<br \/>\n7-9\t\tThe Hobo Song<br \/>\n7-10\t\tAngel And The Badman<\/p>","protected":false},"excerpt":{"rendered":"<p>Label:\tMercury Nashville \u2013 0602567726944<br \/>\nFormat:\tBox Set, Compilation 7 x Vinyl, LP, Album<br \/>\nCountry:\tEurope<\/p>","protected":false},"featured_media":17218,"template":"","meta":[],"product_cat":[23,54],"product_tag":[55],"yoast_head":"<!-- This site is optimized with the Yoast SEO plugin v23.5 - https:\/\/yoast.com\/wordpress\/plugins\/seo\/ -->\n<title>Johnny Cash \u2013 The Complete Mercury Albums 1986-1991 7LP BoxSet Vinilin\u0117 Plok\u0161tel\u0117 | Vinilozona.lt<\/title>\n<meta name=\"robots\" content=\"index, follow, max-snippet:-1, max-image-preview:large, max-video-preview:-1\" \/>\n<link rel=\"canonical\" href=\"https:\/\/vinilozona.lt\/en\/parduotuve\/naujos-lp\/johnny-cash-the-complete-mercury-albums-1986-1991-7lp-boxset\/\" \/>\n<meta property=\"og:locale\" content=\"en_GB\" \/>\n<meta property=\"og:type\" content=\"article\" \/>\n<meta property=\"og:title\" content=\"Johnny Cash \u2013 The Complete Mercury Albums 1986-1991 7LP BoxSet Vinilin\u0117 Plok\u0161tel\u0117 | Vinilozona.lt\" \/>\n<meta property=\"og:description\" content=\"Label: Mercury Nashville \u2013 0602567726944 Format: Box Set, Compilation 7 x Vinyl, LP, Album Country: Europe\" \/>\n<meta property=\"og:url\" content=\"https:\/\/vinilozona.lt\/en\/parduotuve\/naujos-lp\/johnny-cash-the-complete-mercury-albums-1986-1991-7lp-boxset\/\" \/>\n<meta property=\"og:site_name\" content=\"Vinilo Zona\" \/>\n<meta property=\"article:modified_time\" content=\"2026-01-10T21:19:28+00:00\" \/>\n<meta property=\"og:image\" content=\"https:\/\/vinilozona.lt\/wp-content\/uploads\/2021\/11\/R-15557930-1594176123-6922.jpeg.jpg\" \/>\n\t<meta property=\"og:image:width\" content=\"599\" \/>\n\t<meta property=\"og:image:height\" content=\"605\" \/>\n\t<meta property=\"og:image:type\" content=\"image\/jpeg\" \/>\n<meta name=\"twitter:card\" content=\"summary_large_image\" \/>\n<meta name=\"twitter:label1\" content=\"Estimated reading time\" \/>\n\t<meta name=\"twitter:data1\" content=\"2 minutes\" \/>\n<script type=\"application\/ld+json\" class=\"yoast-schema-graph\">{\"@context\":\"https:\/\/schema.org\",\"@graph\":[{\"@type\":\"WebPage\",\"@id\":\"https:\/\/vinilozona.lt\/parduotuve\/naujos-lp\/johnny-cash-the-complete-mercury-albums-1986-1991-7lp-boxset\/\",\"url\":\"https:\/\/vinilozona.lt\/parduotuve\/naujos-lp\/johnny-cash-the-complete-mercury-albums-1986-1991-7lp-boxset\/\",\"name\":\"Johnny Cash \u2013 The Complete Mercury Albums 1986-1991 7LP BoxSet Vinilin\u0117 Plok\u0161tel\u0117 | Vinilozona.lt\",\"isPartOf\":{\"@id\":\"https:\/\/vinilozona.lt\/#website\"},\"primaryImageOfPage\":{\"@id\":\"https:\/\/vinilozona.lt\/parduotuve\/naujos-lp\/johnny-cash-the-complete-mercury-albums-1986-1991-7lp-boxset\/#primaryimage\"},\"image\":{\"@id\":\"https:\/\/vinilozona.lt\/parduotuve\/naujos-lp\/johnny-cash-the-complete-mercury-albums-1986-1991-7lp-boxset\/#primaryimage\"},\"thumbnailUrl\":\"https:\/\/vinilozona.lt\/wp-content\/uploads\/2021\/11\/R-15557930-1594176123-6922.jpeg.jpg\",\"datePublished\":\"2024-11-03T08:00:41+00:00\",\"dateModified\":\"2026-01-10T21:19:28+00:00\",\"breadcrumb\":{\"@id\":\"https:\/\/vinilozona.lt\/parduotuve\/naujos-lp\/johnny-cash-the-complete-mercury-albums-1986-1991-7lp-boxset\/#breadcrumb\"},\"inLanguage\":\"en-GB\",\"potentialAction\":[{\"@type\":\"ReadAction\",\"target\":[\"https:\/\/vinilozona.lt\/parduotuve\/naujos-lp\/johnny-cash-the-complete-mercury-albums-1986-1991-7lp-boxset\/\"]}]},{\"@type\":\"ImageObject\",\"inLanguage\":\"en-GB\",\"@id\":\"https:\/\/vinilozona.lt\/parduotuve\/naujos-lp\/johnny-cash-the-complete-mercury-albums-1986-1991-7lp-boxset\/#primaryimage\",\"url\":\"https:\/\/vinilozona.lt\/wp-content\/uploads\/2021\/11\/R-15557930-1594176123-6922.jpeg.jpg\",\"contentUrl\":\"https:\/\/vinilozona.lt\/wp-content\/uploads\/2021\/11\/R-15557930-1594176123-6922.jpeg.jpg\",\"width\":599,\"height\":605},{\"@type\":\"BreadcrumbList\",\"@id\":\"https:\/\/vinilozona.lt\/parduotuve\/naujos-lp\/johnny-cash-the-complete-mercury-albums-1986-1991-7lp-boxset\/#breadcrumb\",\"itemListElement\":[{\"@type\":\"ListItem\",\"position\":1,\"name\":\"Home\",\"item\":\"https:\/\/vinilozona.lt\/\"},{\"@type\":\"ListItem\",\"position\":2,\"name\":\"Parduotuv\u0117\",\"item\":\"https:\/\/vinilozona.lt\/parduotuve\/\"},{\"@type\":\"ListItem\",\"position\":3,\"name\":\"Johnny Cash \u2013 The Complete Mercury Albums 1986-1991 7LP BoxSet\"}]},{\"@type\":\"WebSite\",\"@id\":\"https:\/\/vinilozona.lt\/#website\",\"url\":\"https:\/\/vinilozona.lt\/\",\"name\":\"Vinilo Zona\",\"description\":\"Nup\u016bsk dulkes ir klausyk LP\",\"potentialAction\":[{\"@type\":\"SearchAction\",\"target\":{\"@type\":\"EntryPoint\",\"urlTemplate\":\"https:\/\/vinilozona.lt\/?s={search_term_string}\"},\"query-input\":{\"@type\":\"PropertyValueSpecification\",\"valueRequired\":true,\"valueName\":\"search_term_string\"}}],\"inLanguage\":\"en-GB\"}]}<\/script>\n<!-- \/ Yoast SEO plugin. -->","yoast_head_json":{"title":"Johnny Cash \u2013 The Complete Mercury Albums 1986-1991 7LP BoxSet Vinilin\u0117 Plok\u0161tel\u0117 | Vinilozona.lt","robots":{"index":"index","follow":"follow","max-snippet":"max-snippet:-1","max-image-preview":"max-image-preview:large","max-video-preview":"max-video-preview:-1"},"canonical":"https:\/\/vinilozona.lt\/en\/parduotuve\/naujos-lp\/johnny-cash-the-complete-mercury-albums-1986-1991-7lp-boxset\/","og_locale":"en_GB","og_type":"article","og_title":"Johnny Cash \u2013 The Complete Mercury Albums 1986-1991 7LP BoxSet Vinilin\u0117 Plok\u0161tel\u0117 | Vinilozona.lt","og_description":"Label: Mercury Nashville \u2013 0602567726944 Format: Box Set, Compilation 7 x Vinyl, LP, Album Country: Europe","og_url":"https:\/\/vinilozona.lt\/en\/parduotuve\/naujos-lp\/johnny-cash-the-complete-mercury-albums-1986-1991-7lp-boxset\/","og_site_name":"Vinilo Zona","article_modified_time":"2026-01-10T21:19:28+00:00","og_image":[{"width":599,"height":605,"url":"https:\/\/vinilozona.lt\/wp-content\/uploads\/2021\/11\/R-15557930-1594176123-6922.jpeg.jpg","type":"image\/jpeg"}],"twitter_card":"summary_large_image","twitter_misc":{"Estimated reading time":"2 minutes"},"schema":{"@context":"https:\/\/schema.org","@graph":[{"@type":"WebPage","@id":"https:\/\/vinilozona.lt\/parduotuve\/naujos-lp\/johnny-cash-the-complete-mercury-albums-1986-1991-7lp-boxset\/","url":"https:\/\/vinilozona.lt\/parduotuve\/naujos-lp\/johnny-cash-the-complete-mercury-albums-1986-1991-7lp-boxset\/","name":"Johnny Cash \u2013 The Complete Mercury Albums 1986-1991 7LP BoxSet Vinilin\u0117 Plok\u0161tel\u0117 | Vinilozona.lt","isPartOf":{"@id":"https:\/\/vinilozona.lt\/#website"},"primaryImageOfPage":{"@id":"https:\/\/vinilozona.lt\/parduotuve\/naujos-lp\/johnny-cash-the-complete-mercury-albums-1986-1991-7lp-boxset\/#primaryimage"},"image":{"@id":"https:\/\/vinilozona.lt\/parduotuve\/naujos-lp\/johnny-cash-the-complete-mercury-albums-1986-1991-7lp-boxset\/#primaryimage"},"thumbnailUrl":"https:\/\/vinilozona.lt\/wp-content\/uploads\/2021\/11\/R-15557930-1594176123-6922.jpeg.jpg","datePublished":"2024-11-03T08:00:41+00:00","dateModified":"2026-01-10T21:19:28+00:00","breadcrumb":{"@id":"https:\/\/vinilozona.lt\/parduotuve\/naujos-lp\/johnny-cash-the-complete-mercury-albums-1986-1991-7lp-boxset\/#breadcrumb"},"inLanguage":"en-GB","potentialAction":[{"@type":"ReadAction","target":["https:\/\/vinilozona.lt\/parduotuve\/naujos-lp\/johnny-cash-the-complete-mercury-albums-1986-1991-7lp-boxset\/"]}]},{"@type":"ImageObject","inLanguage":"en-GB","@id":"https:\/\/vinilozona.lt\/parduotuve\/naujos-lp\/johnny-cash-the-complete-mercury-albums-1986-1991-7lp-boxset\/#primaryimage","url":"https:\/\/vinilozona.lt\/wp-content\/uploads\/2021\/11\/R-15557930-1594176123-6922.jpeg.jpg","contentUrl":"https:\/\/vinilozona.lt\/wp-content\/uploads\/2021\/11\/R-15557930-1594176123-6922.jpeg.jpg","width":599,"height":605},{"@type":"BreadcrumbList","@id":"https:\/\/vinilozona.lt\/parduotuve\/naujos-lp\/johnny-cash-the-complete-mercury-albums-1986-1991-7lp-boxset\/#breadcrumb","itemListElement":[{"@type":"ListItem","position":1,"name":"Home","item":"https:\/\/vinilozona.lt\/"},{"@type":"ListItem","position":2,"name":"Parduotuv\u0117","item":"https:\/\/vinilozona.lt\/parduotuve\/"},{"@type":"ListItem","position":3,"name":"Johnny Cash \u2013 The Complete Mercury Albums 1986-1991 7LP BoxSet"}]},{"@type":"WebSite","@id":"https:\/\/vinilozona.lt\/#website","url":"https:\/\/vinilozona.lt\/","name":"Vinilo Zona","description":"Nup\u016bsk dulkes ir klausyk LP","potentialAction":[{"@type":"SearchAction","target":{"@type":"EntryPoint","urlTemplate":"https:\/\/vinilozona.lt\/?s={search_term_string}"},"query-input":{"@type":"PropertyValueSpecification","valueRequired":true,"valueName":"search_term_string"}}],"inLanguage":"en-GB"}]}},"_links":{"self":[{"href":"https:\/\/vinilozona.lt\/en\/wp-json\/wp\/v2\/product\/17217"}],"collection":[{"href":"https:\/\/vinilozona.lt\/en\/wp-json\/wp\/v2\/product"}],"about":[{"href":"https:\/\/vinilozona.lt\/en\/wp-json\/wp\/v2\/types\/product"}],"wp:featuredmedia":[{"embeddable":true,"href":"https:\/\/vinilozona.lt\/en\/wp-json\/wp\/v2\/media\/17218"}],"wp:attachment":[{"href":"https:\/\/vinilozona.lt\/en\/wp-json\/wp\/v2\/media?parent=17217"}],"wp:term":[{"taxonomy":"product_cat","embeddable":true,"href":"https:\/\/vinilozona.lt\/en\/wp-json\/wp\/v2\/product_cat?post=17217"},{"taxonomy":"product_tag","embeddable":true,"href":"https:\/\/vinilozona.lt\/en\/wp-json\/wp\/v2\/product_tag?post=17217"}],"curies":[{"name":"wp","href":"https:\/\/api.w.org\/{rel}","templated":true}]}}