{"id":17164,"date":"2021-11-27T12:10:40","date_gmt":"2021-11-27T10:10:40","guid":{"rendered":"https:\/\/vinilozona.lt\/?post_type=product&#038;p=17164"},"modified":"2022-01-07T08:16:39","modified_gmt":"2022-01-07T06:16:39","slug":"garth-brooks-%e2%80%8e-sevens-cd","status":"publish","type":"product","link":"https:\/\/vinilozona.lt\/en\/parduotuve\/cd\/naudoti-cd\/garth-brooks-%e2%80%8e-sevens-cd\/","title":{"rendered":"Garth Brooks \u200e\u2013 Sevens  CD"},"content":{"rendered":"<p>1\tLongneck Bottle\t2:15<br \/>\n2\tHow You Ever Gonna Know\t3:35<br \/>\n3\tShe&#8217;s Gonna Make It\t2:45<br \/>\n4\tI Don&#8217;t Have To Wonder\t3:04<br \/>\n5\tTwo Pi\u00f1a Coladas\t3:34<br \/>\n6\tCowboy Cadillac\t2:50<br \/>\n7\tFit For A King\t3:58<br \/>\n8\tDo What You Gotta Do\t2:57<br \/>\n9\tYou Move Me\t4:34<br \/>\n10\tIn Another&#8217;s Eyes 3:33<br \/>\n11\tWhen There&#8217;s No One Around\t3:33<br \/>\n12\tA Friend To Me\t3:05<br \/>\n13\tTake The Keys To My Heart\t2:31<br \/>\n14\tBelleau Wood\t3:29<\/p>","protected":false},"excerpt":{"rendered":"<p>Capitol Records \u200e\u2013 7243 8 56599 2 8, Capitol Records \u200e\u2013 856 5992<br \/>\nFormat:<br \/>\nCD, HDCD, Album<br \/>\nCountry:<br \/>\nEurope<br \/>\nReleased:<br \/>\n1997<\/p>","protected":false},"featured_media":17165,"template":"","meta":[],"product_cat":[24,946],"product_tag":[44],"yoast_head":"<!-- This site is optimized with the Yoast SEO plugin v23.5 - https:\/\/yoast.com\/wordpress\/plugins\/seo\/ -->\n<title>Garth Brooks \u200e\u2013 Sevens CD Vinilin\u0117 Plok\u0161tel\u0117 | Vinilozona.lt<\/title>\n<meta name=\"robots\" content=\"index, follow, max-snippet:-1, max-image-preview:large, max-video-preview:-1\" \/>\n<link rel=\"canonical\" href=\"https:\/\/vinilozona.lt\/en\/parduotuve\/cd\/naudoti-cd\/garth-brooks-\u200e-sevens-cd\/\" \/>\n<meta property=\"og:locale\" content=\"en_GB\" \/>\n<meta property=\"og:type\" content=\"article\" \/>\n<meta property=\"og:title\" content=\"Garth Brooks \u200e\u2013 Sevens CD Vinilin\u0117 Plok\u0161tel\u0117 | Vinilozona.lt\" \/>\n<meta property=\"og:description\" content=\"Capitol Records \u200e\u2013 7243 8 56599 2 8, Capitol Records \u200e\u2013 856 5992 Format: CD, HDCD, Album Country: Europe Released: 1997\" \/>\n<meta property=\"og:url\" content=\"https:\/\/vinilozona.lt\/en\/parduotuve\/cd\/naudoti-cd\/garth-brooks-\u200e-sevens-cd\/\" \/>\n<meta property=\"og:site_name\" content=\"Vinilo Zona\" \/>\n<meta property=\"article:modified_time\" content=\"2022-01-07T06:16:39+00:00\" \/>\n<meta property=\"og:image\" content=\"https:\/\/vinilozona.lt\/wp-content\/uploads\/2021\/11\/R-1862038-1422016149-7849.jpeg.jpg\" \/>\n\t<meta property=\"og:image:width\" content=\"300\" \/>\n\t<meta property=\"og:image:height\" content=\"297\" \/>\n\t<meta property=\"og:image:type\" content=\"image\/jpeg\" \/>\n<meta name=\"twitter:card\" content=\"summary_large_image\" \/>\n<script type=\"application\/ld+json\" class=\"yoast-schema-graph\">{\"@context\":\"https:\/\/schema.org\",\"@graph\":[{\"@type\":\"WebPage\",\"@id\":\"https:\/\/vinilozona.lt\/parduotuve\/cd\/naudoti-cd\/garth-brooks-%e2%80%8e-sevens-cd\/\",\"url\":\"https:\/\/vinilozona.lt\/parduotuve\/cd\/naudoti-cd\/garth-brooks-%e2%80%8e-sevens-cd\/\",\"name\":\"Garth Brooks \u200e\u2013 Sevens CD Vinilin\u0117 Plok\u0161tel\u0117 | Vinilozona.lt\",\"isPartOf\":{\"@id\":\"https:\/\/vinilozona.lt\/#website\"},\"primaryImageOfPage\":{\"@id\":\"https:\/\/vinilozona.lt\/parduotuve\/cd\/naudoti-cd\/garth-brooks-%e2%80%8e-sevens-cd\/#primaryimage\"},\"image\":{\"@id\":\"https:\/\/vinilozona.lt\/parduotuve\/cd\/naudoti-cd\/garth-brooks-%e2%80%8e-sevens-cd\/#primaryimage\"},\"thumbnailUrl\":\"https:\/\/vinilozona.lt\/wp-content\/uploads\/2021\/11\/R-1862038-1422016149-7849.jpeg.jpg\",\"datePublished\":\"2021-11-27T10:10:40+00:00\",\"dateModified\":\"2022-01-07T06:16:39+00:00\",\"breadcrumb\":{\"@id\":\"https:\/\/vinilozona.lt\/parduotuve\/cd\/naudoti-cd\/garth-brooks-%e2%80%8e-sevens-cd\/#breadcrumb\"},\"inLanguage\":\"en-GB\",\"potentialAction\":[{\"@type\":\"ReadAction\",\"target\":[\"https:\/\/vinilozona.lt\/parduotuve\/cd\/naudoti-cd\/garth-brooks-%e2%80%8e-sevens-cd\/\"]}]},{\"@type\":\"ImageObject\",\"inLanguage\":\"en-GB\",\"@id\":\"https:\/\/vinilozona.lt\/parduotuve\/cd\/naudoti-cd\/garth-brooks-%e2%80%8e-sevens-cd\/#primaryimage\",\"url\":\"https:\/\/vinilozona.lt\/wp-content\/uploads\/2021\/11\/R-1862038-1422016149-7849.jpeg.jpg\",\"contentUrl\":\"https:\/\/vinilozona.lt\/wp-content\/uploads\/2021\/11\/R-1862038-1422016149-7849.jpeg.jpg\",\"width\":300,\"height\":297},{\"@type\":\"BreadcrumbList\",\"@id\":\"https:\/\/vinilozona.lt\/parduotuve\/cd\/naudoti-cd\/garth-brooks-%e2%80%8e-sevens-cd\/#breadcrumb\",\"itemListElement\":[{\"@type\":\"ListItem\",\"position\":1,\"name\":\"Home\",\"item\":\"https:\/\/vinilozona.lt\/\"},{\"@type\":\"ListItem\",\"position\":2,\"name\":\"Parduotuv\u0117\",\"item\":\"https:\/\/vinilozona.lt\/parduotuve\/\"},{\"@type\":\"ListItem\",\"position\":3,\"name\":\"Garth Brooks \u200e\u2013 Sevens CD\"}]},{\"@type\":\"WebSite\",\"@id\":\"https:\/\/vinilozona.lt\/#website\",\"url\":\"https:\/\/vinilozona.lt\/\",\"name\":\"Vinilo Zona\",\"description\":\"Nup\u016bsk dulkes ir klausyk LP\",\"potentialAction\":[{\"@type\":\"SearchAction\",\"target\":{\"@type\":\"EntryPoint\",\"urlTemplate\":\"https:\/\/vinilozona.lt\/?s={search_term_string}\"},\"query-input\":{\"@type\":\"PropertyValueSpecification\",\"valueRequired\":true,\"valueName\":\"search_term_string\"}}],\"inLanguage\":\"en-GB\"}]}<\/script>\n<!-- \/ Yoast SEO plugin. -->","yoast_head_json":{"title":"Garth Brooks \u200e\u2013 Sevens CD Vinilin\u0117 Plok\u0161tel\u0117 | Vinilozona.lt","robots":{"index":"index","follow":"follow","max-snippet":"max-snippet:-1","max-image-preview":"max-image-preview:large","max-video-preview":"max-video-preview:-1"},"canonical":"https:\/\/vinilozona.lt\/en\/parduotuve\/cd\/naudoti-cd\/garth-brooks-\u200e-sevens-cd\/","og_locale":"en_GB","og_type":"article","og_title":"Garth Brooks \u200e\u2013 Sevens CD Vinilin\u0117 Plok\u0161tel\u0117 | Vinilozona.lt","og_description":"Capitol Records \u200e\u2013 7243 8 56599 2 8, Capitol Records \u200e\u2013 856 5992 Format: CD, HDCD, Album Country: Europe Released: 1997","og_url":"https:\/\/vinilozona.lt\/en\/parduotuve\/cd\/naudoti-cd\/garth-brooks-\u200e-sevens-cd\/","og_site_name":"Vinilo Zona","article_modified_time":"2022-01-07T06:16:39+00:00","og_image":[{"width":300,"height":297,"url":"https:\/\/vinilozona.lt\/wp-content\/uploads\/2021\/11\/R-1862038-1422016149-7849.jpeg.jpg","type":"image\/jpeg"}],"twitter_card":"summary_large_image","schema":{"@context":"https:\/\/schema.org","@graph":[{"@type":"WebPage","@id":"https:\/\/vinilozona.lt\/parduotuve\/cd\/naudoti-cd\/garth-brooks-%e2%80%8e-sevens-cd\/","url":"https:\/\/vinilozona.lt\/parduotuve\/cd\/naudoti-cd\/garth-brooks-%e2%80%8e-sevens-cd\/","name":"Garth Brooks \u200e\u2013 Sevens CD Vinilin\u0117 Plok\u0161tel\u0117 | Vinilozona.lt","isPartOf":{"@id":"https:\/\/vinilozona.lt\/#website"},"primaryImageOfPage":{"@id":"https:\/\/vinilozona.lt\/parduotuve\/cd\/naudoti-cd\/garth-brooks-%e2%80%8e-sevens-cd\/#primaryimage"},"image":{"@id":"https:\/\/vinilozona.lt\/parduotuve\/cd\/naudoti-cd\/garth-brooks-%e2%80%8e-sevens-cd\/#primaryimage"},"thumbnailUrl":"https:\/\/vinilozona.lt\/wp-content\/uploads\/2021\/11\/R-1862038-1422016149-7849.jpeg.jpg","datePublished":"2021-11-27T10:10:40+00:00","dateModified":"2022-01-07T06:16:39+00:00","breadcrumb":{"@id":"https:\/\/vinilozona.lt\/parduotuve\/cd\/naudoti-cd\/garth-brooks-%e2%80%8e-sevens-cd\/#breadcrumb"},"inLanguage":"en-GB","potentialAction":[{"@type":"ReadAction","target":["https:\/\/vinilozona.lt\/parduotuve\/cd\/naudoti-cd\/garth-brooks-%e2%80%8e-sevens-cd\/"]}]},{"@type":"ImageObject","inLanguage":"en-GB","@id":"https:\/\/vinilozona.lt\/parduotuve\/cd\/naudoti-cd\/garth-brooks-%e2%80%8e-sevens-cd\/#primaryimage","url":"https:\/\/vinilozona.lt\/wp-content\/uploads\/2021\/11\/R-1862038-1422016149-7849.jpeg.jpg","contentUrl":"https:\/\/vinilozona.lt\/wp-content\/uploads\/2021\/11\/R-1862038-1422016149-7849.jpeg.jpg","width":300,"height":297},{"@type":"BreadcrumbList","@id":"https:\/\/vinilozona.lt\/parduotuve\/cd\/naudoti-cd\/garth-brooks-%e2%80%8e-sevens-cd\/#breadcrumb","itemListElement":[{"@type":"ListItem","position":1,"name":"Home","item":"https:\/\/vinilozona.lt\/"},{"@type":"ListItem","position":2,"name":"Parduotuv\u0117","item":"https:\/\/vinilozona.lt\/parduotuve\/"},{"@type":"ListItem","position":3,"name":"Garth Brooks \u200e\u2013 Sevens CD"}]},{"@type":"WebSite","@id":"https:\/\/vinilozona.lt\/#website","url":"https:\/\/vinilozona.lt\/","name":"Vinilo Zona","description":"Nup\u016bsk dulkes ir klausyk LP","potentialAction":[{"@type":"SearchAction","target":{"@type":"EntryPoint","urlTemplate":"https:\/\/vinilozona.lt\/?s={search_term_string}"},"query-input":{"@type":"PropertyValueSpecification","valueRequired":true,"valueName":"search_term_string"}}],"inLanguage":"en-GB"}]}},"_links":{"self":[{"href":"https:\/\/vinilozona.lt\/en\/wp-json\/wp\/v2\/product\/17164"}],"collection":[{"href":"https:\/\/vinilozona.lt\/en\/wp-json\/wp\/v2\/product"}],"about":[{"href":"https:\/\/vinilozona.lt\/en\/wp-json\/wp\/v2\/types\/product"}],"wp:featuredmedia":[{"embeddable":true,"href":"https:\/\/vinilozona.lt\/en\/wp-json\/wp\/v2\/media\/17165"}],"wp:attachment":[{"href":"https:\/\/vinilozona.lt\/en\/wp-json\/wp\/v2\/media?parent=17164"}],"wp:term":[{"taxonomy":"product_cat","embeddable":true,"href":"https:\/\/vinilozona.lt\/en\/wp-json\/wp\/v2\/product_cat?post=17164"},{"taxonomy":"product_tag","embeddable":true,"href":"https:\/\/vinilozona.lt\/en\/wp-json\/wp\/v2\/product_tag?post=17164"}],"curies":[{"name":"wp","href":"https:\/\/api.w.org\/{rel}","templated":true}]}}