{"id":17099,"date":"2021-11-23T17:16:10","date_gmt":"2021-11-23T15:16:10","guid":{"rendered":"https:\/\/vinilozona.lt\/?post_type=product&#038;p=17099"},"modified":"2021-11-29T15:37:33","modified_gmt":"2021-11-29T13:37:33","slug":"elton-john-%e2%80%8e-the-big-picture-cd","status":"publish","type":"product","link":"https:\/\/vinilozona.lt\/en\/parduotuve\/cd\/elton-john-%e2%80%8e-the-big-picture-cd\/","title":{"rendered":"Elton John \u200e\u2013 The Big Picture &#8211; CD"},"content":{"rendered":"<p>Long Way From Happiness\t4:47<br \/>\nLive Like Horses\t5:02<br \/>\nThe End Will Come\t4:52<br \/>\nIf The River Can Bend\t5:23<br \/>\nLove&#8217;s Got A Lot To Answer For\t5:02<br \/>\nSomething About The Way You Look Tonight\t5:08<br \/>\nThe Big Picture\t3:45<br \/>\nRecover Your Soul\t5:18<br \/>\nJanuary\t4:02<br \/>\nI Can&#8217;t Steer My Heart Clear Of You\t4:10<br \/>\nWicked Dreams\t4:39<\/p>","protected":false},"excerpt":{"rendered":"<p>The Rocket Record Company \u200e\u2013 536 266-2, Mercury \u200e\u2013 536 266-2<br \/>\nFormat:<br \/>\nCD, Album<br \/>\nCountry:<br \/>\nUK &#038; Europe<br \/>\nReleased:<br \/>\n22 Sep 1997<\/p>","protected":false},"featured_media":17103,"template":"","meta":[],"product_cat":[24],"product_tag":[44],"yoast_head":"<!-- This site is optimized with the Yoast SEO plugin v23.5 - https:\/\/yoast.com\/wordpress\/plugins\/seo\/ -->\n<title>Elton John \u200e\u2013 The Big Picture - CD Vinilin\u0117 Plok\u0161tel\u0117 | Vinilozona.lt<\/title>\n<meta name=\"robots\" content=\"index, follow, max-snippet:-1, max-image-preview:large, max-video-preview:-1\" \/>\n<link rel=\"canonical\" href=\"https:\/\/vinilozona.lt\/en\/parduotuve\/cd\/elton-john-\u200e-the-big-picture-cd\/\" \/>\n<meta property=\"og:locale\" content=\"en_GB\" \/>\n<meta property=\"og:type\" content=\"article\" \/>\n<meta property=\"og:title\" content=\"Elton John \u200e\u2013 The Big Picture - CD Vinilin\u0117 Plok\u0161tel\u0117 | Vinilozona.lt\" \/>\n<meta property=\"og:description\" content=\"The Rocket Record Company \u200e\u2013 536 266-2, Mercury \u200e\u2013 536 266-2 Format: CD, Album Country: UK &amp; Europe Released: 22 Sep 1997\" \/>\n<meta property=\"og:url\" content=\"https:\/\/vinilozona.lt\/en\/parduotuve\/cd\/elton-john-\u200e-the-big-picture-cd\/\" \/>\n<meta property=\"og:site_name\" content=\"Vinilo Zona\" \/>\n<meta property=\"article:modified_time\" content=\"2021-11-29T13:37:33+00:00\" \/>\n<meta property=\"og:image\" content=\"https:\/\/vinilozona.lt\/wp-content\/uploads\/2021\/11\/R-451894-1543595934-7353.jpeg.jpg\" \/>\n\t<meta property=\"og:image:width\" content=\"300\" \/>\n\t<meta property=\"og:image:height\" content=\"300\" \/>\n\t<meta property=\"og:image:type\" content=\"image\/jpeg\" \/>\n<meta name=\"twitter:card\" content=\"summary_large_image\" \/>\n<script type=\"application\/ld+json\" class=\"yoast-schema-graph\">{\"@context\":\"https:\/\/schema.org\",\"@graph\":[{\"@type\":\"WebPage\",\"@id\":\"https:\/\/vinilozona.lt\/parduotuve\/cd\/elton-john-%e2%80%8e-the-big-picture-cd\/\",\"url\":\"https:\/\/vinilozona.lt\/parduotuve\/cd\/elton-john-%e2%80%8e-the-big-picture-cd\/\",\"name\":\"Elton John \u200e\u2013 The Big Picture - CD Vinilin\u0117 Plok\u0161tel\u0117 | Vinilozona.lt\",\"isPartOf\":{\"@id\":\"https:\/\/vinilozona.lt\/#website\"},\"primaryImageOfPage\":{\"@id\":\"https:\/\/vinilozona.lt\/parduotuve\/cd\/elton-john-%e2%80%8e-the-big-picture-cd\/#primaryimage\"},\"image\":{\"@id\":\"https:\/\/vinilozona.lt\/parduotuve\/cd\/elton-john-%e2%80%8e-the-big-picture-cd\/#primaryimage\"},\"thumbnailUrl\":\"https:\/\/vinilozona.lt\/wp-content\/uploads\/2021\/11\/R-451894-1543595934-7353.jpeg.jpg\",\"datePublished\":\"2021-11-23T15:16:10+00:00\",\"dateModified\":\"2021-11-29T13:37:33+00:00\",\"breadcrumb\":{\"@id\":\"https:\/\/vinilozona.lt\/parduotuve\/cd\/elton-john-%e2%80%8e-the-big-picture-cd\/#breadcrumb\"},\"inLanguage\":\"en-GB\",\"potentialAction\":[{\"@type\":\"ReadAction\",\"target\":[\"https:\/\/vinilozona.lt\/parduotuve\/cd\/elton-john-%e2%80%8e-the-big-picture-cd\/\"]}]},{\"@type\":\"ImageObject\",\"inLanguage\":\"en-GB\",\"@id\":\"https:\/\/vinilozona.lt\/parduotuve\/cd\/elton-john-%e2%80%8e-the-big-picture-cd\/#primaryimage\",\"url\":\"https:\/\/vinilozona.lt\/wp-content\/uploads\/2021\/11\/R-451894-1543595934-7353.jpeg.jpg\",\"contentUrl\":\"https:\/\/vinilozona.lt\/wp-content\/uploads\/2021\/11\/R-451894-1543595934-7353.jpeg.jpg\",\"width\":300,\"height\":300},{\"@type\":\"BreadcrumbList\",\"@id\":\"https:\/\/vinilozona.lt\/parduotuve\/cd\/elton-john-%e2%80%8e-the-big-picture-cd\/#breadcrumb\",\"itemListElement\":[{\"@type\":\"ListItem\",\"position\":1,\"name\":\"Home\",\"item\":\"https:\/\/vinilozona.lt\/\"},{\"@type\":\"ListItem\",\"position\":2,\"name\":\"Parduotuv\u0117\",\"item\":\"https:\/\/vinilozona.lt\/parduotuve\/\"},{\"@type\":\"ListItem\",\"position\":3,\"name\":\"Elton John \u200e\u2013 The Big Picture &#8211; CD\"}]},{\"@type\":\"WebSite\",\"@id\":\"https:\/\/vinilozona.lt\/#website\",\"url\":\"https:\/\/vinilozona.lt\/\",\"name\":\"Vinilo Zona\",\"description\":\"Nup\u016bsk dulkes ir klausyk LP\",\"potentialAction\":[{\"@type\":\"SearchAction\",\"target\":{\"@type\":\"EntryPoint\",\"urlTemplate\":\"https:\/\/vinilozona.lt\/?s={search_term_string}\"},\"query-input\":{\"@type\":\"PropertyValueSpecification\",\"valueRequired\":true,\"valueName\":\"search_term_string\"}}],\"inLanguage\":\"en-GB\"}]}<\/script>\n<!-- \/ Yoast SEO plugin. -->","yoast_head_json":{"title":"Elton John \u200e\u2013 The Big Picture - CD Vinilin\u0117 Plok\u0161tel\u0117 | Vinilozona.lt","robots":{"index":"index","follow":"follow","max-snippet":"max-snippet:-1","max-image-preview":"max-image-preview:large","max-video-preview":"max-video-preview:-1"},"canonical":"https:\/\/vinilozona.lt\/en\/parduotuve\/cd\/elton-john-\u200e-the-big-picture-cd\/","og_locale":"en_GB","og_type":"article","og_title":"Elton John \u200e\u2013 The Big Picture - CD Vinilin\u0117 Plok\u0161tel\u0117 | Vinilozona.lt","og_description":"The Rocket Record Company \u200e\u2013 536 266-2, Mercury \u200e\u2013 536 266-2 Format: CD, Album Country: UK & Europe Released: 22 Sep 1997","og_url":"https:\/\/vinilozona.lt\/en\/parduotuve\/cd\/elton-john-\u200e-the-big-picture-cd\/","og_site_name":"Vinilo Zona","article_modified_time":"2021-11-29T13:37:33+00:00","og_image":[{"width":300,"height":300,"url":"https:\/\/vinilozona.lt\/wp-content\/uploads\/2021\/11\/R-451894-1543595934-7353.jpeg.jpg","type":"image\/jpeg"}],"twitter_card":"summary_large_image","schema":{"@context":"https:\/\/schema.org","@graph":[{"@type":"WebPage","@id":"https:\/\/vinilozona.lt\/parduotuve\/cd\/elton-john-%e2%80%8e-the-big-picture-cd\/","url":"https:\/\/vinilozona.lt\/parduotuve\/cd\/elton-john-%e2%80%8e-the-big-picture-cd\/","name":"Elton John \u200e\u2013 The Big Picture - CD Vinilin\u0117 Plok\u0161tel\u0117 | Vinilozona.lt","isPartOf":{"@id":"https:\/\/vinilozona.lt\/#website"},"primaryImageOfPage":{"@id":"https:\/\/vinilozona.lt\/parduotuve\/cd\/elton-john-%e2%80%8e-the-big-picture-cd\/#primaryimage"},"image":{"@id":"https:\/\/vinilozona.lt\/parduotuve\/cd\/elton-john-%e2%80%8e-the-big-picture-cd\/#primaryimage"},"thumbnailUrl":"https:\/\/vinilozona.lt\/wp-content\/uploads\/2021\/11\/R-451894-1543595934-7353.jpeg.jpg","datePublished":"2021-11-23T15:16:10+00:00","dateModified":"2021-11-29T13:37:33+00:00","breadcrumb":{"@id":"https:\/\/vinilozona.lt\/parduotuve\/cd\/elton-john-%e2%80%8e-the-big-picture-cd\/#breadcrumb"},"inLanguage":"en-GB","potentialAction":[{"@type":"ReadAction","target":["https:\/\/vinilozona.lt\/parduotuve\/cd\/elton-john-%e2%80%8e-the-big-picture-cd\/"]}]},{"@type":"ImageObject","inLanguage":"en-GB","@id":"https:\/\/vinilozona.lt\/parduotuve\/cd\/elton-john-%e2%80%8e-the-big-picture-cd\/#primaryimage","url":"https:\/\/vinilozona.lt\/wp-content\/uploads\/2021\/11\/R-451894-1543595934-7353.jpeg.jpg","contentUrl":"https:\/\/vinilozona.lt\/wp-content\/uploads\/2021\/11\/R-451894-1543595934-7353.jpeg.jpg","width":300,"height":300},{"@type":"BreadcrumbList","@id":"https:\/\/vinilozona.lt\/parduotuve\/cd\/elton-john-%e2%80%8e-the-big-picture-cd\/#breadcrumb","itemListElement":[{"@type":"ListItem","position":1,"name":"Home","item":"https:\/\/vinilozona.lt\/"},{"@type":"ListItem","position":2,"name":"Parduotuv\u0117","item":"https:\/\/vinilozona.lt\/parduotuve\/"},{"@type":"ListItem","position":3,"name":"Elton John \u200e\u2013 The Big Picture &#8211; CD"}]},{"@type":"WebSite","@id":"https:\/\/vinilozona.lt\/#website","url":"https:\/\/vinilozona.lt\/","name":"Vinilo Zona","description":"Nup\u016bsk dulkes ir klausyk LP","potentialAction":[{"@type":"SearchAction","target":{"@type":"EntryPoint","urlTemplate":"https:\/\/vinilozona.lt\/?s={search_term_string}"},"query-input":{"@type":"PropertyValueSpecification","valueRequired":true,"valueName":"search_term_string"}}],"inLanguage":"en-GB"}]}},"_links":{"self":[{"href":"https:\/\/vinilozona.lt\/en\/wp-json\/wp\/v2\/product\/17099"}],"collection":[{"href":"https:\/\/vinilozona.lt\/en\/wp-json\/wp\/v2\/product"}],"about":[{"href":"https:\/\/vinilozona.lt\/en\/wp-json\/wp\/v2\/types\/product"}],"wp:featuredmedia":[{"embeddable":true,"href":"https:\/\/vinilozona.lt\/en\/wp-json\/wp\/v2\/media\/17103"}],"wp:attachment":[{"href":"https:\/\/vinilozona.lt\/en\/wp-json\/wp\/v2\/media?parent=17099"}],"wp:term":[{"taxonomy":"product_cat","embeddable":true,"href":"https:\/\/vinilozona.lt\/en\/wp-json\/wp\/v2\/product_cat?post=17099"},{"taxonomy":"product_tag","embeddable":true,"href":"https:\/\/vinilozona.lt\/en\/wp-json\/wp\/v2\/product_tag?post=17099"}],"curies":[{"name":"wp","href":"https:\/\/api.w.org\/{rel}","templated":true}]}}