{"id":17086,"date":"2021-11-22T20:38:15","date_gmt":"2021-11-22T18:38:15","guid":{"rendered":"https:\/\/vinilozona.lt\/?post_type=product&#038;p=17086"},"modified":"2021-12-22T19:01:03","modified_gmt":"2021-12-22T17:01:03","slug":"weather-report-%e2%80%8e-sportin-life","status":"publish","type":"product","link":"https:\/\/vinilozona.lt\/en\/parduotuve\/jazz\/weather-report-%e2%80%8e-sportin-life\/","title":{"rendered":"Weather Report \u200e\u2013 Sportin&#8217; Life"},"content":{"rendered":"<p>Corner Pocket\t5:46<br \/>\nIndiscretions\t4:05<br \/>\nHot Cargo\t4:41<br \/>\nConfians\t5:07<br \/>\nPearl On The Half Shell\t4:06<br \/>\nWhat&#8217;s Going On\t6:29<br \/>\nFace On The Barroom Floor\t3:59<br \/>\nIce-Pick Willy\t5:00<\/p>","protected":false},"excerpt":{"rendered":"<p>CBS\/Sony \u2013 28AP 3027<br \/>\nFormat:<br \/>\nVinyl, LP, Album<br \/>\nCountry:\tJapan<br \/>\nReleased:\tMay 22, 1985<\/p>","protected":false},"featured_media":17085,"template":"","meta":[],"product_cat":[20,39],"product_tag":[239],"yoast_head":"<!-- This site is optimized with the Yoast SEO plugin v23.5 - https:\/\/yoast.com\/wordpress\/plugins\/seo\/ -->\n<title>Weather Report \u200e\u2013 Sportin&#039; Life Vinilin\u0117 Plok\u0161tel\u0117 | Vinilozona.lt<\/title>\n<meta name=\"robots\" content=\"index, follow, max-snippet:-1, max-image-preview:large, max-video-preview:-1\" \/>\n<link rel=\"canonical\" href=\"https:\/\/vinilozona.lt\/en\/parduotuve\/jazz\/weather-report-\u200e-sportin-life\/\" \/>\n<meta property=\"og:locale\" content=\"en_GB\" \/>\n<meta property=\"og:type\" content=\"article\" \/>\n<meta property=\"og:title\" content=\"Weather Report \u200e\u2013 Sportin&#039; Life Vinilin\u0117 Plok\u0161tel\u0117 | Vinilozona.lt\" \/>\n<meta property=\"og:description\" content=\"CBS\/Sony \u2013 28AP 3027 Format:  Vinyl, LP, Album Country: Japan Released: May 22, 1985\" \/>\n<meta property=\"og:url\" content=\"https:\/\/vinilozona.lt\/en\/parduotuve\/jazz\/weather-report-\u200e-sportin-life\/\" \/>\n<meta property=\"og:site_name\" content=\"Vinilo Zona\" \/>\n<meta property=\"article:modified_time\" content=\"2021-12-22T17:01:03+00:00\" \/>\n<meta property=\"og:image\" content=\"https:\/\/vinilozona.lt\/wp-content\/uploads\/2021\/11\/R-8702027-1602769167-6621.jpeg.jpg\" \/>\n\t<meta property=\"og:image:width\" content=\"599\" \/>\n\t<meta property=\"og:image:height\" content=\"563\" \/>\n\t<meta property=\"og:image:type\" content=\"image\/jpeg\" \/>\n<meta name=\"twitter:card\" content=\"summary_large_image\" \/>\n<script type=\"application\/ld+json\" class=\"yoast-schema-graph\">{\"@context\":\"https:\/\/schema.org\",\"@graph\":[{\"@type\":\"WebPage\",\"@id\":\"https:\/\/vinilozona.lt\/parduotuve\/jazz\/weather-report-%e2%80%8e-sportin-life\/\",\"url\":\"https:\/\/vinilozona.lt\/parduotuve\/jazz\/weather-report-%e2%80%8e-sportin-life\/\",\"name\":\"Weather Report \u200e\u2013 Sportin' Life Vinilin\u0117 Plok\u0161tel\u0117 | Vinilozona.lt\",\"isPartOf\":{\"@id\":\"https:\/\/vinilozona.lt\/#website\"},\"primaryImageOfPage\":{\"@id\":\"https:\/\/vinilozona.lt\/parduotuve\/jazz\/weather-report-%e2%80%8e-sportin-life\/#primaryimage\"},\"image\":{\"@id\":\"https:\/\/vinilozona.lt\/parduotuve\/jazz\/weather-report-%e2%80%8e-sportin-life\/#primaryimage\"},\"thumbnailUrl\":\"https:\/\/vinilozona.lt\/wp-content\/uploads\/2021\/11\/R-8702027-1602769167-6621.jpeg.jpg\",\"datePublished\":\"2021-11-22T18:38:15+00:00\",\"dateModified\":\"2021-12-22T17:01:03+00:00\",\"breadcrumb\":{\"@id\":\"https:\/\/vinilozona.lt\/parduotuve\/jazz\/weather-report-%e2%80%8e-sportin-life\/#breadcrumb\"},\"inLanguage\":\"en-GB\",\"potentialAction\":[{\"@type\":\"ReadAction\",\"target\":[\"https:\/\/vinilozona.lt\/parduotuve\/jazz\/weather-report-%e2%80%8e-sportin-life\/\"]}]},{\"@type\":\"ImageObject\",\"inLanguage\":\"en-GB\",\"@id\":\"https:\/\/vinilozona.lt\/parduotuve\/jazz\/weather-report-%e2%80%8e-sportin-life\/#primaryimage\",\"url\":\"https:\/\/vinilozona.lt\/wp-content\/uploads\/2021\/11\/R-8702027-1602769167-6621.jpeg.jpg\",\"contentUrl\":\"https:\/\/vinilozona.lt\/wp-content\/uploads\/2021\/11\/R-8702027-1602769167-6621.jpeg.jpg\",\"width\":599,\"height\":563},{\"@type\":\"BreadcrumbList\",\"@id\":\"https:\/\/vinilozona.lt\/parduotuve\/jazz\/weather-report-%e2%80%8e-sportin-life\/#breadcrumb\",\"itemListElement\":[{\"@type\":\"ListItem\",\"position\":1,\"name\":\"Home\",\"item\":\"https:\/\/vinilozona.lt\/\"},{\"@type\":\"ListItem\",\"position\":2,\"name\":\"Parduotuv\u0117\",\"item\":\"https:\/\/vinilozona.lt\/parduotuve\/\"},{\"@type\":\"ListItem\",\"position\":3,\"name\":\"Weather Report \u200e\u2013 Sportin&#8217; Life\"}]},{\"@type\":\"WebSite\",\"@id\":\"https:\/\/vinilozona.lt\/#website\",\"url\":\"https:\/\/vinilozona.lt\/\",\"name\":\"Vinilo Zona\",\"description\":\"Nup\u016bsk dulkes ir klausyk LP\",\"potentialAction\":[{\"@type\":\"SearchAction\",\"target\":{\"@type\":\"EntryPoint\",\"urlTemplate\":\"https:\/\/vinilozona.lt\/?s={search_term_string}\"},\"query-input\":{\"@type\":\"PropertyValueSpecification\",\"valueRequired\":true,\"valueName\":\"search_term_string\"}}],\"inLanguage\":\"en-GB\"}]}<\/script>\n<!-- \/ Yoast SEO plugin. -->","yoast_head_json":{"title":"Weather Report \u200e\u2013 Sportin' Life Vinilin\u0117 Plok\u0161tel\u0117 | Vinilozona.lt","robots":{"index":"index","follow":"follow","max-snippet":"max-snippet:-1","max-image-preview":"max-image-preview:large","max-video-preview":"max-video-preview:-1"},"canonical":"https:\/\/vinilozona.lt\/en\/parduotuve\/jazz\/weather-report-\u200e-sportin-life\/","og_locale":"en_GB","og_type":"article","og_title":"Weather Report \u200e\u2013 Sportin' Life Vinilin\u0117 Plok\u0161tel\u0117 | Vinilozona.lt","og_description":"CBS\/Sony \u2013 28AP 3027 Format:  Vinyl, LP, Album Country: Japan Released: May 22, 1985","og_url":"https:\/\/vinilozona.lt\/en\/parduotuve\/jazz\/weather-report-\u200e-sportin-life\/","og_site_name":"Vinilo Zona","article_modified_time":"2021-12-22T17:01:03+00:00","og_image":[{"width":599,"height":563,"url":"https:\/\/vinilozona.lt\/wp-content\/uploads\/2021\/11\/R-8702027-1602769167-6621.jpeg.jpg","type":"image\/jpeg"}],"twitter_card":"summary_large_image","schema":{"@context":"https:\/\/schema.org","@graph":[{"@type":"WebPage","@id":"https:\/\/vinilozona.lt\/parduotuve\/jazz\/weather-report-%e2%80%8e-sportin-life\/","url":"https:\/\/vinilozona.lt\/parduotuve\/jazz\/weather-report-%e2%80%8e-sportin-life\/","name":"Weather Report \u200e\u2013 Sportin' Life Vinilin\u0117 Plok\u0161tel\u0117 | Vinilozona.lt","isPartOf":{"@id":"https:\/\/vinilozona.lt\/#website"},"primaryImageOfPage":{"@id":"https:\/\/vinilozona.lt\/parduotuve\/jazz\/weather-report-%e2%80%8e-sportin-life\/#primaryimage"},"image":{"@id":"https:\/\/vinilozona.lt\/parduotuve\/jazz\/weather-report-%e2%80%8e-sportin-life\/#primaryimage"},"thumbnailUrl":"https:\/\/vinilozona.lt\/wp-content\/uploads\/2021\/11\/R-8702027-1602769167-6621.jpeg.jpg","datePublished":"2021-11-22T18:38:15+00:00","dateModified":"2021-12-22T17:01:03+00:00","breadcrumb":{"@id":"https:\/\/vinilozona.lt\/parduotuve\/jazz\/weather-report-%e2%80%8e-sportin-life\/#breadcrumb"},"inLanguage":"en-GB","potentialAction":[{"@type":"ReadAction","target":["https:\/\/vinilozona.lt\/parduotuve\/jazz\/weather-report-%e2%80%8e-sportin-life\/"]}]},{"@type":"ImageObject","inLanguage":"en-GB","@id":"https:\/\/vinilozona.lt\/parduotuve\/jazz\/weather-report-%e2%80%8e-sportin-life\/#primaryimage","url":"https:\/\/vinilozona.lt\/wp-content\/uploads\/2021\/11\/R-8702027-1602769167-6621.jpeg.jpg","contentUrl":"https:\/\/vinilozona.lt\/wp-content\/uploads\/2021\/11\/R-8702027-1602769167-6621.jpeg.jpg","width":599,"height":563},{"@type":"BreadcrumbList","@id":"https:\/\/vinilozona.lt\/parduotuve\/jazz\/weather-report-%e2%80%8e-sportin-life\/#breadcrumb","itemListElement":[{"@type":"ListItem","position":1,"name":"Home","item":"https:\/\/vinilozona.lt\/"},{"@type":"ListItem","position":2,"name":"Parduotuv\u0117","item":"https:\/\/vinilozona.lt\/parduotuve\/"},{"@type":"ListItem","position":3,"name":"Weather Report \u200e\u2013 Sportin&#8217; Life"}]},{"@type":"WebSite","@id":"https:\/\/vinilozona.lt\/#website","url":"https:\/\/vinilozona.lt\/","name":"Vinilo Zona","description":"Nup\u016bsk dulkes ir klausyk LP","potentialAction":[{"@type":"SearchAction","target":{"@type":"EntryPoint","urlTemplate":"https:\/\/vinilozona.lt\/?s={search_term_string}"},"query-input":{"@type":"PropertyValueSpecification","valueRequired":true,"valueName":"search_term_string"}}],"inLanguage":"en-GB"}]}},"_links":{"self":[{"href":"https:\/\/vinilozona.lt\/en\/wp-json\/wp\/v2\/product\/17086"}],"collection":[{"href":"https:\/\/vinilozona.lt\/en\/wp-json\/wp\/v2\/product"}],"about":[{"href":"https:\/\/vinilozona.lt\/en\/wp-json\/wp\/v2\/types\/product"}],"wp:featuredmedia":[{"embeddable":true,"href":"https:\/\/vinilozona.lt\/en\/wp-json\/wp\/v2\/media\/17085"}],"wp:attachment":[{"href":"https:\/\/vinilozona.lt\/en\/wp-json\/wp\/v2\/media?parent=17086"}],"wp:term":[{"taxonomy":"product_cat","embeddable":true,"href":"https:\/\/vinilozona.lt\/en\/wp-json\/wp\/v2\/product_cat?post=17086"},{"taxonomy":"product_tag","embeddable":true,"href":"https:\/\/vinilozona.lt\/en\/wp-json\/wp\/v2\/product_tag?post=17086"}],"curies":[{"name":"wp","href":"https:\/\/api.w.org\/{rel}","templated":true}]}}