{"id":17080,"date":"2021-11-22T20:28:56","date_gmt":"2021-11-22T18:28:56","guid":{"rendered":"https:\/\/vinilozona.lt\/?post_type=product&#038;p=17080"},"modified":"2021-11-22T20:28:57","modified_gmt":"2021-11-22T18:28:57","slug":"wes-montgomery-a-day-in-the-life","status":"publish","type":"product","link":"https:\/\/vinilozona.lt\/en\/parduotuve\/jazz\/wes-montgomery-a-day-in-the-life\/","title":{"rendered":"Wes Montgomery \u2013 A Day In The Life"},"content":{"rendered":"<p>A Day In The Life\t5:30<br \/>\nWatch What Happens\t2:37<br \/>\nWhen A Man Loves A Woman\t2:48<br \/>\nCalifornia Nights\t2:35<br \/>\nAngel\t2:46<br \/>\nEleanor Rigby\t3:00<br \/>\nWillow Weep For Me\t4:35<br \/>\nWindy\t2:20<br \/>\nTrust In Me\t4:23<br \/>\nThe Joker\t3:00<\/p>","protected":false},"excerpt":{"rendered":"<p>A&#038;M Records \u2013 AMP-7032<br \/>\nFormat:<br \/>\nVinyl, LP, Album, Reissue, Stereo, Gatefold<br \/>\nCountry:\tJapan<br \/>\nReleased:\t1979<\/p>","protected":false},"featured_media":17081,"template":"","meta":[],"product_cat":[20,39],"product_tag":[239],"yoast_head":"<!-- This site is optimized with the Yoast SEO plugin v23.5 - https:\/\/yoast.com\/wordpress\/plugins\/seo\/ -->\n<title>Wes Montgomery \u2013 A Day In The Life Vinilin\u0117 Plok\u0161tel\u0117 | Vinilozona.lt<\/title>\n<meta name=\"robots\" content=\"index, follow, max-snippet:-1, max-image-preview:large, max-video-preview:-1\" \/>\n<link rel=\"canonical\" href=\"https:\/\/vinilozona.lt\/en\/parduotuve\/jazz\/wes-montgomery-a-day-in-the-life\/\" \/>\n<meta property=\"og:locale\" content=\"en_GB\" \/>\n<meta property=\"og:type\" content=\"article\" \/>\n<meta property=\"og:title\" content=\"Wes Montgomery \u2013 A Day In The Life Vinilin\u0117 Plok\u0161tel\u0117 | Vinilozona.lt\" \/>\n<meta property=\"og:description\" content=\"A&amp;M Records \u2013 AMP-7032 Format:  Vinyl, LP, Album, Reissue, Stereo, Gatefold Country: Japan Released: 1979\" \/>\n<meta property=\"og:url\" content=\"https:\/\/vinilozona.lt\/en\/parduotuve\/jazz\/wes-montgomery-a-day-in-the-life\/\" \/>\n<meta property=\"og:site_name\" content=\"Vinilo Zona\" \/>\n<meta property=\"article:modified_time\" content=\"2021-11-22T18:28:57+00:00\" \/>\n<meta property=\"og:image\" content=\"https:\/\/vinilozona.lt\/wp-content\/uploads\/2021\/11\/R-10722328-1605466626-8769.jpeg.jpg\" \/>\n\t<meta property=\"og:image:width\" content=\"600\" \/>\n\t<meta property=\"og:image:height\" content=\"600\" \/>\n\t<meta property=\"og:image:type\" content=\"image\/jpeg\" \/>\n<meta name=\"twitter:card\" content=\"summary_large_image\" \/>\n<script type=\"application\/ld+json\" class=\"yoast-schema-graph\">{\"@context\":\"https:\/\/schema.org\",\"@graph\":[{\"@type\":\"WebPage\",\"@id\":\"https:\/\/vinilozona.lt\/parduotuve\/jazz\/wes-montgomery-a-day-in-the-life\/\",\"url\":\"https:\/\/vinilozona.lt\/parduotuve\/jazz\/wes-montgomery-a-day-in-the-life\/\",\"name\":\"Wes Montgomery \u2013 A Day In The Life Vinilin\u0117 Plok\u0161tel\u0117 | Vinilozona.lt\",\"isPartOf\":{\"@id\":\"https:\/\/vinilozona.lt\/#website\"},\"primaryImageOfPage\":{\"@id\":\"https:\/\/vinilozona.lt\/parduotuve\/jazz\/wes-montgomery-a-day-in-the-life\/#primaryimage\"},\"image\":{\"@id\":\"https:\/\/vinilozona.lt\/parduotuve\/jazz\/wes-montgomery-a-day-in-the-life\/#primaryimage\"},\"thumbnailUrl\":\"https:\/\/vinilozona.lt\/wp-content\/uploads\/2021\/11\/R-10722328-1605466626-8769.jpeg.jpg\",\"datePublished\":\"2021-11-22T18:28:56+00:00\",\"dateModified\":\"2021-11-22T18:28:57+00:00\",\"breadcrumb\":{\"@id\":\"https:\/\/vinilozona.lt\/parduotuve\/jazz\/wes-montgomery-a-day-in-the-life\/#breadcrumb\"},\"inLanguage\":\"en-GB\",\"potentialAction\":[{\"@type\":\"ReadAction\",\"target\":[\"https:\/\/vinilozona.lt\/parduotuve\/jazz\/wes-montgomery-a-day-in-the-life\/\"]}]},{\"@type\":\"ImageObject\",\"inLanguage\":\"en-GB\",\"@id\":\"https:\/\/vinilozona.lt\/parduotuve\/jazz\/wes-montgomery-a-day-in-the-life\/#primaryimage\",\"url\":\"https:\/\/vinilozona.lt\/wp-content\/uploads\/2021\/11\/R-10722328-1605466626-8769.jpeg.jpg\",\"contentUrl\":\"https:\/\/vinilozona.lt\/wp-content\/uploads\/2021\/11\/R-10722328-1605466626-8769.jpeg.jpg\",\"width\":600,\"height\":600},{\"@type\":\"BreadcrumbList\",\"@id\":\"https:\/\/vinilozona.lt\/parduotuve\/jazz\/wes-montgomery-a-day-in-the-life\/#breadcrumb\",\"itemListElement\":[{\"@type\":\"ListItem\",\"position\":1,\"name\":\"Home\",\"item\":\"https:\/\/vinilozona.lt\/\"},{\"@type\":\"ListItem\",\"position\":2,\"name\":\"Parduotuv\u0117\",\"item\":\"https:\/\/vinilozona.lt\/parduotuve\/\"},{\"@type\":\"ListItem\",\"position\":3,\"name\":\"Wes Montgomery \u2013 A Day In The Life\"}]},{\"@type\":\"WebSite\",\"@id\":\"https:\/\/vinilozona.lt\/#website\",\"url\":\"https:\/\/vinilozona.lt\/\",\"name\":\"Vinilo Zona\",\"description\":\"Nup\u016bsk dulkes ir klausyk LP\",\"potentialAction\":[{\"@type\":\"SearchAction\",\"target\":{\"@type\":\"EntryPoint\",\"urlTemplate\":\"https:\/\/vinilozona.lt\/?s={search_term_string}\"},\"query-input\":{\"@type\":\"PropertyValueSpecification\",\"valueRequired\":true,\"valueName\":\"search_term_string\"}}],\"inLanguage\":\"en-GB\"}]}<\/script>\n<!-- \/ Yoast SEO plugin. -->","yoast_head_json":{"title":"Wes Montgomery \u2013 A Day In The Life Vinilin\u0117 Plok\u0161tel\u0117 | Vinilozona.lt","robots":{"index":"index","follow":"follow","max-snippet":"max-snippet:-1","max-image-preview":"max-image-preview:large","max-video-preview":"max-video-preview:-1"},"canonical":"https:\/\/vinilozona.lt\/en\/parduotuve\/jazz\/wes-montgomery-a-day-in-the-life\/","og_locale":"en_GB","og_type":"article","og_title":"Wes Montgomery \u2013 A Day In The Life Vinilin\u0117 Plok\u0161tel\u0117 | Vinilozona.lt","og_description":"A&M Records \u2013 AMP-7032 Format:  Vinyl, LP, Album, Reissue, Stereo, Gatefold Country: Japan Released: 1979","og_url":"https:\/\/vinilozona.lt\/en\/parduotuve\/jazz\/wes-montgomery-a-day-in-the-life\/","og_site_name":"Vinilo Zona","article_modified_time":"2021-11-22T18:28:57+00:00","og_image":[{"width":600,"height":600,"url":"https:\/\/vinilozona.lt\/wp-content\/uploads\/2021\/11\/R-10722328-1605466626-8769.jpeg.jpg","type":"image\/jpeg"}],"twitter_card":"summary_large_image","schema":{"@context":"https:\/\/schema.org","@graph":[{"@type":"WebPage","@id":"https:\/\/vinilozona.lt\/parduotuve\/jazz\/wes-montgomery-a-day-in-the-life\/","url":"https:\/\/vinilozona.lt\/parduotuve\/jazz\/wes-montgomery-a-day-in-the-life\/","name":"Wes Montgomery \u2013 A Day In The Life Vinilin\u0117 Plok\u0161tel\u0117 | Vinilozona.lt","isPartOf":{"@id":"https:\/\/vinilozona.lt\/#website"},"primaryImageOfPage":{"@id":"https:\/\/vinilozona.lt\/parduotuve\/jazz\/wes-montgomery-a-day-in-the-life\/#primaryimage"},"image":{"@id":"https:\/\/vinilozona.lt\/parduotuve\/jazz\/wes-montgomery-a-day-in-the-life\/#primaryimage"},"thumbnailUrl":"https:\/\/vinilozona.lt\/wp-content\/uploads\/2021\/11\/R-10722328-1605466626-8769.jpeg.jpg","datePublished":"2021-11-22T18:28:56+00:00","dateModified":"2021-11-22T18:28:57+00:00","breadcrumb":{"@id":"https:\/\/vinilozona.lt\/parduotuve\/jazz\/wes-montgomery-a-day-in-the-life\/#breadcrumb"},"inLanguage":"en-GB","potentialAction":[{"@type":"ReadAction","target":["https:\/\/vinilozona.lt\/parduotuve\/jazz\/wes-montgomery-a-day-in-the-life\/"]}]},{"@type":"ImageObject","inLanguage":"en-GB","@id":"https:\/\/vinilozona.lt\/parduotuve\/jazz\/wes-montgomery-a-day-in-the-life\/#primaryimage","url":"https:\/\/vinilozona.lt\/wp-content\/uploads\/2021\/11\/R-10722328-1605466626-8769.jpeg.jpg","contentUrl":"https:\/\/vinilozona.lt\/wp-content\/uploads\/2021\/11\/R-10722328-1605466626-8769.jpeg.jpg","width":600,"height":600},{"@type":"BreadcrumbList","@id":"https:\/\/vinilozona.lt\/parduotuve\/jazz\/wes-montgomery-a-day-in-the-life\/#breadcrumb","itemListElement":[{"@type":"ListItem","position":1,"name":"Home","item":"https:\/\/vinilozona.lt\/"},{"@type":"ListItem","position":2,"name":"Parduotuv\u0117","item":"https:\/\/vinilozona.lt\/parduotuve\/"},{"@type":"ListItem","position":3,"name":"Wes Montgomery \u2013 A Day In The Life"}]},{"@type":"WebSite","@id":"https:\/\/vinilozona.lt\/#website","url":"https:\/\/vinilozona.lt\/","name":"Vinilo Zona","description":"Nup\u016bsk dulkes ir klausyk LP","potentialAction":[{"@type":"SearchAction","target":{"@type":"EntryPoint","urlTemplate":"https:\/\/vinilozona.lt\/?s={search_term_string}"},"query-input":{"@type":"PropertyValueSpecification","valueRequired":true,"valueName":"search_term_string"}}],"inLanguage":"en-GB"}]}},"_links":{"self":[{"href":"https:\/\/vinilozona.lt\/en\/wp-json\/wp\/v2\/product\/17080"}],"collection":[{"href":"https:\/\/vinilozona.lt\/en\/wp-json\/wp\/v2\/product"}],"about":[{"href":"https:\/\/vinilozona.lt\/en\/wp-json\/wp\/v2\/types\/product"}],"wp:featuredmedia":[{"embeddable":true,"href":"https:\/\/vinilozona.lt\/en\/wp-json\/wp\/v2\/media\/17081"}],"wp:attachment":[{"href":"https:\/\/vinilozona.lt\/en\/wp-json\/wp\/v2\/media?parent=17080"}],"wp:term":[{"taxonomy":"product_cat","embeddable":true,"href":"https:\/\/vinilozona.lt\/en\/wp-json\/wp\/v2\/product_cat?post=17080"},{"taxonomy":"product_tag","embeddable":true,"href":"https:\/\/vinilozona.lt\/en\/wp-json\/wp\/v2\/product_tag?post=17080"}],"curies":[{"name":"wp","href":"https:\/\/api.w.org\/{rel}","templated":true}]}}