{"id":17065,"date":"2021-11-22T19:46:12","date_gmt":"2021-11-22T17:46:12","guid":{"rendered":"https:\/\/vinilozona.lt\/?post_type=product&#038;p=17065"},"modified":"2021-11-22T19:49:37","modified_gmt":"2021-11-22T17:49:37","slug":"ronnell-bright-with-joe-benjamin-bill-clark-bright-flight","status":"publish","type":"product","link":"https:\/\/vinilozona.lt\/en\/parduotuve\/jazz\/ronnell-bright-with-joe-benjamin-bill-clark-bright-flight\/","title":{"rendered":"Ronnell Bright With Joe Benjamin, Bill Clark \u2013 Bright Flight"},"content":{"rendered":"<p>A1\t\tRandall&#8217;s Island<br \/>\nA2\t\tSallye<br \/>\nA3\t\tPeople Will Say<br \/>\nA4\t\tLiza (All The Clouds&#8217;ll Roll Away)<br \/>\nA5\t\tIt Never Entered My Mind<br \/>\nA6\t\tFor Pete&#8217;s Sake<br \/>\nB1\t\tToasted Ammond<br \/>\nB2\t\tIt Could Happen To You<br \/>\nB3\t\tHow Little We Know<br \/>\nB4\t\tBohemia U.S.A.<br \/>\nB5\t\tI&#8217;ve Grown Accustomed To Your Face<\/p>","protected":false},"excerpt":{"rendered":"<p>Vanguard \u2013 KIJJ-2006<br \/>\nSeries:\t\u6700\u5f8c\u306e\u30b8\u30e3\u30baLP<br \/>\nFormat:<br \/>\nVinyl, LP, Album, Stereo<br \/>\nCountry:\tJapan<br \/>\nReleased:\t1990<\/p>","protected":false},"featured_media":17068,"template":"","meta":[],"product_cat":[20,39],"product_tag":[239],"yoast_head":"<!-- This site is optimized with the Yoast SEO plugin v23.5 - https:\/\/yoast.com\/wordpress\/plugins\/seo\/ -->\n<title>Ronnell Bright With Joe Benjamin, Bill Clark \u2013 Bright Flight Vinilin\u0117 Plok\u0161tel\u0117 | Vinilozona.lt<\/title>\n<meta name=\"robots\" content=\"index, follow, max-snippet:-1, max-image-preview:large, max-video-preview:-1\" \/>\n<link rel=\"canonical\" href=\"https:\/\/vinilozona.lt\/en\/parduotuve\/jazz\/ronnell-bright-with-joe-benjamin-bill-clark-bright-flight\/\" \/>\n<meta property=\"og:locale\" content=\"en_GB\" \/>\n<meta property=\"og:type\" content=\"article\" \/>\n<meta property=\"og:title\" content=\"Ronnell Bright With Joe Benjamin, Bill Clark \u2013 Bright Flight Vinilin\u0117 Plok\u0161tel\u0117 | Vinilozona.lt\" \/>\n<meta property=\"og:description\" content=\"Vanguard \u2013 KIJJ-2006 Series: \u6700\u5f8c\u306e\u30b8\u30e3\u30baLP Format:  Vinyl, LP, Album, Stereo Country: Japan Released: 1990\" \/>\n<meta property=\"og:url\" content=\"https:\/\/vinilozona.lt\/en\/parduotuve\/jazz\/ronnell-bright-with-joe-benjamin-bill-clark-bright-flight\/\" \/>\n<meta property=\"og:site_name\" content=\"Vinilo Zona\" \/>\n<meta property=\"article:modified_time\" content=\"2021-11-22T17:49:37+00:00\" \/>\n<meta property=\"og:image\" content=\"https:\/\/vinilozona.lt\/wp-content\/uploads\/2021\/11\/R-7650363-1447926832-2352.jpeg.jpg\" \/>\n\t<meta property=\"og:image:width\" content=\"600\" \/>\n\t<meta property=\"og:image:height\" content=\"400\" \/>\n\t<meta property=\"og:image:type\" content=\"image\/jpeg\" \/>\n<meta name=\"twitter:card\" content=\"summary_large_image\" \/>\n<script type=\"application\/ld+json\" class=\"yoast-schema-graph\">{\"@context\":\"https:\/\/schema.org\",\"@graph\":[{\"@type\":\"WebPage\",\"@id\":\"https:\/\/vinilozona.lt\/parduotuve\/jazz\/ronnell-bright-with-joe-benjamin-bill-clark-bright-flight\/\",\"url\":\"https:\/\/vinilozona.lt\/parduotuve\/jazz\/ronnell-bright-with-joe-benjamin-bill-clark-bright-flight\/\",\"name\":\"Ronnell Bright With Joe Benjamin, Bill Clark \u2013 Bright Flight Vinilin\u0117 Plok\u0161tel\u0117 | Vinilozona.lt\",\"isPartOf\":{\"@id\":\"https:\/\/vinilozona.lt\/#website\"},\"primaryImageOfPage\":{\"@id\":\"https:\/\/vinilozona.lt\/parduotuve\/jazz\/ronnell-bright-with-joe-benjamin-bill-clark-bright-flight\/#primaryimage\"},\"image\":{\"@id\":\"https:\/\/vinilozona.lt\/parduotuve\/jazz\/ronnell-bright-with-joe-benjamin-bill-clark-bright-flight\/#primaryimage\"},\"thumbnailUrl\":\"https:\/\/vinilozona.lt\/wp-content\/uploads\/2021\/11\/R-7650363-1447926832-2352.jpeg.jpg\",\"datePublished\":\"2021-11-22T17:46:12+00:00\",\"dateModified\":\"2021-11-22T17:49:37+00:00\",\"breadcrumb\":{\"@id\":\"https:\/\/vinilozona.lt\/parduotuve\/jazz\/ronnell-bright-with-joe-benjamin-bill-clark-bright-flight\/#breadcrumb\"},\"inLanguage\":\"en-GB\",\"potentialAction\":[{\"@type\":\"ReadAction\",\"target\":[\"https:\/\/vinilozona.lt\/parduotuve\/jazz\/ronnell-bright-with-joe-benjamin-bill-clark-bright-flight\/\"]}]},{\"@type\":\"ImageObject\",\"inLanguage\":\"en-GB\",\"@id\":\"https:\/\/vinilozona.lt\/parduotuve\/jazz\/ronnell-bright-with-joe-benjamin-bill-clark-bright-flight\/#primaryimage\",\"url\":\"https:\/\/vinilozona.lt\/wp-content\/uploads\/2021\/11\/R-7650363-1447926832-2352.jpeg.jpg\",\"contentUrl\":\"https:\/\/vinilozona.lt\/wp-content\/uploads\/2021\/11\/R-7650363-1447926832-2352.jpeg.jpg\",\"width\":600,\"height\":400},{\"@type\":\"BreadcrumbList\",\"@id\":\"https:\/\/vinilozona.lt\/parduotuve\/jazz\/ronnell-bright-with-joe-benjamin-bill-clark-bright-flight\/#breadcrumb\",\"itemListElement\":[{\"@type\":\"ListItem\",\"position\":1,\"name\":\"Home\",\"item\":\"https:\/\/vinilozona.lt\/\"},{\"@type\":\"ListItem\",\"position\":2,\"name\":\"Parduotuv\u0117\",\"item\":\"https:\/\/vinilozona.lt\/parduotuve\/\"},{\"@type\":\"ListItem\",\"position\":3,\"name\":\"Ronnell Bright With Joe Benjamin, Bill Clark \u2013 Bright Flight\"}]},{\"@type\":\"WebSite\",\"@id\":\"https:\/\/vinilozona.lt\/#website\",\"url\":\"https:\/\/vinilozona.lt\/\",\"name\":\"Vinilo Zona\",\"description\":\"Nup\u016bsk dulkes ir klausyk LP\",\"potentialAction\":[{\"@type\":\"SearchAction\",\"target\":{\"@type\":\"EntryPoint\",\"urlTemplate\":\"https:\/\/vinilozona.lt\/?s={search_term_string}\"},\"query-input\":{\"@type\":\"PropertyValueSpecification\",\"valueRequired\":true,\"valueName\":\"search_term_string\"}}],\"inLanguage\":\"en-GB\"}]}<\/script>\n<!-- \/ Yoast SEO plugin. -->","yoast_head_json":{"title":"Ronnell Bright With Joe Benjamin, Bill Clark \u2013 Bright Flight Vinilin\u0117 Plok\u0161tel\u0117 | Vinilozona.lt","robots":{"index":"index","follow":"follow","max-snippet":"max-snippet:-1","max-image-preview":"max-image-preview:large","max-video-preview":"max-video-preview:-1"},"canonical":"https:\/\/vinilozona.lt\/en\/parduotuve\/jazz\/ronnell-bright-with-joe-benjamin-bill-clark-bright-flight\/","og_locale":"en_GB","og_type":"article","og_title":"Ronnell Bright With Joe Benjamin, Bill Clark \u2013 Bright Flight Vinilin\u0117 Plok\u0161tel\u0117 | Vinilozona.lt","og_description":"Vanguard \u2013 KIJJ-2006 Series: \u6700\u5f8c\u306e\u30b8\u30e3\u30baLP Format:  Vinyl, LP, Album, Stereo Country: Japan Released: 1990","og_url":"https:\/\/vinilozona.lt\/en\/parduotuve\/jazz\/ronnell-bright-with-joe-benjamin-bill-clark-bright-flight\/","og_site_name":"Vinilo Zona","article_modified_time":"2021-11-22T17:49:37+00:00","og_image":[{"width":600,"height":400,"url":"https:\/\/vinilozona.lt\/wp-content\/uploads\/2021\/11\/R-7650363-1447926832-2352.jpeg.jpg","type":"image\/jpeg"}],"twitter_card":"summary_large_image","schema":{"@context":"https:\/\/schema.org","@graph":[{"@type":"WebPage","@id":"https:\/\/vinilozona.lt\/parduotuve\/jazz\/ronnell-bright-with-joe-benjamin-bill-clark-bright-flight\/","url":"https:\/\/vinilozona.lt\/parduotuve\/jazz\/ronnell-bright-with-joe-benjamin-bill-clark-bright-flight\/","name":"Ronnell Bright With Joe Benjamin, Bill Clark \u2013 Bright Flight Vinilin\u0117 Plok\u0161tel\u0117 | Vinilozona.lt","isPartOf":{"@id":"https:\/\/vinilozona.lt\/#website"},"primaryImageOfPage":{"@id":"https:\/\/vinilozona.lt\/parduotuve\/jazz\/ronnell-bright-with-joe-benjamin-bill-clark-bright-flight\/#primaryimage"},"image":{"@id":"https:\/\/vinilozona.lt\/parduotuve\/jazz\/ronnell-bright-with-joe-benjamin-bill-clark-bright-flight\/#primaryimage"},"thumbnailUrl":"https:\/\/vinilozona.lt\/wp-content\/uploads\/2021\/11\/R-7650363-1447926832-2352.jpeg.jpg","datePublished":"2021-11-22T17:46:12+00:00","dateModified":"2021-11-22T17:49:37+00:00","breadcrumb":{"@id":"https:\/\/vinilozona.lt\/parduotuve\/jazz\/ronnell-bright-with-joe-benjamin-bill-clark-bright-flight\/#breadcrumb"},"inLanguage":"en-GB","potentialAction":[{"@type":"ReadAction","target":["https:\/\/vinilozona.lt\/parduotuve\/jazz\/ronnell-bright-with-joe-benjamin-bill-clark-bright-flight\/"]}]},{"@type":"ImageObject","inLanguage":"en-GB","@id":"https:\/\/vinilozona.lt\/parduotuve\/jazz\/ronnell-bright-with-joe-benjamin-bill-clark-bright-flight\/#primaryimage","url":"https:\/\/vinilozona.lt\/wp-content\/uploads\/2021\/11\/R-7650363-1447926832-2352.jpeg.jpg","contentUrl":"https:\/\/vinilozona.lt\/wp-content\/uploads\/2021\/11\/R-7650363-1447926832-2352.jpeg.jpg","width":600,"height":400},{"@type":"BreadcrumbList","@id":"https:\/\/vinilozona.lt\/parduotuve\/jazz\/ronnell-bright-with-joe-benjamin-bill-clark-bright-flight\/#breadcrumb","itemListElement":[{"@type":"ListItem","position":1,"name":"Home","item":"https:\/\/vinilozona.lt\/"},{"@type":"ListItem","position":2,"name":"Parduotuv\u0117","item":"https:\/\/vinilozona.lt\/parduotuve\/"},{"@type":"ListItem","position":3,"name":"Ronnell Bright With Joe Benjamin, Bill Clark \u2013 Bright Flight"}]},{"@type":"WebSite","@id":"https:\/\/vinilozona.lt\/#website","url":"https:\/\/vinilozona.lt\/","name":"Vinilo Zona","description":"Nup\u016bsk dulkes ir klausyk LP","potentialAction":[{"@type":"SearchAction","target":{"@type":"EntryPoint","urlTemplate":"https:\/\/vinilozona.lt\/?s={search_term_string}"},"query-input":{"@type":"PropertyValueSpecification","valueRequired":true,"valueName":"search_term_string"}}],"inLanguage":"en-GB"}]}},"_links":{"self":[{"href":"https:\/\/vinilozona.lt\/en\/wp-json\/wp\/v2\/product\/17065"}],"collection":[{"href":"https:\/\/vinilozona.lt\/en\/wp-json\/wp\/v2\/product"}],"about":[{"href":"https:\/\/vinilozona.lt\/en\/wp-json\/wp\/v2\/types\/product"}],"wp:featuredmedia":[{"embeddable":true,"href":"https:\/\/vinilozona.lt\/en\/wp-json\/wp\/v2\/media\/17068"}],"wp:attachment":[{"href":"https:\/\/vinilozona.lt\/en\/wp-json\/wp\/v2\/media?parent=17065"}],"wp:term":[{"taxonomy":"product_cat","embeddable":true,"href":"https:\/\/vinilozona.lt\/en\/wp-json\/wp\/v2\/product_cat?post=17065"},{"taxonomy":"product_tag","embeddable":true,"href":"https:\/\/vinilozona.lt\/en\/wp-json\/wp\/v2\/product_tag?post=17065"}],"curies":[{"name":"wp","href":"https:\/\/api.w.org\/{rel}","templated":true}]}}