{"id":17027,"date":"2026-04-21T05:01:06","date_gmt":"2026-04-21T02:01:06","guid":{"rendered":"https:\/\/vinilozona.lt\/?post_type=product&#038;p=17027"},"modified":"2026-04-21T08:31:17","modified_gmt":"2026-04-21T05:31:17","slug":"louis-armstrong-plays-w-c-handy","status":"publish","type":"product","link":"https:\/\/vinilozona.lt\/en\/parduotuve\/jazz\/louis-armstrong-plays-w-c-handy\/","title":{"rendered":"Louis Armstrong \u2013 Plays W.C. Handy"},"content":{"rendered":"<p>A1\t\tSt. Louis Blues<br \/>\nA2\t\tYellow Dog Blues<br \/>\nA3\t\tLoveless Love<br \/>\nA4\t\tAunt Hagar&#8217;s Blues<br \/>\nA5\t\tLong Gone (From The Bowlin&#8217; Green)<br \/>\nB1\t\tThe Memphis Blues (Or Mister Crump)<br \/>\nB2\t\tBeale Street Blues<br \/>\nB3\t\tOle Miss Blues<br \/>\nB4\t\tChantez Les Bas (Sing &#8216;Em Low)<br \/>\nB5\t\tHesitating Blues<br \/>\nB6\t\tAtlanta Blues (Make Me One Pallet On Your Floor)<\/p>","protected":false},"excerpt":{"rendered":"<p>CBS \u2013 CBS 450981 1<br \/>\nSeries:<br \/>\nCBS Jazz Masterpieces<br \/>\nFormat:<br \/>\nVinyl, LP, Album, Reissue, Remastered<br \/>\nCountry:<br \/>\nEurope<br \/>\nReleased:<br \/>\n1986<\/p>","protected":false},"featured_media":30861,"template":"","meta":[],"product_cat":[20],"product_tag":[44],"yoast_head":"<!-- This site is optimized with the Yoast SEO plugin v23.5 - https:\/\/yoast.com\/wordpress\/plugins\/seo\/ -->\n<title>Louis Armstrong \u2013 Plays W.C. Handy Vinilin\u0117 Plok\u0161tel\u0117 | Vinilozona.lt<\/title>\n<meta name=\"robots\" content=\"index, follow, max-snippet:-1, max-image-preview:large, max-video-preview:-1\" \/>\n<link rel=\"canonical\" href=\"https:\/\/vinilozona.lt\/en\/parduotuve\/jazz\/louis-armstrong-plays-w-c-handy\/\" \/>\n<meta property=\"og:locale\" content=\"en_GB\" \/>\n<meta property=\"og:type\" content=\"article\" \/>\n<meta property=\"og:title\" content=\"Louis Armstrong \u2013 Plays W.C. Handy Vinilin\u0117 Plok\u0161tel\u0117 | Vinilozona.lt\" \/>\n<meta property=\"og:description\" content=\"CBS \u2013 CBS 450981 1 Series: CBS Jazz Masterpieces Format: Vinyl, LP, Album, Reissue, Remastered Country: Europe Released: 1986\" \/>\n<meta property=\"og:url\" content=\"https:\/\/vinilozona.lt\/en\/parduotuve\/jazz\/louis-armstrong-plays-w-c-handy\/\" \/>\n<meta property=\"og:site_name\" content=\"Vinilo Zona\" \/>\n<meta property=\"article:modified_time\" content=\"2026-04-21T05:31:17+00:00\" \/>\n<meta property=\"og:image\" content=\"https:\/\/vinilozona.lt\/wp-content\/uploads\/2021\/11\/R-3383047-1359668934-8191.jpg\" \/>\n\t<meta property=\"og:image:width\" content=\"580\" \/>\n\t<meta property=\"og:image:height\" content=\"553\" \/>\n\t<meta property=\"og:image:type\" content=\"image\/jpeg\" \/>\n<meta name=\"twitter:card\" content=\"summary_large_image\" \/>\n<meta name=\"twitter:label1\" content=\"Estimated reading time\" \/>\n\t<meta name=\"twitter:data1\" content=\"1 minute\" \/>\n<script type=\"application\/ld+json\" class=\"yoast-schema-graph\">{\"@context\":\"https:\/\/schema.org\",\"@graph\":[{\"@type\":\"WebPage\",\"@id\":\"https:\/\/vinilozona.lt\/parduotuve\/jazz\/louis-armstrong-plays-w-c-handy\/\",\"url\":\"https:\/\/vinilozona.lt\/parduotuve\/jazz\/louis-armstrong-plays-w-c-handy\/\",\"name\":\"Louis Armstrong \u2013 Plays W.C. Handy Vinilin\u0117 Plok\u0161tel\u0117 | Vinilozona.lt\",\"isPartOf\":{\"@id\":\"https:\/\/vinilozona.lt\/#website\"},\"primaryImageOfPage\":{\"@id\":\"https:\/\/vinilozona.lt\/parduotuve\/jazz\/louis-armstrong-plays-w-c-handy\/#primaryimage\"},\"image\":{\"@id\":\"https:\/\/vinilozona.lt\/parduotuve\/jazz\/louis-armstrong-plays-w-c-handy\/#primaryimage\"},\"thumbnailUrl\":\"https:\/\/vinilozona.lt\/wp-content\/uploads\/2021\/11\/R-3383047-1359668934-8191.jpg\",\"datePublished\":\"2026-04-21T02:01:06+00:00\",\"dateModified\":\"2026-04-21T05:31:17+00:00\",\"breadcrumb\":{\"@id\":\"https:\/\/vinilozona.lt\/parduotuve\/jazz\/louis-armstrong-plays-w-c-handy\/#breadcrumb\"},\"inLanguage\":\"en-GB\",\"potentialAction\":[{\"@type\":\"ReadAction\",\"target\":[\"https:\/\/vinilozona.lt\/parduotuve\/jazz\/louis-armstrong-plays-w-c-handy\/\"]}]},{\"@type\":\"ImageObject\",\"inLanguage\":\"en-GB\",\"@id\":\"https:\/\/vinilozona.lt\/parduotuve\/jazz\/louis-armstrong-plays-w-c-handy\/#primaryimage\",\"url\":\"https:\/\/vinilozona.lt\/wp-content\/uploads\/2021\/11\/R-3383047-1359668934-8191.jpg\",\"contentUrl\":\"https:\/\/vinilozona.lt\/wp-content\/uploads\/2021\/11\/R-3383047-1359668934-8191.jpg\",\"width\":580,\"height\":553},{\"@type\":\"BreadcrumbList\",\"@id\":\"https:\/\/vinilozona.lt\/parduotuve\/jazz\/louis-armstrong-plays-w-c-handy\/#breadcrumb\",\"itemListElement\":[{\"@type\":\"ListItem\",\"position\":1,\"name\":\"Home\",\"item\":\"https:\/\/vinilozona.lt\/\"},{\"@type\":\"ListItem\",\"position\":2,\"name\":\"Parduotuv\u0117\",\"item\":\"https:\/\/vinilozona.lt\/parduotuve\/\"},{\"@type\":\"ListItem\",\"position\":3,\"name\":\"Louis Armstrong \u2013 Plays W.C. Handy\"}]},{\"@type\":\"WebSite\",\"@id\":\"https:\/\/vinilozona.lt\/#website\",\"url\":\"https:\/\/vinilozona.lt\/\",\"name\":\"Vinilo Zona\",\"description\":\"Nup\u016bsk dulkes ir klausyk LP\",\"potentialAction\":[{\"@type\":\"SearchAction\",\"target\":{\"@type\":\"EntryPoint\",\"urlTemplate\":\"https:\/\/vinilozona.lt\/?s={search_term_string}\"},\"query-input\":{\"@type\":\"PropertyValueSpecification\",\"valueRequired\":true,\"valueName\":\"search_term_string\"}}],\"inLanguage\":\"en-GB\"}]}<\/script>\n<!-- \/ Yoast SEO plugin. -->","yoast_head_json":{"title":"Louis Armstrong \u2013 Plays W.C. Handy Vinilin\u0117 Plok\u0161tel\u0117 | Vinilozona.lt","robots":{"index":"index","follow":"follow","max-snippet":"max-snippet:-1","max-image-preview":"max-image-preview:large","max-video-preview":"max-video-preview:-1"},"canonical":"https:\/\/vinilozona.lt\/en\/parduotuve\/jazz\/louis-armstrong-plays-w-c-handy\/","og_locale":"en_GB","og_type":"article","og_title":"Louis Armstrong \u2013 Plays W.C. Handy Vinilin\u0117 Plok\u0161tel\u0117 | Vinilozona.lt","og_description":"CBS \u2013 CBS 450981 1 Series: CBS Jazz Masterpieces Format: Vinyl, LP, Album, Reissue, Remastered Country: Europe Released: 1986","og_url":"https:\/\/vinilozona.lt\/en\/parduotuve\/jazz\/louis-armstrong-plays-w-c-handy\/","og_site_name":"Vinilo Zona","article_modified_time":"2026-04-21T05:31:17+00:00","og_image":[{"width":580,"height":553,"url":"https:\/\/vinilozona.lt\/wp-content\/uploads\/2021\/11\/R-3383047-1359668934-8191.jpg","type":"image\/jpeg"}],"twitter_card":"summary_large_image","twitter_misc":{"Estimated reading time":"1 minute"},"schema":{"@context":"https:\/\/schema.org","@graph":[{"@type":"WebPage","@id":"https:\/\/vinilozona.lt\/parduotuve\/jazz\/louis-armstrong-plays-w-c-handy\/","url":"https:\/\/vinilozona.lt\/parduotuve\/jazz\/louis-armstrong-plays-w-c-handy\/","name":"Louis Armstrong \u2013 Plays W.C. Handy Vinilin\u0117 Plok\u0161tel\u0117 | Vinilozona.lt","isPartOf":{"@id":"https:\/\/vinilozona.lt\/#website"},"primaryImageOfPage":{"@id":"https:\/\/vinilozona.lt\/parduotuve\/jazz\/louis-armstrong-plays-w-c-handy\/#primaryimage"},"image":{"@id":"https:\/\/vinilozona.lt\/parduotuve\/jazz\/louis-armstrong-plays-w-c-handy\/#primaryimage"},"thumbnailUrl":"https:\/\/vinilozona.lt\/wp-content\/uploads\/2021\/11\/R-3383047-1359668934-8191.jpg","datePublished":"2026-04-21T02:01:06+00:00","dateModified":"2026-04-21T05:31:17+00:00","breadcrumb":{"@id":"https:\/\/vinilozona.lt\/parduotuve\/jazz\/louis-armstrong-plays-w-c-handy\/#breadcrumb"},"inLanguage":"en-GB","potentialAction":[{"@type":"ReadAction","target":["https:\/\/vinilozona.lt\/parduotuve\/jazz\/louis-armstrong-plays-w-c-handy\/"]}]},{"@type":"ImageObject","inLanguage":"en-GB","@id":"https:\/\/vinilozona.lt\/parduotuve\/jazz\/louis-armstrong-plays-w-c-handy\/#primaryimage","url":"https:\/\/vinilozona.lt\/wp-content\/uploads\/2021\/11\/R-3383047-1359668934-8191.jpg","contentUrl":"https:\/\/vinilozona.lt\/wp-content\/uploads\/2021\/11\/R-3383047-1359668934-8191.jpg","width":580,"height":553},{"@type":"BreadcrumbList","@id":"https:\/\/vinilozona.lt\/parduotuve\/jazz\/louis-armstrong-plays-w-c-handy\/#breadcrumb","itemListElement":[{"@type":"ListItem","position":1,"name":"Home","item":"https:\/\/vinilozona.lt\/"},{"@type":"ListItem","position":2,"name":"Parduotuv\u0117","item":"https:\/\/vinilozona.lt\/parduotuve\/"},{"@type":"ListItem","position":3,"name":"Louis Armstrong \u2013 Plays W.C. Handy"}]},{"@type":"WebSite","@id":"https:\/\/vinilozona.lt\/#website","url":"https:\/\/vinilozona.lt\/","name":"Vinilo Zona","description":"Nup\u016bsk dulkes ir klausyk LP","potentialAction":[{"@type":"SearchAction","target":{"@type":"EntryPoint","urlTemplate":"https:\/\/vinilozona.lt\/?s={search_term_string}"},"query-input":{"@type":"PropertyValueSpecification","valueRequired":true,"valueName":"search_term_string"}}],"inLanguage":"en-GB"}]}},"_links":{"self":[{"href":"https:\/\/vinilozona.lt\/en\/wp-json\/wp\/v2\/product\/17027"}],"collection":[{"href":"https:\/\/vinilozona.lt\/en\/wp-json\/wp\/v2\/product"}],"about":[{"href":"https:\/\/vinilozona.lt\/en\/wp-json\/wp\/v2\/types\/product"}],"wp:featuredmedia":[{"embeddable":true,"href":"https:\/\/vinilozona.lt\/en\/wp-json\/wp\/v2\/media\/30861"}],"wp:attachment":[{"href":"https:\/\/vinilozona.lt\/en\/wp-json\/wp\/v2\/media?parent=17027"}],"wp:term":[{"taxonomy":"product_cat","embeddable":true,"href":"https:\/\/vinilozona.lt\/en\/wp-json\/wp\/v2\/product_cat?post=17027"},{"taxonomy":"product_tag","embeddable":true,"href":"https:\/\/vinilozona.lt\/en\/wp-json\/wp\/v2\/product_tag?post=17027"}],"curies":[{"name":"wp","href":"https:\/\/api.w.org\/{rel}","templated":true}]}}