{"id":16996,"date":"2021-11-20T13:11:01","date_gmt":"2021-11-20T11:11:01","guid":{"rendered":"https:\/\/vinilozona.lt\/?post_type=product&#038;p=16996"},"modified":"2021-11-20T13:11:02","modified_gmt":"2021-11-20T11:11:02","slug":"hampton-hawes-trio-hampton-hawes-trio-vol-1","status":"publish","type":"product","link":"https:\/\/vinilozona.lt\/en\/parduotuve\/jazz\/hampton-hawes-trio-hampton-hawes-trio-vol-1\/","title":{"rendered":"Hampton Hawes Trio \u2013 Hampton Hawes Trio, Vol. 1"},"content":{"rendered":"<p>I Got Rhythm\t3:15<br \/>\nWhat Is This Thing Called Love\t4:44<br \/>\nBlues The Most\t5:43<br \/>\nSo In Love\t3:54<br \/>\nFeelin&#8217; Fine\t3:01<br \/>\nHamp&#8217;s Blues\t3:38<br \/>\nEasy Living\t4:47<br \/>\nAll The Things You Are\t4:57<br \/>\nThese Foolish Things (Remind Me Of You)\t4:47<br \/>\nCarioca\t2:21<\/p>","protected":false},"excerpt":{"rendered":"<p>Contemporary Records \u2013 GXC 3106<br \/>\nSeries:\tJazz Library 1500<br \/>\nFormat:<br \/>\nVinyl, LP, Album, Reissue, Mono<br \/>\nCountry:\tJapan<br \/>\nReleased:\t1979<\/p>","protected":false},"featured_media":16997,"template":"","meta":[],"product_cat":[20,39],"product_tag":[239],"yoast_head":"<!-- This site is optimized with the Yoast SEO plugin v23.5 - https:\/\/yoast.com\/wordpress\/plugins\/seo\/ -->\n<title>Hampton Hawes Trio \u2013 Hampton Hawes Trio, Vol. 1 Vinilin\u0117 Plok\u0161tel\u0117 | Vinilozona.lt<\/title>\n<meta name=\"robots\" content=\"index, follow, max-snippet:-1, max-image-preview:large, max-video-preview:-1\" \/>\n<link rel=\"canonical\" href=\"https:\/\/vinilozona.lt\/en\/parduotuve\/jazz\/hampton-hawes-trio-hampton-hawes-trio-vol-1\/\" \/>\n<meta property=\"og:locale\" content=\"en_GB\" \/>\n<meta property=\"og:type\" content=\"article\" \/>\n<meta property=\"og:title\" content=\"Hampton Hawes Trio \u2013 Hampton Hawes Trio, Vol. 1 Vinilin\u0117 Plok\u0161tel\u0117 | Vinilozona.lt\" \/>\n<meta property=\"og:description\" content=\"Contemporary Records \u2013 GXC 3106 Series: Jazz Library 1500 Format:  Vinyl, LP, Album, Reissue, Mono Country: Japan Released: 1979\" \/>\n<meta property=\"og:url\" content=\"https:\/\/vinilozona.lt\/en\/parduotuve\/jazz\/hampton-hawes-trio-hampton-hawes-trio-vol-1\/\" \/>\n<meta property=\"og:site_name\" content=\"Vinilo Zona\" \/>\n<meta property=\"article:modified_time\" content=\"2021-11-20T11:11:02+00:00\" \/>\n<meta property=\"og:image\" content=\"https:\/\/vinilozona.lt\/wp-content\/uploads\/2021\/11\/R-5354714-1393868610-8010.jpeg.jpg\" \/>\n\t<meta property=\"og:image:width\" content=\"592\" \/>\n\t<meta property=\"og:image:height\" content=\"600\" \/>\n\t<meta property=\"og:image:type\" content=\"image\/jpeg\" \/>\n<meta name=\"twitter:card\" content=\"summary_large_image\" \/>\n<script type=\"application\/ld+json\" class=\"yoast-schema-graph\">{\"@context\":\"https:\/\/schema.org\",\"@graph\":[{\"@type\":\"WebPage\",\"@id\":\"https:\/\/vinilozona.lt\/parduotuve\/jazz\/hampton-hawes-trio-hampton-hawes-trio-vol-1\/\",\"url\":\"https:\/\/vinilozona.lt\/parduotuve\/jazz\/hampton-hawes-trio-hampton-hawes-trio-vol-1\/\",\"name\":\"Hampton Hawes Trio \u2013 Hampton Hawes Trio, Vol. 1 Vinilin\u0117 Plok\u0161tel\u0117 | Vinilozona.lt\",\"isPartOf\":{\"@id\":\"https:\/\/vinilozona.lt\/#website\"},\"primaryImageOfPage\":{\"@id\":\"https:\/\/vinilozona.lt\/parduotuve\/jazz\/hampton-hawes-trio-hampton-hawes-trio-vol-1\/#primaryimage\"},\"image\":{\"@id\":\"https:\/\/vinilozona.lt\/parduotuve\/jazz\/hampton-hawes-trio-hampton-hawes-trio-vol-1\/#primaryimage\"},\"thumbnailUrl\":\"https:\/\/vinilozona.lt\/wp-content\/uploads\/2021\/11\/R-5354714-1393868610-8010.jpeg.jpg\",\"datePublished\":\"2021-11-20T11:11:01+00:00\",\"dateModified\":\"2021-11-20T11:11:02+00:00\",\"breadcrumb\":{\"@id\":\"https:\/\/vinilozona.lt\/parduotuve\/jazz\/hampton-hawes-trio-hampton-hawes-trio-vol-1\/#breadcrumb\"},\"inLanguage\":\"en-GB\",\"potentialAction\":[{\"@type\":\"ReadAction\",\"target\":[\"https:\/\/vinilozona.lt\/parduotuve\/jazz\/hampton-hawes-trio-hampton-hawes-trio-vol-1\/\"]}]},{\"@type\":\"ImageObject\",\"inLanguage\":\"en-GB\",\"@id\":\"https:\/\/vinilozona.lt\/parduotuve\/jazz\/hampton-hawes-trio-hampton-hawes-trio-vol-1\/#primaryimage\",\"url\":\"https:\/\/vinilozona.lt\/wp-content\/uploads\/2021\/11\/R-5354714-1393868610-8010.jpeg.jpg\",\"contentUrl\":\"https:\/\/vinilozona.lt\/wp-content\/uploads\/2021\/11\/R-5354714-1393868610-8010.jpeg.jpg\",\"width\":592,\"height\":600},{\"@type\":\"BreadcrumbList\",\"@id\":\"https:\/\/vinilozona.lt\/parduotuve\/jazz\/hampton-hawes-trio-hampton-hawes-trio-vol-1\/#breadcrumb\",\"itemListElement\":[{\"@type\":\"ListItem\",\"position\":1,\"name\":\"Home\",\"item\":\"https:\/\/vinilozona.lt\/\"},{\"@type\":\"ListItem\",\"position\":2,\"name\":\"Parduotuv\u0117\",\"item\":\"https:\/\/vinilozona.lt\/parduotuve\/\"},{\"@type\":\"ListItem\",\"position\":3,\"name\":\"Hampton Hawes Trio \u2013 Hampton Hawes Trio, Vol. 1\"}]},{\"@type\":\"WebSite\",\"@id\":\"https:\/\/vinilozona.lt\/#website\",\"url\":\"https:\/\/vinilozona.lt\/\",\"name\":\"Vinilo Zona\",\"description\":\"Nup\u016bsk dulkes ir klausyk LP\",\"potentialAction\":[{\"@type\":\"SearchAction\",\"target\":{\"@type\":\"EntryPoint\",\"urlTemplate\":\"https:\/\/vinilozona.lt\/?s={search_term_string}\"},\"query-input\":{\"@type\":\"PropertyValueSpecification\",\"valueRequired\":true,\"valueName\":\"search_term_string\"}}],\"inLanguage\":\"en-GB\"}]}<\/script>\n<!-- \/ Yoast SEO plugin. -->","yoast_head_json":{"title":"Hampton Hawes Trio \u2013 Hampton Hawes Trio, Vol. 1 Vinilin\u0117 Plok\u0161tel\u0117 | Vinilozona.lt","robots":{"index":"index","follow":"follow","max-snippet":"max-snippet:-1","max-image-preview":"max-image-preview:large","max-video-preview":"max-video-preview:-1"},"canonical":"https:\/\/vinilozona.lt\/en\/parduotuve\/jazz\/hampton-hawes-trio-hampton-hawes-trio-vol-1\/","og_locale":"en_GB","og_type":"article","og_title":"Hampton Hawes Trio \u2013 Hampton Hawes Trio, Vol. 1 Vinilin\u0117 Plok\u0161tel\u0117 | Vinilozona.lt","og_description":"Contemporary Records \u2013 GXC 3106 Series: Jazz Library 1500 Format:  Vinyl, LP, Album, Reissue, Mono Country: Japan Released: 1979","og_url":"https:\/\/vinilozona.lt\/en\/parduotuve\/jazz\/hampton-hawes-trio-hampton-hawes-trio-vol-1\/","og_site_name":"Vinilo Zona","article_modified_time":"2021-11-20T11:11:02+00:00","og_image":[{"width":592,"height":600,"url":"https:\/\/vinilozona.lt\/wp-content\/uploads\/2021\/11\/R-5354714-1393868610-8010.jpeg.jpg","type":"image\/jpeg"}],"twitter_card":"summary_large_image","schema":{"@context":"https:\/\/schema.org","@graph":[{"@type":"WebPage","@id":"https:\/\/vinilozona.lt\/parduotuve\/jazz\/hampton-hawes-trio-hampton-hawes-trio-vol-1\/","url":"https:\/\/vinilozona.lt\/parduotuve\/jazz\/hampton-hawes-trio-hampton-hawes-trio-vol-1\/","name":"Hampton Hawes Trio \u2013 Hampton Hawes Trio, Vol. 1 Vinilin\u0117 Plok\u0161tel\u0117 | Vinilozona.lt","isPartOf":{"@id":"https:\/\/vinilozona.lt\/#website"},"primaryImageOfPage":{"@id":"https:\/\/vinilozona.lt\/parduotuve\/jazz\/hampton-hawes-trio-hampton-hawes-trio-vol-1\/#primaryimage"},"image":{"@id":"https:\/\/vinilozona.lt\/parduotuve\/jazz\/hampton-hawes-trio-hampton-hawes-trio-vol-1\/#primaryimage"},"thumbnailUrl":"https:\/\/vinilozona.lt\/wp-content\/uploads\/2021\/11\/R-5354714-1393868610-8010.jpeg.jpg","datePublished":"2021-11-20T11:11:01+00:00","dateModified":"2021-11-20T11:11:02+00:00","breadcrumb":{"@id":"https:\/\/vinilozona.lt\/parduotuve\/jazz\/hampton-hawes-trio-hampton-hawes-trio-vol-1\/#breadcrumb"},"inLanguage":"en-GB","potentialAction":[{"@type":"ReadAction","target":["https:\/\/vinilozona.lt\/parduotuve\/jazz\/hampton-hawes-trio-hampton-hawes-trio-vol-1\/"]}]},{"@type":"ImageObject","inLanguage":"en-GB","@id":"https:\/\/vinilozona.lt\/parduotuve\/jazz\/hampton-hawes-trio-hampton-hawes-trio-vol-1\/#primaryimage","url":"https:\/\/vinilozona.lt\/wp-content\/uploads\/2021\/11\/R-5354714-1393868610-8010.jpeg.jpg","contentUrl":"https:\/\/vinilozona.lt\/wp-content\/uploads\/2021\/11\/R-5354714-1393868610-8010.jpeg.jpg","width":592,"height":600},{"@type":"BreadcrumbList","@id":"https:\/\/vinilozona.lt\/parduotuve\/jazz\/hampton-hawes-trio-hampton-hawes-trio-vol-1\/#breadcrumb","itemListElement":[{"@type":"ListItem","position":1,"name":"Home","item":"https:\/\/vinilozona.lt\/"},{"@type":"ListItem","position":2,"name":"Parduotuv\u0117","item":"https:\/\/vinilozona.lt\/parduotuve\/"},{"@type":"ListItem","position":3,"name":"Hampton Hawes Trio \u2013 Hampton Hawes Trio, Vol. 1"}]},{"@type":"WebSite","@id":"https:\/\/vinilozona.lt\/#website","url":"https:\/\/vinilozona.lt\/","name":"Vinilo Zona","description":"Nup\u016bsk dulkes ir klausyk LP","potentialAction":[{"@type":"SearchAction","target":{"@type":"EntryPoint","urlTemplate":"https:\/\/vinilozona.lt\/?s={search_term_string}"},"query-input":{"@type":"PropertyValueSpecification","valueRequired":true,"valueName":"search_term_string"}}],"inLanguage":"en-GB"}]}},"_links":{"self":[{"href":"https:\/\/vinilozona.lt\/en\/wp-json\/wp\/v2\/product\/16996"}],"collection":[{"href":"https:\/\/vinilozona.lt\/en\/wp-json\/wp\/v2\/product"}],"about":[{"href":"https:\/\/vinilozona.lt\/en\/wp-json\/wp\/v2\/types\/product"}],"wp:featuredmedia":[{"embeddable":true,"href":"https:\/\/vinilozona.lt\/en\/wp-json\/wp\/v2\/media\/16997"}],"wp:attachment":[{"href":"https:\/\/vinilozona.lt\/en\/wp-json\/wp\/v2\/media?parent=16996"}],"wp:term":[{"taxonomy":"product_cat","embeddable":true,"href":"https:\/\/vinilozona.lt\/en\/wp-json\/wp\/v2\/product_cat?post=16996"},{"taxonomy":"product_tag","embeddable":true,"href":"https:\/\/vinilozona.lt\/en\/wp-json\/wp\/v2\/product_tag?post=16996"}],"curies":[{"name":"wp","href":"https:\/\/api.w.org\/{rel}","templated":true}]}}