{"id":16982,"date":"2023-12-19T05:20:24","date_gmt":"2023-12-19T03:20:24","guid":{"rendered":"https:\/\/vinilozona.lt\/?post_type=product&#038;p=16982"},"modified":"2023-12-18T12:43:16","modified_gmt":"2023-12-18T10:43:16","slug":"gary-burton-quartet-picture-this","status":"publish","type":"product","link":"https:\/\/vinilozona.lt\/en\/parduotuve\/jazz\/gary-burton-quartet-picture-this\/","title":{"rendered":"Duke Ellington And His Orchestra \u2013 Festival Session"},"content":{"rendered":"<p>A1\t\tIdiom &#8217;59 &#8211; Part I<br \/>\nA2\t\tIdiom &#8217;59 &#8211; Part II<br \/>\nA3\t\tIdiom &#8217;59 &#8211; Part III<br \/>\nA4\t\tThings Ain&#8217;t What They Used To Be<br \/>\nA5\t\tLaunching Pad<br \/>\nB1\t\tPerdido<br \/>\nB2\t\tCopout Extension<br \/>\nB3\t\tDu\u00e6l Fuel &#8211; Part I<br \/>\nB4\t\tDu\u00e6l Fuel &#8211; Part II<br \/>\nB5\t\tDu\u00e6l Fuel &#8211; Part III<\/p>","protected":false},"excerpt":{"rendered":"<p>Columbia Special Products \u2013 P 13500<br \/>\nFormat:<br \/>\nVinyl, LP, Album, Stereo<br \/>\nCountry:\tUS<\/p>","protected":false},"featured_media":23868,"template":"","meta":[],"product_cat":[20],"product_tag":[44],"yoast_head":"<!-- This site is optimized with the Yoast SEO plugin v23.5 - https:\/\/yoast.com\/wordpress\/plugins\/seo\/ -->\n<title>Duke Ellington And His Orchestra \u2013 Festival Session Vinilin\u0117 Plok\u0161tel\u0117 | Vinilozona.lt<\/title>\n<meta name=\"robots\" content=\"index, follow, max-snippet:-1, max-image-preview:large, max-video-preview:-1\" \/>\n<link rel=\"canonical\" href=\"https:\/\/vinilozona.lt\/en\/parduotuve\/jazz\/gary-burton-quartet-picture-this\/\" \/>\n<meta property=\"og:locale\" content=\"en_GB\" \/>\n<meta property=\"og:type\" content=\"article\" \/>\n<meta property=\"og:title\" content=\"Duke Ellington And His Orchestra \u2013 Festival Session Vinilin\u0117 Plok\u0161tel\u0117 | Vinilozona.lt\" \/>\n<meta property=\"og:description\" content=\"Columbia Special Products \u2013 P 13500 Format:  Vinyl, LP, Album, Stereo Country: US\" \/>\n<meta property=\"og:url\" content=\"https:\/\/vinilozona.lt\/en\/parduotuve\/jazz\/gary-burton-quartet-picture-this\/\" \/>\n<meta property=\"og:site_name\" content=\"Vinilo Zona\" \/>\n<meta property=\"article:modified_time\" content=\"2023-12-18T10:43:16+00:00\" \/>\n<meta property=\"og:image\" content=\"https:\/\/vinilozona.lt\/wp-content\/uploads\/2021\/11\/R-6557289-1422023201-4370.jpg\" \/>\n\t<meta property=\"og:image:width\" content=\"450\" \/>\n\t<meta property=\"og:image:height\" content=\"450\" \/>\n\t<meta property=\"og:image:type\" content=\"image\/jpeg\" \/>\n<meta name=\"twitter:card\" content=\"summary_large_image\" \/>\n<script type=\"application\/ld+json\" class=\"yoast-schema-graph\">{\"@context\":\"https:\/\/schema.org\",\"@graph\":[{\"@type\":\"WebPage\",\"@id\":\"https:\/\/vinilozona.lt\/parduotuve\/jazz\/gary-burton-quartet-picture-this\/\",\"url\":\"https:\/\/vinilozona.lt\/parduotuve\/jazz\/gary-burton-quartet-picture-this\/\",\"name\":\"Duke Ellington And His Orchestra \u2013 Festival Session Vinilin\u0117 Plok\u0161tel\u0117 | Vinilozona.lt\",\"isPartOf\":{\"@id\":\"https:\/\/vinilozona.lt\/#website\"},\"primaryImageOfPage\":{\"@id\":\"https:\/\/vinilozona.lt\/parduotuve\/jazz\/gary-burton-quartet-picture-this\/#primaryimage\"},\"image\":{\"@id\":\"https:\/\/vinilozona.lt\/parduotuve\/jazz\/gary-burton-quartet-picture-this\/#primaryimage\"},\"thumbnailUrl\":\"https:\/\/vinilozona.lt\/wp-content\/uploads\/2021\/11\/R-6557289-1422023201-4370.jpg\",\"datePublished\":\"2023-12-19T03:20:24+00:00\",\"dateModified\":\"2023-12-18T10:43:16+00:00\",\"breadcrumb\":{\"@id\":\"https:\/\/vinilozona.lt\/parduotuve\/jazz\/gary-burton-quartet-picture-this\/#breadcrumb\"},\"inLanguage\":\"en-GB\",\"potentialAction\":[{\"@type\":\"ReadAction\",\"target\":[\"https:\/\/vinilozona.lt\/parduotuve\/jazz\/gary-burton-quartet-picture-this\/\"]}]},{\"@type\":\"ImageObject\",\"inLanguage\":\"en-GB\",\"@id\":\"https:\/\/vinilozona.lt\/parduotuve\/jazz\/gary-burton-quartet-picture-this\/#primaryimage\",\"url\":\"https:\/\/vinilozona.lt\/wp-content\/uploads\/2021\/11\/R-6557289-1422023201-4370.jpg\",\"contentUrl\":\"https:\/\/vinilozona.lt\/wp-content\/uploads\/2021\/11\/R-6557289-1422023201-4370.jpg\",\"width\":450,\"height\":450},{\"@type\":\"BreadcrumbList\",\"@id\":\"https:\/\/vinilozona.lt\/parduotuve\/jazz\/gary-burton-quartet-picture-this\/#breadcrumb\",\"itemListElement\":[{\"@type\":\"ListItem\",\"position\":1,\"name\":\"Home\",\"item\":\"https:\/\/vinilozona.lt\/\"},{\"@type\":\"ListItem\",\"position\":2,\"name\":\"Parduotuv\u0117\",\"item\":\"https:\/\/vinilozona.lt\/parduotuve\/\"},{\"@type\":\"ListItem\",\"position\":3,\"name\":\"Duke Ellington And His Orchestra \u2013 Festival Session\"}]},{\"@type\":\"WebSite\",\"@id\":\"https:\/\/vinilozona.lt\/#website\",\"url\":\"https:\/\/vinilozona.lt\/\",\"name\":\"Vinilo Zona\",\"description\":\"Nup\u016bsk dulkes ir klausyk LP\",\"potentialAction\":[{\"@type\":\"SearchAction\",\"target\":{\"@type\":\"EntryPoint\",\"urlTemplate\":\"https:\/\/vinilozona.lt\/?s={search_term_string}\"},\"query-input\":{\"@type\":\"PropertyValueSpecification\",\"valueRequired\":true,\"valueName\":\"search_term_string\"}}],\"inLanguage\":\"en-GB\"}]}<\/script>\n<!-- \/ Yoast SEO plugin. -->","yoast_head_json":{"title":"Duke Ellington And His Orchestra \u2013 Festival Session Vinilin\u0117 Plok\u0161tel\u0117 | Vinilozona.lt","robots":{"index":"index","follow":"follow","max-snippet":"max-snippet:-1","max-image-preview":"max-image-preview:large","max-video-preview":"max-video-preview:-1"},"canonical":"https:\/\/vinilozona.lt\/en\/parduotuve\/jazz\/gary-burton-quartet-picture-this\/","og_locale":"en_GB","og_type":"article","og_title":"Duke Ellington And His Orchestra \u2013 Festival Session Vinilin\u0117 Plok\u0161tel\u0117 | Vinilozona.lt","og_description":"Columbia Special Products \u2013 P 13500 Format:  Vinyl, LP, Album, Stereo Country: US","og_url":"https:\/\/vinilozona.lt\/en\/parduotuve\/jazz\/gary-burton-quartet-picture-this\/","og_site_name":"Vinilo Zona","article_modified_time":"2023-12-18T10:43:16+00:00","og_image":[{"width":450,"height":450,"url":"https:\/\/vinilozona.lt\/wp-content\/uploads\/2021\/11\/R-6557289-1422023201-4370.jpg","type":"image\/jpeg"}],"twitter_card":"summary_large_image","schema":{"@context":"https:\/\/schema.org","@graph":[{"@type":"WebPage","@id":"https:\/\/vinilozona.lt\/parduotuve\/jazz\/gary-burton-quartet-picture-this\/","url":"https:\/\/vinilozona.lt\/parduotuve\/jazz\/gary-burton-quartet-picture-this\/","name":"Duke Ellington And His Orchestra \u2013 Festival Session Vinilin\u0117 Plok\u0161tel\u0117 | Vinilozona.lt","isPartOf":{"@id":"https:\/\/vinilozona.lt\/#website"},"primaryImageOfPage":{"@id":"https:\/\/vinilozona.lt\/parduotuve\/jazz\/gary-burton-quartet-picture-this\/#primaryimage"},"image":{"@id":"https:\/\/vinilozona.lt\/parduotuve\/jazz\/gary-burton-quartet-picture-this\/#primaryimage"},"thumbnailUrl":"https:\/\/vinilozona.lt\/wp-content\/uploads\/2021\/11\/R-6557289-1422023201-4370.jpg","datePublished":"2023-12-19T03:20:24+00:00","dateModified":"2023-12-18T10:43:16+00:00","breadcrumb":{"@id":"https:\/\/vinilozona.lt\/parduotuve\/jazz\/gary-burton-quartet-picture-this\/#breadcrumb"},"inLanguage":"en-GB","potentialAction":[{"@type":"ReadAction","target":["https:\/\/vinilozona.lt\/parduotuve\/jazz\/gary-burton-quartet-picture-this\/"]}]},{"@type":"ImageObject","inLanguage":"en-GB","@id":"https:\/\/vinilozona.lt\/parduotuve\/jazz\/gary-burton-quartet-picture-this\/#primaryimage","url":"https:\/\/vinilozona.lt\/wp-content\/uploads\/2021\/11\/R-6557289-1422023201-4370.jpg","contentUrl":"https:\/\/vinilozona.lt\/wp-content\/uploads\/2021\/11\/R-6557289-1422023201-4370.jpg","width":450,"height":450},{"@type":"BreadcrumbList","@id":"https:\/\/vinilozona.lt\/parduotuve\/jazz\/gary-burton-quartet-picture-this\/#breadcrumb","itemListElement":[{"@type":"ListItem","position":1,"name":"Home","item":"https:\/\/vinilozona.lt\/"},{"@type":"ListItem","position":2,"name":"Parduotuv\u0117","item":"https:\/\/vinilozona.lt\/parduotuve\/"},{"@type":"ListItem","position":3,"name":"Duke Ellington And His Orchestra \u2013 Festival Session"}]},{"@type":"WebSite","@id":"https:\/\/vinilozona.lt\/#website","url":"https:\/\/vinilozona.lt\/","name":"Vinilo Zona","description":"Nup\u016bsk dulkes ir klausyk LP","potentialAction":[{"@type":"SearchAction","target":{"@type":"EntryPoint","urlTemplate":"https:\/\/vinilozona.lt\/?s={search_term_string}"},"query-input":{"@type":"PropertyValueSpecification","valueRequired":true,"valueName":"search_term_string"}}],"inLanguage":"en-GB"}]}},"_links":{"self":[{"href":"https:\/\/vinilozona.lt\/en\/wp-json\/wp\/v2\/product\/16982"}],"collection":[{"href":"https:\/\/vinilozona.lt\/en\/wp-json\/wp\/v2\/product"}],"about":[{"href":"https:\/\/vinilozona.lt\/en\/wp-json\/wp\/v2\/types\/product"}],"wp:featuredmedia":[{"embeddable":true,"href":"https:\/\/vinilozona.lt\/en\/wp-json\/wp\/v2\/media\/23868"}],"wp:attachment":[{"href":"https:\/\/vinilozona.lt\/en\/wp-json\/wp\/v2\/media?parent=16982"}],"wp:term":[{"taxonomy":"product_cat","embeddable":true,"href":"https:\/\/vinilozona.lt\/en\/wp-json\/wp\/v2\/product_cat?post=16982"},{"taxonomy":"product_tag","embeddable":true,"href":"https:\/\/vinilozona.lt\/en\/wp-json\/wp\/v2\/product_tag?post=16982"}],"curies":[{"name":"wp","href":"https:\/\/api.w.org\/{rel}","templated":true}]}}