{"id":16980,"date":"2021-11-20T12:00:29","date_gmt":"2021-11-20T10:00:29","guid":{"rendered":"https:\/\/vinilozona.lt\/?post_type=product&#038;p=16980"},"modified":"2022-08-08T12:53:20","modified_gmt":"2022-08-08T09:53:20","slug":"jeremy-steig-james-moody-sahib-shihab-chris-hinze-flute-summit-jamming-at-donaueschingen-music-festival","status":"publish","type":"product","link":"https:\/\/vinilozona.lt\/en\/parduotuve\/jazz\/jeremy-steig-james-moody-sahib-shihab-chris-hinze-flute-summit-jamming-at-donaueschingen-music-festival\/","title":{"rendered":"Jeremy Steig, James Moody, Sahib Shihab, Chris Hinze \u2013 Flute Summit Jamming At Donaueschingen Music-Festival"},"content":{"rendered":"<p>Unity\t4:55<br \/>\nAutumn Leaves\t8:58<br \/>\nEast Beat\t4:04<br \/>\nMy Main Sustain\t5:54<br \/>\nCome With Me\t10:27<br \/>\nBamboo Madness\t6:48<br \/>\nDuo Memnon\t4:23<br \/>\nCollectivity\t3:07<\/p>","protected":false},"excerpt":{"rendered":"<p>Atlantic \u2013 P-8468A<br \/>\nFormat:<br \/>\nVinyl, LP<br \/>\nCountry:\tJapan<br \/>\nReleased:\t1973<\/p>","protected":false},"featured_media":16981,"template":"","meta":[],"product_cat":[20,39],"product_tag":[239],"yoast_head":"<!-- This site is optimized with the Yoast SEO plugin v23.5 - https:\/\/yoast.com\/wordpress\/plugins\/seo\/ -->\n<title>Jeremy Steig, James Moody, Sahib Shihab, Chris Hinze \u2013 Flute Summit Jamming At Donaueschingen Music-Festival Vinilin\u0117 Plok\u0161tel\u0117 | Vinilozona.lt<\/title>\n<meta name=\"robots\" content=\"index, follow, max-snippet:-1, max-image-preview:large, max-video-preview:-1\" \/>\n<link rel=\"canonical\" href=\"https:\/\/vinilozona.lt\/en\/parduotuve\/jazz\/jeremy-steig-james-moody-sahib-shihab-chris-hinze-flute-summit-jamming-at-donaueschingen-music-festival\/\" \/>\n<meta property=\"og:locale\" content=\"en_GB\" \/>\n<meta property=\"og:type\" content=\"article\" \/>\n<meta property=\"og:title\" content=\"Jeremy Steig, James Moody, Sahib Shihab, Chris Hinze \u2013 Flute Summit Jamming At Donaueschingen Music-Festival Vinilin\u0117 Plok\u0161tel\u0117 | Vinilozona.lt\" \/>\n<meta property=\"og:description\" content=\"Atlantic \u2013 P-8468A Format:  Vinyl, LP Country: Japan Released: 1973\" \/>\n<meta property=\"og:url\" content=\"https:\/\/vinilozona.lt\/en\/parduotuve\/jazz\/jeremy-steig-james-moody-sahib-shihab-chris-hinze-flute-summit-jamming-at-donaueschingen-music-festival\/\" \/>\n<meta property=\"og:site_name\" content=\"Vinilo Zona\" \/>\n<meta property=\"article:modified_time\" content=\"2022-08-08T09:53:20+00:00\" \/>\n<meta property=\"og:image\" content=\"https:\/\/vinilozona.lt\/wp-content\/uploads\/2021\/11\/R-9522809-1482055482-1002.mpo_.jpg\" \/>\n\t<meta property=\"og:image:width\" content=\"600\" \/>\n\t<meta property=\"og:image:height\" content=\"621\" \/>\n\t<meta property=\"og:image:type\" content=\"image\/jpeg\" \/>\n<meta name=\"twitter:card\" content=\"summary_large_image\" \/>\n<script type=\"application\/ld+json\" class=\"yoast-schema-graph\">{\"@context\":\"https:\/\/schema.org\",\"@graph\":[{\"@type\":\"WebPage\",\"@id\":\"https:\/\/vinilozona.lt\/parduotuve\/jazz\/jeremy-steig-james-moody-sahib-shihab-chris-hinze-flute-summit-jamming-at-donaueschingen-music-festival\/\",\"url\":\"https:\/\/vinilozona.lt\/parduotuve\/jazz\/jeremy-steig-james-moody-sahib-shihab-chris-hinze-flute-summit-jamming-at-donaueschingen-music-festival\/\",\"name\":\"Jeremy Steig, James Moody, Sahib Shihab, Chris Hinze \u2013 Flute Summit Jamming At Donaueschingen Music-Festival Vinilin\u0117 Plok\u0161tel\u0117 | Vinilozona.lt\",\"isPartOf\":{\"@id\":\"https:\/\/vinilozona.lt\/#website\"},\"primaryImageOfPage\":{\"@id\":\"https:\/\/vinilozona.lt\/parduotuve\/jazz\/jeremy-steig-james-moody-sahib-shihab-chris-hinze-flute-summit-jamming-at-donaueschingen-music-festival\/#primaryimage\"},\"image\":{\"@id\":\"https:\/\/vinilozona.lt\/parduotuve\/jazz\/jeremy-steig-james-moody-sahib-shihab-chris-hinze-flute-summit-jamming-at-donaueschingen-music-festival\/#primaryimage\"},\"thumbnailUrl\":\"https:\/\/vinilozona.lt\/wp-content\/uploads\/2021\/11\/R-9522809-1482055482-1002.mpo_.jpg\",\"datePublished\":\"2021-11-20T10:00:29+00:00\",\"dateModified\":\"2022-08-08T09:53:20+00:00\",\"breadcrumb\":{\"@id\":\"https:\/\/vinilozona.lt\/parduotuve\/jazz\/jeremy-steig-james-moody-sahib-shihab-chris-hinze-flute-summit-jamming-at-donaueschingen-music-festival\/#breadcrumb\"},\"inLanguage\":\"en-GB\",\"potentialAction\":[{\"@type\":\"ReadAction\",\"target\":[\"https:\/\/vinilozona.lt\/parduotuve\/jazz\/jeremy-steig-james-moody-sahib-shihab-chris-hinze-flute-summit-jamming-at-donaueschingen-music-festival\/\"]}]},{\"@type\":\"ImageObject\",\"inLanguage\":\"en-GB\",\"@id\":\"https:\/\/vinilozona.lt\/parduotuve\/jazz\/jeremy-steig-james-moody-sahib-shihab-chris-hinze-flute-summit-jamming-at-donaueschingen-music-festival\/#primaryimage\",\"url\":\"https:\/\/vinilozona.lt\/wp-content\/uploads\/2021\/11\/R-9522809-1482055482-1002.mpo_.jpg\",\"contentUrl\":\"https:\/\/vinilozona.lt\/wp-content\/uploads\/2021\/11\/R-9522809-1482055482-1002.mpo_.jpg\",\"width\":600,\"height\":621},{\"@type\":\"BreadcrumbList\",\"@id\":\"https:\/\/vinilozona.lt\/parduotuve\/jazz\/jeremy-steig-james-moody-sahib-shihab-chris-hinze-flute-summit-jamming-at-donaueschingen-music-festival\/#breadcrumb\",\"itemListElement\":[{\"@type\":\"ListItem\",\"position\":1,\"name\":\"Home\",\"item\":\"https:\/\/vinilozona.lt\/\"},{\"@type\":\"ListItem\",\"position\":2,\"name\":\"Parduotuv\u0117\",\"item\":\"https:\/\/vinilozona.lt\/parduotuve\/\"},{\"@type\":\"ListItem\",\"position\":3,\"name\":\"Jeremy Steig, James Moody, Sahib Shihab, Chris Hinze \u2013 Flute Summit Jamming At Donaueschingen Music-Festival\"}]},{\"@type\":\"WebSite\",\"@id\":\"https:\/\/vinilozona.lt\/#website\",\"url\":\"https:\/\/vinilozona.lt\/\",\"name\":\"Vinilo Zona\",\"description\":\"Nup\u016bsk dulkes ir klausyk LP\",\"potentialAction\":[{\"@type\":\"SearchAction\",\"target\":{\"@type\":\"EntryPoint\",\"urlTemplate\":\"https:\/\/vinilozona.lt\/?s={search_term_string}\"},\"query-input\":{\"@type\":\"PropertyValueSpecification\",\"valueRequired\":true,\"valueName\":\"search_term_string\"}}],\"inLanguage\":\"en-GB\"}]}<\/script>\n<!-- \/ Yoast SEO plugin. -->","yoast_head_json":{"title":"Jeremy Steig, James Moody, Sahib Shihab, Chris Hinze \u2013 Flute Summit Jamming At Donaueschingen Music-Festival Vinilin\u0117 Plok\u0161tel\u0117 | Vinilozona.lt","robots":{"index":"index","follow":"follow","max-snippet":"max-snippet:-1","max-image-preview":"max-image-preview:large","max-video-preview":"max-video-preview:-1"},"canonical":"https:\/\/vinilozona.lt\/en\/parduotuve\/jazz\/jeremy-steig-james-moody-sahib-shihab-chris-hinze-flute-summit-jamming-at-donaueschingen-music-festival\/","og_locale":"en_GB","og_type":"article","og_title":"Jeremy Steig, James Moody, Sahib Shihab, Chris Hinze \u2013 Flute Summit Jamming At Donaueschingen Music-Festival Vinilin\u0117 Plok\u0161tel\u0117 | Vinilozona.lt","og_description":"Atlantic \u2013 P-8468A Format:  Vinyl, LP Country: Japan Released: 1973","og_url":"https:\/\/vinilozona.lt\/en\/parduotuve\/jazz\/jeremy-steig-james-moody-sahib-shihab-chris-hinze-flute-summit-jamming-at-donaueschingen-music-festival\/","og_site_name":"Vinilo Zona","article_modified_time":"2022-08-08T09:53:20+00:00","og_image":[{"width":600,"height":621,"url":"https:\/\/vinilozona.lt\/wp-content\/uploads\/2021\/11\/R-9522809-1482055482-1002.mpo_.jpg","type":"image\/jpeg"}],"twitter_card":"summary_large_image","schema":{"@context":"https:\/\/schema.org","@graph":[{"@type":"WebPage","@id":"https:\/\/vinilozona.lt\/parduotuve\/jazz\/jeremy-steig-james-moody-sahib-shihab-chris-hinze-flute-summit-jamming-at-donaueschingen-music-festival\/","url":"https:\/\/vinilozona.lt\/parduotuve\/jazz\/jeremy-steig-james-moody-sahib-shihab-chris-hinze-flute-summit-jamming-at-donaueschingen-music-festival\/","name":"Jeremy Steig, James Moody, Sahib Shihab, Chris Hinze \u2013 Flute Summit Jamming At Donaueschingen Music-Festival Vinilin\u0117 Plok\u0161tel\u0117 | Vinilozona.lt","isPartOf":{"@id":"https:\/\/vinilozona.lt\/#website"},"primaryImageOfPage":{"@id":"https:\/\/vinilozona.lt\/parduotuve\/jazz\/jeremy-steig-james-moody-sahib-shihab-chris-hinze-flute-summit-jamming-at-donaueschingen-music-festival\/#primaryimage"},"image":{"@id":"https:\/\/vinilozona.lt\/parduotuve\/jazz\/jeremy-steig-james-moody-sahib-shihab-chris-hinze-flute-summit-jamming-at-donaueschingen-music-festival\/#primaryimage"},"thumbnailUrl":"https:\/\/vinilozona.lt\/wp-content\/uploads\/2021\/11\/R-9522809-1482055482-1002.mpo_.jpg","datePublished":"2021-11-20T10:00:29+00:00","dateModified":"2022-08-08T09:53:20+00:00","breadcrumb":{"@id":"https:\/\/vinilozona.lt\/parduotuve\/jazz\/jeremy-steig-james-moody-sahib-shihab-chris-hinze-flute-summit-jamming-at-donaueschingen-music-festival\/#breadcrumb"},"inLanguage":"en-GB","potentialAction":[{"@type":"ReadAction","target":["https:\/\/vinilozona.lt\/parduotuve\/jazz\/jeremy-steig-james-moody-sahib-shihab-chris-hinze-flute-summit-jamming-at-donaueschingen-music-festival\/"]}]},{"@type":"ImageObject","inLanguage":"en-GB","@id":"https:\/\/vinilozona.lt\/parduotuve\/jazz\/jeremy-steig-james-moody-sahib-shihab-chris-hinze-flute-summit-jamming-at-donaueschingen-music-festival\/#primaryimage","url":"https:\/\/vinilozona.lt\/wp-content\/uploads\/2021\/11\/R-9522809-1482055482-1002.mpo_.jpg","contentUrl":"https:\/\/vinilozona.lt\/wp-content\/uploads\/2021\/11\/R-9522809-1482055482-1002.mpo_.jpg","width":600,"height":621},{"@type":"BreadcrumbList","@id":"https:\/\/vinilozona.lt\/parduotuve\/jazz\/jeremy-steig-james-moody-sahib-shihab-chris-hinze-flute-summit-jamming-at-donaueschingen-music-festival\/#breadcrumb","itemListElement":[{"@type":"ListItem","position":1,"name":"Home","item":"https:\/\/vinilozona.lt\/"},{"@type":"ListItem","position":2,"name":"Parduotuv\u0117","item":"https:\/\/vinilozona.lt\/parduotuve\/"},{"@type":"ListItem","position":3,"name":"Jeremy Steig, James Moody, Sahib Shihab, Chris Hinze \u2013 Flute Summit Jamming At Donaueschingen Music-Festival"}]},{"@type":"WebSite","@id":"https:\/\/vinilozona.lt\/#website","url":"https:\/\/vinilozona.lt\/","name":"Vinilo Zona","description":"Nup\u016bsk dulkes ir klausyk LP","potentialAction":[{"@type":"SearchAction","target":{"@type":"EntryPoint","urlTemplate":"https:\/\/vinilozona.lt\/?s={search_term_string}"},"query-input":{"@type":"PropertyValueSpecification","valueRequired":true,"valueName":"search_term_string"}}],"inLanguage":"en-GB"}]}},"_links":{"self":[{"href":"https:\/\/vinilozona.lt\/en\/wp-json\/wp\/v2\/product\/16980"}],"collection":[{"href":"https:\/\/vinilozona.lt\/en\/wp-json\/wp\/v2\/product"}],"about":[{"href":"https:\/\/vinilozona.lt\/en\/wp-json\/wp\/v2\/types\/product"}],"wp:featuredmedia":[{"embeddable":true,"href":"https:\/\/vinilozona.lt\/en\/wp-json\/wp\/v2\/media\/16981"}],"wp:attachment":[{"href":"https:\/\/vinilozona.lt\/en\/wp-json\/wp\/v2\/media?parent=16980"}],"wp:term":[{"taxonomy":"product_cat","embeddable":true,"href":"https:\/\/vinilozona.lt\/en\/wp-json\/wp\/v2\/product_cat?post=16980"},{"taxonomy":"product_tag","embeddable":true,"href":"https:\/\/vinilozona.lt\/en\/wp-json\/wp\/v2\/product_tag?post=16980"}],"curies":[{"name":"wp","href":"https:\/\/api.w.org\/{rel}","templated":true}]}}