{"id":1696,"date":"2024-05-15T05:02:20","date_gmt":"2024-05-15T02:02:20","guid":{"rendered":"https:\/\/vinylhome.lt\/?post_type=product&#038;p=1696"},"modified":"2025-09-23T19:01:30","modified_gmt":"2025-09-23T16:01:30","slug":"vytautas-kernagis-%e2%80%8e-baltojo-nieko-daineles-cd","status":"publish","type":"product","link":"https:\/\/vinilozona.lt\/en\/parduotuve\/cd\/lietuviski-cd\/vytautas-kernagis-%e2%80%8e-baltojo-nieko-daineles-cd\/","title":{"rendered":"Vytautas Kernagis \u200e\u2013 Baltojo Nieko Dainel\u0117s CD"},"content":{"rendered":"<p>1\t\tNiekas \u017dada Vaikams Sidabro Knygel\u0119 \/ Atskland\u0117l\u0117\t2:39<br \/>\n2\t\tBaltojo Nieko Dainel\u0117\t1:34<br \/>\n3\t\tNiekas Kalba \u017diogo Balsu\t2:23<br \/>\n4\t\t\u017dmon\u0117s Atranda Baltojo Nieko Avin\u0117l\u012f\t2:13<br \/>\n5\t\tNiekas Kariauja D\u0117l Avin\u0117lio Ir Mari\u0173 \u017dol\u0117s\t2:05<br \/>\n6\t\tNiekas I\u0161vysta V\u0117j\u0173 Papart\u012f\t2:55<br \/>\n7\t\tNiekas Gano Kiauleles \/ U\u017eskland\u0117l\u0117\t2:25<\/p>","protected":false},"excerpt":{"rendered":"<p>Not On Label (Vytautas Kernagis Self-released) \u2013 VK CD 002<br \/>\nFormat:<br \/>\nCD, Mini-Album, Reissue<br \/>\nCountry:\tLithuania<\/p>","protected":false},"featured_media":1697,"template":"","meta":[],"product_cat":[24,947,56],"product_tag":[772],"yoast_head":"<!-- This site is optimized with the Yoast SEO plugin v23.5 - https:\/\/yoast.com\/wordpress\/plugins\/seo\/ -->\n<title>Vytautas Kernagis \u200e\u2013 Baltojo Nieko Dainel\u0117s CD Vinilin\u0117 Plok\u0161tel\u0117 | Vinilozona.lt<\/title>\n<meta name=\"robots\" content=\"index, follow, max-snippet:-1, max-image-preview:large, max-video-preview:-1\" \/>\n<link rel=\"canonical\" href=\"https:\/\/vinilozona.lt\/en\/parduotuve\/cd\/lietuviski-cd\/vytautas-kernagis-\u200e-baltojo-nieko-daineles-cd\/\" \/>\n<meta property=\"og:locale\" content=\"en_GB\" \/>\n<meta property=\"og:type\" content=\"article\" \/>\n<meta property=\"og:title\" content=\"Vytautas Kernagis \u200e\u2013 Baltojo Nieko Dainel\u0117s CD Vinilin\u0117 Plok\u0161tel\u0117 | Vinilozona.lt\" \/>\n<meta property=\"og:description\" content=\"Not On Label (Vytautas Kernagis Self-released) \u2013 VK CD 002 Format:  CD, Mini-Album, Reissue Country: Lithuania\" \/>\n<meta property=\"og:url\" content=\"https:\/\/vinilozona.lt\/en\/parduotuve\/cd\/lietuviski-cd\/vytautas-kernagis-\u200e-baltojo-nieko-daineles-cd\/\" \/>\n<meta property=\"og:site_name\" content=\"Vinilo Zona\" \/>\n<meta property=\"article:modified_time\" content=\"2025-09-23T16:01:30+00:00\" \/>\n<meta property=\"og:image\" content=\"https:\/\/vinilozona.lt\/wp-content\/uploads\/2019\/12\/vytautas-kernagis-baltojo-nieko-daineles-cd-1.jpg\" \/>\n\t<meta property=\"og:image:width\" content=\"533\" \/>\n\t<meta property=\"og:image:height\" content=\"400\" \/>\n\t<meta property=\"og:image:type\" content=\"image\/jpeg\" \/>\n<meta name=\"twitter:card\" content=\"summary_large_image\" \/>\n<script type=\"application\/ld+json\" class=\"yoast-schema-graph\">{\"@context\":\"https:\/\/schema.org\",\"@graph\":[{\"@type\":\"WebPage\",\"@id\":\"https:\/\/vinilozona.lt\/parduotuve\/cd\/lietuviski-cd\/vytautas-kernagis-%e2%80%8e-baltojo-nieko-daineles-cd\/\",\"url\":\"https:\/\/vinilozona.lt\/parduotuve\/cd\/lietuviski-cd\/vytautas-kernagis-%e2%80%8e-baltojo-nieko-daineles-cd\/\",\"name\":\"Vytautas Kernagis \u200e\u2013 Baltojo Nieko Dainel\u0117s CD Vinilin\u0117 Plok\u0161tel\u0117 | Vinilozona.lt\",\"isPartOf\":{\"@id\":\"https:\/\/vinilozona.lt\/#website\"},\"primaryImageOfPage\":{\"@id\":\"https:\/\/vinilozona.lt\/parduotuve\/cd\/lietuviski-cd\/vytautas-kernagis-%e2%80%8e-baltojo-nieko-daineles-cd\/#primaryimage\"},\"image\":{\"@id\":\"https:\/\/vinilozona.lt\/parduotuve\/cd\/lietuviski-cd\/vytautas-kernagis-%e2%80%8e-baltojo-nieko-daineles-cd\/#primaryimage\"},\"thumbnailUrl\":\"https:\/\/vinilozona.lt\/wp-content\/uploads\/2019\/12\/vytautas-kernagis-baltojo-nieko-daineles-cd-1.jpg\",\"datePublished\":\"2024-05-15T02:02:20+00:00\",\"dateModified\":\"2025-09-23T16:01:30+00:00\",\"breadcrumb\":{\"@id\":\"https:\/\/vinilozona.lt\/parduotuve\/cd\/lietuviski-cd\/vytautas-kernagis-%e2%80%8e-baltojo-nieko-daineles-cd\/#breadcrumb\"},\"inLanguage\":\"en-GB\",\"potentialAction\":[{\"@type\":\"ReadAction\",\"target\":[\"https:\/\/vinilozona.lt\/parduotuve\/cd\/lietuviski-cd\/vytautas-kernagis-%e2%80%8e-baltojo-nieko-daineles-cd\/\"]}]},{\"@type\":\"ImageObject\",\"inLanguage\":\"en-GB\",\"@id\":\"https:\/\/vinilozona.lt\/parduotuve\/cd\/lietuviski-cd\/vytautas-kernagis-%e2%80%8e-baltojo-nieko-daineles-cd\/#primaryimage\",\"url\":\"https:\/\/vinilozona.lt\/wp-content\/uploads\/2019\/12\/vytautas-kernagis-baltojo-nieko-daineles-cd-1.jpg\",\"contentUrl\":\"https:\/\/vinilozona.lt\/wp-content\/uploads\/2019\/12\/vytautas-kernagis-baltojo-nieko-daineles-cd-1.jpg\",\"width\":533,\"height\":400},{\"@type\":\"BreadcrumbList\",\"@id\":\"https:\/\/vinilozona.lt\/parduotuve\/cd\/lietuviski-cd\/vytautas-kernagis-%e2%80%8e-baltojo-nieko-daineles-cd\/#breadcrumb\",\"itemListElement\":[{\"@type\":\"ListItem\",\"position\":1,\"name\":\"Home\",\"item\":\"https:\/\/vinilozona.lt\/\"},{\"@type\":\"ListItem\",\"position\":2,\"name\":\"Parduotuv\u0117\",\"item\":\"https:\/\/vinilozona.lt\/parduotuve\/\"},{\"@type\":\"ListItem\",\"position\":3,\"name\":\"Vytautas Kernagis \u200e\u2013 Baltojo Nieko Dainel\u0117s CD\"}]},{\"@type\":\"WebSite\",\"@id\":\"https:\/\/vinilozona.lt\/#website\",\"url\":\"https:\/\/vinilozona.lt\/\",\"name\":\"Vinilo Zona\",\"description\":\"Nup\u016bsk dulkes ir klausyk LP\",\"potentialAction\":[{\"@type\":\"SearchAction\",\"target\":{\"@type\":\"EntryPoint\",\"urlTemplate\":\"https:\/\/vinilozona.lt\/?s={search_term_string}\"},\"query-input\":{\"@type\":\"PropertyValueSpecification\",\"valueRequired\":true,\"valueName\":\"search_term_string\"}}],\"inLanguage\":\"en-GB\"}]}<\/script>\n<!-- \/ Yoast SEO plugin. -->","yoast_head_json":{"title":"Vytautas Kernagis \u200e\u2013 Baltojo Nieko Dainel\u0117s CD Vinilin\u0117 Plok\u0161tel\u0117 | Vinilozona.lt","robots":{"index":"index","follow":"follow","max-snippet":"max-snippet:-1","max-image-preview":"max-image-preview:large","max-video-preview":"max-video-preview:-1"},"canonical":"https:\/\/vinilozona.lt\/en\/parduotuve\/cd\/lietuviski-cd\/vytautas-kernagis-\u200e-baltojo-nieko-daineles-cd\/","og_locale":"en_GB","og_type":"article","og_title":"Vytautas Kernagis \u200e\u2013 Baltojo Nieko Dainel\u0117s CD Vinilin\u0117 Plok\u0161tel\u0117 | Vinilozona.lt","og_description":"Not On Label (Vytautas Kernagis Self-released) \u2013 VK CD 002 Format:  CD, Mini-Album, Reissue Country: Lithuania","og_url":"https:\/\/vinilozona.lt\/en\/parduotuve\/cd\/lietuviski-cd\/vytautas-kernagis-\u200e-baltojo-nieko-daineles-cd\/","og_site_name":"Vinilo Zona","article_modified_time":"2025-09-23T16:01:30+00:00","og_image":[{"width":533,"height":400,"url":"https:\/\/vinilozona.lt\/wp-content\/uploads\/2019\/12\/vytautas-kernagis-baltojo-nieko-daineles-cd-1.jpg","type":"image\/jpeg"}],"twitter_card":"summary_large_image","schema":{"@context":"https:\/\/schema.org","@graph":[{"@type":"WebPage","@id":"https:\/\/vinilozona.lt\/parduotuve\/cd\/lietuviski-cd\/vytautas-kernagis-%e2%80%8e-baltojo-nieko-daineles-cd\/","url":"https:\/\/vinilozona.lt\/parduotuve\/cd\/lietuviski-cd\/vytautas-kernagis-%e2%80%8e-baltojo-nieko-daineles-cd\/","name":"Vytautas Kernagis \u200e\u2013 Baltojo Nieko Dainel\u0117s CD Vinilin\u0117 Plok\u0161tel\u0117 | Vinilozona.lt","isPartOf":{"@id":"https:\/\/vinilozona.lt\/#website"},"primaryImageOfPage":{"@id":"https:\/\/vinilozona.lt\/parduotuve\/cd\/lietuviski-cd\/vytautas-kernagis-%e2%80%8e-baltojo-nieko-daineles-cd\/#primaryimage"},"image":{"@id":"https:\/\/vinilozona.lt\/parduotuve\/cd\/lietuviski-cd\/vytautas-kernagis-%e2%80%8e-baltojo-nieko-daineles-cd\/#primaryimage"},"thumbnailUrl":"https:\/\/vinilozona.lt\/wp-content\/uploads\/2019\/12\/vytautas-kernagis-baltojo-nieko-daineles-cd-1.jpg","datePublished":"2024-05-15T02:02:20+00:00","dateModified":"2025-09-23T16:01:30+00:00","breadcrumb":{"@id":"https:\/\/vinilozona.lt\/parduotuve\/cd\/lietuviski-cd\/vytautas-kernagis-%e2%80%8e-baltojo-nieko-daineles-cd\/#breadcrumb"},"inLanguage":"en-GB","potentialAction":[{"@type":"ReadAction","target":["https:\/\/vinilozona.lt\/parduotuve\/cd\/lietuviski-cd\/vytautas-kernagis-%e2%80%8e-baltojo-nieko-daineles-cd\/"]}]},{"@type":"ImageObject","inLanguage":"en-GB","@id":"https:\/\/vinilozona.lt\/parduotuve\/cd\/lietuviski-cd\/vytautas-kernagis-%e2%80%8e-baltojo-nieko-daineles-cd\/#primaryimage","url":"https:\/\/vinilozona.lt\/wp-content\/uploads\/2019\/12\/vytautas-kernagis-baltojo-nieko-daineles-cd-1.jpg","contentUrl":"https:\/\/vinilozona.lt\/wp-content\/uploads\/2019\/12\/vytautas-kernagis-baltojo-nieko-daineles-cd-1.jpg","width":533,"height":400},{"@type":"BreadcrumbList","@id":"https:\/\/vinilozona.lt\/parduotuve\/cd\/lietuviski-cd\/vytautas-kernagis-%e2%80%8e-baltojo-nieko-daineles-cd\/#breadcrumb","itemListElement":[{"@type":"ListItem","position":1,"name":"Home","item":"https:\/\/vinilozona.lt\/"},{"@type":"ListItem","position":2,"name":"Parduotuv\u0117","item":"https:\/\/vinilozona.lt\/parduotuve\/"},{"@type":"ListItem","position":3,"name":"Vytautas Kernagis \u200e\u2013 Baltojo Nieko Dainel\u0117s CD"}]},{"@type":"WebSite","@id":"https:\/\/vinilozona.lt\/#website","url":"https:\/\/vinilozona.lt\/","name":"Vinilo Zona","description":"Nup\u016bsk dulkes ir klausyk LP","potentialAction":[{"@type":"SearchAction","target":{"@type":"EntryPoint","urlTemplate":"https:\/\/vinilozona.lt\/?s={search_term_string}"},"query-input":{"@type":"PropertyValueSpecification","valueRequired":true,"valueName":"search_term_string"}}],"inLanguage":"en-GB"}]}},"_links":{"self":[{"href":"https:\/\/vinilozona.lt\/en\/wp-json\/wp\/v2\/product\/1696"}],"collection":[{"href":"https:\/\/vinilozona.lt\/en\/wp-json\/wp\/v2\/product"}],"about":[{"href":"https:\/\/vinilozona.lt\/en\/wp-json\/wp\/v2\/types\/product"}],"wp:featuredmedia":[{"embeddable":true,"href":"https:\/\/vinilozona.lt\/en\/wp-json\/wp\/v2\/media\/1697"}],"wp:attachment":[{"href":"https:\/\/vinilozona.lt\/en\/wp-json\/wp\/v2\/media?parent=1696"}],"wp:term":[{"taxonomy":"product_cat","embeddable":true,"href":"https:\/\/vinilozona.lt\/en\/wp-json\/wp\/v2\/product_cat?post=1696"},{"taxonomy":"product_tag","embeddable":true,"href":"https:\/\/vinilozona.lt\/en\/wp-json\/wp\/v2\/product_tag?post=1696"}],"curies":[{"name":"wp","href":"https:\/\/api.w.org\/{rel}","templated":true}]}}