{"id":16949,"date":"2022-03-12T17:24:34","date_gmt":"2022-03-12T15:24:34","guid":{"rendered":"https:\/\/vinilozona.lt\/?post_type=product&#038;p=16949"},"modified":"2025-08-27T19:14:07","modified_gmt":"2025-08-27T16:14:07","slug":"robert-plant-alison-krauss-raise-the-roof","status":"publish","type":"product","link":"https:\/\/vinilozona.lt\/en\/parduotuve\/naujos-lp\/robert-plant-alison-krauss-raise-the-roof\/","title":{"rendered":"Robert Plant | Alison Krauss \u2013 Raise The Roof 2LP"},"content":{"rendered":"<p>A1\t\tQuattro (World Drifts In)<br \/>\nA2\t\tThe Price Of Love<br \/>\nA3\t\tGo Your Way<br \/>\nB1\t\tTrouble With My Lover<br \/>\nB2\t\tSearching For my Love<br \/>\nB3\t\tCan&#8217;t Let Go<br \/>\nC1\t\tIt Don&#8217;t Bother Me<br \/>\nC2\t\tYou Led Me To The Wrong<br \/>\nC3\t\tLast Kind Words Blues<br \/>\nD1\t\tHigh And Lonesome<br \/>\nD2\t\tGoing Ihrer The Lonely Go<br \/>\nD3\t\tSomebody Was Watching Over Me<\/p>","protected":false},"excerpt":{"rendered":"<p>Warner Music UK \u2013 0190296672200<br \/>\nFormat:<br \/>\n2 x Vinyl, LP<br \/>\nCountry:\tEurope<br \/>\nReleased:\tNov 18, 2021<\/p>","protected":false},"featured_media":18528,"template":"","meta":[],"product_cat":[23],"product_tag":[74],"yoast_head":"<!-- This site is optimized with the Yoast SEO plugin v23.5 - https:\/\/yoast.com\/wordpress\/plugins\/seo\/ -->\n<title>Robert Plant | Alison Krauss \u2013 Raise The Roof 2LP Vinilin\u0117 Plok\u0161tel\u0117 | Vinilozona.lt<\/title>\n<meta name=\"robots\" content=\"index, follow, max-snippet:-1, max-image-preview:large, max-video-preview:-1\" \/>\n<link rel=\"canonical\" href=\"https:\/\/vinilozona.lt\/en\/parduotuve\/naujos-lp\/robert-plant-alison-krauss-raise-the-roof\/\" \/>\n<meta property=\"og:locale\" content=\"en_GB\" \/>\n<meta property=\"og:type\" content=\"article\" \/>\n<meta property=\"og:title\" content=\"Robert Plant | Alison Krauss \u2013 Raise The Roof 2LP Vinilin\u0117 Plok\u0161tel\u0117 | Vinilozona.lt\" \/>\n<meta property=\"og:description\" content=\"Warner Music UK \u2013 0190296672200 Format:  2 x Vinyl, LP Country: Europe Released: Nov 18, 2021\" \/>\n<meta property=\"og:url\" content=\"https:\/\/vinilozona.lt\/en\/parduotuve\/naujos-lp\/robert-plant-alison-krauss-raise-the-roof\/\" \/>\n<meta property=\"og:site_name\" content=\"Vinilo Zona\" \/>\n<meta property=\"article:modified_time\" content=\"2025-08-27T16:14:07+00:00\" \/>\n<meta property=\"og:image\" content=\"https:\/\/vinilozona.lt\/wp-content\/uploads\/2022\/03\/R-21046462-1637356916-2374.jpg\" \/>\n\t<meta property=\"og:image:width\" content=\"600\" \/>\n\t<meta property=\"og:image:height\" content=\"570\" \/>\n\t<meta property=\"og:image:type\" content=\"image\/jpeg\" \/>\n<meta name=\"twitter:card\" content=\"summary_large_image\" \/>\n<script type=\"application\/ld+json\" class=\"yoast-schema-graph\">{\"@context\":\"https:\/\/schema.org\",\"@graph\":[{\"@type\":\"WebPage\",\"@id\":\"https:\/\/vinilozona.lt\/parduotuve\/naujos-lp\/robert-plant-alison-krauss-raise-the-roof\/\",\"url\":\"https:\/\/vinilozona.lt\/parduotuve\/naujos-lp\/robert-plant-alison-krauss-raise-the-roof\/\",\"name\":\"Robert Plant | Alison Krauss \u2013 Raise The Roof 2LP Vinilin\u0117 Plok\u0161tel\u0117 | Vinilozona.lt\",\"isPartOf\":{\"@id\":\"https:\/\/vinilozona.lt\/#website\"},\"primaryImageOfPage\":{\"@id\":\"https:\/\/vinilozona.lt\/parduotuve\/naujos-lp\/robert-plant-alison-krauss-raise-the-roof\/#primaryimage\"},\"image\":{\"@id\":\"https:\/\/vinilozona.lt\/parduotuve\/naujos-lp\/robert-plant-alison-krauss-raise-the-roof\/#primaryimage\"},\"thumbnailUrl\":\"https:\/\/vinilozona.lt\/wp-content\/uploads\/2022\/03\/R-21046462-1637356916-2374.jpg\",\"datePublished\":\"2022-03-12T15:24:34+00:00\",\"dateModified\":\"2025-08-27T16:14:07+00:00\",\"breadcrumb\":{\"@id\":\"https:\/\/vinilozona.lt\/parduotuve\/naujos-lp\/robert-plant-alison-krauss-raise-the-roof\/#breadcrumb\"},\"inLanguage\":\"en-GB\",\"potentialAction\":[{\"@type\":\"ReadAction\",\"target\":[\"https:\/\/vinilozona.lt\/parduotuve\/naujos-lp\/robert-plant-alison-krauss-raise-the-roof\/\"]}]},{\"@type\":\"ImageObject\",\"inLanguage\":\"en-GB\",\"@id\":\"https:\/\/vinilozona.lt\/parduotuve\/naujos-lp\/robert-plant-alison-krauss-raise-the-roof\/#primaryimage\",\"url\":\"https:\/\/vinilozona.lt\/wp-content\/uploads\/2022\/03\/R-21046462-1637356916-2374.jpg\",\"contentUrl\":\"https:\/\/vinilozona.lt\/wp-content\/uploads\/2022\/03\/R-21046462-1637356916-2374.jpg\",\"width\":600,\"height\":570},{\"@type\":\"BreadcrumbList\",\"@id\":\"https:\/\/vinilozona.lt\/parduotuve\/naujos-lp\/robert-plant-alison-krauss-raise-the-roof\/#breadcrumb\",\"itemListElement\":[{\"@type\":\"ListItem\",\"position\":1,\"name\":\"Home\",\"item\":\"https:\/\/vinilozona.lt\/\"},{\"@type\":\"ListItem\",\"position\":2,\"name\":\"Parduotuv\u0117\",\"item\":\"https:\/\/vinilozona.lt\/parduotuve\/\"},{\"@type\":\"ListItem\",\"position\":3,\"name\":\"Robert Plant | Alison Krauss \u2013 Raise The Roof 2LP\"}]},{\"@type\":\"WebSite\",\"@id\":\"https:\/\/vinilozona.lt\/#website\",\"url\":\"https:\/\/vinilozona.lt\/\",\"name\":\"Vinilo Zona\",\"description\":\"Nup\u016bsk dulkes ir klausyk LP\",\"potentialAction\":[{\"@type\":\"SearchAction\",\"target\":{\"@type\":\"EntryPoint\",\"urlTemplate\":\"https:\/\/vinilozona.lt\/?s={search_term_string}\"},\"query-input\":{\"@type\":\"PropertyValueSpecification\",\"valueRequired\":true,\"valueName\":\"search_term_string\"}}],\"inLanguage\":\"en-GB\"}]}<\/script>\n<!-- \/ Yoast SEO plugin. -->","yoast_head_json":{"title":"Robert Plant | Alison Krauss \u2013 Raise The Roof 2LP Vinilin\u0117 Plok\u0161tel\u0117 | Vinilozona.lt","robots":{"index":"index","follow":"follow","max-snippet":"max-snippet:-1","max-image-preview":"max-image-preview:large","max-video-preview":"max-video-preview:-1"},"canonical":"https:\/\/vinilozona.lt\/en\/parduotuve\/naujos-lp\/robert-plant-alison-krauss-raise-the-roof\/","og_locale":"en_GB","og_type":"article","og_title":"Robert Plant | Alison Krauss \u2013 Raise The Roof 2LP Vinilin\u0117 Plok\u0161tel\u0117 | Vinilozona.lt","og_description":"Warner Music UK \u2013 0190296672200 Format:  2 x Vinyl, LP Country: Europe Released: Nov 18, 2021","og_url":"https:\/\/vinilozona.lt\/en\/parduotuve\/naujos-lp\/robert-plant-alison-krauss-raise-the-roof\/","og_site_name":"Vinilo Zona","article_modified_time":"2025-08-27T16:14:07+00:00","og_image":[{"width":600,"height":570,"url":"https:\/\/vinilozona.lt\/wp-content\/uploads\/2022\/03\/R-21046462-1637356916-2374.jpg","type":"image\/jpeg"}],"twitter_card":"summary_large_image","schema":{"@context":"https:\/\/schema.org","@graph":[{"@type":"WebPage","@id":"https:\/\/vinilozona.lt\/parduotuve\/naujos-lp\/robert-plant-alison-krauss-raise-the-roof\/","url":"https:\/\/vinilozona.lt\/parduotuve\/naujos-lp\/robert-plant-alison-krauss-raise-the-roof\/","name":"Robert Plant | Alison Krauss \u2013 Raise The Roof 2LP Vinilin\u0117 Plok\u0161tel\u0117 | Vinilozona.lt","isPartOf":{"@id":"https:\/\/vinilozona.lt\/#website"},"primaryImageOfPage":{"@id":"https:\/\/vinilozona.lt\/parduotuve\/naujos-lp\/robert-plant-alison-krauss-raise-the-roof\/#primaryimage"},"image":{"@id":"https:\/\/vinilozona.lt\/parduotuve\/naujos-lp\/robert-plant-alison-krauss-raise-the-roof\/#primaryimage"},"thumbnailUrl":"https:\/\/vinilozona.lt\/wp-content\/uploads\/2022\/03\/R-21046462-1637356916-2374.jpg","datePublished":"2022-03-12T15:24:34+00:00","dateModified":"2025-08-27T16:14:07+00:00","breadcrumb":{"@id":"https:\/\/vinilozona.lt\/parduotuve\/naujos-lp\/robert-plant-alison-krauss-raise-the-roof\/#breadcrumb"},"inLanguage":"en-GB","potentialAction":[{"@type":"ReadAction","target":["https:\/\/vinilozona.lt\/parduotuve\/naujos-lp\/robert-plant-alison-krauss-raise-the-roof\/"]}]},{"@type":"ImageObject","inLanguage":"en-GB","@id":"https:\/\/vinilozona.lt\/parduotuve\/naujos-lp\/robert-plant-alison-krauss-raise-the-roof\/#primaryimage","url":"https:\/\/vinilozona.lt\/wp-content\/uploads\/2022\/03\/R-21046462-1637356916-2374.jpg","contentUrl":"https:\/\/vinilozona.lt\/wp-content\/uploads\/2022\/03\/R-21046462-1637356916-2374.jpg","width":600,"height":570},{"@type":"BreadcrumbList","@id":"https:\/\/vinilozona.lt\/parduotuve\/naujos-lp\/robert-plant-alison-krauss-raise-the-roof\/#breadcrumb","itemListElement":[{"@type":"ListItem","position":1,"name":"Home","item":"https:\/\/vinilozona.lt\/"},{"@type":"ListItem","position":2,"name":"Parduotuv\u0117","item":"https:\/\/vinilozona.lt\/parduotuve\/"},{"@type":"ListItem","position":3,"name":"Robert Plant | Alison Krauss \u2013 Raise The Roof 2LP"}]},{"@type":"WebSite","@id":"https:\/\/vinilozona.lt\/#website","url":"https:\/\/vinilozona.lt\/","name":"Vinilo Zona","description":"Nup\u016bsk dulkes ir klausyk LP","potentialAction":[{"@type":"SearchAction","target":{"@type":"EntryPoint","urlTemplate":"https:\/\/vinilozona.lt\/?s={search_term_string}"},"query-input":{"@type":"PropertyValueSpecification","valueRequired":true,"valueName":"search_term_string"}}],"inLanguage":"en-GB"}]}},"_links":{"self":[{"href":"https:\/\/vinilozona.lt\/en\/wp-json\/wp\/v2\/product\/16949"}],"collection":[{"href":"https:\/\/vinilozona.lt\/en\/wp-json\/wp\/v2\/product"}],"about":[{"href":"https:\/\/vinilozona.lt\/en\/wp-json\/wp\/v2\/types\/product"}],"wp:featuredmedia":[{"embeddable":true,"href":"https:\/\/vinilozona.lt\/en\/wp-json\/wp\/v2\/media\/18528"}],"wp:attachment":[{"href":"https:\/\/vinilozona.lt\/en\/wp-json\/wp\/v2\/media?parent=16949"}],"wp:term":[{"taxonomy":"product_cat","embeddable":true,"href":"https:\/\/vinilozona.lt\/en\/wp-json\/wp\/v2\/product_cat?post=16949"},{"taxonomy":"product_tag","embeddable":true,"href":"https:\/\/vinilozona.lt\/en\/wp-json\/wp\/v2\/product_tag?post=16949"}],"curies":[{"name":"wp","href":"https:\/\/api.w.org\/{rel}","templated":true}]}}