{"id":16930,"date":"2021-11-19T12:42:45","date_gmt":"2021-11-19T10:42:45","guid":{"rendered":"https:\/\/vinilozona.lt\/?post_type=product&#038;p=16930"},"modified":"2022-02-01T12:29:56","modified_gmt":"2022-02-01T10:29:56","slug":"barry-harris-barry-harris-plays-tadd-dameron-%e3%83%90%e3%83%aa%e3%83%bc%e3%83%bb%e3%83%8f%e3%83%aa%e3%82%b9%e3%83%bb%e3%83%97%e3%83%ac%e3%82%a4%e3%82%ba%e3%83%bb%e3%82%bf%e3%83%83","status":"publish","type":"product","link":"https:\/\/vinilozona.lt\/en\/parduotuve\/jazz\/barry-harris-barry-harris-plays-tadd-dameron-%e3%83%90%e3%83%aa%e3%83%bc%e3%83%bb%e3%83%8f%e3%83%aa%e3%82%b9%e3%83%bb%e3%83%97%e3%83%ac%e3%82%a4%e3%82%ba%e3%83%bb%e3%82%bf%e3%83%83\/","title":{"rendered":"Barry Harris \u2013 Barry Harris Plays Tadd Dameron = \u30d0\u30ea\u30fc\u30fb\u30cf\u30ea\u30b9\u30fb\u30d7\u30ec\u30a4\u30ba\u30fb\u30bf\u30c3\u30c9\u30fb\u30c0\u30e1\u30ed\u30f3"},"content":{"rendered":"<p>A1\t\tHot House = \u30db\u30c3\u30c8\u30fb\u30cf\u30a6\u30b9\t4:29<br \/>\nA2\t\tSoultrane = \u30bd\u30a6\u30eb\u30c8\u30ec\u30fc\u30f3\t5:38<br \/>\nA3\t\tThe Chase = \u30b6\u30fb\u30c1\u30a7\u30a4\u30b9\t4:58<br \/>\nA4\t\tLadybird = \u30ec\u30c7\u30a3\u30d0\u30fc\u30c9\t5:03<br \/>\nB1\t\tCasbah = \u30ad\u30e3\u30b9\u30d0\t8:27<br \/>\nB2\t\tIf You Could See Me Now = \u30a4\u30d5\u30fb\u30e6\u30fc\u30fb\u30b7\u30fc\u30fb\u30df\u30fc\u30fb\u30ca\u30a6\t5:28<br \/>\nB3\t\tThe Tadd Walk = \u30b6\u30fb\u30bf\u30c3\u30c9\u30fb\u30a6\u30a9\u30fc\u30af\t3:35<br \/>\nB4\t\tOur Delight = \u30a2\u30ef\u30fc\u30fb\u30c7\u30e9\u30a4\u30c8\t4:15<\/p>","protected":false},"excerpt":{"rendered":"<p>Xanadu Records \u2013 YS-7091-DU<br \/>\nSeries:\tXanadu Collection 1800 \u2013 Vol. 1<br \/>\nFormat:<br \/>\nVinyl, LP, Album, Reissue, Stereo<br \/>\nCountry:\tJapan<br \/>\nReleased:\tDec 25, 1981<\/p>","protected":false},"featured_media":16931,"template":"","meta":[],"product_cat":[20,39],"product_tag":[239],"yoast_head":"<!-- This site is optimized with the Yoast SEO plugin v23.5 - https:\/\/yoast.com\/wordpress\/plugins\/seo\/ -->\n<title>Barry Harris \u2013 Barry Harris Plays Tadd Dameron = \u30d0\u30ea\u30fc\u30fb\u30cf\u30ea\u30b9\u30fb\u30d7\u30ec\u30a4\u30ba\u30fb\u30bf\u30c3\u30c9\u30fb\u30c0\u30e1\u30ed\u30f3 Vinilin\u0117 Plok\u0161tel\u0117 | Vinilozona.lt<\/title>\n<meta name=\"robots\" content=\"index, follow, max-snippet:-1, max-image-preview:large, max-video-preview:-1\" \/>\n<link rel=\"canonical\" href=\"https:\/\/vinilozona.lt\/en\/parduotuve\/jazz\/barry-harris-barry-harris-plays-tadd-dameron-\u30d0\u30ea\u30fc\u30fb\u30cf\u30ea\u30b9\u30fb\u30d7\u30ec\u30a4\u30ba\u30fb\u30bf\u30c3\/\" \/>\n<meta property=\"og:locale\" content=\"en_GB\" \/>\n<meta property=\"og:type\" content=\"article\" \/>\n<meta property=\"og:title\" content=\"Barry Harris \u2013 Barry Harris Plays Tadd Dameron = \u30d0\u30ea\u30fc\u30fb\u30cf\u30ea\u30b9\u30fb\u30d7\u30ec\u30a4\u30ba\u30fb\u30bf\u30c3\u30c9\u30fb\u30c0\u30e1\u30ed\u30f3 Vinilin\u0117 Plok\u0161tel\u0117 | Vinilozona.lt\" \/>\n<meta property=\"og:description\" content=\"Xanadu Records \u2013 YS-7091-DU Series: Xanadu Collection 1800 \u2013 Vol. 1 Format:  Vinyl, LP, Album, Reissue, Stereo Country: Japan Released: Dec 25, 1981\" \/>\n<meta property=\"og:url\" content=\"https:\/\/vinilozona.lt\/en\/parduotuve\/jazz\/barry-harris-barry-harris-plays-tadd-dameron-\u30d0\u30ea\u30fc\u30fb\u30cf\u30ea\u30b9\u30fb\u30d7\u30ec\u30a4\u30ba\u30fb\u30bf\u30c3\/\" \/>\n<meta property=\"og:site_name\" content=\"Vinilo Zona\" \/>\n<meta property=\"article:modified_time\" content=\"2022-02-01T10:29:56+00:00\" \/>\n<meta property=\"og:image\" content=\"https:\/\/vinilozona.lt\/wp-content\/uploads\/2021\/11\/R-6984824-1612855317-3452.jpeg.jpg\" \/>\n\t<meta property=\"og:image:width\" content=\"599\" \/>\n\t<meta property=\"og:image:height\" content=\"598\" \/>\n\t<meta property=\"og:image:type\" content=\"image\/jpeg\" \/>\n<meta name=\"twitter:card\" content=\"summary_large_image\" \/>\n<script type=\"application\/ld+json\" class=\"yoast-schema-graph\">{\"@context\":\"https:\/\/schema.org\",\"@graph\":[{\"@type\":\"WebPage\",\"@id\":\"https:\/\/vinilozona.lt\/parduotuve\/jazz\/barry-harris-barry-harris-plays-tadd-dameron-%e3%83%90%e3%83%aa%e3%83%bc%e3%83%bb%e3%83%8f%e3%83%aa%e3%82%b9%e3%83%bb%e3%83%97%e3%83%ac%e3%82%a4%e3%82%ba%e3%83%bb%e3%82%bf%e3%83%83\/\",\"url\":\"https:\/\/vinilozona.lt\/parduotuve\/jazz\/barry-harris-barry-harris-plays-tadd-dameron-%e3%83%90%e3%83%aa%e3%83%bc%e3%83%bb%e3%83%8f%e3%83%aa%e3%82%b9%e3%83%bb%e3%83%97%e3%83%ac%e3%82%a4%e3%82%ba%e3%83%bb%e3%82%bf%e3%83%83\/\",\"name\":\"Barry Harris \u2013 Barry Harris Plays Tadd Dameron = \u30d0\u30ea\u30fc\u30fb\u30cf\u30ea\u30b9\u30fb\u30d7\u30ec\u30a4\u30ba\u30fb\u30bf\u30c3\u30c9\u30fb\u30c0\u30e1\u30ed\u30f3 Vinilin\u0117 Plok\u0161tel\u0117 | Vinilozona.lt\",\"isPartOf\":{\"@id\":\"https:\/\/vinilozona.lt\/#website\"},\"primaryImageOfPage\":{\"@id\":\"https:\/\/vinilozona.lt\/parduotuve\/jazz\/barry-harris-barry-harris-plays-tadd-dameron-%e3%83%90%e3%83%aa%e3%83%bc%e3%83%bb%e3%83%8f%e3%83%aa%e3%82%b9%e3%83%bb%e3%83%97%e3%83%ac%e3%82%a4%e3%82%ba%e3%83%bb%e3%82%bf%e3%83%83\/#primaryimage\"},\"image\":{\"@id\":\"https:\/\/vinilozona.lt\/parduotuve\/jazz\/barry-harris-barry-harris-plays-tadd-dameron-%e3%83%90%e3%83%aa%e3%83%bc%e3%83%bb%e3%83%8f%e3%83%aa%e3%82%b9%e3%83%bb%e3%83%97%e3%83%ac%e3%82%a4%e3%82%ba%e3%83%bb%e3%82%bf%e3%83%83\/#primaryimage\"},\"thumbnailUrl\":\"https:\/\/vinilozona.lt\/wp-content\/uploads\/2021\/11\/R-6984824-1612855317-3452.jpeg.jpg\",\"datePublished\":\"2021-11-19T10:42:45+00:00\",\"dateModified\":\"2022-02-01T10:29:56+00:00\",\"breadcrumb\":{\"@id\":\"https:\/\/vinilozona.lt\/parduotuve\/jazz\/barry-harris-barry-harris-plays-tadd-dameron-%e3%83%90%e3%83%aa%e3%83%bc%e3%83%bb%e3%83%8f%e3%83%aa%e3%82%b9%e3%83%bb%e3%83%97%e3%83%ac%e3%82%a4%e3%82%ba%e3%83%bb%e3%82%bf%e3%83%83\/#breadcrumb\"},\"inLanguage\":\"en-GB\",\"potentialAction\":[{\"@type\":\"ReadAction\",\"target\":[\"https:\/\/vinilozona.lt\/parduotuve\/jazz\/barry-harris-barry-harris-plays-tadd-dameron-%e3%83%90%e3%83%aa%e3%83%bc%e3%83%bb%e3%83%8f%e3%83%aa%e3%82%b9%e3%83%bb%e3%83%97%e3%83%ac%e3%82%a4%e3%82%ba%e3%83%bb%e3%82%bf%e3%83%83\/\"]}]},{\"@type\":\"ImageObject\",\"inLanguage\":\"en-GB\",\"@id\":\"https:\/\/vinilozona.lt\/parduotuve\/jazz\/barry-harris-barry-harris-plays-tadd-dameron-%e3%83%90%e3%83%aa%e3%83%bc%e3%83%bb%e3%83%8f%e3%83%aa%e3%82%b9%e3%83%bb%e3%83%97%e3%83%ac%e3%82%a4%e3%82%ba%e3%83%bb%e3%82%bf%e3%83%83\/#primaryimage\",\"url\":\"https:\/\/vinilozona.lt\/wp-content\/uploads\/2021\/11\/R-6984824-1612855317-3452.jpeg.jpg\",\"contentUrl\":\"https:\/\/vinilozona.lt\/wp-content\/uploads\/2021\/11\/R-6984824-1612855317-3452.jpeg.jpg\",\"width\":599,\"height\":598},{\"@type\":\"BreadcrumbList\",\"@id\":\"https:\/\/vinilozona.lt\/parduotuve\/jazz\/barry-harris-barry-harris-plays-tadd-dameron-%e3%83%90%e3%83%aa%e3%83%bc%e3%83%bb%e3%83%8f%e3%83%aa%e3%82%b9%e3%83%bb%e3%83%97%e3%83%ac%e3%82%a4%e3%82%ba%e3%83%bb%e3%82%bf%e3%83%83\/#breadcrumb\",\"itemListElement\":[{\"@type\":\"ListItem\",\"position\":1,\"name\":\"Home\",\"item\":\"https:\/\/vinilozona.lt\/\"},{\"@type\":\"ListItem\",\"position\":2,\"name\":\"Parduotuv\u0117\",\"item\":\"https:\/\/vinilozona.lt\/parduotuve\/\"},{\"@type\":\"ListItem\",\"position\":3,\"name\":\"Barry Harris \u2013 Barry Harris Plays Tadd Dameron = \u30d0\u30ea\u30fc\u30fb\u30cf\u30ea\u30b9\u30fb\u30d7\u30ec\u30a4\u30ba\u30fb\u30bf\u30c3\u30c9\u30fb\u30c0\u30e1\u30ed\u30f3\"}]},{\"@type\":\"WebSite\",\"@id\":\"https:\/\/vinilozona.lt\/#website\",\"url\":\"https:\/\/vinilozona.lt\/\",\"name\":\"Vinilo Zona\",\"description\":\"Nup\u016bsk dulkes ir klausyk LP\",\"potentialAction\":[{\"@type\":\"SearchAction\",\"target\":{\"@type\":\"EntryPoint\",\"urlTemplate\":\"https:\/\/vinilozona.lt\/?s={search_term_string}\"},\"query-input\":{\"@type\":\"PropertyValueSpecification\",\"valueRequired\":true,\"valueName\":\"search_term_string\"}}],\"inLanguage\":\"en-GB\"}]}<\/script>\n<!-- \/ Yoast SEO plugin. -->","yoast_head_json":{"title":"Barry Harris \u2013 Barry Harris Plays Tadd Dameron = \u30d0\u30ea\u30fc\u30fb\u30cf\u30ea\u30b9\u30fb\u30d7\u30ec\u30a4\u30ba\u30fb\u30bf\u30c3\u30c9\u30fb\u30c0\u30e1\u30ed\u30f3 Vinilin\u0117 Plok\u0161tel\u0117 | Vinilozona.lt","robots":{"index":"index","follow":"follow","max-snippet":"max-snippet:-1","max-image-preview":"max-image-preview:large","max-video-preview":"max-video-preview:-1"},"canonical":"https:\/\/vinilozona.lt\/en\/parduotuve\/jazz\/barry-harris-barry-harris-plays-tadd-dameron-\u30d0\u30ea\u30fc\u30fb\u30cf\u30ea\u30b9\u30fb\u30d7\u30ec\u30a4\u30ba\u30fb\u30bf\u30c3\/","og_locale":"en_GB","og_type":"article","og_title":"Barry Harris \u2013 Barry Harris Plays Tadd Dameron = \u30d0\u30ea\u30fc\u30fb\u30cf\u30ea\u30b9\u30fb\u30d7\u30ec\u30a4\u30ba\u30fb\u30bf\u30c3\u30c9\u30fb\u30c0\u30e1\u30ed\u30f3 Vinilin\u0117 Plok\u0161tel\u0117 | Vinilozona.lt","og_description":"Xanadu Records \u2013 YS-7091-DU Series: Xanadu Collection 1800 \u2013 Vol. 1 Format:  Vinyl, LP, Album, Reissue, Stereo Country: Japan Released: Dec 25, 1981","og_url":"https:\/\/vinilozona.lt\/en\/parduotuve\/jazz\/barry-harris-barry-harris-plays-tadd-dameron-\u30d0\u30ea\u30fc\u30fb\u30cf\u30ea\u30b9\u30fb\u30d7\u30ec\u30a4\u30ba\u30fb\u30bf\u30c3\/","og_site_name":"Vinilo Zona","article_modified_time":"2022-02-01T10:29:56+00:00","og_image":[{"width":599,"height":598,"url":"https:\/\/vinilozona.lt\/wp-content\/uploads\/2021\/11\/R-6984824-1612855317-3452.jpeg.jpg","type":"image\/jpeg"}],"twitter_card":"summary_large_image","schema":{"@context":"https:\/\/schema.org","@graph":[{"@type":"WebPage","@id":"https:\/\/vinilozona.lt\/parduotuve\/jazz\/barry-harris-barry-harris-plays-tadd-dameron-%e3%83%90%e3%83%aa%e3%83%bc%e3%83%bb%e3%83%8f%e3%83%aa%e3%82%b9%e3%83%bb%e3%83%97%e3%83%ac%e3%82%a4%e3%82%ba%e3%83%bb%e3%82%bf%e3%83%83\/","url":"https:\/\/vinilozona.lt\/parduotuve\/jazz\/barry-harris-barry-harris-plays-tadd-dameron-%e3%83%90%e3%83%aa%e3%83%bc%e3%83%bb%e3%83%8f%e3%83%aa%e3%82%b9%e3%83%bb%e3%83%97%e3%83%ac%e3%82%a4%e3%82%ba%e3%83%bb%e3%82%bf%e3%83%83\/","name":"Barry Harris \u2013 Barry Harris Plays Tadd Dameron = \u30d0\u30ea\u30fc\u30fb\u30cf\u30ea\u30b9\u30fb\u30d7\u30ec\u30a4\u30ba\u30fb\u30bf\u30c3\u30c9\u30fb\u30c0\u30e1\u30ed\u30f3 Vinilin\u0117 Plok\u0161tel\u0117 | Vinilozona.lt","isPartOf":{"@id":"https:\/\/vinilozona.lt\/#website"},"primaryImageOfPage":{"@id":"https:\/\/vinilozona.lt\/parduotuve\/jazz\/barry-harris-barry-harris-plays-tadd-dameron-%e3%83%90%e3%83%aa%e3%83%bc%e3%83%bb%e3%83%8f%e3%83%aa%e3%82%b9%e3%83%bb%e3%83%97%e3%83%ac%e3%82%a4%e3%82%ba%e3%83%bb%e3%82%bf%e3%83%83\/#primaryimage"},"image":{"@id":"https:\/\/vinilozona.lt\/parduotuve\/jazz\/barry-harris-barry-harris-plays-tadd-dameron-%e3%83%90%e3%83%aa%e3%83%bc%e3%83%bb%e3%83%8f%e3%83%aa%e3%82%b9%e3%83%bb%e3%83%97%e3%83%ac%e3%82%a4%e3%82%ba%e3%83%bb%e3%82%bf%e3%83%83\/#primaryimage"},"thumbnailUrl":"https:\/\/vinilozona.lt\/wp-content\/uploads\/2021\/11\/R-6984824-1612855317-3452.jpeg.jpg","datePublished":"2021-11-19T10:42:45+00:00","dateModified":"2022-02-01T10:29:56+00:00","breadcrumb":{"@id":"https:\/\/vinilozona.lt\/parduotuve\/jazz\/barry-harris-barry-harris-plays-tadd-dameron-%e3%83%90%e3%83%aa%e3%83%bc%e3%83%bb%e3%83%8f%e3%83%aa%e3%82%b9%e3%83%bb%e3%83%97%e3%83%ac%e3%82%a4%e3%82%ba%e3%83%bb%e3%82%bf%e3%83%83\/#breadcrumb"},"inLanguage":"en-GB","potentialAction":[{"@type":"ReadAction","target":["https:\/\/vinilozona.lt\/parduotuve\/jazz\/barry-harris-barry-harris-plays-tadd-dameron-%e3%83%90%e3%83%aa%e3%83%bc%e3%83%bb%e3%83%8f%e3%83%aa%e3%82%b9%e3%83%bb%e3%83%97%e3%83%ac%e3%82%a4%e3%82%ba%e3%83%bb%e3%82%bf%e3%83%83\/"]}]},{"@type":"ImageObject","inLanguage":"en-GB","@id":"https:\/\/vinilozona.lt\/parduotuve\/jazz\/barry-harris-barry-harris-plays-tadd-dameron-%e3%83%90%e3%83%aa%e3%83%bc%e3%83%bb%e3%83%8f%e3%83%aa%e3%82%b9%e3%83%bb%e3%83%97%e3%83%ac%e3%82%a4%e3%82%ba%e3%83%bb%e3%82%bf%e3%83%83\/#primaryimage","url":"https:\/\/vinilozona.lt\/wp-content\/uploads\/2021\/11\/R-6984824-1612855317-3452.jpeg.jpg","contentUrl":"https:\/\/vinilozona.lt\/wp-content\/uploads\/2021\/11\/R-6984824-1612855317-3452.jpeg.jpg","width":599,"height":598},{"@type":"BreadcrumbList","@id":"https:\/\/vinilozona.lt\/parduotuve\/jazz\/barry-harris-barry-harris-plays-tadd-dameron-%e3%83%90%e3%83%aa%e3%83%bc%e3%83%bb%e3%83%8f%e3%83%aa%e3%82%b9%e3%83%bb%e3%83%97%e3%83%ac%e3%82%a4%e3%82%ba%e3%83%bb%e3%82%bf%e3%83%83\/#breadcrumb","itemListElement":[{"@type":"ListItem","position":1,"name":"Home","item":"https:\/\/vinilozona.lt\/"},{"@type":"ListItem","position":2,"name":"Parduotuv\u0117","item":"https:\/\/vinilozona.lt\/parduotuve\/"},{"@type":"ListItem","position":3,"name":"Barry Harris \u2013 Barry Harris Plays Tadd Dameron = \u30d0\u30ea\u30fc\u30fb\u30cf\u30ea\u30b9\u30fb\u30d7\u30ec\u30a4\u30ba\u30fb\u30bf\u30c3\u30c9\u30fb\u30c0\u30e1\u30ed\u30f3"}]},{"@type":"WebSite","@id":"https:\/\/vinilozona.lt\/#website","url":"https:\/\/vinilozona.lt\/","name":"Vinilo Zona","description":"Nup\u016bsk dulkes ir klausyk LP","potentialAction":[{"@type":"SearchAction","target":{"@type":"EntryPoint","urlTemplate":"https:\/\/vinilozona.lt\/?s={search_term_string}"},"query-input":{"@type":"PropertyValueSpecification","valueRequired":true,"valueName":"search_term_string"}}],"inLanguage":"en-GB"}]}},"_links":{"self":[{"href":"https:\/\/vinilozona.lt\/en\/wp-json\/wp\/v2\/product\/16930"}],"collection":[{"href":"https:\/\/vinilozona.lt\/en\/wp-json\/wp\/v2\/product"}],"about":[{"href":"https:\/\/vinilozona.lt\/en\/wp-json\/wp\/v2\/types\/product"}],"wp:featuredmedia":[{"embeddable":true,"href":"https:\/\/vinilozona.lt\/en\/wp-json\/wp\/v2\/media\/16931"}],"wp:attachment":[{"href":"https:\/\/vinilozona.lt\/en\/wp-json\/wp\/v2\/media?parent=16930"}],"wp:term":[{"taxonomy":"product_cat","embeddable":true,"href":"https:\/\/vinilozona.lt\/en\/wp-json\/wp\/v2\/product_cat?post=16930"},{"taxonomy":"product_tag","embeddable":true,"href":"https:\/\/vinilozona.lt\/en\/wp-json\/wp\/v2\/product_tag?post=16930"}],"curies":[{"name":"wp","href":"https:\/\/api.w.org\/{rel}","templated":true}]}}