{"id":16922,"date":"2021-11-19T11:33:23","date_gmt":"2021-11-19T09:33:23","guid":{"rendered":"https:\/\/vinilozona.lt\/?post_type=product&#038;p=16922"},"modified":"2021-12-06T10:57:31","modified_gmt":"2021-12-06T08:57:31","slug":"bob-moses-the-story-of-moses","status":"publish","type":"product","link":"https:\/\/vinilozona.lt\/en\/parduotuve\/jazz\/bob-moses-the-story-of-moses\/","title":{"rendered":"Bob Moses \u2013 The Story Of Moses"},"content":{"rendered":"<p>A1\t\tOverture: Go Down Moses\t3:23<br \/>\nA2\t\tPharaoh&#8217;s Song\t5:53<br \/>\nA3\t\tMoses Floats Down The Nile\t6:44<br \/>\nA4\t\tHebrew&#8217;s Blues\t2:33<br \/>\nA5\t\tSong Of Moses\t1:17<br \/>\nB1\t\tLove Theme\t3:09<br \/>\nB2\t\tBurning Bush\t5:06<br \/>\nB3\t\tRoots Run Deep, Spirits Fly High\t4:36<br \/>\nB4\t\tThe Ten Plagues\t6:01<br \/>\nC1\t\tJu Ju Eyes\t6:32<br \/>\nC2\t\tRed Sea\t3:04<br \/>\nC3\t\tThe Edge Of Need (The Rain Of Bread)\t7:22<br \/>\nD1\t\tMount Sinai\t4:08<br \/>\nD2\t\tExodus\t7:39<br \/>\nD3\t\tSong Of Moses\t7:11<\/p>","protected":false},"excerpt":{"rendered":"<p>Canyon Records, Inc. \u2013 C40Y0260<br \/>\nFormat:<br \/>\n2 x Vinyl, LP, Album, Stereo, Gatefold<br \/>\nCountry:\tJapan<br \/>\nReleased:\t1987<\/p>","protected":false},"featured_media":16923,"template":"","meta":[],"product_cat":[20,39],"product_tag":[239],"yoast_head":"<!-- This site is optimized with the Yoast SEO plugin v23.5 - https:\/\/yoast.com\/wordpress\/plugins\/seo\/ -->\n<title>Bob Moses \u2013 The Story Of Moses Vinilin\u0117 Plok\u0161tel\u0117 | Vinilozona.lt<\/title>\n<meta name=\"robots\" content=\"index, follow, max-snippet:-1, max-image-preview:large, max-video-preview:-1\" \/>\n<link rel=\"canonical\" href=\"https:\/\/vinilozona.lt\/en\/parduotuve\/jazz\/bob-moses-the-story-of-moses\/\" \/>\n<meta property=\"og:locale\" content=\"en_GB\" \/>\n<meta property=\"og:type\" content=\"article\" \/>\n<meta property=\"og:title\" content=\"Bob Moses \u2013 The Story Of Moses Vinilin\u0117 Plok\u0161tel\u0117 | Vinilozona.lt\" \/>\n<meta property=\"og:description\" content=\"Canyon Records, Inc. \u2013 C40Y0260 Format:  2 x Vinyl, LP, Album, Stereo, Gatefold Country: Japan Released: 1987\" \/>\n<meta property=\"og:url\" content=\"https:\/\/vinilozona.lt\/en\/parduotuve\/jazz\/bob-moses-the-story-of-moses\/\" \/>\n<meta property=\"og:site_name\" content=\"Vinilo Zona\" \/>\n<meta property=\"article:modified_time\" content=\"2021-12-06T08:57:31+00:00\" \/>\n<meta property=\"og:image\" content=\"https:\/\/vinilozona.lt\/wp-content\/uploads\/2021\/11\/R-19526185-1626530005-4614.jpeg.jpg\" \/>\n\t<meta property=\"og:image:width\" content=\"300\" \/>\n\t<meta property=\"og:image:height\" content=\"300\" \/>\n\t<meta property=\"og:image:type\" content=\"image\/jpeg\" \/>\n<meta name=\"twitter:card\" content=\"summary_large_image\" \/>\n<script type=\"application\/ld+json\" class=\"yoast-schema-graph\">{\"@context\":\"https:\/\/schema.org\",\"@graph\":[{\"@type\":\"WebPage\",\"@id\":\"https:\/\/vinilozona.lt\/parduotuve\/jazz\/bob-moses-the-story-of-moses\/\",\"url\":\"https:\/\/vinilozona.lt\/parduotuve\/jazz\/bob-moses-the-story-of-moses\/\",\"name\":\"Bob Moses \u2013 The Story Of Moses Vinilin\u0117 Plok\u0161tel\u0117 | Vinilozona.lt\",\"isPartOf\":{\"@id\":\"https:\/\/vinilozona.lt\/#website\"},\"primaryImageOfPage\":{\"@id\":\"https:\/\/vinilozona.lt\/parduotuve\/jazz\/bob-moses-the-story-of-moses\/#primaryimage\"},\"image\":{\"@id\":\"https:\/\/vinilozona.lt\/parduotuve\/jazz\/bob-moses-the-story-of-moses\/#primaryimage\"},\"thumbnailUrl\":\"https:\/\/vinilozona.lt\/wp-content\/uploads\/2021\/11\/R-19526185-1626530005-4614.jpeg.jpg\",\"datePublished\":\"2021-11-19T09:33:23+00:00\",\"dateModified\":\"2021-12-06T08:57:31+00:00\",\"breadcrumb\":{\"@id\":\"https:\/\/vinilozona.lt\/parduotuve\/jazz\/bob-moses-the-story-of-moses\/#breadcrumb\"},\"inLanguage\":\"en-GB\",\"potentialAction\":[{\"@type\":\"ReadAction\",\"target\":[\"https:\/\/vinilozona.lt\/parduotuve\/jazz\/bob-moses-the-story-of-moses\/\"]}]},{\"@type\":\"ImageObject\",\"inLanguage\":\"en-GB\",\"@id\":\"https:\/\/vinilozona.lt\/parduotuve\/jazz\/bob-moses-the-story-of-moses\/#primaryimage\",\"url\":\"https:\/\/vinilozona.lt\/wp-content\/uploads\/2021\/11\/R-19526185-1626530005-4614.jpeg.jpg\",\"contentUrl\":\"https:\/\/vinilozona.lt\/wp-content\/uploads\/2021\/11\/R-19526185-1626530005-4614.jpeg.jpg\",\"width\":300,\"height\":300},{\"@type\":\"BreadcrumbList\",\"@id\":\"https:\/\/vinilozona.lt\/parduotuve\/jazz\/bob-moses-the-story-of-moses\/#breadcrumb\",\"itemListElement\":[{\"@type\":\"ListItem\",\"position\":1,\"name\":\"Home\",\"item\":\"https:\/\/vinilozona.lt\/\"},{\"@type\":\"ListItem\",\"position\":2,\"name\":\"Parduotuv\u0117\",\"item\":\"https:\/\/vinilozona.lt\/parduotuve\/\"},{\"@type\":\"ListItem\",\"position\":3,\"name\":\"Bob Moses \u2013 The Story Of Moses\"}]},{\"@type\":\"WebSite\",\"@id\":\"https:\/\/vinilozona.lt\/#website\",\"url\":\"https:\/\/vinilozona.lt\/\",\"name\":\"Vinilo Zona\",\"description\":\"Nup\u016bsk dulkes ir klausyk LP\",\"potentialAction\":[{\"@type\":\"SearchAction\",\"target\":{\"@type\":\"EntryPoint\",\"urlTemplate\":\"https:\/\/vinilozona.lt\/?s={search_term_string}\"},\"query-input\":{\"@type\":\"PropertyValueSpecification\",\"valueRequired\":true,\"valueName\":\"search_term_string\"}}],\"inLanguage\":\"en-GB\"}]}<\/script>\n<!-- \/ Yoast SEO plugin. -->","yoast_head_json":{"title":"Bob Moses \u2013 The Story Of Moses Vinilin\u0117 Plok\u0161tel\u0117 | Vinilozona.lt","robots":{"index":"index","follow":"follow","max-snippet":"max-snippet:-1","max-image-preview":"max-image-preview:large","max-video-preview":"max-video-preview:-1"},"canonical":"https:\/\/vinilozona.lt\/en\/parduotuve\/jazz\/bob-moses-the-story-of-moses\/","og_locale":"en_GB","og_type":"article","og_title":"Bob Moses \u2013 The Story Of Moses Vinilin\u0117 Plok\u0161tel\u0117 | Vinilozona.lt","og_description":"Canyon Records, Inc. \u2013 C40Y0260 Format:  2 x Vinyl, LP, Album, Stereo, Gatefold Country: Japan Released: 1987","og_url":"https:\/\/vinilozona.lt\/en\/parduotuve\/jazz\/bob-moses-the-story-of-moses\/","og_site_name":"Vinilo Zona","article_modified_time":"2021-12-06T08:57:31+00:00","og_image":[{"width":300,"height":300,"url":"https:\/\/vinilozona.lt\/wp-content\/uploads\/2021\/11\/R-19526185-1626530005-4614.jpeg.jpg","type":"image\/jpeg"}],"twitter_card":"summary_large_image","schema":{"@context":"https:\/\/schema.org","@graph":[{"@type":"WebPage","@id":"https:\/\/vinilozona.lt\/parduotuve\/jazz\/bob-moses-the-story-of-moses\/","url":"https:\/\/vinilozona.lt\/parduotuve\/jazz\/bob-moses-the-story-of-moses\/","name":"Bob Moses \u2013 The Story Of Moses Vinilin\u0117 Plok\u0161tel\u0117 | Vinilozona.lt","isPartOf":{"@id":"https:\/\/vinilozona.lt\/#website"},"primaryImageOfPage":{"@id":"https:\/\/vinilozona.lt\/parduotuve\/jazz\/bob-moses-the-story-of-moses\/#primaryimage"},"image":{"@id":"https:\/\/vinilozona.lt\/parduotuve\/jazz\/bob-moses-the-story-of-moses\/#primaryimage"},"thumbnailUrl":"https:\/\/vinilozona.lt\/wp-content\/uploads\/2021\/11\/R-19526185-1626530005-4614.jpeg.jpg","datePublished":"2021-11-19T09:33:23+00:00","dateModified":"2021-12-06T08:57:31+00:00","breadcrumb":{"@id":"https:\/\/vinilozona.lt\/parduotuve\/jazz\/bob-moses-the-story-of-moses\/#breadcrumb"},"inLanguage":"en-GB","potentialAction":[{"@type":"ReadAction","target":["https:\/\/vinilozona.lt\/parduotuve\/jazz\/bob-moses-the-story-of-moses\/"]}]},{"@type":"ImageObject","inLanguage":"en-GB","@id":"https:\/\/vinilozona.lt\/parduotuve\/jazz\/bob-moses-the-story-of-moses\/#primaryimage","url":"https:\/\/vinilozona.lt\/wp-content\/uploads\/2021\/11\/R-19526185-1626530005-4614.jpeg.jpg","contentUrl":"https:\/\/vinilozona.lt\/wp-content\/uploads\/2021\/11\/R-19526185-1626530005-4614.jpeg.jpg","width":300,"height":300},{"@type":"BreadcrumbList","@id":"https:\/\/vinilozona.lt\/parduotuve\/jazz\/bob-moses-the-story-of-moses\/#breadcrumb","itemListElement":[{"@type":"ListItem","position":1,"name":"Home","item":"https:\/\/vinilozona.lt\/"},{"@type":"ListItem","position":2,"name":"Parduotuv\u0117","item":"https:\/\/vinilozona.lt\/parduotuve\/"},{"@type":"ListItem","position":3,"name":"Bob Moses \u2013 The Story Of Moses"}]},{"@type":"WebSite","@id":"https:\/\/vinilozona.lt\/#website","url":"https:\/\/vinilozona.lt\/","name":"Vinilo Zona","description":"Nup\u016bsk dulkes ir klausyk LP","potentialAction":[{"@type":"SearchAction","target":{"@type":"EntryPoint","urlTemplate":"https:\/\/vinilozona.lt\/?s={search_term_string}"},"query-input":{"@type":"PropertyValueSpecification","valueRequired":true,"valueName":"search_term_string"}}],"inLanguage":"en-GB"}]}},"_links":{"self":[{"href":"https:\/\/vinilozona.lt\/en\/wp-json\/wp\/v2\/product\/16922"}],"collection":[{"href":"https:\/\/vinilozona.lt\/en\/wp-json\/wp\/v2\/product"}],"about":[{"href":"https:\/\/vinilozona.lt\/en\/wp-json\/wp\/v2\/types\/product"}],"wp:featuredmedia":[{"embeddable":true,"href":"https:\/\/vinilozona.lt\/en\/wp-json\/wp\/v2\/media\/16923"}],"wp:attachment":[{"href":"https:\/\/vinilozona.lt\/en\/wp-json\/wp\/v2\/media?parent=16922"}],"wp:term":[{"taxonomy":"product_cat","embeddable":true,"href":"https:\/\/vinilozona.lt\/en\/wp-json\/wp\/v2\/product_cat?post=16922"},{"taxonomy":"product_tag","embeddable":true,"href":"https:\/\/vinilozona.lt\/en\/wp-json\/wp\/v2\/product_tag?post=16922"}],"curies":[{"name":"wp","href":"https:\/\/api.w.org\/{rel}","templated":true}]}}