{"id":16901,"date":"2024-05-31T05:07:24","date_gmt":"2024-05-31T02:07:24","guid":{"rendered":"https:\/\/vinilozona.lt\/?post_type=product&#038;p=16901"},"modified":"2024-12-31T16:29:11","modified_gmt":"2024-12-31T14:29:11","slug":"diana-krall-%e2%80%8e-all-for-you-a-dedication-to-the-nat-king-cole-trio","status":"publish","type":"product","link":"https:\/\/vinilozona.lt\/en\/parduotuve\/jazz\/diana-krall-%e2%80%8e-all-for-you-a-dedication-to-the-nat-king-cole-trio\/","title":{"rendered":"Milt Jackson &#8211; Joe Pass &#8211; Ray Brown \u2013 The Big 3"},"content":{"rendered":"<p>A1\t\tThe Pink Panther  5:52<br \/>\nA2\t\tNuages  7:26<br \/>\nA3\t\tBlue Bossa  5:03<br \/>\nA4\t\tCome Sunday 3:00<br \/>\nB1\t\tWave  6:50<br \/>\nB2\t\tMoonglow 4:52<br \/>\nB3\t\tYou Stepped Out Of A Dream  3:58<br \/>\nB4\t\tBlues For Sammy 6:25<\/p>","protected":false},"excerpt":{"rendered":"<p>Pablo Records \u2013 2310 757<br \/>\nFormat:<br \/>\nVinyl, LP, Album<br \/>\nCountry:\tGermany<br \/>\nReleased:\t1976<\/p>","protected":false},"featured_media":25029,"template":"","meta":[],"product_cat":[20],"product_tag":[44],"yoast_head":"<!-- This site is optimized with the Yoast SEO plugin v23.5 - https:\/\/yoast.com\/wordpress\/plugins\/seo\/ -->\n<title>Milt Jackson - Joe Pass - Ray Brown \u2013 The Big 3 Vinilin\u0117 Plok\u0161tel\u0117 | Vinilozona.lt<\/title>\n<meta name=\"robots\" content=\"index, follow, max-snippet:-1, max-image-preview:large, max-video-preview:-1\" \/>\n<link rel=\"canonical\" href=\"https:\/\/vinilozona.lt\/en\/parduotuve\/jazz\/diana-krall-\u200e-all-for-you-a-dedication-to-the-nat-king-cole-trio\/\" \/>\n<meta property=\"og:locale\" content=\"en_GB\" \/>\n<meta property=\"og:type\" content=\"article\" \/>\n<meta property=\"og:title\" content=\"Milt Jackson - Joe Pass - Ray Brown \u2013 The Big 3 Vinilin\u0117 Plok\u0161tel\u0117 | Vinilozona.lt\" \/>\n<meta property=\"og:description\" content=\"Pablo Records \u2013 2310 757 Format:  Vinyl, LP, Album Country: Germany Released: 1976\" \/>\n<meta property=\"og:url\" content=\"https:\/\/vinilozona.lt\/en\/parduotuve\/jazz\/diana-krall-\u200e-all-for-you-a-dedication-to-the-nat-king-cole-trio\/\" \/>\n<meta property=\"og:site_name\" content=\"Vinilo Zona\" \/>\n<meta property=\"article:modified_time\" content=\"2024-12-31T14:29:11+00:00\" \/>\n<meta property=\"og:image\" content=\"https:\/\/vinilozona.lt\/wp-content\/uploads\/2023\/02\/R-2639923-1294540499.jpg\" \/>\n\t<meta property=\"og:image:width\" content=\"600\" \/>\n\t<meta property=\"og:image:height\" content=\"595\" \/>\n\t<meta property=\"og:image:type\" content=\"image\/jpeg\" \/>\n<meta name=\"twitter:card\" content=\"summary_large_image\" \/>\n<script type=\"application\/ld+json\" class=\"yoast-schema-graph\">{\"@context\":\"https:\/\/schema.org\",\"@graph\":[{\"@type\":\"WebPage\",\"@id\":\"https:\/\/vinilozona.lt\/parduotuve\/jazz\/diana-krall-%e2%80%8e-all-for-you-a-dedication-to-the-nat-king-cole-trio\/\",\"url\":\"https:\/\/vinilozona.lt\/parduotuve\/jazz\/diana-krall-%e2%80%8e-all-for-you-a-dedication-to-the-nat-king-cole-trio\/\",\"name\":\"Milt Jackson - Joe Pass - Ray Brown \u2013 The Big 3 Vinilin\u0117 Plok\u0161tel\u0117 | Vinilozona.lt\",\"isPartOf\":{\"@id\":\"https:\/\/vinilozona.lt\/#website\"},\"primaryImageOfPage\":{\"@id\":\"https:\/\/vinilozona.lt\/parduotuve\/jazz\/diana-krall-%e2%80%8e-all-for-you-a-dedication-to-the-nat-king-cole-trio\/#primaryimage\"},\"image\":{\"@id\":\"https:\/\/vinilozona.lt\/parduotuve\/jazz\/diana-krall-%e2%80%8e-all-for-you-a-dedication-to-the-nat-king-cole-trio\/#primaryimage\"},\"thumbnailUrl\":\"https:\/\/vinilozona.lt\/wp-content\/uploads\/2023\/02\/R-2639923-1294540499.jpg\",\"datePublished\":\"2024-05-31T02:07:24+00:00\",\"dateModified\":\"2024-12-31T14:29:11+00:00\",\"breadcrumb\":{\"@id\":\"https:\/\/vinilozona.lt\/parduotuve\/jazz\/diana-krall-%e2%80%8e-all-for-you-a-dedication-to-the-nat-king-cole-trio\/#breadcrumb\"},\"inLanguage\":\"en-GB\",\"potentialAction\":[{\"@type\":\"ReadAction\",\"target\":[\"https:\/\/vinilozona.lt\/parduotuve\/jazz\/diana-krall-%e2%80%8e-all-for-you-a-dedication-to-the-nat-king-cole-trio\/\"]}]},{\"@type\":\"ImageObject\",\"inLanguage\":\"en-GB\",\"@id\":\"https:\/\/vinilozona.lt\/parduotuve\/jazz\/diana-krall-%e2%80%8e-all-for-you-a-dedication-to-the-nat-king-cole-trio\/#primaryimage\",\"url\":\"https:\/\/vinilozona.lt\/wp-content\/uploads\/2023\/02\/R-2639923-1294540499.jpg\",\"contentUrl\":\"https:\/\/vinilozona.lt\/wp-content\/uploads\/2023\/02\/R-2639923-1294540499.jpg\",\"width\":600,\"height\":595},{\"@type\":\"BreadcrumbList\",\"@id\":\"https:\/\/vinilozona.lt\/parduotuve\/jazz\/diana-krall-%e2%80%8e-all-for-you-a-dedication-to-the-nat-king-cole-trio\/#breadcrumb\",\"itemListElement\":[{\"@type\":\"ListItem\",\"position\":1,\"name\":\"Home\",\"item\":\"https:\/\/vinilozona.lt\/\"},{\"@type\":\"ListItem\",\"position\":2,\"name\":\"Parduotuv\u0117\",\"item\":\"https:\/\/vinilozona.lt\/parduotuve\/\"},{\"@type\":\"ListItem\",\"position\":3,\"name\":\"Milt Jackson &#8211; Joe Pass &#8211; Ray Brown \u2013 The Big 3\"}]},{\"@type\":\"WebSite\",\"@id\":\"https:\/\/vinilozona.lt\/#website\",\"url\":\"https:\/\/vinilozona.lt\/\",\"name\":\"Vinilo Zona\",\"description\":\"Nup\u016bsk dulkes ir klausyk LP\",\"potentialAction\":[{\"@type\":\"SearchAction\",\"target\":{\"@type\":\"EntryPoint\",\"urlTemplate\":\"https:\/\/vinilozona.lt\/?s={search_term_string}\"},\"query-input\":{\"@type\":\"PropertyValueSpecification\",\"valueRequired\":true,\"valueName\":\"search_term_string\"}}],\"inLanguage\":\"en-GB\"}]}<\/script>\n<!-- \/ Yoast SEO plugin. -->","yoast_head_json":{"title":"Milt Jackson - Joe Pass - Ray Brown \u2013 The Big 3 Vinilin\u0117 Plok\u0161tel\u0117 | Vinilozona.lt","robots":{"index":"index","follow":"follow","max-snippet":"max-snippet:-1","max-image-preview":"max-image-preview:large","max-video-preview":"max-video-preview:-1"},"canonical":"https:\/\/vinilozona.lt\/en\/parduotuve\/jazz\/diana-krall-\u200e-all-for-you-a-dedication-to-the-nat-king-cole-trio\/","og_locale":"en_GB","og_type":"article","og_title":"Milt Jackson - Joe Pass - Ray Brown \u2013 The Big 3 Vinilin\u0117 Plok\u0161tel\u0117 | Vinilozona.lt","og_description":"Pablo Records \u2013 2310 757 Format:  Vinyl, LP, Album Country: Germany Released: 1976","og_url":"https:\/\/vinilozona.lt\/en\/parduotuve\/jazz\/diana-krall-\u200e-all-for-you-a-dedication-to-the-nat-king-cole-trio\/","og_site_name":"Vinilo Zona","article_modified_time":"2024-12-31T14:29:11+00:00","og_image":[{"width":600,"height":595,"url":"https:\/\/vinilozona.lt\/wp-content\/uploads\/2023\/02\/R-2639923-1294540499.jpg","type":"image\/jpeg"}],"twitter_card":"summary_large_image","schema":{"@context":"https:\/\/schema.org","@graph":[{"@type":"WebPage","@id":"https:\/\/vinilozona.lt\/parduotuve\/jazz\/diana-krall-%e2%80%8e-all-for-you-a-dedication-to-the-nat-king-cole-trio\/","url":"https:\/\/vinilozona.lt\/parduotuve\/jazz\/diana-krall-%e2%80%8e-all-for-you-a-dedication-to-the-nat-king-cole-trio\/","name":"Milt Jackson - Joe Pass - Ray Brown \u2013 The Big 3 Vinilin\u0117 Plok\u0161tel\u0117 | Vinilozona.lt","isPartOf":{"@id":"https:\/\/vinilozona.lt\/#website"},"primaryImageOfPage":{"@id":"https:\/\/vinilozona.lt\/parduotuve\/jazz\/diana-krall-%e2%80%8e-all-for-you-a-dedication-to-the-nat-king-cole-trio\/#primaryimage"},"image":{"@id":"https:\/\/vinilozona.lt\/parduotuve\/jazz\/diana-krall-%e2%80%8e-all-for-you-a-dedication-to-the-nat-king-cole-trio\/#primaryimage"},"thumbnailUrl":"https:\/\/vinilozona.lt\/wp-content\/uploads\/2023\/02\/R-2639923-1294540499.jpg","datePublished":"2024-05-31T02:07:24+00:00","dateModified":"2024-12-31T14:29:11+00:00","breadcrumb":{"@id":"https:\/\/vinilozona.lt\/parduotuve\/jazz\/diana-krall-%e2%80%8e-all-for-you-a-dedication-to-the-nat-king-cole-trio\/#breadcrumb"},"inLanguage":"en-GB","potentialAction":[{"@type":"ReadAction","target":["https:\/\/vinilozona.lt\/parduotuve\/jazz\/diana-krall-%e2%80%8e-all-for-you-a-dedication-to-the-nat-king-cole-trio\/"]}]},{"@type":"ImageObject","inLanguage":"en-GB","@id":"https:\/\/vinilozona.lt\/parduotuve\/jazz\/diana-krall-%e2%80%8e-all-for-you-a-dedication-to-the-nat-king-cole-trio\/#primaryimage","url":"https:\/\/vinilozona.lt\/wp-content\/uploads\/2023\/02\/R-2639923-1294540499.jpg","contentUrl":"https:\/\/vinilozona.lt\/wp-content\/uploads\/2023\/02\/R-2639923-1294540499.jpg","width":600,"height":595},{"@type":"BreadcrumbList","@id":"https:\/\/vinilozona.lt\/parduotuve\/jazz\/diana-krall-%e2%80%8e-all-for-you-a-dedication-to-the-nat-king-cole-trio\/#breadcrumb","itemListElement":[{"@type":"ListItem","position":1,"name":"Home","item":"https:\/\/vinilozona.lt\/"},{"@type":"ListItem","position":2,"name":"Parduotuv\u0117","item":"https:\/\/vinilozona.lt\/parduotuve\/"},{"@type":"ListItem","position":3,"name":"Milt Jackson &#8211; Joe Pass &#8211; Ray Brown \u2013 The Big 3"}]},{"@type":"WebSite","@id":"https:\/\/vinilozona.lt\/#website","url":"https:\/\/vinilozona.lt\/","name":"Vinilo Zona","description":"Nup\u016bsk dulkes ir klausyk LP","potentialAction":[{"@type":"SearchAction","target":{"@type":"EntryPoint","urlTemplate":"https:\/\/vinilozona.lt\/?s={search_term_string}"},"query-input":{"@type":"PropertyValueSpecification","valueRequired":true,"valueName":"search_term_string"}}],"inLanguage":"en-GB"}]}},"_links":{"self":[{"href":"https:\/\/vinilozona.lt\/en\/wp-json\/wp\/v2\/product\/16901"}],"collection":[{"href":"https:\/\/vinilozona.lt\/en\/wp-json\/wp\/v2\/product"}],"about":[{"href":"https:\/\/vinilozona.lt\/en\/wp-json\/wp\/v2\/types\/product"}],"wp:featuredmedia":[{"embeddable":true,"href":"https:\/\/vinilozona.lt\/en\/wp-json\/wp\/v2\/media\/25029"}],"wp:attachment":[{"href":"https:\/\/vinilozona.lt\/en\/wp-json\/wp\/v2\/media?parent=16901"}],"wp:term":[{"taxonomy":"product_cat","embeddable":true,"href":"https:\/\/vinilozona.lt\/en\/wp-json\/wp\/v2\/product_cat?post=16901"},{"taxonomy":"product_tag","embeddable":true,"href":"https:\/\/vinilozona.lt\/en\/wp-json\/wp\/v2\/product_tag?post=16901"}],"curies":[{"name":"wp","href":"https:\/\/api.w.org\/{rel}","templated":true}]}}