{"id":16885,"date":"2024-11-22T10:00:15","date_gmt":"2024-11-22T08:00:15","guid":{"rendered":"https:\/\/vinilozona.lt\/?post_type=product&#038;p=16885"},"modified":"2026-01-10T23:19:09","modified_gmt":"2026-01-10T21:19:09","slug":"mylene-farmer-histoires-de-6lp","status":"publish","type":"product","link":"https:\/\/vinilozona.lt\/en\/parduotuve\/naujos-lp\/mylene-farmer-histoires-de-6lp\/","title":{"rendered":"Mylene Farmer \u2013 Histoires De -Collectors Limited Edition 6LP BOXSET"},"content":{"rendered":"<p>A1\t\tLibertine (Live)<br \/>\nA2\t\tSans Logique (Live)<br \/>\nA3\t\tSans Contrefa\u00e7on (Live)<br \/>\nA4\t\tAinsi Soit Je (Live)<br \/>\nB1\t\tPourvu Qu&#8217;elles Soient Douces (Live)<br \/>\nB2\t\tJe T&#8217;aime M\u00e9lancolie (Live)<br \/>\nB3\t\tRegrets (Live)<br \/>\nB4\t\tD\u00e9senchant\u00e9e (Live)<br \/>\nC1\t\tBeyond My Control (Live)<br \/>\nC2\t\tXXL (Live)<br \/>\nC3\t\tCalifornia (Live)<br \/>\nC4\t\tR\u00eaver (Live)<br \/>\nD1\t\tComme J&#8217;ai Mal (Live)<br \/>\nD2\t\tL&#8217;instant X (Live)<br \/>\nD3\t\tMad World (Live)<br \/>\nD4\t\tDiabolique Mon Ange (Live)<br \/>\nE1\t\tInnamoramento<br \/>\nE2\t\tL&#8217;\u00e2me-stram-gram<br \/>\nE3\t\tSouviens-toi Du Jour<br \/>\nE4\t\tOptimistique-moi<br \/>\nF1\t\tJe Te Rends Ton Amour<br \/>\nF2\t\tC&#8217;est Une Belle Journ\u00e9e<br \/>\nF3\t\tLes Mots<br \/>\nF4\t\tFuck Them All<br \/>\nG1\t\tL&#8217;amour N&#8217;est Rien<br \/>\nG2\t\tAvant Que L&#8217;ombre&#8230;<br \/>\nG3\t\tQ.I<br \/>\nG4\t\tRedonne-moi<br \/>\nH1\t\tD\u00e9g\u00e9n\u00e9ration<br \/>\nH2\t\tC&#8217;est Dans L&#8217;air<br \/>\nH3\t\tAppelle Mon Num\u00e9ro<br \/>\nH4\t\tSi J&#8217;avais Au Moins&#8230;<br \/>\nI1\t\tOui Mais&#8230; Non<br \/>\nI2\t\tBleu Noir<br \/>\nI3\t\tM&#8217;effondre<br \/>\nI4\t\tLonely Lisa<br \/>\nI5\t\tDu Temps<br \/>\nJ1\t\t\u00c0 Force De&#8230;<br \/>\nJ2\t\tMonkey Me<br \/>\nJ3\t\t\u00c0 L&#8217;ombre<br \/>\nJ4\t\tJe Te Dis Tout<br \/>\nK1\t\tInterstellaires<br \/>\nK2\t\tStolen Car<br \/>\nK3\t\tCity Of Love<br \/>\nK4\t\tUn Jour Ou L&#8217;autre<br \/>\nK5\t\tRolling Stone<br \/>\nL1\t\tN&#8217;oublie Pas<br \/>\nL2\t\tD\u00e9sob\u00e9issance<br \/>\nL3\t\tSentimentale<br \/>\nL4\t\tDes Larmes<br \/>\nL5\t\tHistoires De Fesses<br \/>\nL6\t\tL&#8217;\u00e2me Dans L&#8217;eau<\/p>","protected":false},"excerpt":{"rendered":"<p>19439837921<\/p>","protected":false},"featured_media":16886,"template":"","meta":[],"product_cat":[23,54],"product_tag":[55],"yoast_head":"<!-- This site is optimized with the Yoast SEO plugin v23.5 - https:\/\/yoast.com\/wordpress\/plugins\/seo\/ -->\n<title>Mylene Farmer \u2013 Histoires De -Collectors Limited Edition 6LP BOXSET Vinilin\u0117 Plok\u0161tel\u0117 | Vinilozona.lt<\/title>\n<meta name=\"robots\" content=\"index, follow, max-snippet:-1, max-image-preview:large, max-video-preview:-1\" \/>\n<link rel=\"canonical\" href=\"https:\/\/vinilozona.lt\/en\/parduotuve\/naujos-lp\/mylene-farmer-histoires-de-6lp\/\" \/>\n<meta property=\"og:locale\" content=\"en_GB\" \/>\n<meta property=\"og:type\" content=\"article\" \/>\n<meta property=\"og:title\" content=\"Mylene Farmer \u2013 Histoires De -Collectors Limited Edition 6LP BOXSET Vinilin\u0117 Plok\u0161tel\u0117 | Vinilozona.lt\" \/>\n<meta property=\"og:description\" content=\"19439837921\" \/>\n<meta property=\"og:url\" content=\"https:\/\/vinilozona.lt\/en\/parduotuve\/naujos-lp\/mylene-farmer-histoires-de-6lp\/\" \/>\n<meta property=\"og:site_name\" content=\"Vinilo Zona\" \/>\n<meta property=\"article:modified_time\" content=\"2026-01-10T21:19:09+00:00\" \/>\n<meta property=\"og:image\" content=\"https:\/\/vinilozona.lt\/wp-content\/uploads\/2021\/11\/R-17367520-1613081508-4507.jpeg.jpg\" \/>\n\t<meta property=\"og:image:width\" content=\"600\" \/>\n\t<meta property=\"og:image:height\" content=\"589\" \/>\n\t<meta property=\"og:image:type\" content=\"image\/jpeg\" \/>\n<meta name=\"twitter:card\" content=\"summary_large_image\" \/>\n<meta name=\"twitter:label1\" content=\"Estimated reading time\" \/>\n\t<meta name=\"twitter:data1\" content=\"1 minute\" \/>\n<script type=\"application\/ld+json\" class=\"yoast-schema-graph\">{\"@context\":\"https:\/\/schema.org\",\"@graph\":[{\"@type\":\"WebPage\",\"@id\":\"https:\/\/vinilozona.lt\/parduotuve\/naujos-lp\/mylene-farmer-histoires-de-6lp\/\",\"url\":\"https:\/\/vinilozona.lt\/parduotuve\/naujos-lp\/mylene-farmer-histoires-de-6lp\/\",\"name\":\"Mylene Farmer \u2013 Histoires De -Collectors Limited Edition 6LP BOXSET Vinilin\u0117 Plok\u0161tel\u0117 | Vinilozona.lt\",\"isPartOf\":{\"@id\":\"https:\/\/vinilozona.lt\/#website\"},\"primaryImageOfPage\":{\"@id\":\"https:\/\/vinilozona.lt\/parduotuve\/naujos-lp\/mylene-farmer-histoires-de-6lp\/#primaryimage\"},\"image\":{\"@id\":\"https:\/\/vinilozona.lt\/parduotuve\/naujos-lp\/mylene-farmer-histoires-de-6lp\/#primaryimage\"},\"thumbnailUrl\":\"https:\/\/vinilozona.lt\/wp-content\/uploads\/2021\/11\/R-17367520-1613081508-4507.jpeg.jpg\",\"datePublished\":\"2024-11-22T08:00:15+00:00\",\"dateModified\":\"2026-01-10T21:19:09+00:00\",\"breadcrumb\":{\"@id\":\"https:\/\/vinilozona.lt\/parduotuve\/naujos-lp\/mylene-farmer-histoires-de-6lp\/#breadcrumb\"},\"inLanguage\":\"en-GB\",\"potentialAction\":[{\"@type\":\"ReadAction\",\"target\":[\"https:\/\/vinilozona.lt\/parduotuve\/naujos-lp\/mylene-farmer-histoires-de-6lp\/\"]}]},{\"@type\":\"ImageObject\",\"inLanguage\":\"en-GB\",\"@id\":\"https:\/\/vinilozona.lt\/parduotuve\/naujos-lp\/mylene-farmer-histoires-de-6lp\/#primaryimage\",\"url\":\"https:\/\/vinilozona.lt\/wp-content\/uploads\/2021\/11\/R-17367520-1613081508-4507.jpeg.jpg\",\"contentUrl\":\"https:\/\/vinilozona.lt\/wp-content\/uploads\/2021\/11\/R-17367520-1613081508-4507.jpeg.jpg\",\"width\":600,\"height\":589},{\"@type\":\"BreadcrumbList\",\"@id\":\"https:\/\/vinilozona.lt\/parduotuve\/naujos-lp\/mylene-farmer-histoires-de-6lp\/#breadcrumb\",\"itemListElement\":[{\"@type\":\"ListItem\",\"position\":1,\"name\":\"Home\",\"item\":\"https:\/\/vinilozona.lt\/\"},{\"@type\":\"ListItem\",\"position\":2,\"name\":\"Parduotuv\u0117\",\"item\":\"https:\/\/vinilozona.lt\/parduotuve\/\"},{\"@type\":\"ListItem\",\"position\":3,\"name\":\"Mylene Farmer \u2013 Histoires De -Collectors Limited Edition 6LP BOXSET\"}]},{\"@type\":\"WebSite\",\"@id\":\"https:\/\/vinilozona.lt\/#website\",\"url\":\"https:\/\/vinilozona.lt\/\",\"name\":\"Vinilo Zona\",\"description\":\"Nup\u016bsk dulkes ir klausyk LP\",\"potentialAction\":[{\"@type\":\"SearchAction\",\"target\":{\"@type\":\"EntryPoint\",\"urlTemplate\":\"https:\/\/vinilozona.lt\/?s={search_term_string}\"},\"query-input\":{\"@type\":\"PropertyValueSpecification\",\"valueRequired\":true,\"valueName\":\"search_term_string\"}}],\"inLanguage\":\"en-GB\"}]}<\/script>\n<!-- \/ Yoast SEO plugin. -->","yoast_head_json":{"title":"Mylene Farmer \u2013 Histoires De -Collectors Limited Edition 6LP BOXSET Vinilin\u0117 Plok\u0161tel\u0117 | Vinilozona.lt","robots":{"index":"index","follow":"follow","max-snippet":"max-snippet:-1","max-image-preview":"max-image-preview:large","max-video-preview":"max-video-preview:-1"},"canonical":"https:\/\/vinilozona.lt\/en\/parduotuve\/naujos-lp\/mylene-farmer-histoires-de-6lp\/","og_locale":"en_GB","og_type":"article","og_title":"Mylene Farmer \u2013 Histoires De -Collectors Limited Edition 6LP BOXSET Vinilin\u0117 Plok\u0161tel\u0117 | Vinilozona.lt","og_description":"19439837921","og_url":"https:\/\/vinilozona.lt\/en\/parduotuve\/naujos-lp\/mylene-farmer-histoires-de-6lp\/","og_site_name":"Vinilo Zona","article_modified_time":"2026-01-10T21:19:09+00:00","og_image":[{"width":600,"height":589,"url":"https:\/\/vinilozona.lt\/wp-content\/uploads\/2021\/11\/R-17367520-1613081508-4507.jpeg.jpg","type":"image\/jpeg"}],"twitter_card":"summary_large_image","twitter_misc":{"Estimated reading time":"1 minute"},"schema":{"@context":"https:\/\/schema.org","@graph":[{"@type":"WebPage","@id":"https:\/\/vinilozona.lt\/parduotuve\/naujos-lp\/mylene-farmer-histoires-de-6lp\/","url":"https:\/\/vinilozona.lt\/parduotuve\/naujos-lp\/mylene-farmer-histoires-de-6lp\/","name":"Mylene Farmer \u2013 Histoires De -Collectors Limited Edition 6LP BOXSET Vinilin\u0117 Plok\u0161tel\u0117 | Vinilozona.lt","isPartOf":{"@id":"https:\/\/vinilozona.lt\/#website"},"primaryImageOfPage":{"@id":"https:\/\/vinilozona.lt\/parduotuve\/naujos-lp\/mylene-farmer-histoires-de-6lp\/#primaryimage"},"image":{"@id":"https:\/\/vinilozona.lt\/parduotuve\/naujos-lp\/mylene-farmer-histoires-de-6lp\/#primaryimage"},"thumbnailUrl":"https:\/\/vinilozona.lt\/wp-content\/uploads\/2021\/11\/R-17367520-1613081508-4507.jpeg.jpg","datePublished":"2024-11-22T08:00:15+00:00","dateModified":"2026-01-10T21:19:09+00:00","breadcrumb":{"@id":"https:\/\/vinilozona.lt\/parduotuve\/naujos-lp\/mylene-farmer-histoires-de-6lp\/#breadcrumb"},"inLanguage":"en-GB","potentialAction":[{"@type":"ReadAction","target":["https:\/\/vinilozona.lt\/parduotuve\/naujos-lp\/mylene-farmer-histoires-de-6lp\/"]}]},{"@type":"ImageObject","inLanguage":"en-GB","@id":"https:\/\/vinilozona.lt\/parduotuve\/naujos-lp\/mylene-farmer-histoires-de-6lp\/#primaryimage","url":"https:\/\/vinilozona.lt\/wp-content\/uploads\/2021\/11\/R-17367520-1613081508-4507.jpeg.jpg","contentUrl":"https:\/\/vinilozona.lt\/wp-content\/uploads\/2021\/11\/R-17367520-1613081508-4507.jpeg.jpg","width":600,"height":589},{"@type":"BreadcrumbList","@id":"https:\/\/vinilozona.lt\/parduotuve\/naujos-lp\/mylene-farmer-histoires-de-6lp\/#breadcrumb","itemListElement":[{"@type":"ListItem","position":1,"name":"Home","item":"https:\/\/vinilozona.lt\/"},{"@type":"ListItem","position":2,"name":"Parduotuv\u0117","item":"https:\/\/vinilozona.lt\/parduotuve\/"},{"@type":"ListItem","position":3,"name":"Mylene Farmer \u2013 Histoires De -Collectors Limited Edition 6LP BOXSET"}]},{"@type":"WebSite","@id":"https:\/\/vinilozona.lt\/#website","url":"https:\/\/vinilozona.lt\/","name":"Vinilo Zona","description":"Nup\u016bsk dulkes ir klausyk LP","potentialAction":[{"@type":"SearchAction","target":{"@type":"EntryPoint","urlTemplate":"https:\/\/vinilozona.lt\/?s={search_term_string}"},"query-input":{"@type":"PropertyValueSpecification","valueRequired":true,"valueName":"search_term_string"}}],"inLanguage":"en-GB"}]}},"_links":{"self":[{"href":"https:\/\/vinilozona.lt\/en\/wp-json\/wp\/v2\/product\/16885"}],"collection":[{"href":"https:\/\/vinilozona.lt\/en\/wp-json\/wp\/v2\/product"}],"about":[{"href":"https:\/\/vinilozona.lt\/en\/wp-json\/wp\/v2\/types\/product"}],"wp:featuredmedia":[{"embeddable":true,"href":"https:\/\/vinilozona.lt\/en\/wp-json\/wp\/v2\/media\/16886"}],"wp:attachment":[{"href":"https:\/\/vinilozona.lt\/en\/wp-json\/wp\/v2\/media?parent=16885"}],"wp:term":[{"taxonomy":"product_cat","embeddable":true,"href":"https:\/\/vinilozona.lt\/en\/wp-json\/wp\/v2\/product_cat?post=16885"},{"taxonomy":"product_tag","embeddable":true,"href":"https:\/\/vinilozona.lt\/en\/wp-json\/wp\/v2\/product_tag?post=16885"}],"curies":[{"name":"wp","href":"https:\/\/api.w.org\/{rel}","templated":true}]}}