{"id":16883,"date":"2023-07-19T12:00:26","date_gmt":"2023-07-19T09:00:26","guid":{"rendered":"https:\/\/vinilozona.lt\/?post_type=product&#038;p=16883"},"modified":"2024-08-11T07:24:20","modified_gmt":"2024-08-11T04:24:20","slug":"judas-priest-reflections-50-heavy-metal-years-of-music-2lp","status":"publish","type":"product","link":"https:\/\/vinilozona.lt\/en\/parduotuve\/naujos-lp\/judas-priest-reflections-50-heavy-metal-years-of-music-2lp\/","title":{"rendered":"Judas Priest \u2013 Reflections &#8211; 50 Heavy Metal Years Of Music 2LP"},"content":{"rendered":"<p>A1\t\tLet Us Prey \/ Call For The Priest\t6:14<br \/>\nA2\t\tYou Don&#8217;t Have To Be Old To Be Wise\t5:03<br \/>\nA3\t\tFever\t5:21<br \/>\nA4\t\tEat Me Alive\t3:34<br \/>\nB1\t\tAll Guns Blazing\t3:55<br \/>\nB2\t\tNever The Heroes\t4:24<br \/>\nB3\t\tDissident Aggressor (Live)\t3:03<br \/>\nB4\t\tOut In The Cold (Live)\t6:21<br \/>\nB5\t\tRunning Wild (Live)\t2:56<br \/>\nC1\t\tVictim Of Changes (Live)\u202f (May 09, 1978 &#8211; Cleveland, OH &#8211; Agora Theatre)\t7:41<br \/>\nC2\t\tThe Green Manalishi (With The Two Pronged Crown) (Point of Entry \u2018Worldwide Blitz\u2019 Tour &#8211; Live in Hammersmith, London &#8211; November 21, 1981 &#8211; Hammersmith Odeon)\t4:40<br \/>\nC3\t\tBloodstone (Live)\u202f(Screaming For Vengeance World Vengeance Tour &#8211; Live in Atlanta, GA &#8211; December 11, 1982 &#8211; The Omni)\t3:58<br \/>\nC4\t\tThe Ripper (Live)\u202f (Irvine, CA &#8211; July 12, 1991 &#8211; Irvine Meadows Amphitheatre)\t3:05<br \/>\nD1\t\tBeyond The Realms Of Death (Live) (Killing Machine\/Hell Bent\u202fFor\u202fLeather Tour &#8211; Live In New York, NY &#8211; March 11, 1979 &#8211; The Mudd Club)\t7:08<br \/>\nD2\t\tThe Hellion \/ Electric Eye (Live)\u202f(Turbo \u2018Fuel\u202fFor\u202fLife\u2019 Tour &#8211; Live In Houston, TX &#8211; June 21, 1986 &#8211; The Summit)\t4:16<br \/>\nD3\t\tSinner (Live)\u202f(Ram It Down \u2018Mercenaries\u202fOf\u202fMetal\u2019 Tour &#8211; Live In New Haven, CT &#8211; August 7, 1988 &#8211; New Haven Veterans Memorial Coliseum)\t7:38<\/p>","protected":false},"excerpt":{"rendered":"<p>Label:\tSony Music \u2013 19439891781<br \/>\nFormat:\t2 x Vinyl, LP, Compilation, Red, 180g<br \/>\nCountry:\tEurope<br \/>\nReleased:\tOct 15, 2021<\/p>","protected":false},"featured_media":16884,"template":"","meta":[],"product_cat":[23],"product_tag":[55],"yoast_head":"<!-- This site is optimized with the Yoast SEO plugin v23.5 - https:\/\/yoast.com\/wordpress\/plugins\/seo\/ -->\n<title>Judas Priest \u2013 Reflections - 50 Heavy Metal Years Of Music 2LP Vinilin\u0117 Plok\u0161tel\u0117 | Vinilozona.lt<\/title>\n<meta name=\"robots\" content=\"index, follow, max-snippet:-1, max-image-preview:large, max-video-preview:-1\" \/>\n<link rel=\"canonical\" href=\"https:\/\/vinilozona.lt\/en\/parduotuve\/naujos-lp\/judas-priest-reflections-50-heavy-metal-years-of-music-2lp\/\" \/>\n<meta property=\"og:locale\" content=\"en_GB\" \/>\n<meta property=\"og:type\" content=\"article\" \/>\n<meta property=\"og:title\" content=\"Judas Priest \u2013 Reflections - 50 Heavy Metal Years Of Music 2LP Vinilin\u0117 Plok\u0161tel\u0117 | Vinilozona.lt\" \/>\n<meta property=\"og:description\" content=\"Label: Sony Music \u2013 19439891781 Format: 2 x Vinyl, LP, Compilation, Red, 180g Country: Europe Released: Oct 15, 2021\" \/>\n<meta property=\"og:url\" content=\"https:\/\/vinilozona.lt\/en\/parduotuve\/naujos-lp\/judas-priest-reflections-50-heavy-metal-years-of-music-2lp\/\" \/>\n<meta property=\"og:site_name\" content=\"Vinilo Zona\" \/>\n<meta property=\"article:modified_time\" content=\"2024-08-11T04:24:20+00:00\" \/>\n<meta property=\"og:image\" content=\"https:\/\/vinilozona.lt\/wp-content\/uploads\/2021\/11\/R-20600131-1634313308-6810.jpeg.jpg\" \/>\n\t<meta property=\"og:image:width\" content=\"600\" \/>\n\t<meta property=\"og:image:height\" content=\"600\" \/>\n\t<meta property=\"og:image:type\" content=\"image\/jpeg\" \/>\n<meta name=\"twitter:card\" content=\"summary_large_image\" \/>\n<meta name=\"twitter:label1\" content=\"Estimated reading time\" \/>\n\t<meta name=\"twitter:data1\" content=\"1 minute\" \/>\n<script type=\"application\/ld+json\" class=\"yoast-schema-graph\">{\"@context\":\"https:\/\/schema.org\",\"@graph\":[{\"@type\":\"WebPage\",\"@id\":\"https:\/\/vinilozona.lt\/parduotuve\/naujos-lp\/judas-priest-reflections-50-heavy-metal-years-of-music-2lp\/\",\"url\":\"https:\/\/vinilozona.lt\/parduotuve\/naujos-lp\/judas-priest-reflections-50-heavy-metal-years-of-music-2lp\/\",\"name\":\"Judas Priest \u2013 Reflections - 50 Heavy Metal Years Of Music 2LP Vinilin\u0117 Plok\u0161tel\u0117 | Vinilozona.lt\",\"isPartOf\":{\"@id\":\"https:\/\/vinilozona.lt\/#website\"},\"primaryImageOfPage\":{\"@id\":\"https:\/\/vinilozona.lt\/parduotuve\/naujos-lp\/judas-priest-reflections-50-heavy-metal-years-of-music-2lp\/#primaryimage\"},\"image\":{\"@id\":\"https:\/\/vinilozona.lt\/parduotuve\/naujos-lp\/judas-priest-reflections-50-heavy-metal-years-of-music-2lp\/#primaryimage\"},\"thumbnailUrl\":\"https:\/\/vinilozona.lt\/wp-content\/uploads\/2021\/11\/R-20600131-1634313308-6810.jpeg.jpg\",\"datePublished\":\"2023-07-19T09:00:26+00:00\",\"dateModified\":\"2024-08-11T04:24:20+00:00\",\"breadcrumb\":{\"@id\":\"https:\/\/vinilozona.lt\/parduotuve\/naujos-lp\/judas-priest-reflections-50-heavy-metal-years-of-music-2lp\/#breadcrumb\"},\"inLanguage\":\"en-GB\",\"potentialAction\":[{\"@type\":\"ReadAction\",\"target\":[\"https:\/\/vinilozona.lt\/parduotuve\/naujos-lp\/judas-priest-reflections-50-heavy-metal-years-of-music-2lp\/\"]}]},{\"@type\":\"ImageObject\",\"inLanguage\":\"en-GB\",\"@id\":\"https:\/\/vinilozona.lt\/parduotuve\/naujos-lp\/judas-priest-reflections-50-heavy-metal-years-of-music-2lp\/#primaryimage\",\"url\":\"https:\/\/vinilozona.lt\/wp-content\/uploads\/2021\/11\/R-20600131-1634313308-6810.jpeg.jpg\",\"contentUrl\":\"https:\/\/vinilozona.lt\/wp-content\/uploads\/2021\/11\/R-20600131-1634313308-6810.jpeg.jpg\",\"width\":600,\"height\":600},{\"@type\":\"BreadcrumbList\",\"@id\":\"https:\/\/vinilozona.lt\/parduotuve\/naujos-lp\/judas-priest-reflections-50-heavy-metal-years-of-music-2lp\/#breadcrumb\",\"itemListElement\":[{\"@type\":\"ListItem\",\"position\":1,\"name\":\"Home\",\"item\":\"https:\/\/vinilozona.lt\/\"},{\"@type\":\"ListItem\",\"position\":2,\"name\":\"Parduotuv\u0117\",\"item\":\"https:\/\/vinilozona.lt\/parduotuve\/\"},{\"@type\":\"ListItem\",\"position\":3,\"name\":\"Judas Priest \u2013 Reflections &#8211; 50 Heavy Metal Years Of Music 2LP\"}]},{\"@type\":\"WebSite\",\"@id\":\"https:\/\/vinilozona.lt\/#website\",\"url\":\"https:\/\/vinilozona.lt\/\",\"name\":\"Vinilo Zona\",\"description\":\"Nup\u016bsk dulkes ir klausyk LP\",\"potentialAction\":[{\"@type\":\"SearchAction\",\"target\":{\"@type\":\"EntryPoint\",\"urlTemplate\":\"https:\/\/vinilozona.lt\/?s={search_term_string}\"},\"query-input\":{\"@type\":\"PropertyValueSpecification\",\"valueRequired\":true,\"valueName\":\"search_term_string\"}}],\"inLanguage\":\"en-GB\"}]}<\/script>\n<!-- \/ Yoast SEO plugin. -->","yoast_head_json":{"title":"Judas Priest \u2013 Reflections - 50 Heavy Metal Years Of Music 2LP Vinilin\u0117 Plok\u0161tel\u0117 | Vinilozona.lt","robots":{"index":"index","follow":"follow","max-snippet":"max-snippet:-1","max-image-preview":"max-image-preview:large","max-video-preview":"max-video-preview:-1"},"canonical":"https:\/\/vinilozona.lt\/en\/parduotuve\/naujos-lp\/judas-priest-reflections-50-heavy-metal-years-of-music-2lp\/","og_locale":"en_GB","og_type":"article","og_title":"Judas Priest \u2013 Reflections - 50 Heavy Metal Years Of Music 2LP Vinilin\u0117 Plok\u0161tel\u0117 | Vinilozona.lt","og_description":"Label: Sony Music \u2013 19439891781 Format: 2 x Vinyl, LP, Compilation, Red, 180g Country: Europe Released: Oct 15, 2021","og_url":"https:\/\/vinilozona.lt\/en\/parduotuve\/naujos-lp\/judas-priest-reflections-50-heavy-metal-years-of-music-2lp\/","og_site_name":"Vinilo Zona","article_modified_time":"2024-08-11T04:24:20+00:00","og_image":[{"width":600,"height":600,"url":"https:\/\/vinilozona.lt\/wp-content\/uploads\/2021\/11\/R-20600131-1634313308-6810.jpeg.jpg","type":"image\/jpeg"}],"twitter_card":"summary_large_image","twitter_misc":{"Estimated reading time":"1 minute"},"schema":{"@context":"https:\/\/schema.org","@graph":[{"@type":"WebPage","@id":"https:\/\/vinilozona.lt\/parduotuve\/naujos-lp\/judas-priest-reflections-50-heavy-metal-years-of-music-2lp\/","url":"https:\/\/vinilozona.lt\/parduotuve\/naujos-lp\/judas-priest-reflections-50-heavy-metal-years-of-music-2lp\/","name":"Judas Priest \u2013 Reflections - 50 Heavy Metal Years Of Music 2LP Vinilin\u0117 Plok\u0161tel\u0117 | Vinilozona.lt","isPartOf":{"@id":"https:\/\/vinilozona.lt\/#website"},"primaryImageOfPage":{"@id":"https:\/\/vinilozona.lt\/parduotuve\/naujos-lp\/judas-priest-reflections-50-heavy-metal-years-of-music-2lp\/#primaryimage"},"image":{"@id":"https:\/\/vinilozona.lt\/parduotuve\/naujos-lp\/judas-priest-reflections-50-heavy-metal-years-of-music-2lp\/#primaryimage"},"thumbnailUrl":"https:\/\/vinilozona.lt\/wp-content\/uploads\/2021\/11\/R-20600131-1634313308-6810.jpeg.jpg","datePublished":"2023-07-19T09:00:26+00:00","dateModified":"2024-08-11T04:24:20+00:00","breadcrumb":{"@id":"https:\/\/vinilozona.lt\/parduotuve\/naujos-lp\/judas-priest-reflections-50-heavy-metal-years-of-music-2lp\/#breadcrumb"},"inLanguage":"en-GB","potentialAction":[{"@type":"ReadAction","target":["https:\/\/vinilozona.lt\/parduotuve\/naujos-lp\/judas-priest-reflections-50-heavy-metal-years-of-music-2lp\/"]}]},{"@type":"ImageObject","inLanguage":"en-GB","@id":"https:\/\/vinilozona.lt\/parduotuve\/naujos-lp\/judas-priest-reflections-50-heavy-metal-years-of-music-2lp\/#primaryimage","url":"https:\/\/vinilozona.lt\/wp-content\/uploads\/2021\/11\/R-20600131-1634313308-6810.jpeg.jpg","contentUrl":"https:\/\/vinilozona.lt\/wp-content\/uploads\/2021\/11\/R-20600131-1634313308-6810.jpeg.jpg","width":600,"height":600},{"@type":"BreadcrumbList","@id":"https:\/\/vinilozona.lt\/parduotuve\/naujos-lp\/judas-priest-reflections-50-heavy-metal-years-of-music-2lp\/#breadcrumb","itemListElement":[{"@type":"ListItem","position":1,"name":"Home","item":"https:\/\/vinilozona.lt\/"},{"@type":"ListItem","position":2,"name":"Parduotuv\u0117","item":"https:\/\/vinilozona.lt\/parduotuve\/"},{"@type":"ListItem","position":3,"name":"Judas Priest \u2013 Reflections &#8211; 50 Heavy Metal Years Of Music 2LP"}]},{"@type":"WebSite","@id":"https:\/\/vinilozona.lt\/#website","url":"https:\/\/vinilozona.lt\/","name":"Vinilo Zona","description":"Nup\u016bsk dulkes ir klausyk LP","potentialAction":[{"@type":"SearchAction","target":{"@type":"EntryPoint","urlTemplate":"https:\/\/vinilozona.lt\/?s={search_term_string}"},"query-input":{"@type":"PropertyValueSpecification","valueRequired":true,"valueName":"search_term_string"}}],"inLanguage":"en-GB"}]}},"_links":{"self":[{"href":"https:\/\/vinilozona.lt\/en\/wp-json\/wp\/v2\/product\/16883"}],"collection":[{"href":"https:\/\/vinilozona.lt\/en\/wp-json\/wp\/v2\/product"}],"about":[{"href":"https:\/\/vinilozona.lt\/en\/wp-json\/wp\/v2\/types\/product"}],"wp:featuredmedia":[{"embeddable":true,"href":"https:\/\/vinilozona.lt\/en\/wp-json\/wp\/v2\/media\/16884"}],"wp:attachment":[{"href":"https:\/\/vinilozona.lt\/en\/wp-json\/wp\/v2\/media?parent=16883"}],"wp:term":[{"taxonomy":"product_cat","embeddable":true,"href":"https:\/\/vinilozona.lt\/en\/wp-json\/wp\/v2\/product_cat?post=16883"},{"taxonomy":"product_tag","embeddable":true,"href":"https:\/\/vinilozona.lt\/en\/wp-json\/wp\/v2\/product_tag?post=16883"}],"curies":[{"name":"wp","href":"https:\/\/api.w.org\/{rel}","templated":true}]}}