{"id":1688,"date":"2025-02-08T05:00:37","date_gmt":"2025-02-08T03:00:37","guid":{"rendered":"https:\/\/vinylhome.lt\/?post_type=product&#038;p=1688"},"modified":"2026-02-09T13:12:28","modified_gmt":"2026-02-09T11:12:28","slug":"veronika-povilioniene-lietuvos-didziojo-kunigaikscio-gedimino-stabo-bataliono-garbes-sargybos-orkestras-giedrius-svilainis-petras-vysniauskas-blezdinga-vytautas-kernagis-%e2%80%8e-kada-s","status":"publish","type":"product","link":"https:\/\/vinilozona.lt\/en\/parduotuve\/cd\/lietuviski-cd\/veronika-povilioniene-lietuvos-didziojo-kunigaikscio-gedimino-stabo-bataliono-garbes-sargybos-orkestras-giedrius-svilainis-petras-vysniauskas-blezdinga-vytautas-kernagis-%e2%80%8e-kada-s\/","title":{"rendered":"Veronika Povilionien\u0117, Lietuvos Did\u017eiojo Kunigaik\u0161\u010dio Gedimino \u0160tabo Bataliono Garb\u0117s Sargybos Orkestras, Giedrius Svilainis, Petras Vy\u0161niauskas, Blezdinga, Vytautas Kernagis \u200e\u2013 Kada S\u016bneliai Sugr\u012f\u0161"},"content":{"rendered":"<p>1\t\tSutartin\u0117 \/ Apie Lietuvos Vardo Pamin\u0117jim\u0105\t1:25<br \/>\n2\t\tAnt Mari\u0173 Kra\u0161to\t3:57<br \/>\n3\t\tVai, Tu Varna \/ Apie Pil\u0117nus\t2:40<br \/>\n4\t\tSutartin\u0117 M\u0117tauja, M\u0117taujo\t1:37<br \/>\n5\t\tEina Garsas\t3:42<br \/>\n6\t\tAu\u0161ta Au\u0161rela\t1:01<br \/>\n7\t\tKur Lyg\u016bs Laukai \/ Apie \u017dalgirio M\u016b\u0161\u012f\t4:26<br \/>\n8\t\tSutartin\u0117 Dolijute\t3:23<br \/>\n9\t\t\u010ciulba Ulba Karvel\u0117lis \/ Apie 1831 m. Sukilim\u0105\t2:59<br \/>\n10\t\tVai, Tu \u017dirge\t3:20<br \/>\n11\t\tI\u0161 G\u016bd\u0173 Atl\u0117k\u0117 \/ Apie 1855 m. Sukilim\u0105 Ir Emilij\u0105 Pliateryt\u0119\t2:11<br \/>\n12\t\tParlek Blezdinga\t1:24<br \/>\n13\t\tMar\u0161as, Rauda, Vai, Kad \u017dinotau\t3:11<br \/>\n14\t\t\u0160okis Lelinderis \/ Apie Tr\u0117mimus Po 1863 m. Sukilimo\t3:43<br \/>\n15\t\tAu\u0161ta Au\u0161rela, Patek\u0117s Saulala \/ Vai \u0160\u0117riau \u0160\u0117riau\t3:39<br \/>\n16\t\tMik, S\u016bneli \/ 1919 m. Lietuvos Kari\u0173 Priesaika\t3:03<br \/>\n17\t\tTen, Kur \u0160lama\t2:28<br \/>\n18\t\tTu Lietuva \/ Partizan\u0173 Malda\t2:14<br \/>\n19\t\tMiegos T\u0117vyn\u0117s Sodai \/ I\u0161 1972 m. Rezistent\u0173 Atsi\u0161aukimo\t4:48<br \/>\n20\t\tPer Vilniaus Miest\u0173<\/p>","protected":false},"excerpt":{"rendered":"<p>Not On Label \u2013 none<br \/>\nFormat:<br \/>\nCD, Album, Digipak<br \/>\nCountry: Lithuania<br \/>\nReleased: Dec 2006<br \/>\nGenre:<br \/>\nNon-Music, Folk, World, &#038; Country<br \/>\nStyle:<br \/>\nFolk, Spoken Word<\/p>","protected":false},"featured_media":1689,"template":"","meta":[],"product_cat":[24,947,56],"product_tag":[44],"yoast_head":"<!-- This site is optimized with the Yoast SEO plugin v23.5 - https:\/\/yoast.com\/wordpress\/plugins\/seo\/ -->\n<title>Veronika Povilionien\u0117, Lietuvos Did\u017eiojo Kunigaik\u0161\u010dio Gedimino \u0160tabo Bataliono Garb\u0117s Sargybos Orkestras, Giedrius Svilainis, Petras Vy\u0161niauskas, Blezdinga, Vytautas Kernagis \u200e\u2013 Kada S\u016bneliai Sugr\u012f\u0161 Vinilin\u0117 Plok\u0161tel\u0117 | Vinilozona.lt<\/title>\n<meta name=\"robots\" content=\"index, follow, max-snippet:-1, max-image-preview:large, max-video-preview:-1\" \/>\n<link rel=\"canonical\" href=\"https:\/\/vinilozona.lt\/en\/parduotuve\/cd\/lietuviski-cd\/veronika-povilioniene-lietuvos-didziojo-kunigaikscio-gedimino-stabo-bataliono-garbes-sargybos-orkestras-giedrius-svilainis-petras-vysniauskas-blezdinga-vytautas-kernagis-\u200e-kada-s\/\" \/>\n<meta property=\"og:locale\" content=\"en_GB\" \/>\n<meta property=\"og:type\" content=\"article\" \/>\n<meta property=\"og:title\" content=\"Veronika Povilionien\u0117, Lietuvos Did\u017eiojo Kunigaik\u0161\u010dio Gedimino \u0160tabo Bataliono Garb\u0117s Sargybos Orkestras, Giedrius Svilainis, Petras Vy\u0161niauskas, Blezdinga, Vytautas Kernagis \u200e\u2013 Kada S\u016bneliai Sugr\u012f\u0161 Vinilin\u0117 Plok\u0161tel\u0117 | Vinilozona.lt\" \/>\n<meta property=\"og:description\" content=\"Not On Label \u2013 none Format: CD, Album, Digipak Country: Lithuania Released: Dec 2006 Genre: Non-Music, Folk, World, &amp; Country Style: Folk, Spoken Word\" \/>\n<meta property=\"og:url\" content=\"https:\/\/vinilozona.lt\/en\/parduotuve\/cd\/lietuviski-cd\/veronika-povilioniene-lietuvos-didziojo-kunigaikscio-gedimino-stabo-bataliono-garbes-sargybos-orkestras-giedrius-svilainis-petras-vysniauskas-blezdinga-vytautas-kernagis-\u200e-kada-s\/\" \/>\n<meta property=\"og:site_name\" content=\"Vinilo Zona\" \/>\n<meta property=\"article:modified_time\" content=\"2026-02-09T11:12:28+00:00\" \/>\n<meta property=\"og:image\" content=\"https:\/\/vinilozona.lt\/wp-content\/uploads\/2019\/12\/veronika-povilioniene-lietuvos-didziojo-kunigaikscio-gedimino-stabo-bataliono-garbes-sargybos-orkestras-giedrius-svilainis-petra-1.jpg\" \/>\n\t<meta property=\"og:image:width\" content=\"359\" \/>\n\t<meta property=\"og:image:height\" content=\"269\" \/>\n\t<meta property=\"og:image:type\" content=\"image\/jpeg\" \/>\n<meta name=\"twitter:card\" content=\"summary_large_image\" \/>\n<meta name=\"twitter:label1\" content=\"Estimated reading time\" \/>\n\t<meta name=\"twitter:data1\" content=\"1 minute\" \/>\n<script type=\"application\/ld+json\" class=\"yoast-schema-graph\">{\"@context\":\"https:\/\/schema.org\",\"@graph\":[{\"@type\":\"WebPage\",\"@id\":\"https:\/\/vinilozona.lt\/parduotuve\/cd\/lietuviski-cd\/veronika-povilioniene-lietuvos-didziojo-kunigaikscio-gedimino-stabo-bataliono-garbes-sargybos-orkestras-giedrius-svilainis-petras-vysniauskas-blezdinga-vytautas-kernagis-%e2%80%8e-kada-s\/\",\"url\":\"https:\/\/vinilozona.lt\/parduotuve\/cd\/lietuviski-cd\/veronika-povilioniene-lietuvos-didziojo-kunigaikscio-gedimino-stabo-bataliono-garbes-sargybos-orkestras-giedrius-svilainis-petras-vysniauskas-blezdinga-vytautas-kernagis-%e2%80%8e-kada-s\/\",\"name\":\"Veronika Povilionien\u0117, Lietuvos Did\u017eiojo Kunigaik\u0161\u010dio Gedimino \u0160tabo Bataliono Garb\u0117s Sargybos Orkestras, Giedrius Svilainis, Petras Vy\u0161niauskas, Blezdinga, Vytautas Kernagis \u200e\u2013 Kada S\u016bneliai Sugr\u012f\u0161 Vinilin\u0117 Plok\u0161tel\u0117 | Vinilozona.lt\",\"isPartOf\":{\"@id\":\"https:\/\/vinilozona.lt\/#website\"},\"primaryImageOfPage\":{\"@id\":\"https:\/\/vinilozona.lt\/parduotuve\/cd\/lietuviski-cd\/veronika-povilioniene-lietuvos-didziojo-kunigaikscio-gedimino-stabo-bataliono-garbes-sargybos-orkestras-giedrius-svilainis-petras-vysniauskas-blezdinga-vytautas-kernagis-%e2%80%8e-kada-s\/#primaryimage\"},\"image\":{\"@id\":\"https:\/\/vinilozona.lt\/parduotuve\/cd\/lietuviski-cd\/veronika-povilioniene-lietuvos-didziojo-kunigaikscio-gedimino-stabo-bataliono-garbes-sargybos-orkestras-giedrius-svilainis-petras-vysniauskas-blezdinga-vytautas-kernagis-%e2%80%8e-kada-s\/#primaryimage\"},\"thumbnailUrl\":\"https:\/\/vinilozona.lt\/wp-content\/uploads\/2019\/12\/veronika-povilioniene-lietuvos-didziojo-kunigaikscio-gedimino-stabo-bataliono-garbes-sargybos-orkestras-giedrius-svilainis-petra-1.jpg\",\"datePublished\":\"2025-02-08T03:00:37+00:00\",\"dateModified\":\"2026-02-09T11:12:28+00:00\",\"breadcrumb\":{\"@id\":\"https:\/\/vinilozona.lt\/parduotuve\/cd\/lietuviski-cd\/veronika-povilioniene-lietuvos-didziojo-kunigaikscio-gedimino-stabo-bataliono-garbes-sargybos-orkestras-giedrius-svilainis-petras-vysniauskas-blezdinga-vytautas-kernagis-%e2%80%8e-kada-s\/#breadcrumb\"},\"inLanguage\":\"en-GB\",\"potentialAction\":[{\"@type\":\"ReadAction\",\"target\":[\"https:\/\/vinilozona.lt\/parduotuve\/cd\/lietuviski-cd\/veronika-povilioniene-lietuvos-didziojo-kunigaikscio-gedimino-stabo-bataliono-garbes-sargybos-orkestras-giedrius-svilainis-petras-vysniauskas-blezdinga-vytautas-kernagis-%e2%80%8e-kada-s\/\"]}]},{\"@type\":\"ImageObject\",\"inLanguage\":\"en-GB\",\"@id\":\"https:\/\/vinilozona.lt\/parduotuve\/cd\/lietuviski-cd\/veronika-povilioniene-lietuvos-didziojo-kunigaikscio-gedimino-stabo-bataliono-garbes-sargybos-orkestras-giedrius-svilainis-petras-vysniauskas-blezdinga-vytautas-kernagis-%e2%80%8e-kada-s\/#primaryimage\",\"url\":\"https:\/\/vinilozona.lt\/wp-content\/uploads\/2019\/12\/veronika-povilioniene-lietuvos-didziojo-kunigaikscio-gedimino-stabo-bataliono-garbes-sargybos-orkestras-giedrius-svilainis-petra-1.jpg\",\"contentUrl\":\"https:\/\/vinilozona.lt\/wp-content\/uploads\/2019\/12\/veronika-povilioniene-lietuvos-didziojo-kunigaikscio-gedimino-stabo-bataliono-garbes-sargybos-orkestras-giedrius-svilainis-petra-1.jpg\",\"width\":359,\"height\":269},{\"@type\":\"BreadcrumbList\",\"@id\":\"https:\/\/vinilozona.lt\/parduotuve\/cd\/lietuviski-cd\/veronika-povilioniene-lietuvos-didziojo-kunigaikscio-gedimino-stabo-bataliono-garbes-sargybos-orkestras-giedrius-svilainis-petras-vysniauskas-blezdinga-vytautas-kernagis-%e2%80%8e-kada-s\/#breadcrumb\",\"itemListElement\":[{\"@type\":\"ListItem\",\"position\":1,\"name\":\"Home\",\"item\":\"https:\/\/vinilozona.lt\/\"},{\"@type\":\"ListItem\",\"position\":2,\"name\":\"Parduotuv\u0117\",\"item\":\"https:\/\/vinilozona.lt\/parduotuve\/\"},{\"@type\":\"ListItem\",\"position\":3,\"name\":\"Veronika Povilionien\u0117, Lietuvos Did\u017eiojo Kunigaik\u0161\u010dio Gedimino \u0160tabo Bataliono Garb\u0117s Sargybos Orkestras, Giedrius Svilainis, Petras Vy\u0161niauskas, Blezdinga, Vytautas Kernagis \u200e\u2013 Kada S\u016bneliai Sugr\u012f\u0161\"}]},{\"@type\":\"WebSite\",\"@id\":\"https:\/\/vinilozona.lt\/#website\",\"url\":\"https:\/\/vinilozona.lt\/\",\"name\":\"Vinilo Zona\",\"description\":\"Nup\u016bsk dulkes ir klausyk LP\",\"potentialAction\":[{\"@type\":\"SearchAction\",\"target\":{\"@type\":\"EntryPoint\",\"urlTemplate\":\"https:\/\/vinilozona.lt\/?s={search_term_string}\"},\"query-input\":{\"@type\":\"PropertyValueSpecification\",\"valueRequired\":true,\"valueName\":\"search_term_string\"}}],\"inLanguage\":\"en-GB\"}]}<\/script>\n<!-- \/ Yoast SEO plugin. -->","yoast_head_json":{"title":"Veronika Povilionien\u0117, Lietuvos Did\u017eiojo Kunigaik\u0161\u010dio Gedimino \u0160tabo Bataliono Garb\u0117s Sargybos Orkestras, Giedrius Svilainis, Petras Vy\u0161niauskas, Blezdinga, Vytautas Kernagis \u200e\u2013 Kada S\u016bneliai Sugr\u012f\u0161 Vinilin\u0117 Plok\u0161tel\u0117 | Vinilozona.lt","robots":{"index":"index","follow":"follow","max-snippet":"max-snippet:-1","max-image-preview":"max-image-preview:large","max-video-preview":"max-video-preview:-1"},"canonical":"https:\/\/vinilozona.lt\/en\/parduotuve\/cd\/lietuviski-cd\/veronika-povilioniene-lietuvos-didziojo-kunigaikscio-gedimino-stabo-bataliono-garbes-sargybos-orkestras-giedrius-svilainis-petras-vysniauskas-blezdinga-vytautas-kernagis-\u200e-kada-s\/","og_locale":"en_GB","og_type":"article","og_title":"Veronika Povilionien\u0117, Lietuvos Did\u017eiojo Kunigaik\u0161\u010dio Gedimino \u0160tabo Bataliono Garb\u0117s Sargybos Orkestras, Giedrius Svilainis, Petras Vy\u0161niauskas, Blezdinga, Vytautas Kernagis \u200e\u2013 Kada S\u016bneliai Sugr\u012f\u0161 Vinilin\u0117 Plok\u0161tel\u0117 | Vinilozona.lt","og_description":"Not On Label \u2013 none Format: CD, Album, Digipak Country: Lithuania Released: Dec 2006 Genre: Non-Music, Folk, World, & Country Style: Folk, Spoken Word","og_url":"https:\/\/vinilozona.lt\/en\/parduotuve\/cd\/lietuviski-cd\/veronika-povilioniene-lietuvos-didziojo-kunigaikscio-gedimino-stabo-bataliono-garbes-sargybos-orkestras-giedrius-svilainis-petras-vysniauskas-blezdinga-vytautas-kernagis-\u200e-kada-s\/","og_site_name":"Vinilo Zona","article_modified_time":"2026-02-09T11:12:28+00:00","og_image":[{"width":359,"height":269,"url":"https:\/\/vinilozona.lt\/wp-content\/uploads\/2019\/12\/veronika-povilioniene-lietuvos-didziojo-kunigaikscio-gedimino-stabo-bataliono-garbes-sargybos-orkestras-giedrius-svilainis-petra-1.jpg","type":"image\/jpeg"}],"twitter_card":"summary_large_image","twitter_misc":{"Estimated reading time":"1 minute"},"schema":{"@context":"https:\/\/schema.org","@graph":[{"@type":"WebPage","@id":"https:\/\/vinilozona.lt\/parduotuve\/cd\/lietuviski-cd\/veronika-povilioniene-lietuvos-didziojo-kunigaikscio-gedimino-stabo-bataliono-garbes-sargybos-orkestras-giedrius-svilainis-petras-vysniauskas-blezdinga-vytautas-kernagis-%e2%80%8e-kada-s\/","url":"https:\/\/vinilozona.lt\/parduotuve\/cd\/lietuviski-cd\/veronika-povilioniene-lietuvos-didziojo-kunigaikscio-gedimino-stabo-bataliono-garbes-sargybos-orkestras-giedrius-svilainis-petras-vysniauskas-blezdinga-vytautas-kernagis-%e2%80%8e-kada-s\/","name":"Veronika Povilionien\u0117, Lietuvos Did\u017eiojo Kunigaik\u0161\u010dio Gedimino \u0160tabo Bataliono Garb\u0117s Sargybos Orkestras, Giedrius Svilainis, Petras Vy\u0161niauskas, Blezdinga, Vytautas Kernagis \u200e\u2013 Kada S\u016bneliai Sugr\u012f\u0161 Vinilin\u0117 Plok\u0161tel\u0117 | Vinilozona.lt","isPartOf":{"@id":"https:\/\/vinilozona.lt\/#website"},"primaryImageOfPage":{"@id":"https:\/\/vinilozona.lt\/parduotuve\/cd\/lietuviski-cd\/veronika-povilioniene-lietuvos-didziojo-kunigaikscio-gedimino-stabo-bataliono-garbes-sargybos-orkestras-giedrius-svilainis-petras-vysniauskas-blezdinga-vytautas-kernagis-%e2%80%8e-kada-s\/#primaryimage"},"image":{"@id":"https:\/\/vinilozona.lt\/parduotuve\/cd\/lietuviski-cd\/veronika-povilioniene-lietuvos-didziojo-kunigaikscio-gedimino-stabo-bataliono-garbes-sargybos-orkestras-giedrius-svilainis-petras-vysniauskas-blezdinga-vytautas-kernagis-%e2%80%8e-kada-s\/#primaryimage"},"thumbnailUrl":"https:\/\/vinilozona.lt\/wp-content\/uploads\/2019\/12\/veronika-povilioniene-lietuvos-didziojo-kunigaikscio-gedimino-stabo-bataliono-garbes-sargybos-orkestras-giedrius-svilainis-petra-1.jpg","datePublished":"2025-02-08T03:00:37+00:00","dateModified":"2026-02-09T11:12:28+00:00","breadcrumb":{"@id":"https:\/\/vinilozona.lt\/parduotuve\/cd\/lietuviski-cd\/veronika-povilioniene-lietuvos-didziojo-kunigaikscio-gedimino-stabo-bataliono-garbes-sargybos-orkestras-giedrius-svilainis-petras-vysniauskas-blezdinga-vytautas-kernagis-%e2%80%8e-kada-s\/#breadcrumb"},"inLanguage":"en-GB","potentialAction":[{"@type":"ReadAction","target":["https:\/\/vinilozona.lt\/parduotuve\/cd\/lietuviski-cd\/veronika-povilioniene-lietuvos-didziojo-kunigaikscio-gedimino-stabo-bataliono-garbes-sargybos-orkestras-giedrius-svilainis-petras-vysniauskas-blezdinga-vytautas-kernagis-%e2%80%8e-kada-s\/"]}]},{"@type":"ImageObject","inLanguage":"en-GB","@id":"https:\/\/vinilozona.lt\/parduotuve\/cd\/lietuviski-cd\/veronika-povilioniene-lietuvos-didziojo-kunigaikscio-gedimino-stabo-bataliono-garbes-sargybos-orkestras-giedrius-svilainis-petras-vysniauskas-blezdinga-vytautas-kernagis-%e2%80%8e-kada-s\/#primaryimage","url":"https:\/\/vinilozona.lt\/wp-content\/uploads\/2019\/12\/veronika-povilioniene-lietuvos-didziojo-kunigaikscio-gedimino-stabo-bataliono-garbes-sargybos-orkestras-giedrius-svilainis-petra-1.jpg","contentUrl":"https:\/\/vinilozona.lt\/wp-content\/uploads\/2019\/12\/veronika-povilioniene-lietuvos-didziojo-kunigaikscio-gedimino-stabo-bataliono-garbes-sargybos-orkestras-giedrius-svilainis-petra-1.jpg","width":359,"height":269},{"@type":"BreadcrumbList","@id":"https:\/\/vinilozona.lt\/parduotuve\/cd\/lietuviski-cd\/veronika-povilioniene-lietuvos-didziojo-kunigaikscio-gedimino-stabo-bataliono-garbes-sargybos-orkestras-giedrius-svilainis-petras-vysniauskas-blezdinga-vytautas-kernagis-%e2%80%8e-kada-s\/#breadcrumb","itemListElement":[{"@type":"ListItem","position":1,"name":"Home","item":"https:\/\/vinilozona.lt\/"},{"@type":"ListItem","position":2,"name":"Parduotuv\u0117","item":"https:\/\/vinilozona.lt\/parduotuve\/"},{"@type":"ListItem","position":3,"name":"Veronika Povilionien\u0117, Lietuvos Did\u017eiojo Kunigaik\u0161\u010dio Gedimino \u0160tabo Bataliono Garb\u0117s Sargybos Orkestras, Giedrius Svilainis, Petras Vy\u0161niauskas, Blezdinga, Vytautas Kernagis \u200e\u2013 Kada S\u016bneliai Sugr\u012f\u0161"}]},{"@type":"WebSite","@id":"https:\/\/vinilozona.lt\/#website","url":"https:\/\/vinilozona.lt\/","name":"Vinilo Zona","description":"Nup\u016bsk dulkes ir klausyk LP","potentialAction":[{"@type":"SearchAction","target":{"@type":"EntryPoint","urlTemplate":"https:\/\/vinilozona.lt\/?s={search_term_string}"},"query-input":{"@type":"PropertyValueSpecification","valueRequired":true,"valueName":"search_term_string"}}],"inLanguage":"en-GB"}]}},"_links":{"self":[{"href":"https:\/\/vinilozona.lt\/en\/wp-json\/wp\/v2\/product\/1688"}],"collection":[{"href":"https:\/\/vinilozona.lt\/en\/wp-json\/wp\/v2\/product"}],"about":[{"href":"https:\/\/vinilozona.lt\/en\/wp-json\/wp\/v2\/types\/product"}],"wp:featuredmedia":[{"embeddable":true,"href":"https:\/\/vinilozona.lt\/en\/wp-json\/wp\/v2\/media\/1689"}],"wp:attachment":[{"href":"https:\/\/vinilozona.lt\/en\/wp-json\/wp\/v2\/media?parent=1688"}],"wp:term":[{"taxonomy":"product_cat","embeddable":true,"href":"https:\/\/vinilozona.lt\/en\/wp-json\/wp\/v2\/product_cat?post=1688"},{"taxonomy":"product_tag","embeddable":true,"href":"https:\/\/vinilozona.lt\/en\/wp-json\/wp\/v2\/product_tag?post=1688"}],"curies":[{"name":"wp","href":"https:\/\/api.w.org\/{rel}","templated":true}]}}