{"id":16879,"date":"2026-01-22T12:00:33","date_gmt":"2026-01-22T10:00:33","guid":{"rendered":"https:\/\/vinilozona.lt\/?post_type=product&#038;p=16879"},"modified":"2026-01-11T08:40:54","modified_gmt":"2026-01-11T06:40:54","slug":"motorhead-everything-louder-forever","status":"publish","type":"product","link":"https:\/\/vinilozona.lt\/en\/parduotuve\/naujos-lp\/motorhead-everything-louder-forever\/","title":{"rendered":"Mot\u00f6rhead \u2013 Everything Louder Forever -Deluxe Limited Edition 4LP"},"content":{"rendered":"<p>A1\t\tOverkill<br \/>\nA2\t\tWe Are Mot\u00f6rhead<br \/>\nA3\t\tSnaggletooth<br \/>\nA4\t\tRock It<br \/>\nA5\t\tOrgasmatron<br \/>\nB1\t\tBrotherhood Of Man<br \/>\nB2\t\tIn The Name Of Tragedy<br \/>\nB3\t\tBomber<br \/>\nB4\t\tSacrifice<br \/>\nB5\t\tThe Thousand Names Of God<br \/>\nC1\t\tLove For Sale<br \/>\nC2\t\tKilled By Death<br \/>\nC3\t\tI\u2018m So Bad (Baby I Don\u2018t Care)<br \/>\nC4\t\tSmiling Like A Killer<br \/>\nC5\t\tSharpshooter<br \/>\nD1\t\tQueen Of The Damned<br \/>\nD2\t\tKeys To The Kingdom<br \/>\nD3\t\tCradle To The Grave<br \/>\nD4\t\tLost Johnny<br \/>\nD5\t\tThe Game<br \/>\nE1\t\tAce Of Spades<br \/>\nE2\t\tBurner<br \/>\nE3\t\tStone Dead Forver<br \/>\nE4\t\tBad Woman<br \/>\nE5\t\tJust \u2018Cos You Got The Power<br \/>\nF1\t\tStay Out Of Jail<br \/>\nF2\t\tNo Class<br \/>\nF3\t\tI Am The Sword<br \/>\nF4\t\tThe Chase Is Better Than The Catch<br \/>\nG1\t\tGod Save The Queen<br \/>\nG2\t\tR.A.M.O.N.E.S.<br \/>\nG3\t\tIron Fist<br \/>\nG4\t\tRock Out<br \/>\nG5\t\tDirty Love<br \/>\nG6\t\tShine<br \/>\nG7\t\tOvernight Sensation<br \/>\nH1\t\tOn Your Feet Or On Your Knees<br \/>\nH2\t\tI Ain\u2018t No Nice Guy<br \/>\nH3\t\tSucker<br \/>\nH4\t\t1916<br \/>\nH5\t\tChoking On Your Screams<br \/>\nH6\t\tMot\u00f6rhead<\/p>","protected":false},"excerpt":{"rendered":"<p>BMGCAT522QLP<\/p>","protected":false},"featured_media":16880,"template":"","meta":[],"product_cat":[23],"product_tag":[55],"yoast_head":"<!-- This site is optimized with the Yoast SEO plugin v23.5 - https:\/\/yoast.com\/wordpress\/plugins\/seo\/ -->\n<title>Mot\u00f6rhead \u2013 Everything Louder Forever -Deluxe Limited Edition 4LP Vinilin\u0117 Plok\u0161tel\u0117 | Vinilozona.lt<\/title>\n<meta name=\"robots\" content=\"index, follow, max-snippet:-1, max-image-preview:large, max-video-preview:-1\" \/>\n<link rel=\"canonical\" href=\"https:\/\/vinilozona.lt\/en\/parduotuve\/naujos-lp\/motorhead-everything-louder-forever\/\" \/>\n<meta property=\"og:locale\" content=\"en_GB\" \/>\n<meta property=\"og:type\" content=\"article\" \/>\n<meta property=\"og:title\" content=\"Mot\u00f6rhead \u2013 Everything Louder Forever -Deluxe Limited Edition 4LP Vinilin\u0117 Plok\u0161tel\u0117 | Vinilozona.lt\" \/>\n<meta property=\"og:description\" content=\"BMGCAT522QLP\" \/>\n<meta property=\"og:url\" content=\"https:\/\/vinilozona.lt\/en\/parduotuve\/naujos-lp\/motorhead-everything-louder-forever\/\" \/>\n<meta property=\"og:site_name\" content=\"Vinilo Zona\" \/>\n<meta property=\"article:modified_time\" content=\"2026-01-11T06:40:54+00:00\" \/>\n<meta property=\"og:image\" content=\"https:\/\/vinilozona.lt\/wp-content\/uploads\/2021\/11\/R-20750134-1635347542-1455.jpeg.jpg\" \/>\n\t<meta property=\"og:image:width\" content=\"600\" \/>\n\t<meta property=\"og:image:height\" content=\"607\" \/>\n\t<meta property=\"og:image:type\" content=\"image\/jpeg\" \/>\n<meta name=\"twitter:card\" content=\"summary_large_image\" \/>\n<meta name=\"twitter:label1\" content=\"Estimated reading time\" \/>\n\t<meta name=\"twitter:data1\" content=\"1 minute\" \/>\n<script type=\"application\/ld+json\" class=\"yoast-schema-graph\">{\"@context\":\"https:\/\/schema.org\",\"@graph\":[{\"@type\":\"WebPage\",\"@id\":\"https:\/\/vinilozona.lt\/parduotuve\/naujos-lp\/motorhead-everything-louder-forever\/\",\"url\":\"https:\/\/vinilozona.lt\/parduotuve\/naujos-lp\/motorhead-everything-louder-forever\/\",\"name\":\"Mot\u00f6rhead \u2013 Everything Louder Forever -Deluxe Limited Edition 4LP Vinilin\u0117 Plok\u0161tel\u0117 | Vinilozona.lt\",\"isPartOf\":{\"@id\":\"https:\/\/vinilozona.lt\/#website\"},\"primaryImageOfPage\":{\"@id\":\"https:\/\/vinilozona.lt\/parduotuve\/naujos-lp\/motorhead-everything-louder-forever\/#primaryimage\"},\"image\":{\"@id\":\"https:\/\/vinilozona.lt\/parduotuve\/naujos-lp\/motorhead-everything-louder-forever\/#primaryimage\"},\"thumbnailUrl\":\"https:\/\/vinilozona.lt\/wp-content\/uploads\/2021\/11\/R-20750134-1635347542-1455.jpeg.jpg\",\"datePublished\":\"2026-01-22T10:00:33+00:00\",\"dateModified\":\"2026-01-11T06:40:54+00:00\",\"breadcrumb\":{\"@id\":\"https:\/\/vinilozona.lt\/parduotuve\/naujos-lp\/motorhead-everything-louder-forever\/#breadcrumb\"},\"inLanguage\":\"en-GB\",\"potentialAction\":[{\"@type\":\"ReadAction\",\"target\":[\"https:\/\/vinilozona.lt\/parduotuve\/naujos-lp\/motorhead-everything-louder-forever\/\"]}]},{\"@type\":\"ImageObject\",\"inLanguage\":\"en-GB\",\"@id\":\"https:\/\/vinilozona.lt\/parduotuve\/naujos-lp\/motorhead-everything-louder-forever\/#primaryimage\",\"url\":\"https:\/\/vinilozona.lt\/wp-content\/uploads\/2021\/11\/R-20750134-1635347542-1455.jpeg.jpg\",\"contentUrl\":\"https:\/\/vinilozona.lt\/wp-content\/uploads\/2021\/11\/R-20750134-1635347542-1455.jpeg.jpg\",\"width\":600,\"height\":607},{\"@type\":\"BreadcrumbList\",\"@id\":\"https:\/\/vinilozona.lt\/parduotuve\/naujos-lp\/motorhead-everything-louder-forever\/#breadcrumb\",\"itemListElement\":[{\"@type\":\"ListItem\",\"position\":1,\"name\":\"Home\",\"item\":\"https:\/\/vinilozona.lt\/\"},{\"@type\":\"ListItem\",\"position\":2,\"name\":\"Parduotuv\u0117\",\"item\":\"https:\/\/vinilozona.lt\/parduotuve\/\"},{\"@type\":\"ListItem\",\"position\":3,\"name\":\"Mot\u00f6rhead \u2013 Everything Louder Forever -Deluxe Limited Edition 4LP\"}]},{\"@type\":\"WebSite\",\"@id\":\"https:\/\/vinilozona.lt\/#website\",\"url\":\"https:\/\/vinilozona.lt\/\",\"name\":\"Vinilo Zona\",\"description\":\"Nup\u016bsk dulkes ir klausyk LP\",\"potentialAction\":[{\"@type\":\"SearchAction\",\"target\":{\"@type\":\"EntryPoint\",\"urlTemplate\":\"https:\/\/vinilozona.lt\/?s={search_term_string}\"},\"query-input\":{\"@type\":\"PropertyValueSpecification\",\"valueRequired\":true,\"valueName\":\"search_term_string\"}}],\"inLanguage\":\"en-GB\"}]}<\/script>\n<!-- \/ Yoast SEO plugin. -->","yoast_head_json":{"title":"Mot\u00f6rhead \u2013 Everything Louder Forever -Deluxe Limited Edition 4LP Vinilin\u0117 Plok\u0161tel\u0117 | Vinilozona.lt","robots":{"index":"index","follow":"follow","max-snippet":"max-snippet:-1","max-image-preview":"max-image-preview:large","max-video-preview":"max-video-preview:-1"},"canonical":"https:\/\/vinilozona.lt\/en\/parduotuve\/naujos-lp\/motorhead-everything-louder-forever\/","og_locale":"en_GB","og_type":"article","og_title":"Mot\u00f6rhead \u2013 Everything Louder Forever -Deluxe Limited Edition 4LP Vinilin\u0117 Plok\u0161tel\u0117 | Vinilozona.lt","og_description":"BMGCAT522QLP","og_url":"https:\/\/vinilozona.lt\/en\/parduotuve\/naujos-lp\/motorhead-everything-louder-forever\/","og_site_name":"Vinilo Zona","article_modified_time":"2026-01-11T06:40:54+00:00","og_image":[{"width":600,"height":607,"url":"https:\/\/vinilozona.lt\/wp-content\/uploads\/2021\/11\/R-20750134-1635347542-1455.jpeg.jpg","type":"image\/jpeg"}],"twitter_card":"summary_large_image","twitter_misc":{"Estimated reading time":"1 minute"},"schema":{"@context":"https:\/\/schema.org","@graph":[{"@type":"WebPage","@id":"https:\/\/vinilozona.lt\/parduotuve\/naujos-lp\/motorhead-everything-louder-forever\/","url":"https:\/\/vinilozona.lt\/parduotuve\/naujos-lp\/motorhead-everything-louder-forever\/","name":"Mot\u00f6rhead \u2013 Everything Louder Forever -Deluxe Limited Edition 4LP Vinilin\u0117 Plok\u0161tel\u0117 | Vinilozona.lt","isPartOf":{"@id":"https:\/\/vinilozona.lt\/#website"},"primaryImageOfPage":{"@id":"https:\/\/vinilozona.lt\/parduotuve\/naujos-lp\/motorhead-everything-louder-forever\/#primaryimage"},"image":{"@id":"https:\/\/vinilozona.lt\/parduotuve\/naujos-lp\/motorhead-everything-louder-forever\/#primaryimage"},"thumbnailUrl":"https:\/\/vinilozona.lt\/wp-content\/uploads\/2021\/11\/R-20750134-1635347542-1455.jpeg.jpg","datePublished":"2026-01-22T10:00:33+00:00","dateModified":"2026-01-11T06:40:54+00:00","breadcrumb":{"@id":"https:\/\/vinilozona.lt\/parduotuve\/naujos-lp\/motorhead-everything-louder-forever\/#breadcrumb"},"inLanguage":"en-GB","potentialAction":[{"@type":"ReadAction","target":["https:\/\/vinilozona.lt\/parduotuve\/naujos-lp\/motorhead-everything-louder-forever\/"]}]},{"@type":"ImageObject","inLanguage":"en-GB","@id":"https:\/\/vinilozona.lt\/parduotuve\/naujos-lp\/motorhead-everything-louder-forever\/#primaryimage","url":"https:\/\/vinilozona.lt\/wp-content\/uploads\/2021\/11\/R-20750134-1635347542-1455.jpeg.jpg","contentUrl":"https:\/\/vinilozona.lt\/wp-content\/uploads\/2021\/11\/R-20750134-1635347542-1455.jpeg.jpg","width":600,"height":607},{"@type":"BreadcrumbList","@id":"https:\/\/vinilozona.lt\/parduotuve\/naujos-lp\/motorhead-everything-louder-forever\/#breadcrumb","itemListElement":[{"@type":"ListItem","position":1,"name":"Home","item":"https:\/\/vinilozona.lt\/"},{"@type":"ListItem","position":2,"name":"Parduotuv\u0117","item":"https:\/\/vinilozona.lt\/parduotuve\/"},{"@type":"ListItem","position":3,"name":"Mot\u00f6rhead \u2013 Everything Louder Forever -Deluxe Limited Edition 4LP"}]},{"@type":"WebSite","@id":"https:\/\/vinilozona.lt\/#website","url":"https:\/\/vinilozona.lt\/","name":"Vinilo Zona","description":"Nup\u016bsk dulkes ir klausyk LP","potentialAction":[{"@type":"SearchAction","target":{"@type":"EntryPoint","urlTemplate":"https:\/\/vinilozona.lt\/?s={search_term_string}"},"query-input":{"@type":"PropertyValueSpecification","valueRequired":true,"valueName":"search_term_string"}}],"inLanguage":"en-GB"}]}},"_links":{"self":[{"href":"https:\/\/vinilozona.lt\/en\/wp-json\/wp\/v2\/product\/16879"}],"collection":[{"href":"https:\/\/vinilozona.lt\/en\/wp-json\/wp\/v2\/product"}],"about":[{"href":"https:\/\/vinilozona.lt\/en\/wp-json\/wp\/v2\/types\/product"}],"wp:featuredmedia":[{"embeddable":true,"href":"https:\/\/vinilozona.lt\/en\/wp-json\/wp\/v2\/media\/16880"}],"wp:attachment":[{"href":"https:\/\/vinilozona.lt\/en\/wp-json\/wp\/v2\/media?parent=16879"}],"wp:term":[{"taxonomy":"product_cat","embeddable":true,"href":"https:\/\/vinilozona.lt\/en\/wp-json\/wp\/v2\/product_cat?post=16879"},{"taxonomy":"product_tag","embeddable":true,"href":"https:\/\/vinilozona.lt\/en\/wp-json\/wp\/v2\/product_tag?post=16879"}],"curies":[{"name":"wp","href":"https:\/\/api.w.org\/{rel}","templated":true}]}}