{"id":16877,"date":"2021-11-18T12:37:07","date_gmt":"2021-11-18T10:37:07","guid":{"rendered":"https:\/\/vinilozona.lt\/?post_type=product&#038;p=16877"},"modified":"2021-11-18T12:37:07","modified_gmt":"2021-11-18T10:37:07","slug":"west-bruce-laing-live-n-kickin","status":"publish","type":"product","link":"https:\/\/vinilozona.lt\/en\/parduotuve\/made-in-japan\/west-bruce-laing-live-n-kickin\/","title":{"rendered":"West, Bruce &#038; Laing \u2013 Live &#8216;N&#8217; Kickin&#8217;"},"content":{"rendered":"<p>A1\t\tPlay With Fire 12:36<br \/>\nA2\t\tThe Doctor 7:56<br \/>\nB1\t\tPolitician 5:36<br \/>\nB2\t\tPowerhouse SOD 10:17<\/p>","protected":false},"excerpt":{"rendered":"<p>RSO \u2013 MWX-4042<br \/>\nSeries:\t\u30a8\u30ea\u30c3\u30af\u30fb\u30af\u30e9\u30d7\u30c8\u30f3\u3001\u30b8\u30e3\u30c3\u30af\u30fb\u30d6\u30eb\u30fc\u30b9\u3001\u30b8\u30f3\u30b8\u30e3\u30fc\u30fb\u30d9\u30a4\u30ab\u30fc \u30aa\u30ea\u30b8\u30ca\u30eb\u540d\u76e418\u9078<br \/>\nFormat:<br \/>\nVinyl, LP, Album<br \/>\nCountry:\tJapan<br \/>\nReleased:\t1980<\/p>","protected":false},"featured_media":16878,"template":"","meta":[],"product_cat":[39],"product_tag":[239],"yoast_head":"<!-- This site is optimized with the Yoast SEO plugin v23.5 - https:\/\/yoast.com\/wordpress\/plugins\/seo\/ -->\n<title>West, Bruce &amp; Laing \u2013 Live &#039;N&#039; Kickin&#039; Vinilin\u0117 Plok\u0161tel\u0117 | Vinilozona.lt<\/title>\n<meta name=\"robots\" content=\"index, follow, max-snippet:-1, max-image-preview:large, max-video-preview:-1\" \/>\n<link rel=\"canonical\" href=\"https:\/\/vinilozona.lt\/en\/parduotuve\/made-in-japan\/west-bruce-laing-live-n-kickin\/\" \/>\n<meta property=\"og:locale\" content=\"en_GB\" \/>\n<meta property=\"og:type\" content=\"article\" \/>\n<meta property=\"og:title\" content=\"West, Bruce &amp; Laing \u2013 Live &#039;N&#039; Kickin&#039; Vinilin\u0117 Plok\u0161tel\u0117 | Vinilozona.lt\" \/>\n<meta property=\"og:description\" content=\"RSO \u2013 MWX-4042 Series: \u30a8\u30ea\u30c3\u30af\u30fb\u30af\u30e9\u30d7\u30c8\u30f3\u3001\u30b8\u30e3\u30c3\u30af\u30fb\u30d6\u30eb\u30fc\u30b9\u3001\u30b8\u30f3\u30b8\u30e3\u30fc\u30fb\u30d9\u30a4\u30ab\u30fc \u30aa\u30ea\u30b8\u30ca\u30eb\u540d\u76e418\u9078 Format:  Vinyl, LP, Album Country: Japan Released: 1980\" \/>\n<meta property=\"og:url\" content=\"https:\/\/vinilozona.lt\/en\/parduotuve\/made-in-japan\/west-bruce-laing-live-n-kickin\/\" \/>\n<meta property=\"og:site_name\" content=\"Vinilo Zona\" \/>\n<meta property=\"og:image\" content=\"https:\/\/vinilozona.lt\/wp-content\/uploads\/2021\/11\/R-6685823-1424609115-2343.jpeg.jpg\" \/>\n\t<meta property=\"og:image:width\" content=\"300\" \/>\n\t<meta property=\"og:image:height\" content=\"300\" \/>\n\t<meta property=\"og:image:type\" content=\"image\/jpeg\" \/>\n<meta name=\"twitter:card\" content=\"summary_large_image\" \/>\n<script type=\"application\/ld+json\" class=\"yoast-schema-graph\">{\"@context\":\"https:\/\/schema.org\",\"@graph\":[{\"@type\":\"WebPage\",\"@id\":\"https:\/\/vinilozona.lt\/parduotuve\/made-in-japan\/west-bruce-laing-live-n-kickin\/\",\"url\":\"https:\/\/vinilozona.lt\/parduotuve\/made-in-japan\/west-bruce-laing-live-n-kickin\/\",\"name\":\"West, Bruce & Laing \u2013 Live 'N' Kickin' Vinilin\u0117 Plok\u0161tel\u0117 | Vinilozona.lt\",\"isPartOf\":{\"@id\":\"https:\/\/vinilozona.lt\/#website\"},\"primaryImageOfPage\":{\"@id\":\"https:\/\/vinilozona.lt\/parduotuve\/made-in-japan\/west-bruce-laing-live-n-kickin\/#primaryimage\"},\"image\":{\"@id\":\"https:\/\/vinilozona.lt\/parduotuve\/made-in-japan\/west-bruce-laing-live-n-kickin\/#primaryimage\"},\"thumbnailUrl\":\"https:\/\/vinilozona.lt\/wp-content\/uploads\/2021\/11\/R-6685823-1424609115-2343.jpeg.jpg\",\"datePublished\":\"2021-11-18T10:37:07+00:00\",\"dateModified\":\"2021-11-18T10:37:07+00:00\",\"breadcrumb\":{\"@id\":\"https:\/\/vinilozona.lt\/parduotuve\/made-in-japan\/west-bruce-laing-live-n-kickin\/#breadcrumb\"},\"inLanguage\":\"en-GB\",\"potentialAction\":[{\"@type\":\"ReadAction\",\"target\":[\"https:\/\/vinilozona.lt\/parduotuve\/made-in-japan\/west-bruce-laing-live-n-kickin\/\"]}]},{\"@type\":\"ImageObject\",\"inLanguage\":\"en-GB\",\"@id\":\"https:\/\/vinilozona.lt\/parduotuve\/made-in-japan\/west-bruce-laing-live-n-kickin\/#primaryimage\",\"url\":\"https:\/\/vinilozona.lt\/wp-content\/uploads\/2021\/11\/R-6685823-1424609115-2343.jpeg.jpg\",\"contentUrl\":\"https:\/\/vinilozona.lt\/wp-content\/uploads\/2021\/11\/R-6685823-1424609115-2343.jpeg.jpg\",\"width\":300,\"height\":300},{\"@type\":\"BreadcrumbList\",\"@id\":\"https:\/\/vinilozona.lt\/parduotuve\/made-in-japan\/west-bruce-laing-live-n-kickin\/#breadcrumb\",\"itemListElement\":[{\"@type\":\"ListItem\",\"position\":1,\"name\":\"Home\",\"item\":\"https:\/\/vinilozona.lt\/\"},{\"@type\":\"ListItem\",\"position\":2,\"name\":\"Parduotuv\u0117\",\"item\":\"https:\/\/vinilozona.lt\/parduotuve\/\"},{\"@type\":\"ListItem\",\"position\":3,\"name\":\"West, Bruce &#038; Laing \u2013 Live &#8216;N&#8217; Kickin&#8217;\"}]},{\"@type\":\"WebSite\",\"@id\":\"https:\/\/vinilozona.lt\/#website\",\"url\":\"https:\/\/vinilozona.lt\/\",\"name\":\"Vinilo Zona\",\"description\":\"Nup\u016bsk dulkes ir klausyk LP\",\"potentialAction\":[{\"@type\":\"SearchAction\",\"target\":{\"@type\":\"EntryPoint\",\"urlTemplate\":\"https:\/\/vinilozona.lt\/?s={search_term_string}\"},\"query-input\":{\"@type\":\"PropertyValueSpecification\",\"valueRequired\":true,\"valueName\":\"search_term_string\"}}],\"inLanguage\":\"en-GB\"}]}<\/script>\n<!-- \/ Yoast SEO plugin. -->","yoast_head_json":{"title":"West, Bruce & Laing \u2013 Live 'N' Kickin' Vinilin\u0117 Plok\u0161tel\u0117 | Vinilozona.lt","robots":{"index":"index","follow":"follow","max-snippet":"max-snippet:-1","max-image-preview":"max-image-preview:large","max-video-preview":"max-video-preview:-1"},"canonical":"https:\/\/vinilozona.lt\/en\/parduotuve\/made-in-japan\/west-bruce-laing-live-n-kickin\/","og_locale":"en_GB","og_type":"article","og_title":"West, Bruce & Laing \u2013 Live 'N' Kickin' Vinilin\u0117 Plok\u0161tel\u0117 | Vinilozona.lt","og_description":"RSO \u2013 MWX-4042 Series: \u30a8\u30ea\u30c3\u30af\u30fb\u30af\u30e9\u30d7\u30c8\u30f3\u3001\u30b8\u30e3\u30c3\u30af\u30fb\u30d6\u30eb\u30fc\u30b9\u3001\u30b8\u30f3\u30b8\u30e3\u30fc\u30fb\u30d9\u30a4\u30ab\u30fc \u30aa\u30ea\u30b8\u30ca\u30eb\u540d\u76e418\u9078 Format:  Vinyl, LP, Album Country: Japan Released: 1980","og_url":"https:\/\/vinilozona.lt\/en\/parduotuve\/made-in-japan\/west-bruce-laing-live-n-kickin\/","og_site_name":"Vinilo Zona","og_image":[{"width":300,"height":300,"url":"https:\/\/vinilozona.lt\/wp-content\/uploads\/2021\/11\/R-6685823-1424609115-2343.jpeg.jpg","type":"image\/jpeg"}],"twitter_card":"summary_large_image","schema":{"@context":"https:\/\/schema.org","@graph":[{"@type":"WebPage","@id":"https:\/\/vinilozona.lt\/parduotuve\/made-in-japan\/west-bruce-laing-live-n-kickin\/","url":"https:\/\/vinilozona.lt\/parduotuve\/made-in-japan\/west-bruce-laing-live-n-kickin\/","name":"West, Bruce & Laing \u2013 Live 'N' Kickin' Vinilin\u0117 Plok\u0161tel\u0117 | Vinilozona.lt","isPartOf":{"@id":"https:\/\/vinilozona.lt\/#website"},"primaryImageOfPage":{"@id":"https:\/\/vinilozona.lt\/parduotuve\/made-in-japan\/west-bruce-laing-live-n-kickin\/#primaryimage"},"image":{"@id":"https:\/\/vinilozona.lt\/parduotuve\/made-in-japan\/west-bruce-laing-live-n-kickin\/#primaryimage"},"thumbnailUrl":"https:\/\/vinilozona.lt\/wp-content\/uploads\/2021\/11\/R-6685823-1424609115-2343.jpeg.jpg","datePublished":"2021-11-18T10:37:07+00:00","dateModified":"2021-11-18T10:37:07+00:00","breadcrumb":{"@id":"https:\/\/vinilozona.lt\/parduotuve\/made-in-japan\/west-bruce-laing-live-n-kickin\/#breadcrumb"},"inLanguage":"en-GB","potentialAction":[{"@type":"ReadAction","target":["https:\/\/vinilozona.lt\/parduotuve\/made-in-japan\/west-bruce-laing-live-n-kickin\/"]}]},{"@type":"ImageObject","inLanguage":"en-GB","@id":"https:\/\/vinilozona.lt\/parduotuve\/made-in-japan\/west-bruce-laing-live-n-kickin\/#primaryimage","url":"https:\/\/vinilozona.lt\/wp-content\/uploads\/2021\/11\/R-6685823-1424609115-2343.jpeg.jpg","contentUrl":"https:\/\/vinilozona.lt\/wp-content\/uploads\/2021\/11\/R-6685823-1424609115-2343.jpeg.jpg","width":300,"height":300},{"@type":"BreadcrumbList","@id":"https:\/\/vinilozona.lt\/parduotuve\/made-in-japan\/west-bruce-laing-live-n-kickin\/#breadcrumb","itemListElement":[{"@type":"ListItem","position":1,"name":"Home","item":"https:\/\/vinilozona.lt\/"},{"@type":"ListItem","position":2,"name":"Parduotuv\u0117","item":"https:\/\/vinilozona.lt\/parduotuve\/"},{"@type":"ListItem","position":3,"name":"West, Bruce &#038; Laing \u2013 Live &#8216;N&#8217; Kickin&#8217;"}]},{"@type":"WebSite","@id":"https:\/\/vinilozona.lt\/#website","url":"https:\/\/vinilozona.lt\/","name":"Vinilo Zona","description":"Nup\u016bsk dulkes ir klausyk LP","potentialAction":[{"@type":"SearchAction","target":{"@type":"EntryPoint","urlTemplate":"https:\/\/vinilozona.lt\/?s={search_term_string}"},"query-input":{"@type":"PropertyValueSpecification","valueRequired":true,"valueName":"search_term_string"}}],"inLanguage":"en-GB"}]}},"_links":{"self":[{"href":"https:\/\/vinilozona.lt\/en\/wp-json\/wp\/v2\/product\/16877"}],"collection":[{"href":"https:\/\/vinilozona.lt\/en\/wp-json\/wp\/v2\/product"}],"about":[{"href":"https:\/\/vinilozona.lt\/en\/wp-json\/wp\/v2\/types\/product"}],"wp:featuredmedia":[{"embeddable":true,"href":"https:\/\/vinilozona.lt\/en\/wp-json\/wp\/v2\/media\/16878"}],"wp:attachment":[{"href":"https:\/\/vinilozona.lt\/en\/wp-json\/wp\/v2\/media?parent=16877"}],"wp:term":[{"taxonomy":"product_cat","embeddable":true,"href":"https:\/\/vinilozona.lt\/en\/wp-json\/wp\/v2\/product_cat?post=16877"},{"taxonomy":"product_tag","embeddable":true,"href":"https:\/\/vinilozona.lt\/en\/wp-json\/wp\/v2\/product_tag?post=16877"}],"curies":[{"name":"wp","href":"https:\/\/api.w.org\/{rel}","templated":true}]}}