{"id":16835,"date":"2021-11-18T10:59:51","date_gmt":"2021-11-18T08:59:51","guid":{"rendered":"https:\/\/vinilozona.lt\/?post_type=product&#038;p=16835"},"modified":"2021-11-18T11:00:15","modified_gmt":"2021-11-18T09:00:15","slug":"rod-stewart-faces-live-coast-to-coast-overture-and-beginners","status":"publish","type":"product","link":"https:\/\/vinilozona.lt\/en\/parduotuve\/made-in-japan\/rod-stewart-faces-live-coast-to-coast-overture-and-beginners\/","title":{"rendered":"Rod Stewart \/ Faces  \u2013 Live Coast To Coast &#8211; Overture And Beginners"},"content":{"rendered":"<p>It&#8217;s All Over Now<br \/>\nCut Across Shorty<br \/>\nToo Bad \/ Every Picture Tells A Story<br \/>\nAngel<br \/>\nStay With Me<br \/>\nI Wish It Would Rain<br \/>\nI&#8217;d Rather Go Blind<br \/>\nBorstal Boy \/ Amazing Grace<br \/>\nJealous Guy<\/p>","protected":false},"excerpt":{"rendered":"<p>Warner Bros. Records \u2013 P-4526W<br \/>\nSeries:\tRock Forever 1500<br \/>\nFormat:<br \/>\nVinyl, LP, Album, Reissue, Gatefold<br \/>\nCountry:\tJapan<br \/>\nReleased:\t1978<\/p>","protected":false},"featured_media":0,"template":"","meta":[],"product_cat":[39],"product_tag":[239],"yoast_head":"<!-- This site is optimized with the Yoast SEO plugin v23.5 - https:\/\/yoast.com\/wordpress\/plugins\/seo\/ -->\n<title>Rod Stewart \/ Faces \u2013 Live Coast To Coast - Overture And Beginners Vinilin\u0117 Plok\u0161tel\u0117 | Vinilozona.lt<\/title>\n<meta name=\"robots\" content=\"index, follow, max-snippet:-1, max-image-preview:large, max-video-preview:-1\" \/>\n<link rel=\"canonical\" href=\"https:\/\/vinilozona.lt\/en\/parduotuve\/made-in-japan\/rod-stewart-faces-live-coast-to-coast-overture-and-beginners\/\" \/>\n<meta property=\"og:locale\" content=\"en_GB\" \/>\n<meta property=\"og:type\" content=\"article\" \/>\n<meta property=\"og:title\" content=\"Rod Stewart \/ Faces \u2013 Live Coast To Coast - Overture And Beginners Vinilin\u0117 Plok\u0161tel\u0117 | Vinilozona.lt\" \/>\n<meta property=\"og:description\" content=\"Warner Bros. Records \u2013 P-4526W Series: Rock Forever 1500 Format:  Vinyl, LP, Album, Reissue, Gatefold Country: Japan Released: 1978\" \/>\n<meta property=\"og:url\" content=\"https:\/\/vinilozona.lt\/en\/parduotuve\/made-in-japan\/rod-stewart-faces-live-coast-to-coast-overture-and-beginners\/\" \/>\n<meta property=\"og:site_name\" content=\"Vinilo Zona\" \/>\n<meta property=\"article:modified_time\" content=\"2021-11-18T09:00:15+00:00\" \/>\n<meta name=\"twitter:card\" content=\"summary_large_image\" \/>\n<script type=\"application\/ld+json\" class=\"yoast-schema-graph\">{\"@context\":\"https:\/\/schema.org\",\"@graph\":[{\"@type\":\"WebPage\",\"@id\":\"https:\/\/vinilozona.lt\/parduotuve\/made-in-japan\/rod-stewart-faces-live-coast-to-coast-overture-and-beginners\/\",\"url\":\"https:\/\/vinilozona.lt\/parduotuve\/made-in-japan\/rod-stewart-faces-live-coast-to-coast-overture-and-beginners\/\",\"name\":\"Rod Stewart \/ Faces \u2013 Live Coast To Coast - Overture And Beginners Vinilin\u0117 Plok\u0161tel\u0117 | Vinilozona.lt\",\"isPartOf\":{\"@id\":\"https:\/\/vinilozona.lt\/#website\"},\"datePublished\":\"2021-11-18T08:59:51+00:00\",\"dateModified\":\"2021-11-18T09:00:15+00:00\",\"breadcrumb\":{\"@id\":\"https:\/\/vinilozona.lt\/parduotuve\/made-in-japan\/rod-stewart-faces-live-coast-to-coast-overture-and-beginners\/#breadcrumb\"},\"inLanguage\":\"en-GB\",\"potentialAction\":[{\"@type\":\"ReadAction\",\"target\":[\"https:\/\/vinilozona.lt\/parduotuve\/made-in-japan\/rod-stewart-faces-live-coast-to-coast-overture-and-beginners\/\"]}]},{\"@type\":\"BreadcrumbList\",\"@id\":\"https:\/\/vinilozona.lt\/parduotuve\/made-in-japan\/rod-stewart-faces-live-coast-to-coast-overture-and-beginners\/#breadcrumb\",\"itemListElement\":[{\"@type\":\"ListItem\",\"position\":1,\"name\":\"Home\",\"item\":\"https:\/\/vinilozona.lt\/\"},{\"@type\":\"ListItem\",\"position\":2,\"name\":\"Parduotuv\u0117\",\"item\":\"https:\/\/vinilozona.lt\/parduotuve\/\"},{\"@type\":\"ListItem\",\"position\":3,\"name\":\"Rod Stewart \/ Faces \u2013 Live Coast To Coast &#8211; Overture And Beginners\"}]},{\"@type\":\"WebSite\",\"@id\":\"https:\/\/vinilozona.lt\/#website\",\"url\":\"https:\/\/vinilozona.lt\/\",\"name\":\"Vinilo Zona\",\"description\":\"Nup\u016bsk dulkes ir klausyk LP\",\"potentialAction\":[{\"@type\":\"SearchAction\",\"target\":{\"@type\":\"EntryPoint\",\"urlTemplate\":\"https:\/\/vinilozona.lt\/?s={search_term_string}\"},\"query-input\":{\"@type\":\"PropertyValueSpecification\",\"valueRequired\":true,\"valueName\":\"search_term_string\"}}],\"inLanguage\":\"en-GB\"}]}<\/script>\n<!-- \/ Yoast SEO plugin. -->","yoast_head_json":{"title":"Rod Stewart \/ Faces \u2013 Live Coast To Coast - Overture And Beginners Vinilin\u0117 Plok\u0161tel\u0117 | Vinilozona.lt","robots":{"index":"index","follow":"follow","max-snippet":"max-snippet:-1","max-image-preview":"max-image-preview:large","max-video-preview":"max-video-preview:-1"},"canonical":"https:\/\/vinilozona.lt\/en\/parduotuve\/made-in-japan\/rod-stewart-faces-live-coast-to-coast-overture-and-beginners\/","og_locale":"en_GB","og_type":"article","og_title":"Rod Stewart \/ Faces \u2013 Live Coast To Coast - Overture And Beginners Vinilin\u0117 Plok\u0161tel\u0117 | Vinilozona.lt","og_description":"Warner Bros. Records \u2013 P-4526W Series: Rock Forever 1500 Format:  Vinyl, LP, Album, Reissue, Gatefold Country: Japan Released: 1978","og_url":"https:\/\/vinilozona.lt\/en\/parduotuve\/made-in-japan\/rod-stewart-faces-live-coast-to-coast-overture-and-beginners\/","og_site_name":"Vinilo Zona","article_modified_time":"2021-11-18T09:00:15+00:00","twitter_card":"summary_large_image","schema":{"@context":"https:\/\/schema.org","@graph":[{"@type":"WebPage","@id":"https:\/\/vinilozona.lt\/parduotuve\/made-in-japan\/rod-stewart-faces-live-coast-to-coast-overture-and-beginners\/","url":"https:\/\/vinilozona.lt\/parduotuve\/made-in-japan\/rod-stewart-faces-live-coast-to-coast-overture-and-beginners\/","name":"Rod Stewart \/ Faces \u2013 Live Coast To Coast - Overture And Beginners Vinilin\u0117 Plok\u0161tel\u0117 | Vinilozona.lt","isPartOf":{"@id":"https:\/\/vinilozona.lt\/#website"},"datePublished":"2021-11-18T08:59:51+00:00","dateModified":"2021-11-18T09:00:15+00:00","breadcrumb":{"@id":"https:\/\/vinilozona.lt\/parduotuve\/made-in-japan\/rod-stewart-faces-live-coast-to-coast-overture-and-beginners\/#breadcrumb"},"inLanguage":"en-GB","potentialAction":[{"@type":"ReadAction","target":["https:\/\/vinilozona.lt\/parduotuve\/made-in-japan\/rod-stewart-faces-live-coast-to-coast-overture-and-beginners\/"]}]},{"@type":"BreadcrumbList","@id":"https:\/\/vinilozona.lt\/parduotuve\/made-in-japan\/rod-stewart-faces-live-coast-to-coast-overture-and-beginners\/#breadcrumb","itemListElement":[{"@type":"ListItem","position":1,"name":"Home","item":"https:\/\/vinilozona.lt\/"},{"@type":"ListItem","position":2,"name":"Parduotuv\u0117","item":"https:\/\/vinilozona.lt\/parduotuve\/"},{"@type":"ListItem","position":3,"name":"Rod Stewart \/ Faces \u2013 Live Coast To Coast &#8211; Overture And Beginners"}]},{"@type":"WebSite","@id":"https:\/\/vinilozona.lt\/#website","url":"https:\/\/vinilozona.lt\/","name":"Vinilo Zona","description":"Nup\u016bsk dulkes ir klausyk LP","potentialAction":[{"@type":"SearchAction","target":{"@type":"EntryPoint","urlTemplate":"https:\/\/vinilozona.lt\/?s={search_term_string}"},"query-input":{"@type":"PropertyValueSpecification","valueRequired":true,"valueName":"search_term_string"}}],"inLanguage":"en-GB"}]}},"_links":{"self":[{"href":"https:\/\/vinilozona.lt\/en\/wp-json\/wp\/v2\/product\/16835"}],"collection":[{"href":"https:\/\/vinilozona.lt\/en\/wp-json\/wp\/v2\/product"}],"about":[{"href":"https:\/\/vinilozona.lt\/en\/wp-json\/wp\/v2\/types\/product"}],"wp:attachment":[{"href":"https:\/\/vinilozona.lt\/en\/wp-json\/wp\/v2\/media?parent=16835"}],"wp:term":[{"taxonomy":"product_cat","embeddable":true,"href":"https:\/\/vinilozona.lt\/en\/wp-json\/wp\/v2\/product_cat?post=16835"},{"taxonomy":"product_tag","embeddable":true,"href":"https:\/\/vinilozona.lt\/en\/wp-json\/wp\/v2\/product_tag?post=16835"}],"curies":[{"name":"wp","href":"https:\/\/api.w.org\/{rel}","templated":true}]}}