{"id":16814,"date":"2021-11-17T19:58:07","date_gmt":"2021-11-17T17:58:07","guid":{"rendered":"https:\/\/vinilozona.lt\/?post_type=product&#038;p=16814"},"modified":"2022-10-23T15:51:13","modified_gmt":"2022-10-23T12:51:13","slug":"kate-bush-%e3%82%b1%e3%82%a4%e3%83%88%e3%83%bb%e3%83%96%e3%83%83%e3%82%b7%e3%83%a5-never-for-ever-%e9%ad%94%e7%89%a9%e8%aa%9e","status":"publish","type":"product","link":"https:\/\/vinilozona.lt\/en\/parduotuve\/made-in-japan\/kate-bush-%e3%82%b1%e3%82%a4%e3%83%88%e3%83%bb%e3%83%96%e3%83%83%e3%82%b7%e3%83%a5-never-for-ever-%e9%ad%94%e7%89%a9%e8%aa%9e\/","title":{"rendered":"Kate Bush = \u30b1\u30a4\u30c8\u30fb\u30d6\u30c3\u30b7\u30e5* \u2013 Never For Ever = \u9b54\u7269\u8a9e"},"content":{"rendered":"<p>Babooshka<br \/>\nDelius<br \/>\nBlow Away<br \/>\nAll We Ever Look For<br \/>\nEgypt<br \/>\nThe Wedding List<br \/>\nViolin<br \/>\nThe Infant Kiss<br \/>\nNight Scented Stock<br \/>\nArmy Dreamers<br \/>\nBreathing<\/p>","protected":false},"excerpt":{"rendered":"<p>EMI \u2013 EMS-81336<br \/>\nFormat:<br \/>\nVinyl, LP, Album<br \/>\nCountry:\tJapan<br \/>\nReleased:\tSep 8, 1980<\/p>","protected":false},"featured_media":16815,"template":"","meta":[],"product_cat":[39],"product_tag":[239],"yoast_head":"<!-- This site is optimized with the Yoast SEO plugin v23.5 - https:\/\/yoast.com\/wordpress\/plugins\/seo\/ -->\n<title>Kate Bush = \u30b1\u30a4\u30c8\u30fb\u30d6\u30c3\u30b7\u30e5* \u2013 Never For Ever = \u9b54\u7269\u8a9e Vinilin\u0117 Plok\u0161tel\u0117 | Vinilozona.lt<\/title>\n<meta name=\"robots\" content=\"index, follow, max-snippet:-1, max-image-preview:large, max-video-preview:-1\" \/>\n<link rel=\"canonical\" href=\"https:\/\/vinilozona.lt\/en\/parduotuve\/made-in-japan\/kate-bush-\u30b1\u30a4\u30c8\u30fb\u30d6\u30c3\u30b7\u30e5-never-for-ever-\u9b54\u7269\u8a9e\/\" \/>\n<meta property=\"og:locale\" content=\"en_GB\" \/>\n<meta property=\"og:type\" content=\"article\" \/>\n<meta property=\"og:title\" content=\"Kate Bush = \u30b1\u30a4\u30c8\u30fb\u30d6\u30c3\u30b7\u30e5* \u2013 Never For Ever = \u9b54\u7269\u8a9e Vinilin\u0117 Plok\u0161tel\u0117 | Vinilozona.lt\" \/>\n<meta property=\"og:description\" content=\"EMI \u2013 EMS-81336 Format:  Vinyl, LP, Album Country: Japan Released: Sep 8, 1980\" \/>\n<meta property=\"og:url\" content=\"https:\/\/vinilozona.lt\/en\/parduotuve\/made-in-japan\/kate-bush-\u30b1\u30a4\u30c8\u30fb\u30d6\u30c3\u30b7\u30e5-never-for-ever-\u9b54\u7269\u8a9e\/\" \/>\n<meta property=\"og:site_name\" content=\"Vinilo Zona\" \/>\n<meta property=\"article:modified_time\" content=\"2022-10-23T12:51:13+00:00\" \/>\n<meta property=\"og:image\" content=\"https:\/\/vinilozona.lt\/wp-content\/uploads\/2021\/11\/R-1869846-1249052582.jpeg.jpg\" \/>\n\t<meta property=\"og:image:width\" content=\"584\" \/>\n\t<meta property=\"og:image:height\" content=\"586\" \/>\n\t<meta property=\"og:image:type\" content=\"image\/jpeg\" \/>\n<meta name=\"twitter:card\" content=\"summary_large_image\" \/>\n<script type=\"application\/ld+json\" class=\"yoast-schema-graph\">{\"@context\":\"https:\/\/schema.org\",\"@graph\":[{\"@type\":\"WebPage\",\"@id\":\"https:\/\/vinilozona.lt\/parduotuve\/made-in-japan\/kate-bush-%e3%82%b1%e3%82%a4%e3%83%88%e3%83%bb%e3%83%96%e3%83%83%e3%82%b7%e3%83%a5-never-for-ever-%e9%ad%94%e7%89%a9%e8%aa%9e\/\",\"url\":\"https:\/\/vinilozona.lt\/parduotuve\/made-in-japan\/kate-bush-%e3%82%b1%e3%82%a4%e3%83%88%e3%83%bb%e3%83%96%e3%83%83%e3%82%b7%e3%83%a5-never-for-ever-%e9%ad%94%e7%89%a9%e8%aa%9e\/\",\"name\":\"Kate Bush = \u30b1\u30a4\u30c8\u30fb\u30d6\u30c3\u30b7\u30e5* \u2013 Never For Ever = \u9b54\u7269\u8a9e Vinilin\u0117 Plok\u0161tel\u0117 | Vinilozona.lt\",\"isPartOf\":{\"@id\":\"https:\/\/vinilozona.lt\/#website\"},\"primaryImageOfPage\":{\"@id\":\"https:\/\/vinilozona.lt\/parduotuve\/made-in-japan\/kate-bush-%e3%82%b1%e3%82%a4%e3%83%88%e3%83%bb%e3%83%96%e3%83%83%e3%82%b7%e3%83%a5-never-for-ever-%e9%ad%94%e7%89%a9%e8%aa%9e\/#primaryimage\"},\"image\":{\"@id\":\"https:\/\/vinilozona.lt\/parduotuve\/made-in-japan\/kate-bush-%e3%82%b1%e3%82%a4%e3%83%88%e3%83%bb%e3%83%96%e3%83%83%e3%82%b7%e3%83%a5-never-for-ever-%e9%ad%94%e7%89%a9%e8%aa%9e\/#primaryimage\"},\"thumbnailUrl\":\"https:\/\/vinilozona.lt\/wp-content\/uploads\/2021\/11\/R-1869846-1249052582.jpeg.jpg\",\"datePublished\":\"2021-11-17T17:58:07+00:00\",\"dateModified\":\"2022-10-23T12:51:13+00:00\",\"breadcrumb\":{\"@id\":\"https:\/\/vinilozona.lt\/parduotuve\/made-in-japan\/kate-bush-%e3%82%b1%e3%82%a4%e3%83%88%e3%83%bb%e3%83%96%e3%83%83%e3%82%b7%e3%83%a5-never-for-ever-%e9%ad%94%e7%89%a9%e8%aa%9e\/#breadcrumb\"},\"inLanguage\":\"en-GB\",\"potentialAction\":[{\"@type\":\"ReadAction\",\"target\":[\"https:\/\/vinilozona.lt\/parduotuve\/made-in-japan\/kate-bush-%e3%82%b1%e3%82%a4%e3%83%88%e3%83%bb%e3%83%96%e3%83%83%e3%82%b7%e3%83%a5-never-for-ever-%e9%ad%94%e7%89%a9%e8%aa%9e\/\"]}]},{\"@type\":\"ImageObject\",\"inLanguage\":\"en-GB\",\"@id\":\"https:\/\/vinilozona.lt\/parduotuve\/made-in-japan\/kate-bush-%e3%82%b1%e3%82%a4%e3%83%88%e3%83%bb%e3%83%96%e3%83%83%e3%82%b7%e3%83%a5-never-for-ever-%e9%ad%94%e7%89%a9%e8%aa%9e\/#primaryimage\",\"url\":\"https:\/\/vinilozona.lt\/wp-content\/uploads\/2021\/11\/R-1869846-1249052582.jpeg.jpg\",\"contentUrl\":\"https:\/\/vinilozona.lt\/wp-content\/uploads\/2021\/11\/R-1869846-1249052582.jpeg.jpg\",\"width\":584,\"height\":586},{\"@type\":\"BreadcrumbList\",\"@id\":\"https:\/\/vinilozona.lt\/parduotuve\/made-in-japan\/kate-bush-%e3%82%b1%e3%82%a4%e3%83%88%e3%83%bb%e3%83%96%e3%83%83%e3%82%b7%e3%83%a5-never-for-ever-%e9%ad%94%e7%89%a9%e8%aa%9e\/#breadcrumb\",\"itemListElement\":[{\"@type\":\"ListItem\",\"position\":1,\"name\":\"Home\",\"item\":\"https:\/\/vinilozona.lt\/\"},{\"@type\":\"ListItem\",\"position\":2,\"name\":\"Parduotuv\u0117\",\"item\":\"https:\/\/vinilozona.lt\/parduotuve\/\"},{\"@type\":\"ListItem\",\"position\":3,\"name\":\"Kate Bush = \u30b1\u30a4\u30c8\u30fb\u30d6\u30c3\u30b7\u30e5* \u2013 Never For Ever = \u9b54\u7269\u8a9e\"}]},{\"@type\":\"WebSite\",\"@id\":\"https:\/\/vinilozona.lt\/#website\",\"url\":\"https:\/\/vinilozona.lt\/\",\"name\":\"Vinilo Zona\",\"description\":\"Nup\u016bsk dulkes ir klausyk LP\",\"potentialAction\":[{\"@type\":\"SearchAction\",\"target\":{\"@type\":\"EntryPoint\",\"urlTemplate\":\"https:\/\/vinilozona.lt\/?s={search_term_string}\"},\"query-input\":{\"@type\":\"PropertyValueSpecification\",\"valueRequired\":true,\"valueName\":\"search_term_string\"}}],\"inLanguage\":\"en-GB\"}]}<\/script>\n<!-- \/ Yoast SEO plugin. -->","yoast_head_json":{"title":"Kate Bush = \u30b1\u30a4\u30c8\u30fb\u30d6\u30c3\u30b7\u30e5* \u2013 Never For Ever = \u9b54\u7269\u8a9e Vinilin\u0117 Plok\u0161tel\u0117 | Vinilozona.lt","robots":{"index":"index","follow":"follow","max-snippet":"max-snippet:-1","max-image-preview":"max-image-preview:large","max-video-preview":"max-video-preview:-1"},"canonical":"https:\/\/vinilozona.lt\/en\/parduotuve\/made-in-japan\/kate-bush-\u30b1\u30a4\u30c8\u30fb\u30d6\u30c3\u30b7\u30e5-never-for-ever-\u9b54\u7269\u8a9e\/","og_locale":"en_GB","og_type":"article","og_title":"Kate Bush = \u30b1\u30a4\u30c8\u30fb\u30d6\u30c3\u30b7\u30e5* \u2013 Never For Ever = \u9b54\u7269\u8a9e Vinilin\u0117 Plok\u0161tel\u0117 | Vinilozona.lt","og_description":"EMI \u2013 EMS-81336 Format:  Vinyl, LP, Album Country: Japan Released: Sep 8, 1980","og_url":"https:\/\/vinilozona.lt\/en\/parduotuve\/made-in-japan\/kate-bush-\u30b1\u30a4\u30c8\u30fb\u30d6\u30c3\u30b7\u30e5-never-for-ever-\u9b54\u7269\u8a9e\/","og_site_name":"Vinilo Zona","article_modified_time":"2022-10-23T12:51:13+00:00","og_image":[{"width":584,"height":586,"url":"https:\/\/vinilozona.lt\/wp-content\/uploads\/2021\/11\/R-1869846-1249052582.jpeg.jpg","type":"image\/jpeg"}],"twitter_card":"summary_large_image","schema":{"@context":"https:\/\/schema.org","@graph":[{"@type":"WebPage","@id":"https:\/\/vinilozona.lt\/parduotuve\/made-in-japan\/kate-bush-%e3%82%b1%e3%82%a4%e3%83%88%e3%83%bb%e3%83%96%e3%83%83%e3%82%b7%e3%83%a5-never-for-ever-%e9%ad%94%e7%89%a9%e8%aa%9e\/","url":"https:\/\/vinilozona.lt\/parduotuve\/made-in-japan\/kate-bush-%e3%82%b1%e3%82%a4%e3%83%88%e3%83%bb%e3%83%96%e3%83%83%e3%82%b7%e3%83%a5-never-for-ever-%e9%ad%94%e7%89%a9%e8%aa%9e\/","name":"Kate Bush = \u30b1\u30a4\u30c8\u30fb\u30d6\u30c3\u30b7\u30e5* \u2013 Never For Ever = \u9b54\u7269\u8a9e Vinilin\u0117 Plok\u0161tel\u0117 | Vinilozona.lt","isPartOf":{"@id":"https:\/\/vinilozona.lt\/#website"},"primaryImageOfPage":{"@id":"https:\/\/vinilozona.lt\/parduotuve\/made-in-japan\/kate-bush-%e3%82%b1%e3%82%a4%e3%83%88%e3%83%bb%e3%83%96%e3%83%83%e3%82%b7%e3%83%a5-never-for-ever-%e9%ad%94%e7%89%a9%e8%aa%9e\/#primaryimage"},"image":{"@id":"https:\/\/vinilozona.lt\/parduotuve\/made-in-japan\/kate-bush-%e3%82%b1%e3%82%a4%e3%83%88%e3%83%bb%e3%83%96%e3%83%83%e3%82%b7%e3%83%a5-never-for-ever-%e9%ad%94%e7%89%a9%e8%aa%9e\/#primaryimage"},"thumbnailUrl":"https:\/\/vinilozona.lt\/wp-content\/uploads\/2021\/11\/R-1869846-1249052582.jpeg.jpg","datePublished":"2021-11-17T17:58:07+00:00","dateModified":"2022-10-23T12:51:13+00:00","breadcrumb":{"@id":"https:\/\/vinilozona.lt\/parduotuve\/made-in-japan\/kate-bush-%e3%82%b1%e3%82%a4%e3%83%88%e3%83%bb%e3%83%96%e3%83%83%e3%82%b7%e3%83%a5-never-for-ever-%e9%ad%94%e7%89%a9%e8%aa%9e\/#breadcrumb"},"inLanguage":"en-GB","potentialAction":[{"@type":"ReadAction","target":["https:\/\/vinilozona.lt\/parduotuve\/made-in-japan\/kate-bush-%e3%82%b1%e3%82%a4%e3%83%88%e3%83%bb%e3%83%96%e3%83%83%e3%82%b7%e3%83%a5-never-for-ever-%e9%ad%94%e7%89%a9%e8%aa%9e\/"]}]},{"@type":"ImageObject","inLanguage":"en-GB","@id":"https:\/\/vinilozona.lt\/parduotuve\/made-in-japan\/kate-bush-%e3%82%b1%e3%82%a4%e3%83%88%e3%83%bb%e3%83%96%e3%83%83%e3%82%b7%e3%83%a5-never-for-ever-%e9%ad%94%e7%89%a9%e8%aa%9e\/#primaryimage","url":"https:\/\/vinilozona.lt\/wp-content\/uploads\/2021\/11\/R-1869846-1249052582.jpeg.jpg","contentUrl":"https:\/\/vinilozona.lt\/wp-content\/uploads\/2021\/11\/R-1869846-1249052582.jpeg.jpg","width":584,"height":586},{"@type":"BreadcrumbList","@id":"https:\/\/vinilozona.lt\/parduotuve\/made-in-japan\/kate-bush-%e3%82%b1%e3%82%a4%e3%83%88%e3%83%bb%e3%83%96%e3%83%83%e3%82%b7%e3%83%a5-never-for-ever-%e9%ad%94%e7%89%a9%e8%aa%9e\/#breadcrumb","itemListElement":[{"@type":"ListItem","position":1,"name":"Home","item":"https:\/\/vinilozona.lt\/"},{"@type":"ListItem","position":2,"name":"Parduotuv\u0117","item":"https:\/\/vinilozona.lt\/parduotuve\/"},{"@type":"ListItem","position":3,"name":"Kate Bush = \u30b1\u30a4\u30c8\u30fb\u30d6\u30c3\u30b7\u30e5* \u2013 Never For Ever = \u9b54\u7269\u8a9e"}]},{"@type":"WebSite","@id":"https:\/\/vinilozona.lt\/#website","url":"https:\/\/vinilozona.lt\/","name":"Vinilo Zona","description":"Nup\u016bsk dulkes ir klausyk LP","potentialAction":[{"@type":"SearchAction","target":{"@type":"EntryPoint","urlTemplate":"https:\/\/vinilozona.lt\/?s={search_term_string}"},"query-input":{"@type":"PropertyValueSpecification","valueRequired":true,"valueName":"search_term_string"}}],"inLanguage":"en-GB"}]}},"_links":{"self":[{"href":"https:\/\/vinilozona.lt\/en\/wp-json\/wp\/v2\/product\/16814"}],"collection":[{"href":"https:\/\/vinilozona.lt\/en\/wp-json\/wp\/v2\/product"}],"about":[{"href":"https:\/\/vinilozona.lt\/en\/wp-json\/wp\/v2\/types\/product"}],"wp:featuredmedia":[{"embeddable":true,"href":"https:\/\/vinilozona.lt\/en\/wp-json\/wp\/v2\/media\/16815"}],"wp:attachment":[{"href":"https:\/\/vinilozona.lt\/en\/wp-json\/wp\/v2\/media?parent=16814"}],"wp:term":[{"taxonomy":"product_cat","embeddable":true,"href":"https:\/\/vinilozona.lt\/en\/wp-json\/wp\/v2\/product_cat?post=16814"},{"taxonomy":"product_tag","embeddable":true,"href":"https:\/\/vinilozona.lt\/en\/wp-json\/wp\/v2\/product_tag?post=16814"}],"curies":[{"name":"wp","href":"https:\/\/api.w.org\/{rel}","templated":true}]}}