{"id":16788,"date":"2021-11-17T15:37:19","date_gmt":"2021-11-17T13:37:19","guid":{"rendered":"https:\/\/vinilozona.lt\/?post_type=product&#038;p=16788"},"modified":"2021-11-17T15:38:29","modified_gmt":"2021-11-17T13:38:29","slug":"16788","status":"publish","type":"product","link":"https:\/\/vinilozona.lt\/en\/parduotuve\/made-in-japan\/16788\/","title":{"rendered":"Japan \u2013 Gentlemen Take Polaroids = \u5b64\u72ec\u306a\u5f71"},"content":{"rendered":"<p>A1\t\tGentlemen Take Polaroids = \u5b64\u72ec\u306a\u5f71\t7:04<br \/>\nA2\t\tSwing = \u30b9\u30a4\u30f3\u30b0\t6:23<br \/>\nA3\t\tBurning Bridges = \u30d0\u30fc\u30cb\u30f3\u30b0\u30fb\u30d6\u30ea\u30c3\u30b8\u30ba\t5:20<br \/>\nA4\t\tMy New Career = \u30de\u30a4\u30fb\u30cb\u30e5\u30fc\u30fb\u30ab\u30ea\u30a2\u30fc\t3:52<br \/>\nB1\t\tMethods Of Dance = \u30e1\u30bd\u30c3\u30ba\u30fb\u30aa\u30d6\u30fb\u30c0\u30f3\u30b9\t6:52<br \/>\nB2\t\tAin&#8217;t That Peculiar = \u30a8\u30a4\u30f3\u30c8\u30fb\u30b6\u30c3\u30c8\u30fb\u30da\u30ad\u30e5\u30ea\u30a2\u30fc 4:36<br \/>\nB3\t\tNightporter = \u30ca\u30a4\u30c8\u30fb\u30dd\u30fc\u30bf\u30fc\t6:54<br \/>\nB4\t\tTaking Islands In Africa = \u30c6\u30a4\u30ad\u30f3\u30b0\u30fb\u30a2\u30a4\u30e9\u30f3\u30ba\u30fb\u30a4\u30f3\u30fb\u30a2\u30d5\u30ea\u30ab 5:10<\/p>","protected":false},"excerpt":{"rendered":"<p>Virgin \u2013 VIP-6969, Virgin \u2013 VIRG-6969<br \/>\nFormat:<br \/>\nVinyl, LP, Album, Reissue, Stereo<br \/>\nCountry:\tJapan<br \/>\nReleased:\tNov 15, 1980<\/p>","protected":false},"featured_media":16789,"template":"","meta":[],"product_cat":[39],"product_tag":[239],"yoast_head":"<!-- This site is optimized with the Yoast SEO plugin v23.5 - https:\/\/yoast.com\/wordpress\/plugins\/seo\/ -->\n<title>Japan \u2013 Gentlemen Take Polaroids = \u5b64\u72ec\u306a\u5f71 Vinilin\u0117 Plok\u0161tel\u0117 | Vinilozona.lt<\/title>\n<meta name=\"robots\" content=\"index, follow, max-snippet:-1, max-image-preview:large, max-video-preview:-1\" \/>\n<link rel=\"canonical\" href=\"https:\/\/vinilozona.lt\/en\/parduotuve\/made-in-japan\/16788\/\" \/>\n<meta property=\"og:locale\" content=\"en_GB\" \/>\n<meta property=\"og:type\" content=\"article\" \/>\n<meta property=\"og:title\" content=\"Japan \u2013 Gentlemen Take Polaroids = \u5b64\u72ec\u306a\u5f71 Vinilin\u0117 Plok\u0161tel\u0117 | Vinilozona.lt\" \/>\n<meta property=\"og:description\" content=\"Virgin \u2013 VIP-6969, Virgin \u2013 VIRG-6969 Format:  Vinyl, LP, Album, Reissue, Stereo Country: Japan Released: Nov 15, 1980\" \/>\n<meta property=\"og:url\" content=\"https:\/\/vinilozona.lt\/en\/parduotuve\/made-in-japan\/16788\/\" \/>\n<meta property=\"og:site_name\" content=\"Vinilo Zona\" \/>\n<meta property=\"article:modified_time\" content=\"2021-11-17T13:38:29+00:00\" \/>\n<meta property=\"og:image\" content=\"https:\/\/vinilozona.lt\/wp-content\/uploads\/2021\/11\/R-435747-1470672168-4354.jpeg.jpg\" \/>\n\t<meta property=\"og:image:width\" content=\"600\" \/>\n\t<meta property=\"og:image:height\" content=\"536\" \/>\n\t<meta property=\"og:image:type\" content=\"image\/jpeg\" \/>\n<meta name=\"twitter:card\" content=\"summary_large_image\" \/>\n<script type=\"application\/ld+json\" class=\"yoast-schema-graph\">{\"@context\":\"https:\/\/schema.org\",\"@graph\":[{\"@type\":\"WebPage\",\"@id\":\"https:\/\/vinilozona.lt\/parduotuve\/made-in-japan\/16788\/\",\"url\":\"https:\/\/vinilozona.lt\/parduotuve\/made-in-japan\/16788\/\",\"name\":\"Japan \u2013 Gentlemen Take Polaroids = \u5b64\u72ec\u306a\u5f71 Vinilin\u0117 Plok\u0161tel\u0117 | Vinilozona.lt\",\"isPartOf\":{\"@id\":\"https:\/\/vinilozona.lt\/#website\"},\"primaryImageOfPage\":{\"@id\":\"https:\/\/vinilozona.lt\/parduotuve\/made-in-japan\/16788\/#primaryimage\"},\"image\":{\"@id\":\"https:\/\/vinilozona.lt\/parduotuve\/made-in-japan\/16788\/#primaryimage\"},\"thumbnailUrl\":\"https:\/\/vinilozona.lt\/wp-content\/uploads\/2021\/11\/R-435747-1470672168-4354.jpeg.jpg\",\"datePublished\":\"2021-11-17T13:37:19+00:00\",\"dateModified\":\"2021-11-17T13:38:29+00:00\",\"breadcrumb\":{\"@id\":\"https:\/\/vinilozona.lt\/parduotuve\/made-in-japan\/16788\/#breadcrumb\"},\"inLanguage\":\"en-GB\",\"potentialAction\":[{\"@type\":\"ReadAction\",\"target\":[\"https:\/\/vinilozona.lt\/parduotuve\/made-in-japan\/16788\/\"]}]},{\"@type\":\"ImageObject\",\"inLanguage\":\"en-GB\",\"@id\":\"https:\/\/vinilozona.lt\/parduotuve\/made-in-japan\/16788\/#primaryimage\",\"url\":\"https:\/\/vinilozona.lt\/wp-content\/uploads\/2021\/11\/R-435747-1470672168-4354.jpeg.jpg\",\"contentUrl\":\"https:\/\/vinilozona.lt\/wp-content\/uploads\/2021\/11\/R-435747-1470672168-4354.jpeg.jpg\",\"width\":600,\"height\":536},{\"@type\":\"BreadcrumbList\",\"@id\":\"https:\/\/vinilozona.lt\/parduotuve\/made-in-japan\/16788\/#breadcrumb\",\"itemListElement\":[{\"@type\":\"ListItem\",\"position\":1,\"name\":\"Home\",\"item\":\"https:\/\/vinilozona.lt\/\"},{\"@type\":\"ListItem\",\"position\":2,\"name\":\"Parduotuv\u0117\",\"item\":\"https:\/\/vinilozona.lt\/parduotuve\/\"},{\"@type\":\"ListItem\",\"position\":3,\"name\":\"Japan \u2013 Gentlemen Take Polaroids = \u5b64\u72ec\u306a\u5f71\"}]},{\"@type\":\"WebSite\",\"@id\":\"https:\/\/vinilozona.lt\/#website\",\"url\":\"https:\/\/vinilozona.lt\/\",\"name\":\"Vinilo Zona\",\"description\":\"Nup\u016bsk dulkes ir klausyk LP\",\"potentialAction\":[{\"@type\":\"SearchAction\",\"target\":{\"@type\":\"EntryPoint\",\"urlTemplate\":\"https:\/\/vinilozona.lt\/?s={search_term_string}\"},\"query-input\":{\"@type\":\"PropertyValueSpecification\",\"valueRequired\":true,\"valueName\":\"search_term_string\"}}],\"inLanguage\":\"en-GB\"}]}<\/script>\n<!-- \/ Yoast SEO plugin. -->","yoast_head_json":{"title":"Japan \u2013 Gentlemen Take Polaroids = \u5b64\u72ec\u306a\u5f71 Vinilin\u0117 Plok\u0161tel\u0117 | Vinilozona.lt","robots":{"index":"index","follow":"follow","max-snippet":"max-snippet:-1","max-image-preview":"max-image-preview:large","max-video-preview":"max-video-preview:-1"},"canonical":"https:\/\/vinilozona.lt\/en\/parduotuve\/made-in-japan\/16788\/","og_locale":"en_GB","og_type":"article","og_title":"Japan \u2013 Gentlemen Take Polaroids = \u5b64\u72ec\u306a\u5f71 Vinilin\u0117 Plok\u0161tel\u0117 | Vinilozona.lt","og_description":"Virgin \u2013 VIP-6969, Virgin \u2013 VIRG-6969 Format:  Vinyl, LP, Album, Reissue, Stereo Country: Japan Released: Nov 15, 1980","og_url":"https:\/\/vinilozona.lt\/en\/parduotuve\/made-in-japan\/16788\/","og_site_name":"Vinilo Zona","article_modified_time":"2021-11-17T13:38:29+00:00","og_image":[{"width":600,"height":536,"url":"https:\/\/vinilozona.lt\/wp-content\/uploads\/2021\/11\/R-435747-1470672168-4354.jpeg.jpg","type":"image\/jpeg"}],"twitter_card":"summary_large_image","schema":{"@context":"https:\/\/schema.org","@graph":[{"@type":"WebPage","@id":"https:\/\/vinilozona.lt\/parduotuve\/made-in-japan\/16788\/","url":"https:\/\/vinilozona.lt\/parduotuve\/made-in-japan\/16788\/","name":"Japan \u2013 Gentlemen Take Polaroids = \u5b64\u72ec\u306a\u5f71 Vinilin\u0117 Plok\u0161tel\u0117 | Vinilozona.lt","isPartOf":{"@id":"https:\/\/vinilozona.lt\/#website"},"primaryImageOfPage":{"@id":"https:\/\/vinilozona.lt\/parduotuve\/made-in-japan\/16788\/#primaryimage"},"image":{"@id":"https:\/\/vinilozona.lt\/parduotuve\/made-in-japan\/16788\/#primaryimage"},"thumbnailUrl":"https:\/\/vinilozona.lt\/wp-content\/uploads\/2021\/11\/R-435747-1470672168-4354.jpeg.jpg","datePublished":"2021-11-17T13:37:19+00:00","dateModified":"2021-11-17T13:38:29+00:00","breadcrumb":{"@id":"https:\/\/vinilozona.lt\/parduotuve\/made-in-japan\/16788\/#breadcrumb"},"inLanguage":"en-GB","potentialAction":[{"@type":"ReadAction","target":["https:\/\/vinilozona.lt\/parduotuve\/made-in-japan\/16788\/"]}]},{"@type":"ImageObject","inLanguage":"en-GB","@id":"https:\/\/vinilozona.lt\/parduotuve\/made-in-japan\/16788\/#primaryimage","url":"https:\/\/vinilozona.lt\/wp-content\/uploads\/2021\/11\/R-435747-1470672168-4354.jpeg.jpg","contentUrl":"https:\/\/vinilozona.lt\/wp-content\/uploads\/2021\/11\/R-435747-1470672168-4354.jpeg.jpg","width":600,"height":536},{"@type":"BreadcrumbList","@id":"https:\/\/vinilozona.lt\/parduotuve\/made-in-japan\/16788\/#breadcrumb","itemListElement":[{"@type":"ListItem","position":1,"name":"Home","item":"https:\/\/vinilozona.lt\/"},{"@type":"ListItem","position":2,"name":"Parduotuv\u0117","item":"https:\/\/vinilozona.lt\/parduotuve\/"},{"@type":"ListItem","position":3,"name":"Japan \u2013 Gentlemen Take Polaroids = \u5b64\u72ec\u306a\u5f71"}]},{"@type":"WebSite","@id":"https:\/\/vinilozona.lt\/#website","url":"https:\/\/vinilozona.lt\/","name":"Vinilo Zona","description":"Nup\u016bsk dulkes ir klausyk LP","potentialAction":[{"@type":"SearchAction","target":{"@type":"EntryPoint","urlTemplate":"https:\/\/vinilozona.lt\/?s={search_term_string}"},"query-input":{"@type":"PropertyValueSpecification","valueRequired":true,"valueName":"search_term_string"}}],"inLanguage":"en-GB"}]}},"_links":{"self":[{"href":"https:\/\/vinilozona.lt\/en\/wp-json\/wp\/v2\/product\/16788"}],"collection":[{"href":"https:\/\/vinilozona.lt\/en\/wp-json\/wp\/v2\/product"}],"about":[{"href":"https:\/\/vinilozona.lt\/en\/wp-json\/wp\/v2\/types\/product"}],"wp:featuredmedia":[{"embeddable":true,"href":"https:\/\/vinilozona.lt\/en\/wp-json\/wp\/v2\/media\/16789"}],"wp:attachment":[{"href":"https:\/\/vinilozona.lt\/en\/wp-json\/wp\/v2\/media?parent=16788"}],"wp:term":[{"taxonomy":"product_cat","embeddable":true,"href":"https:\/\/vinilozona.lt\/en\/wp-json\/wp\/v2\/product_cat?post=16788"},{"taxonomy":"product_tag","embeddable":true,"href":"https:\/\/vinilozona.lt\/en\/wp-json\/wp\/v2\/product_tag?post=16788"}],"curies":[{"name":"wp","href":"https:\/\/api.w.org\/{rel}","templated":true}]}}