{"id":16784,"date":"2021-11-17T15:28:32","date_gmt":"2021-11-17T13:28:32","guid":{"rendered":"https:\/\/vinilozona.lt\/?post_type=product&#038;p=16784"},"modified":"2021-11-17T15:28:32","modified_gmt":"2021-11-17T13:28:32","slug":"japan-adolescent-sex-%e6%9e%9c%e3%81%a6%e3%81%97%e3%81%aa%e3%81%8d%e5%8f%8d%e6%8a%97","status":"publish","type":"product","link":"https:\/\/vinilozona.lt\/en\/parduotuve\/made-in-japan\/japan-adolescent-sex-%e6%9e%9c%e3%81%a6%e3%81%97%e3%81%aa%e3%81%8d%e5%8f%8d%e6%8a%97\/","title":{"rendered":"Japan \u2013 Adolescent Sex = \u679c\u3066\u3057\u306a\u304d\u53cd\u6297"},"content":{"rendered":"<p>A1\t\tTransmission = \u9b45\u60d1\u3078\u306e\u62db\u5f85\t4:45<br \/>\nA2\t\tThe Unconventional = \u5947\u3057\u3044\u7d46\t3:00<br \/>\nA3\t\tWish You Were Black = \u9ed2\u4eba\u306a\u3089\u3070\t4:48<br \/>\nA4\t\tPerformance = \u7f8e\u3057\u304d\u611b\u6b32\t4:35<br \/>\nA5\t\tLovers On Main Street = \u8868\u901a\u308a\u306e\u611b\u4eba\u9054\t4:06<br \/>\nA6\t\tDon&#8217;t Rain On My Parade = \u30d1\u30ec\u30fc\u30c9\u306b\u96e8\u3092\u964d\u3089\u305b\u306a\u3044\u3067 2:54<br \/>\nB1\t\tSuburban Love = \u611b\u306e\u56de\u8ee2\u6728\u99ac\t7:26<br \/>\nB2\t\tAdolescent Sex = \u679c\u3066\u3057\u306a\u304d\u53cd\u6297\t3:43<br \/>\nB3\t\tCommunist China = \u30b3\u30df\u30e5\u30cb\u30b9\u30c8\u30fb\u30c1\u30e3\u30a4\u30ca\t2:45<br \/>\nB4\t\tTelevision = \u8a98\u60d1\u30b9\u30af\u30ea\u30fc\u30f3\t9:12<\/p>","protected":false},"excerpt":{"rendered":"<p>Hansa \u2013 VIP-6564, Hansa \u2013 AHA-6001<br \/>\nFormat:<br \/>\nVinyl, LP, Album, Stereo<br \/>\nCountry:\tJapan<br \/>\nReleased:\tMar 1978<\/p>","protected":false},"featured_media":16785,"template":"","meta":[],"product_cat":[39],"product_tag":[239],"yoast_head":"<!-- This site is optimized with the Yoast SEO plugin v23.5 - https:\/\/yoast.com\/wordpress\/plugins\/seo\/ -->\n<title>Japan \u2013 Adolescent Sex = \u679c\u3066\u3057\u306a\u304d\u53cd\u6297 Vinilin\u0117 Plok\u0161tel\u0117 | Vinilozona.lt<\/title>\n<meta name=\"robots\" content=\"index, follow, max-snippet:-1, max-image-preview:large, max-video-preview:-1\" \/>\n<link rel=\"canonical\" href=\"https:\/\/vinilozona.lt\/en\/parduotuve\/made-in-japan\/japan-adolescent-sex-\u679c\u3066\u3057\u306a\u304d\u53cd\u6297\/\" \/>\n<meta property=\"og:locale\" content=\"en_GB\" \/>\n<meta property=\"og:type\" content=\"article\" \/>\n<meta property=\"og:title\" content=\"Japan \u2013 Adolescent Sex = \u679c\u3066\u3057\u306a\u304d\u53cd\u6297 Vinilin\u0117 Plok\u0161tel\u0117 | Vinilozona.lt\" \/>\n<meta property=\"og:description\" content=\"Hansa \u2013 VIP-6564, Hansa \u2013 AHA-6001 Format:  Vinyl, LP, Album, Stereo Country: Japan Released: Mar 1978\" \/>\n<meta property=\"og:url\" content=\"https:\/\/vinilozona.lt\/en\/parduotuve\/made-in-japan\/japan-adolescent-sex-\u679c\u3066\u3057\u306a\u304d\u53cd\u6297\/\" \/>\n<meta property=\"og:site_name\" content=\"Vinilo Zona\" \/>\n<meta property=\"og:image\" content=\"https:\/\/vinilozona.lt\/wp-content\/uploads\/2021\/11\/R-1545388-1381584112-3404.jpeg.jpg\" \/>\n\t<meta property=\"og:image:width\" content=\"480\" \/>\n\t<meta property=\"og:image:height\" content=\"460\" \/>\n\t<meta property=\"og:image:type\" content=\"image\/jpeg\" \/>\n<meta name=\"twitter:card\" content=\"summary_large_image\" \/>\n<script type=\"application\/ld+json\" class=\"yoast-schema-graph\">{\"@context\":\"https:\/\/schema.org\",\"@graph\":[{\"@type\":\"WebPage\",\"@id\":\"https:\/\/vinilozona.lt\/parduotuve\/made-in-japan\/japan-adolescent-sex-%e6%9e%9c%e3%81%a6%e3%81%97%e3%81%aa%e3%81%8d%e5%8f%8d%e6%8a%97\/\",\"url\":\"https:\/\/vinilozona.lt\/parduotuve\/made-in-japan\/japan-adolescent-sex-%e6%9e%9c%e3%81%a6%e3%81%97%e3%81%aa%e3%81%8d%e5%8f%8d%e6%8a%97\/\",\"name\":\"Japan \u2013 Adolescent Sex = \u679c\u3066\u3057\u306a\u304d\u53cd\u6297 Vinilin\u0117 Plok\u0161tel\u0117 | Vinilozona.lt\",\"isPartOf\":{\"@id\":\"https:\/\/vinilozona.lt\/#website\"},\"primaryImageOfPage\":{\"@id\":\"https:\/\/vinilozona.lt\/parduotuve\/made-in-japan\/japan-adolescent-sex-%e6%9e%9c%e3%81%a6%e3%81%97%e3%81%aa%e3%81%8d%e5%8f%8d%e6%8a%97\/#primaryimage\"},\"image\":{\"@id\":\"https:\/\/vinilozona.lt\/parduotuve\/made-in-japan\/japan-adolescent-sex-%e6%9e%9c%e3%81%a6%e3%81%97%e3%81%aa%e3%81%8d%e5%8f%8d%e6%8a%97\/#primaryimage\"},\"thumbnailUrl\":\"https:\/\/vinilozona.lt\/wp-content\/uploads\/2021\/11\/R-1545388-1381584112-3404.jpeg.jpg\",\"datePublished\":\"2021-11-17T13:28:32+00:00\",\"dateModified\":\"2021-11-17T13:28:32+00:00\",\"breadcrumb\":{\"@id\":\"https:\/\/vinilozona.lt\/parduotuve\/made-in-japan\/japan-adolescent-sex-%e6%9e%9c%e3%81%a6%e3%81%97%e3%81%aa%e3%81%8d%e5%8f%8d%e6%8a%97\/#breadcrumb\"},\"inLanguage\":\"en-GB\",\"potentialAction\":[{\"@type\":\"ReadAction\",\"target\":[\"https:\/\/vinilozona.lt\/parduotuve\/made-in-japan\/japan-adolescent-sex-%e6%9e%9c%e3%81%a6%e3%81%97%e3%81%aa%e3%81%8d%e5%8f%8d%e6%8a%97\/\"]}]},{\"@type\":\"ImageObject\",\"inLanguage\":\"en-GB\",\"@id\":\"https:\/\/vinilozona.lt\/parduotuve\/made-in-japan\/japan-adolescent-sex-%e6%9e%9c%e3%81%a6%e3%81%97%e3%81%aa%e3%81%8d%e5%8f%8d%e6%8a%97\/#primaryimage\",\"url\":\"https:\/\/vinilozona.lt\/wp-content\/uploads\/2021\/11\/R-1545388-1381584112-3404.jpeg.jpg\",\"contentUrl\":\"https:\/\/vinilozona.lt\/wp-content\/uploads\/2021\/11\/R-1545388-1381584112-3404.jpeg.jpg\",\"width\":480,\"height\":460},{\"@type\":\"BreadcrumbList\",\"@id\":\"https:\/\/vinilozona.lt\/parduotuve\/made-in-japan\/japan-adolescent-sex-%e6%9e%9c%e3%81%a6%e3%81%97%e3%81%aa%e3%81%8d%e5%8f%8d%e6%8a%97\/#breadcrumb\",\"itemListElement\":[{\"@type\":\"ListItem\",\"position\":1,\"name\":\"Home\",\"item\":\"https:\/\/vinilozona.lt\/\"},{\"@type\":\"ListItem\",\"position\":2,\"name\":\"Parduotuv\u0117\",\"item\":\"https:\/\/vinilozona.lt\/parduotuve\/\"},{\"@type\":\"ListItem\",\"position\":3,\"name\":\"Japan \u2013 Adolescent Sex = \u679c\u3066\u3057\u306a\u304d\u53cd\u6297\"}]},{\"@type\":\"WebSite\",\"@id\":\"https:\/\/vinilozona.lt\/#website\",\"url\":\"https:\/\/vinilozona.lt\/\",\"name\":\"Vinilo Zona\",\"description\":\"Nup\u016bsk dulkes ir klausyk LP\",\"potentialAction\":[{\"@type\":\"SearchAction\",\"target\":{\"@type\":\"EntryPoint\",\"urlTemplate\":\"https:\/\/vinilozona.lt\/?s={search_term_string}\"},\"query-input\":{\"@type\":\"PropertyValueSpecification\",\"valueRequired\":true,\"valueName\":\"search_term_string\"}}],\"inLanguage\":\"en-GB\"}]}<\/script>\n<!-- \/ Yoast SEO plugin. -->","yoast_head_json":{"title":"Japan \u2013 Adolescent Sex = \u679c\u3066\u3057\u306a\u304d\u53cd\u6297 Vinilin\u0117 Plok\u0161tel\u0117 | Vinilozona.lt","robots":{"index":"index","follow":"follow","max-snippet":"max-snippet:-1","max-image-preview":"max-image-preview:large","max-video-preview":"max-video-preview:-1"},"canonical":"https:\/\/vinilozona.lt\/en\/parduotuve\/made-in-japan\/japan-adolescent-sex-\u679c\u3066\u3057\u306a\u304d\u53cd\u6297\/","og_locale":"en_GB","og_type":"article","og_title":"Japan \u2013 Adolescent Sex = \u679c\u3066\u3057\u306a\u304d\u53cd\u6297 Vinilin\u0117 Plok\u0161tel\u0117 | Vinilozona.lt","og_description":"Hansa \u2013 VIP-6564, Hansa \u2013 AHA-6001 Format:  Vinyl, LP, Album, Stereo Country: Japan Released: Mar 1978","og_url":"https:\/\/vinilozona.lt\/en\/parduotuve\/made-in-japan\/japan-adolescent-sex-\u679c\u3066\u3057\u306a\u304d\u53cd\u6297\/","og_site_name":"Vinilo Zona","og_image":[{"width":480,"height":460,"url":"https:\/\/vinilozona.lt\/wp-content\/uploads\/2021\/11\/R-1545388-1381584112-3404.jpeg.jpg","type":"image\/jpeg"}],"twitter_card":"summary_large_image","schema":{"@context":"https:\/\/schema.org","@graph":[{"@type":"WebPage","@id":"https:\/\/vinilozona.lt\/parduotuve\/made-in-japan\/japan-adolescent-sex-%e6%9e%9c%e3%81%a6%e3%81%97%e3%81%aa%e3%81%8d%e5%8f%8d%e6%8a%97\/","url":"https:\/\/vinilozona.lt\/parduotuve\/made-in-japan\/japan-adolescent-sex-%e6%9e%9c%e3%81%a6%e3%81%97%e3%81%aa%e3%81%8d%e5%8f%8d%e6%8a%97\/","name":"Japan \u2013 Adolescent Sex = \u679c\u3066\u3057\u306a\u304d\u53cd\u6297 Vinilin\u0117 Plok\u0161tel\u0117 | Vinilozona.lt","isPartOf":{"@id":"https:\/\/vinilozona.lt\/#website"},"primaryImageOfPage":{"@id":"https:\/\/vinilozona.lt\/parduotuve\/made-in-japan\/japan-adolescent-sex-%e6%9e%9c%e3%81%a6%e3%81%97%e3%81%aa%e3%81%8d%e5%8f%8d%e6%8a%97\/#primaryimage"},"image":{"@id":"https:\/\/vinilozona.lt\/parduotuve\/made-in-japan\/japan-adolescent-sex-%e6%9e%9c%e3%81%a6%e3%81%97%e3%81%aa%e3%81%8d%e5%8f%8d%e6%8a%97\/#primaryimage"},"thumbnailUrl":"https:\/\/vinilozona.lt\/wp-content\/uploads\/2021\/11\/R-1545388-1381584112-3404.jpeg.jpg","datePublished":"2021-11-17T13:28:32+00:00","dateModified":"2021-11-17T13:28:32+00:00","breadcrumb":{"@id":"https:\/\/vinilozona.lt\/parduotuve\/made-in-japan\/japan-adolescent-sex-%e6%9e%9c%e3%81%a6%e3%81%97%e3%81%aa%e3%81%8d%e5%8f%8d%e6%8a%97\/#breadcrumb"},"inLanguage":"en-GB","potentialAction":[{"@type":"ReadAction","target":["https:\/\/vinilozona.lt\/parduotuve\/made-in-japan\/japan-adolescent-sex-%e6%9e%9c%e3%81%a6%e3%81%97%e3%81%aa%e3%81%8d%e5%8f%8d%e6%8a%97\/"]}]},{"@type":"ImageObject","inLanguage":"en-GB","@id":"https:\/\/vinilozona.lt\/parduotuve\/made-in-japan\/japan-adolescent-sex-%e6%9e%9c%e3%81%a6%e3%81%97%e3%81%aa%e3%81%8d%e5%8f%8d%e6%8a%97\/#primaryimage","url":"https:\/\/vinilozona.lt\/wp-content\/uploads\/2021\/11\/R-1545388-1381584112-3404.jpeg.jpg","contentUrl":"https:\/\/vinilozona.lt\/wp-content\/uploads\/2021\/11\/R-1545388-1381584112-3404.jpeg.jpg","width":480,"height":460},{"@type":"BreadcrumbList","@id":"https:\/\/vinilozona.lt\/parduotuve\/made-in-japan\/japan-adolescent-sex-%e6%9e%9c%e3%81%a6%e3%81%97%e3%81%aa%e3%81%8d%e5%8f%8d%e6%8a%97\/#breadcrumb","itemListElement":[{"@type":"ListItem","position":1,"name":"Home","item":"https:\/\/vinilozona.lt\/"},{"@type":"ListItem","position":2,"name":"Parduotuv\u0117","item":"https:\/\/vinilozona.lt\/parduotuve\/"},{"@type":"ListItem","position":3,"name":"Japan \u2013 Adolescent Sex = \u679c\u3066\u3057\u306a\u304d\u53cd\u6297"}]},{"@type":"WebSite","@id":"https:\/\/vinilozona.lt\/#website","url":"https:\/\/vinilozona.lt\/","name":"Vinilo Zona","description":"Nup\u016bsk dulkes ir klausyk LP","potentialAction":[{"@type":"SearchAction","target":{"@type":"EntryPoint","urlTemplate":"https:\/\/vinilozona.lt\/?s={search_term_string}"},"query-input":{"@type":"PropertyValueSpecification","valueRequired":true,"valueName":"search_term_string"}}],"inLanguage":"en-GB"}]}},"_links":{"self":[{"href":"https:\/\/vinilozona.lt\/en\/wp-json\/wp\/v2\/product\/16784"}],"collection":[{"href":"https:\/\/vinilozona.lt\/en\/wp-json\/wp\/v2\/product"}],"about":[{"href":"https:\/\/vinilozona.lt\/en\/wp-json\/wp\/v2\/types\/product"}],"wp:featuredmedia":[{"embeddable":true,"href":"https:\/\/vinilozona.lt\/en\/wp-json\/wp\/v2\/media\/16785"}],"wp:attachment":[{"href":"https:\/\/vinilozona.lt\/en\/wp-json\/wp\/v2\/media?parent=16784"}],"wp:term":[{"taxonomy":"product_cat","embeddable":true,"href":"https:\/\/vinilozona.lt\/en\/wp-json\/wp\/v2\/product_cat?post=16784"},{"taxonomy":"product_tag","embeddable":true,"href":"https:\/\/vinilozona.lt\/en\/wp-json\/wp\/v2\/product_tag?post=16784"}],"curies":[{"name":"wp","href":"https:\/\/api.w.org\/{rel}","templated":true}]}}