{"id":16758,"date":"2021-11-17T12:17:18","date_gmt":"2021-11-17T10:17:18","guid":{"rendered":"https:\/\/vinilozona.lt\/?post_type=product&#038;p=16758"},"modified":"2021-11-17T12:17:19","modified_gmt":"2021-11-17T10:17:19","slug":"bryan-ferry-these-foolish-things","status":"publish","type":"product","link":"https:\/\/vinilozona.lt\/en\/parduotuve\/made-in-japan\/bryan-ferry-these-foolish-things\/","title":{"rendered":"Bryan Ferry \u2013 These Foolish Things"},"content":{"rendered":"<p>A Hard Rain&#8217;s A-Gonna Fall\t5:20<br \/>\nRiver Of Salt\t1:46<br \/>\nDon&#8217;t Ever Change\t2:13<br \/>\nPiece Of My Heart\t3:04<br \/>\nBaby I Don&#8217;t Care\t1:46<br \/>\nIt&#8217;s My Party\t2:01<br \/>\nDon&#8217;t Worry Baby\t4:10<br \/>\nSympathy For The Devil\t5:50<br \/>\nThe Tracks Of My Tears\t3:04<br \/>\nYou Won&#8217;t See Me\t2:32<br \/>\nI Love How You Love Me\t3:01<br \/>\nLoving You Is Sweeter Than Ever\t3:04<br \/>\nThese Foolish Things\t5:43<\/p>","protected":false},"excerpt":{"rendered":"<p>Polydor \u2013 MPF 1121<br \/>\nFormat:<br \/>\nVinyl, LP, Album<br \/>\nCountry:\tJapan<br \/>\nReleased:\t1977<\/p>","protected":false},"featured_media":16759,"template":"","meta":[],"product_cat":[39],"product_tag":[239],"yoast_head":"<!-- This site is optimized with the Yoast SEO plugin v23.5 - https:\/\/yoast.com\/wordpress\/plugins\/seo\/ -->\n<title>Bryan Ferry \u2013 These Foolish Things Vinilin\u0117 Plok\u0161tel\u0117 | Vinilozona.lt<\/title>\n<meta name=\"robots\" content=\"index, follow, max-snippet:-1, max-image-preview:large, max-video-preview:-1\" \/>\n<link rel=\"canonical\" href=\"https:\/\/vinilozona.lt\/en\/parduotuve\/made-in-japan\/bryan-ferry-these-foolish-things\/\" \/>\n<meta property=\"og:locale\" content=\"en_GB\" \/>\n<meta property=\"og:type\" content=\"article\" \/>\n<meta property=\"og:title\" content=\"Bryan Ferry \u2013 These Foolish Things Vinilin\u0117 Plok\u0161tel\u0117 | Vinilozona.lt\" \/>\n<meta property=\"og:description\" content=\"Polydor \u2013 MPF 1121 Format:  Vinyl, LP, Album Country: Japan Released: 1977\" \/>\n<meta property=\"og:url\" content=\"https:\/\/vinilozona.lt\/en\/parduotuve\/made-in-japan\/bryan-ferry-these-foolish-things\/\" \/>\n<meta property=\"og:site_name\" content=\"Vinilo Zona\" \/>\n<meta property=\"article:modified_time\" content=\"2021-11-17T10:17:19+00:00\" \/>\n<meta property=\"og:image\" content=\"https:\/\/vinilozona.lt\/wp-content\/uploads\/2021\/11\/R-13350226-1552573999-6169.jpeg.jpg\" \/>\n\t<meta property=\"og:image:width\" content=\"600\" \/>\n\t<meta property=\"og:image:height\" content=\"450\" \/>\n\t<meta property=\"og:image:type\" content=\"image\/jpeg\" \/>\n<meta name=\"twitter:card\" content=\"summary_large_image\" \/>\n<script type=\"application\/ld+json\" class=\"yoast-schema-graph\">{\"@context\":\"https:\/\/schema.org\",\"@graph\":[{\"@type\":\"WebPage\",\"@id\":\"https:\/\/vinilozona.lt\/parduotuve\/made-in-japan\/bryan-ferry-these-foolish-things\/\",\"url\":\"https:\/\/vinilozona.lt\/parduotuve\/made-in-japan\/bryan-ferry-these-foolish-things\/\",\"name\":\"Bryan Ferry \u2013 These Foolish Things Vinilin\u0117 Plok\u0161tel\u0117 | Vinilozona.lt\",\"isPartOf\":{\"@id\":\"https:\/\/vinilozona.lt\/#website\"},\"primaryImageOfPage\":{\"@id\":\"https:\/\/vinilozona.lt\/parduotuve\/made-in-japan\/bryan-ferry-these-foolish-things\/#primaryimage\"},\"image\":{\"@id\":\"https:\/\/vinilozona.lt\/parduotuve\/made-in-japan\/bryan-ferry-these-foolish-things\/#primaryimage\"},\"thumbnailUrl\":\"https:\/\/vinilozona.lt\/wp-content\/uploads\/2021\/11\/R-13350226-1552573999-6169.jpeg.jpg\",\"datePublished\":\"2021-11-17T10:17:18+00:00\",\"dateModified\":\"2021-11-17T10:17:19+00:00\",\"breadcrumb\":{\"@id\":\"https:\/\/vinilozona.lt\/parduotuve\/made-in-japan\/bryan-ferry-these-foolish-things\/#breadcrumb\"},\"inLanguage\":\"en-GB\",\"potentialAction\":[{\"@type\":\"ReadAction\",\"target\":[\"https:\/\/vinilozona.lt\/parduotuve\/made-in-japan\/bryan-ferry-these-foolish-things\/\"]}]},{\"@type\":\"ImageObject\",\"inLanguage\":\"en-GB\",\"@id\":\"https:\/\/vinilozona.lt\/parduotuve\/made-in-japan\/bryan-ferry-these-foolish-things\/#primaryimage\",\"url\":\"https:\/\/vinilozona.lt\/wp-content\/uploads\/2021\/11\/R-13350226-1552573999-6169.jpeg.jpg\",\"contentUrl\":\"https:\/\/vinilozona.lt\/wp-content\/uploads\/2021\/11\/R-13350226-1552573999-6169.jpeg.jpg\",\"width\":600,\"height\":450},{\"@type\":\"BreadcrumbList\",\"@id\":\"https:\/\/vinilozona.lt\/parduotuve\/made-in-japan\/bryan-ferry-these-foolish-things\/#breadcrumb\",\"itemListElement\":[{\"@type\":\"ListItem\",\"position\":1,\"name\":\"Home\",\"item\":\"https:\/\/vinilozona.lt\/\"},{\"@type\":\"ListItem\",\"position\":2,\"name\":\"Parduotuv\u0117\",\"item\":\"https:\/\/vinilozona.lt\/parduotuve\/\"},{\"@type\":\"ListItem\",\"position\":3,\"name\":\"Bryan Ferry \u2013 These Foolish Things\"}]},{\"@type\":\"WebSite\",\"@id\":\"https:\/\/vinilozona.lt\/#website\",\"url\":\"https:\/\/vinilozona.lt\/\",\"name\":\"Vinilo Zona\",\"description\":\"Nup\u016bsk dulkes ir klausyk LP\",\"potentialAction\":[{\"@type\":\"SearchAction\",\"target\":{\"@type\":\"EntryPoint\",\"urlTemplate\":\"https:\/\/vinilozona.lt\/?s={search_term_string}\"},\"query-input\":{\"@type\":\"PropertyValueSpecification\",\"valueRequired\":true,\"valueName\":\"search_term_string\"}}],\"inLanguage\":\"en-GB\"}]}<\/script>\n<!-- \/ Yoast SEO plugin. -->","yoast_head_json":{"title":"Bryan Ferry \u2013 These Foolish Things Vinilin\u0117 Plok\u0161tel\u0117 | Vinilozona.lt","robots":{"index":"index","follow":"follow","max-snippet":"max-snippet:-1","max-image-preview":"max-image-preview:large","max-video-preview":"max-video-preview:-1"},"canonical":"https:\/\/vinilozona.lt\/en\/parduotuve\/made-in-japan\/bryan-ferry-these-foolish-things\/","og_locale":"en_GB","og_type":"article","og_title":"Bryan Ferry \u2013 These Foolish Things Vinilin\u0117 Plok\u0161tel\u0117 | Vinilozona.lt","og_description":"Polydor \u2013 MPF 1121 Format:  Vinyl, LP, Album Country: Japan Released: 1977","og_url":"https:\/\/vinilozona.lt\/en\/parduotuve\/made-in-japan\/bryan-ferry-these-foolish-things\/","og_site_name":"Vinilo Zona","article_modified_time":"2021-11-17T10:17:19+00:00","og_image":[{"width":600,"height":450,"url":"https:\/\/vinilozona.lt\/wp-content\/uploads\/2021\/11\/R-13350226-1552573999-6169.jpeg.jpg","type":"image\/jpeg"}],"twitter_card":"summary_large_image","schema":{"@context":"https:\/\/schema.org","@graph":[{"@type":"WebPage","@id":"https:\/\/vinilozona.lt\/parduotuve\/made-in-japan\/bryan-ferry-these-foolish-things\/","url":"https:\/\/vinilozona.lt\/parduotuve\/made-in-japan\/bryan-ferry-these-foolish-things\/","name":"Bryan Ferry \u2013 These Foolish Things Vinilin\u0117 Plok\u0161tel\u0117 | Vinilozona.lt","isPartOf":{"@id":"https:\/\/vinilozona.lt\/#website"},"primaryImageOfPage":{"@id":"https:\/\/vinilozona.lt\/parduotuve\/made-in-japan\/bryan-ferry-these-foolish-things\/#primaryimage"},"image":{"@id":"https:\/\/vinilozona.lt\/parduotuve\/made-in-japan\/bryan-ferry-these-foolish-things\/#primaryimage"},"thumbnailUrl":"https:\/\/vinilozona.lt\/wp-content\/uploads\/2021\/11\/R-13350226-1552573999-6169.jpeg.jpg","datePublished":"2021-11-17T10:17:18+00:00","dateModified":"2021-11-17T10:17:19+00:00","breadcrumb":{"@id":"https:\/\/vinilozona.lt\/parduotuve\/made-in-japan\/bryan-ferry-these-foolish-things\/#breadcrumb"},"inLanguage":"en-GB","potentialAction":[{"@type":"ReadAction","target":["https:\/\/vinilozona.lt\/parduotuve\/made-in-japan\/bryan-ferry-these-foolish-things\/"]}]},{"@type":"ImageObject","inLanguage":"en-GB","@id":"https:\/\/vinilozona.lt\/parduotuve\/made-in-japan\/bryan-ferry-these-foolish-things\/#primaryimage","url":"https:\/\/vinilozona.lt\/wp-content\/uploads\/2021\/11\/R-13350226-1552573999-6169.jpeg.jpg","contentUrl":"https:\/\/vinilozona.lt\/wp-content\/uploads\/2021\/11\/R-13350226-1552573999-6169.jpeg.jpg","width":600,"height":450},{"@type":"BreadcrumbList","@id":"https:\/\/vinilozona.lt\/parduotuve\/made-in-japan\/bryan-ferry-these-foolish-things\/#breadcrumb","itemListElement":[{"@type":"ListItem","position":1,"name":"Home","item":"https:\/\/vinilozona.lt\/"},{"@type":"ListItem","position":2,"name":"Parduotuv\u0117","item":"https:\/\/vinilozona.lt\/parduotuve\/"},{"@type":"ListItem","position":3,"name":"Bryan Ferry \u2013 These Foolish Things"}]},{"@type":"WebSite","@id":"https:\/\/vinilozona.lt\/#website","url":"https:\/\/vinilozona.lt\/","name":"Vinilo Zona","description":"Nup\u016bsk dulkes ir klausyk LP","potentialAction":[{"@type":"SearchAction","target":{"@type":"EntryPoint","urlTemplate":"https:\/\/vinilozona.lt\/?s={search_term_string}"},"query-input":{"@type":"PropertyValueSpecification","valueRequired":true,"valueName":"search_term_string"}}],"inLanguage":"en-GB"}]}},"_links":{"self":[{"href":"https:\/\/vinilozona.lt\/en\/wp-json\/wp\/v2\/product\/16758"}],"collection":[{"href":"https:\/\/vinilozona.lt\/en\/wp-json\/wp\/v2\/product"}],"about":[{"href":"https:\/\/vinilozona.lt\/en\/wp-json\/wp\/v2\/types\/product"}],"wp:featuredmedia":[{"embeddable":true,"href":"https:\/\/vinilozona.lt\/en\/wp-json\/wp\/v2\/media\/16759"}],"wp:attachment":[{"href":"https:\/\/vinilozona.lt\/en\/wp-json\/wp\/v2\/media?parent=16758"}],"wp:term":[{"taxonomy":"product_cat","embeddable":true,"href":"https:\/\/vinilozona.lt\/en\/wp-json\/wp\/v2\/product_cat?post=16758"},{"taxonomy":"product_tag","embeddable":true,"href":"https:\/\/vinilozona.lt\/en\/wp-json\/wp\/v2\/product_tag?post=16758"}],"curies":[{"name":"wp","href":"https:\/\/api.w.org\/{rel}","templated":true}]}}