{"id":16750,"date":"2021-11-17T11:52:57","date_gmt":"2021-11-17T09:52:57","guid":{"rendered":"https:\/\/vinilozona.lt\/?post_type=product&#038;p=16750"},"modified":"2021-12-06T10:49:25","modified_gmt":"2021-12-06T08:49:25","slug":"asia-%e3%82%a8%e3%82%a4%e3%82%b8%e3%82%a2-asia-%e8%a9%a0%e6%99%82%e6%84%9f-%e6%99%82%e3%81%b8%e3%81%ae%e3%83%ad%e3%83%9e%e3%83%b3","status":"publish","type":"product","link":"https:\/\/vinilozona.lt\/en\/parduotuve\/made-in-japan\/asia-%e3%82%a8%e3%82%a4%e3%82%b8%e3%82%a2-asia-%e8%a9%a0%e6%99%82%e6%84%9f-%e6%99%82%e3%81%b8%e3%81%ae%e3%83%ad%e3%83%9e%e3%83%b3\/","title":{"rendered":"Asia  = \u30a8\u30a4\u30b8\u30a2* \u2013 Asia = \u8a60\u6642\u611f ~\u6642\u3078\u306e\u30ed\u30de\u30f3~"},"content":{"rendered":"<p>Heat Of The Moment\t3:50<br \/>\nOnly Time Will Tell\t4:44<br \/>\nSole Survivor\t4:48<br \/>\nOne Step Closer\t4:16<br \/>\nTime Again\t4:45<br \/>\nWildest Dreams\t5:10<br \/>\nWithout You\t5:04<br \/>\nCutting It Fine\t5:35<br \/>\nHere Comes The Feeling\t5:42<\/p>","protected":false},"excerpt":{"rendered":"<p>Geffen Records \u2013 25AP 2299, Geffen Records \u2013 25AP 2299(GF)<br \/>\nFormat:<br \/>\nVinyl, LP, Album, Stereo<br \/>\nCountry:\tJapan<br \/>\nReleased:\t1982<\/p>","protected":false},"featured_media":16751,"template":"","meta":[],"product_cat":[39],"product_tag":[239],"yoast_head":"<!-- This site is optimized with the Yoast SEO plugin v23.5 - https:\/\/yoast.com\/wordpress\/plugins\/seo\/ -->\n<title>Asia = \u30a8\u30a4\u30b8\u30a2* \u2013 Asia = \u8a60\u6642\u611f ~\u6642\u3078\u306e\u30ed\u30de\u30f3~ Vinilin\u0117 Plok\u0161tel\u0117 | Vinilozona.lt<\/title>\n<meta name=\"robots\" content=\"index, follow, max-snippet:-1, max-image-preview:large, max-video-preview:-1\" \/>\n<link rel=\"canonical\" href=\"https:\/\/vinilozona.lt\/en\/parduotuve\/made-in-japan\/asia-\u30a8\u30a4\u30b8\u30a2-asia-\u8a60\u6642\u611f-\u6642\u3078\u306e\u30ed\u30de\u30f3\/\" \/>\n<meta property=\"og:locale\" content=\"en_GB\" \/>\n<meta property=\"og:type\" content=\"article\" \/>\n<meta property=\"og:title\" content=\"Asia = \u30a8\u30a4\u30b8\u30a2* \u2013 Asia = \u8a60\u6642\u611f ~\u6642\u3078\u306e\u30ed\u30de\u30f3~ Vinilin\u0117 Plok\u0161tel\u0117 | Vinilozona.lt\" \/>\n<meta property=\"og:description\" content=\"Geffen Records \u2013 25AP 2299, Geffen Records \u2013 25AP 2299(GF) Format:  Vinyl, LP, Album, Stereo Country: Japan Released: 1982\" \/>\n<meta property=\"og:url\" content=\"https:\/\/vinilozona.lt\/en\/parduotuve\/made-in-japan\/asia-\u30a8\u30a4\u30b8\u30a2-asia-\u8a60\u6642\u611f-\u6642\u3078\u306e\u30ed\u30de\u30f3\/\" \/>\n<meta property=\"og:site_name\" content=\"Vinilo Zona\" \/>\n<meta property=\"article:modified_time\" content=\"2021-12-06T08:49:25+00:00\" \/>\n<meta property=\"og:image\" content=\"https:\/\/vinilozona.lt\/wp-content\/uploads\/2021\/11\/R-2667995-1349181647-3244.jpeg.jpg\" \/>\n\t<meta property=\"og:image:width\" content=\"600\" \/>\n\t<meta property=\"og:image:height\" content=\"600\" \/>\n\t<meta property=\"og:image:type\" content=\"image\/jpeg\" \/>\n<meta name=\"twitter:card\" content=\"summary_large_image\" \/>\n<script type=\"application\/ld+json\" class=\"yoast-schema-graph\">{\"@context\":\"https:\/\/schema.org\",\"@graph\":[{\"@type\":\"WebPage\",\"@id\":\"https:\/\/vinilozona.lt\/parduotuve\/made-in-japan\/asia-%e3%82%a8%e3%82%a4%e3%82%b8%e3%82%a2-asia-%e8%a9%a0%e6%99%82%e6%84%9f-%e6%99%82%e3%81%b8%e3%81%ae%e3%83%ad%e3%83%9e%e3%83%b3\/\",\"url\":\"https:\/\/vinilozona.lt\/parduotuve\/made-in-japan\/asia-%e3%82%a8%e3%82%a4%e3%82%b8%e3%82%a2-asia-%e8%a9%a0%e6%99%82%e6%84%9f-%e6%99%82%e3%81%b8%e3%81%ae%e3%83%ad%e3%83%9e%e3%83%b3\/\",\"name\":\"Asia = \u30a8\u30a4\u30b8\u30a2* \u2013 Asia = \u8a60\u6642\u611f ~\u6642\u3078\u306e\u30ed\u30de\u30f3~ Vinilin\u0117 Plok\u0161tel\u0117 | Vinilozona.lt\",\"isPartOf\":{\"@id\":\"https:\/\/vinilozona.lt\/#website\"},\"primaryImageOfPage\":{\"@id\":\"https:\/\/vinilozona.lt\/parduotuve\/made-in-japan\/asia-%e3%82%a8%e3%82%a4%e3%82%b8%e3%82%a2-asia-%e8%a9%a0%e6%99%82%e6%84%9f-%e6%99%82%e3%81%b8%e3%81%ae%e3%83%ad%e3%83%9e%e3%83%b3\/#primaryimage\"},\"image\":{\"@id\":\"https:\/\/vinilozona.lt\/parduotuve\/made-in-japan\/asia-%e3%82%a8%e3%82%a4%e3%82%b8%e3%82%a2-asia-%e8%a9%a0%e6%99%82%e6%84%9f-%e6%99%82%e3%81%b8%e3%81%ae%e3%83%ad%e3%83%9e%e3%83%b3\/#primaryimage\"},\"thumbnailUrl\":\"https:\/\/vinilozona.lt\/wp-content\/uploads\/2021\/11\/R-2667995-1349181647-3244.jpeg.jpg\",\"datePublished\":\"2021-11-17T09:52:57+00:00\",\"dateModified\":\"2021-12-06T08:49:25+00:00\",\"breadcrumb\":{\"@id\":\"https:\/\/vinilozona.lt\/parduotuve\/made-in-japan\/asia-%e3%82%a8%e3%82%a4%e3%82%b8%e3%82%a2-asia-%e8%a9%a0%e6%99%82%e6%84%9f-%e6%99%82%e3%81%b8%e3%81%ae%e3%83%ad%e3%83%9e%e3%83%b3\/#breadcrumb\"},\"inLanguage\":\"en-GB\",\"potentialAction\":[{\"@type\":\"ReadAction\",\"target\":[\"https:\/\/vinilozona.lt\/parduotuve\/made-in-japan\/asia-%e3%82%a8%e3%82%a4%e3%82%b8%e3%82%a2-asia-%e8%a9%a0%e6%99%82%e6%84%9f-%e6%99%82%e3%81%b8%e3%81%ae%e3%83%ad%e3%83%9e%e3%83%b3\/\"]}]},{\"@type\":\"ImageObject\",\"inLanguage\":\"en-GB\",\"@id\":\"https:\/\/vinilozona.lt\/parduotuve\/made-in-japan\/asia-%e3%82%a8%e3%82%a4%e3%82%b8%e3%82%a2-asia-%e8%a9%a0%e6%99%82%e6%84%9f-%e6%99%82%e3%81%b8%e3%81%ae%e3%83%ad%e3%83%9e%e3%83%b3\/#primaryimage\",\"url\":\"https:\/\/vinilozona.lt\/wp-content\/uploads\/2021\/11\/R-2667995-1349181647-3244.jpeg.jpg\",\"contentUrl\":\"https:\/\/vinilozona.lt\/wp-content\/uploads\/2021\/11\/R-2667995-1349181647-3244.jpeg.jpg\",\"width\":600,\"height\":600},{\"@type\":\"BreadcrumbList\",\"@id\":\"https:\/\/vinilozona.lt\/parduotuve\/made-in-japan\/asia-%e3%82%a8%e3%82%a4%e3%82%b8%e3%82%a2-asia-%e8%a9%a0%e6%99%82%e6%84%9f-%e6%99%82%e3%81%b8%e3%81%ae%e3%83%ad%e3%83%9e%e3%83%b3\/#breadcrumb\",\"itemListElement\":[{\"@type\":\"ListItem\",\"position\":1,\"name\":\"Home\",\"item\":\"https:\/\/vinilozona.lt\/\"},{\"@type\":\"ListItem\",\"position\":2,\"name\":\"Parduotuv\u0117\",\"item\":\"https:\/\/vinilozona.lt\/parduotuve\/\"},{\"@type\":\"ListItem\",\"position\":3,\"name\":\"Asia = \u30a8\u30a4\u30b8\u30a2* \u2013 Asia = \u8a60\u6642\u611f ~\u6642\u3078\u306e\u30ed\u30de\u30f3~\"}]},{\"@type\":\"WebSite\",\"@id\":\"https:\/\/vinilozona.lt\/#website\",\"url\":\"https:\/\/vinilozona.lt\/\",\"name\":\"Vinilo Zona\",\"description\":\"Nup\u016bsk dulkes ir klausyk LP\",\"potentialAction\":[{\"@type\":\"SearchAction\",\"target\":{\"@type\":\"EntryPoint\",\"urlTemplate\":\"https:\/\/vinilozona.lt\/?s={search_term_string}\"},\"query-input\":{\"@type\":\"PropertyValueSpecification\",\"valueRequired\":true,\"valueName\":\"search_term_string\"}}],\"inLanguage\":\"en-GB\"}]}<\/script>\n<!-- \/ Yoast SEO plugin. -->","yoast_head_json":{"title":"Asia = \u30a8\u30a4\u30b8\u30a2* \u2013 Asia = \u8a60\u6642\u611f ~\u6642\u3078\u306e\u30ed\u30de\u30f3~ Vinilin\u0117 Plok\u0161tel\u0117 | Vinilozona.lt","robots":{"index":"index","follow":"follow","max-snippet":"max-snippet:-1","max-image-preview":"max-image-preview:large","max-video-preview":"max-video-preview:-1"},"canonical":"https:\/\/vinilozona.lt\/en\/parduotuve\/made-in-japan\/asia-\u30a8\u30a4\u30b8\u30a2-asia-\u8a60\u6642\u611f-\u6642\u3078\u306e\u30ed\u30de\u30f3\/","og_locale":"en_GB","og_type":"article","og_title":"Asia = \u30a8\u30a4\u30b8\u30a2* \u2013 Asia = \u8a60\u6642\u611f ~\u6642\u3078\u306e\u30ed\u30de\u30f3~ Vinilin\u0117 Plok\u0161tel\u0117 | Vinilozona.lt","og_description":"Geffen Records \u2013 25AP 2299, Geffen Records \u2013 25AP 2299(GF) Format:  Vinyl, LP, Album, Stereo Country: Japan Released: 1982","og_url":"https:\/\/vinilozona.lt\/en\/parduotuve\/made-in-japan\/asia-\u30a8\u30a4\u30b8\u30a2-asia-\u8a60\u6642\u611f-\u6642\u3078\u306e\u30ed\u30de\u30f3\/","og_site_name":"Vinilo Zona","article_modified_time":"2021-12-06T08:49:25+00:00","og_image":[{"width":600,"height":600,"url":"https:\/\/vinilozona.lt\/wp-content\/uploads\/2021\/11\/R-2667995-1349181647-3244.jpeg.jpg","type":"image\/jpeg"}],"twitter_card":"summary_large_image","schema":{"@context":"https:\/\/schema.org","@graph":[{"@type":"WebPage","@id":"https:\/\/vinilozona.lt\/parduotuve\/made-in-japan\/asia-%e3%82%a8%e3%82%a4%e3%82%b8%e3%82%a2-asia-%e8%a9%a0%e6%99%82%e6%84%9f-%e6%99%82%e3%81%b8%e3%81%ae%e3%83%ad%e3%83%9e%e3%83%b3\/","url":"https:\/\/vinilozona.lt\/parduotuve\/made-in-japan\/asia-%e3%82%a8%e3%82%a4%e3%82%b8%e3%82%a2-asia-%e8%a9%a0%e6%99%82%e6%84%9f-%e6%99%82%e3%81%b8%e3%81%ae%e3%83%ad%e3%83%9e%e3%83%b3\/","name":"Asia = \u30a8\u30a4\u30b8\u30a2* \u2013 Asia = \u8a60\u6642\u611f ~\u6642\u3078\u306e\u30ed\u30de\u30f3~ Vinilin\u0117 Plok\u0161tel\u0117 | Vinilozona.lt","isPartOf":{"@id":"https:\/\/vinilozona.lt\/#website"},"primaryImageOfPage":{"@id":"https:\/\/vinilozona.lt\/parduotuve\/made-in-japan\/asia-%e3%82%a8%e3%82%a4%e3%82%b8%e3%82%a2-asia-%e8%a9%a0%e6%99%82%e6%84%9f-%e6%99%82%e3%81%b8%e3%81%ae%e3%83%ad%e3%83%9e%e3%83%b3\/#primaryimage"},"image":{"@id":"https:\/\/vinilozona.lt\/parduotuve\/made-in-japan\/asia-%e3%82%a8%e3%82%a4%e3%82%b8%e3%82%a2-asia-%e8%a9%a0%e6%99%82%e6%84%9f-%e6%99%82%e3%81%b8%e3%81%ae%e3%83%ad%e3%83%9e%e3%83%b3\/#primaryimage"},"thumbnailUrl":"https:\/\/vinilozona.lt\/wp-content\/uploads\/2021\/11\/R-2667995-1349181647-3244.jpeg.jpg","datePublished":"2021-11-17T09:52:57+00:00","dateModified":"2021-12-06T08:49:25+00:00","breadcrumb":{"@id":"https:\/\/vinilozona.lt\/parduotuve\/made-in-japan\/asia-%e3%82%a8%e3%82%a4%e3%82%b8%e3%82%a2-asia-%e8%a9%a0%e6%99%82%e6%84%9f-%e6%99%82%e3%81%b8%e3%81%ae%e3%83%ad%e3%83%9e%e3%83%b3\/#breadcrumb"},"inLanguage":"en-GB","potentialAction":[{"@type":"ReadAction","target":["https:\/\/vinilozona.lt\/parduotuve\/made-in-japan\/asia-%e3%82%a8%e3%82%a4%e3%82%b8%e3%82%a2-asia-%e8%a9%a0%e6%99%82%e6%84%9f-%e6%99%82%e3%81%b8%e3%81%ae%e3%83%ad%e3%83%9e%e3%83%b3\/"]}]},{"@type":"ImageObject","inLanguage":"en-GB","@id":"https:\/\/vinilozona.lt\/parduotuve\/made-in-japan\/asia-%e3%82%a8%e3%82%a4%e3%82%b8%e3%82%a2-asia-%e8%a9%a0%e6%99%82%e6%84%9f-%e6%99%82%e3%81%b8%e3%81%ae%e3%83%ad%e3%83%9e%e3%83%b3\/#primaryimage","url":"https:\/\/vinilozona.lt\/wp-content\/uploads\/2021\/11\/R-2667995-1349181647-3244.jpeg.jpg","contentUrl":"https:\/\/vinilozona.lt\/wp-content\/uploads\/2021\/11\/R-2667995-1349181647-3244.jpeg.jpg","width":600,"height":600},{"@type":"BreadcrumbList","@id":"https:\/\/vinilozona.lt\/parduotuve\/made-in-japan\/asia-%e3%82%a8%e3%82%a4%e3%82%b8%e3%82%a2-asia-%e8%a9%a0%e6%99%82%e6%84%9f-%e6%99%82%e3%81%b8%e3%81%ae%e3%83%ad%e3%83%9e%e3%83%b3\/#breadcrumb","itemListElement":[{"@type":"ListItem","position":1,"name":"Home","item":"https:\/\/vinilozona.lt\/"},{"@type":"ListItem","position":2,"name":"Parduotuv\u0117","item":"https:\/\/vinilozona.lt\/parduotuve\/"},{"@type":"ListItem","position":3,"name":"Asia = \u30a8\u30a4\u30b8\u30a2* \u2013 Asia = \u8a60\u6642\u611f ~\u6642\u3078\u306e\u30ed\u30de\u30f3~"}]},{"@type":"WebSite","@id":"https:\/\/vinilozona.lt\/#website","url":"https:\/\/vinilozona.lt\/","name":"Vinilo Zona","description":"Nup\u016bsk dulkes ir klausyk LP","potentialAction":[{"@type":"SearchAction","target":{"@type":"EntryPoint","urlTemplate":"https:\/\/vinilozona.lt\/?s={search_term_string}"},"query-input":{"@type":"PropertyValueSpecification","valueRequired":true,"valueName":"search_term_string"}}],"inLanguage":"en-GB"}]}},"_links":{"self":[{"href":"https:\/\/vinilozona.lt\/en\/wp-json\/wp\/v2\/product\/16750"}],"collection":[{"href":"https:\/\/vinilozona.lt\/en\/wp-json\/wp\/v2\/product"}],"about":[{"href":"https:\/\/vinilozona.lt\/en\/wp-json\/wp\/v2\/types\/product"}],"wp:featuredmedia":[{"embeddable":true,"href":"https:\/\/vinilozona.lt\/en\/wp-json\/wp\/v2\/media\/16751"}],"wp:attachment":[{"href":"https:\/\/vinilozona.lt\/en\/wp-json\/wp\/v2\/media?parent=16750"}],"wp:term":[{"taxonomy":"product_cat","embeddable":true,"href":"https:\/\/vinilozona.lt\/en\/wp-json\/wp\/v2\/product_cat?post=16750"},{"taxonomy":"product_tag","embeddable":true,"href":"https:\/\/vinilozona.lt\/en\/wp-json\/wp\/v2\/product_tag?post=16750"}],"curies":[{"name":"wp","href":"https:\/\/api.w.org\/{rel}","templated":true}]}}