{"id":1670,"date":"2019-12-30T17:13:37","date_gmt":"2019-12-30T15:13:37","guid":{"rendered":"https:\/\/vinylhome.lt\/?post_type=product&#038;p=1670"},"modified":"2025-08-09T21:04:39","modified_gmt":"2025-08-09T18:04:39","slug":"ugnelakis-su-kulgrinda-%e2%80%8e-zalvarinis","status":"publish","type":"product","link":"https:\/\/vinilozona.lt\/en\/parduotuve\/cd\/lietuviski-cd\/ugnelakis-su-kulgrinda-%e2%80%8e-zalvarinis\/","title":{"rendered":"Ugn\u0117lakis su K\u016blgrinda \u200e\u2013 \u017dalvarinis"},"content":{"rendered":"","protected":false},"excerpt":{"rendered":"<p>DGCD002<\/p>","protected":false},"featured_media":1672,"template":"","meta":[],"product_cat":[24,947,56],"product_tag":[55],"yoast_head":"<!-- This site is optimized with the Yoast SEO plugin v23.5 - https:\/\/yoast.com\/wordpress\/plugins\/seo\/ -->\n<title>Ugn\u0117lakis su K\u016blgrinda \u200e\u2013 \u017dalvarinis Vinilin\u0117 Plok\u0161tel\u0117 | Vinilozona.lt<\/title>\n<meta name=\"robots\" content=\"index, follow, max-snippet:-1, max-image-preview:large, max-video-preview:-1\" \/>\n<link rel=\"canonical\" href=\"https:\/\/vinilozona.lt\/en\/parduotuve\/cd\/lietuviski-cd\/ugnelakis-su-kulgrinda-\u200e-zalvarinis\/\" \/>\n<meta property=\"og:locale\" content=\"en_GB\" \/>\n<meta property=\"og:type\" content=\"article\" \/>\n<meta property=\"og:title\" content=\"Ugn\u0117lakis su K\u016blgrinda \u200e\u2013 \u017dalvarinis Vinilin\u0117 Plok\u0161tel\u0117 | Vinilozona.lt\" \/>\n<meta property=\"og:description\" content=\"DGCD002\" \/>\n<meta property=\"og:url\" content=\"https:\/\/vinilozona.lt\/en\/parduotuve\/cd\/lietuviski-cd\/ugnelakis-su-kulgrinda-\u200e-zalvarinis\/\" \/>\n<meta property=\"og:site_name\" content=\"Vinilo Zona\" \/>\n<meta property=\"article:modified_time\" content=\"2025-08-09T18:04:39+00:00\" \/>\n<meta property=\"og:image\" content=\"https:\/\/vinilozona.lt\/wp-content\/uploads\/2019\/12\/ugnelakis-su-kulgrinda-zalvarinis-1.jpg\" \/>\n\t<meta property=\"og:image:width\" content=\"796\" \/>\n\t<meta property=\"og:image:height\" content=\"597\" \/>\n\t<meta property=\"og:image:type\" content=\"image\/jpeg\" \/>\n<meta name=\"twitter:card\" content=\"summary_large_image\" \/>\n<script type=\"application\/ld+json\" class=\"yoast-schema-graph\">{\"@context\":\"https:\/\/schema.org\",\"@graph\":[{\"@type\":\"WebPage\",\"@id\":\"https:\/\/vinilozona.lt\/parduotuve\/cd\/lietuviski-cd\/ugnelakis-su-kulgrinda-%e2%80%8e-zalvarinis\/\",\"url\":\"https:\/\/vinilozona.lt\/parduotuve\/cd\/lietuviski-cd\/ugnelakis-su-kulgrinda-%e2%80%8e-zalvarinis\/\",\"name\":\"Ugn\u0117lakis su K\u016blgrinda \u200e\u2013 \u017dalvarinis Vinilin\u0117 Plok\u0161tel\u0117 | Vinilozona.lt\",\"isPartOf\":{\"@id\":\"https:\/\/vinilozona.lt\/#website\"},\"primaryImageOfPage\":{\"@id\":\"https:\/\/vinilozona.lt\/parduotuve\/cd\/lietuviski-cd\/ugnelakis-su-kulgrinda-%e2%80%8e-zalvarinis\/#primaryimage\"},\"image\":{\"@id\":\"https:\/\/vinilozona.lt\/parduotuve\/cd\/lietuviski-cd\/ugnelakis-su-kulgrinda-%e2%80%8e-zalvarinis\/#primaryimage\"},\"thumbnailUrl\":\"https:\/\/vinilozona.lt\/wp-content\/uploads\/2019\/12\/ugnelakis-su-kulgrinda-zalvarinis-1.jpg\",\"datePublished\":\"2019-12-30T15:13:37+00:00\",\"dateModified\":\"2025-08-09T18:04:39+00:00\",\"breadcrumb\":{\"@id\":\"https:\/\/vinilozona.lt\/parduotuve\/cd\/lietuviski-cd\/ugnelakis-su-kulgrinda-%e2%80%8e-zalvarinis\/#breadcrumb\"},\"inLanguage\":\"en-GB\",\"potentialAction\":[{\"@type\":\"ReadAction\",\"target\":[\"https:\/\/vinilozona.lt\/parduotuve\/cd\/lietuviski-cd\/ugnelakis-su-kulgrinda-%e2%80%8e-zalvarinis\/\"]}]},{\"@type\":\"ImageObject\",\"inLanguage\":\"en-GB\",\"@id\":\"https:\/\/vinilozona.lt\/parduotuve\/cd\/lietuviski-cd\/ugnelakis-su-kulgrinda-%e2%80%8e-zalvarinis\/#primaryimage\",\"url\":\"https:\/\/vinilozona.lt\/wp-content\/uploads\/2019\/12\/ugnelakis-su-kulgrinda-zalvarinis-1.jpg\",\"contentUrl\":\"https:\/\/vinilozona.lt\/wp-content\/uploads\/2019\/12\/ugnelakis-su-kulgrinda-zalvarinis-1.jpg\",\"width\":796,\"height\":597},{\"@type\":\"BreadcrumbList\",\"@id\":\"https:\/\/vinilozona.lt\/parduotuve\/cd\/lietuviski-cd\/ugnelakis-su-kulgrinda-%e2%80%8e-zalvarinis\/#breadcrumb\",\"itemListElement\":[{\"@type\":\"ListItem\",\"position\":1,\"name\":\"Home\",\"item\":\"https:\/\/vinilozona.lt\/\"},{\"@type\":\"ListItem\",\"position\":2,\"name\":\"Parduotuv\u0117\",\"item\":\"https:\/\/vinilozona.lt\/parduotuve\/\"},{\"@type\":\"ListItem\",\"position\":3,\"name\":\"Ugn\u0117lakis su K\u016blgrinda \u200e\u2013 \u017dalvarinis\"}]},{\"@type\":\"WebSite\",\"@id\":\"https:\/\/vinilozona.lt\/#website\",\"url\":\"https:\/\/vinilozona.lt\/\",\"name\":\"Vinilo Zona\",\"description\":\"Nup\u016bsk dulkes ir klausyk LP\",\"potentialAction\":[{\"@type\":\"SearchAction\",\"target\":{\"@type\":\"EntryPoint\",\"urlTemplate\":\"https:\/\/vinilozona.lt\/?s={search_term_string}\"},\"query-input\":{\"@type\":\"PropertyValueSpecification\",\"valueRequired\":true,\"valueName\":\"search_term_string\"}}],\"inLanguage\":\"en-GB\"}]}<\/script>\n<!-- \/ Yoast SEO plugin. -->","yoast_head_json":{"title":"Ugn\u0117lakis su K\u016blgrinda \u200e\u2013 \u017dalvarinis Vinilin\u0117 Plok\u0161tel\u0117 | Vinilozona.lt","robots":{"index":"index","follow":"follow","max-snippet":"max-snippet:-1","max-image-preview":"max-image-preview:large","max-video-preview":"max-video-preview:-1"},"canonical":"https:\/\/vinilozona.lt\/en\/parduotuve\/cd\/lietuviski-cd\/ugnelakis-su-kulgrinda-\u200e-zalvarinis\/","og_locale":"en_GB","og_type":"article","og_title":"Ugn\u0117lakis su K\u016blgrinda \u200e\u2013 \u017dalvarinis Vinilin\u0117 Plok\u0161tel\u0117 | Vinilozona.lt","og_description":"DGCD002","og_url":"https:\/\/vinilozona.lt\/en\/parduotuve\/cd\/lietuviski-cd\/ugnelakis-su-kulgrinda-\u200e-zalvarinis\/","og_site_name":"Vinilo Zona","article_modified_time":"2025-08-09T18:04:39+00:00","og_image":[{"width":796,"height":597,"url":"https:\/\/vinilozona.lt\/wp-content\/uploads\/2019\/12\/ugnelakis-su-kulgrinda-zalvarinis-1.jpg","type":"image\/jpeg"}],"twitter_card":"summary_large_image","schema":{"@context":"https:\/\/schema.org","@graph":[{"@type":"WebPage","@id":"https:\/\/vinilozona.lt\/parduotuve\/cd\/lietuviski-cd\/ugnelakis-su-kulgrinda-%e2%80%8e-zalvarinis\/","url":"https:\/\/vinilozona.lt\/parduotuve\/cd\/lietuviski-cd\/ugnelakis-su-kulgrinda-%e2%80%8e-zalvarinis\/","name":"Ugn\u0117lakis su K\u016blgrinda \u200e\u2013 \u017dalvarinis Vinilin\u0117 Plok\u0161tel\u0117 | Vinilozona.lt","isPartOf":{"@id":"https:\/\/vinilozona.lt\/#website"},"primaryImageOfPage":{"@id":"https:\/\/vinilozona.lt\/parduotuve\/cd\/lietuviski-cd\/ugnelakis-su-kulgrinda-%e2%80%8e-zalvarinis\/#primaryimage"},"image":{"@id":"https:\/\/vinilozona.lt\/parduotuve\/cd\/lietuviski-cd\/ugnelakis-su-kulgrinda-%e2%80%8e-zalvarinis\/#primaryimage"},"thumbnailUrl":"https:\/\/vinilozona.lt\/wp-content\/uploads\/2019\/12\/ugnelakis-su-kulgrinda-zalvarinis-1.jpg","datePublished":"2019-12-30T15:13:37+00:00","dateModified":"2025-08-09T18:04:39+00:00","breadcrumb":{"@id":"https:\/\/vinilozona.lt\/parduotuve\/cd\/lietuviski-cd\/ugnelakis-su-kulgrinda-%e2%80%8e-zalvarinis\/#breadcrumb"},"inLanguage":"en-GB","potentialAction":[{"@type":"ReadAction","target":["https:\/\/vinilozona.lt\/parduotuve\/cd\/lietuviski-cd\/ugnelakis-su-kulgrinda-%e2%80%8e-zalvarinis\/"]}]},{"@type":"ImageObject","inLanguage":"en-GB","@id":"https:\/\/vinilozona.lt\/parduotuve\/cd\/lietuviski-cd\/ugnelakis-su-kulgrinda-%e2%80%8e-zalvarinis\/#primaryimage","url":"https:\/\/vinilozona.lt\/wp-content\/uploads\/2019\/12\/ugnelakis-su-kulgrinda-zalvarinis-1.jpg","contentUrl":"https:\/\/vinilozona.lt\/wp-content\/uploads\/2019\/12\/ugnelakis-su-kulgrinda-zalvarinis-1.jpg","width":796,"height":597},{"@type":"BreadcrumbList","@id":"https:\/\/vinilozona.lt\/parduotuve\/cd\/lietuviski-cd\/ugnelakis-su-kulgrinda-%e2%80%8e-zalvarinis\/#breadcrumb","itemListElement":[{"@type":"ListItem","position":1,"name":"Home","item":"https:\/\/vinilozona.lt\/"},{"@type":"ListItem","position":2,"name":"Parduotuv\u0117","item":"https:\/\/vinilozona.lt\/parduotuve\/"},{"@type":"ListItem","position":3,"name":"Ugn\u0117lakis su K\u016blgrinda \u200e\u2013 \u017dalvarinis"}]},{"@type":"WebSite","@id":"https:\/\/vinilozona.lt\/#website","url":"https:\/\/vinilozona.lt\/","name":"Vinilo Zona","description":"Nup\u016bsk dulkes ir klausyk LP","potentialAction":[{"@type":"SearchAction","target":{"@type":"EntryPoint","urlTemplate":"https:\/\/vinilozona.lt\/?s={search_term_string}"},"query-input":{"@type":"PropertyValueSpecification","valueRequired":true,"valueName":"search_term_string"}}],"inLanguage":"en-GB"}]}},"_links":{"self":[{"href":"https:\/\/vinilozona.lt\/en\/wp-json\/wp\/v2\/product\/1670"}],"collection":[{"href":"https:\/\/vinilozona.lt\/en\/wp-json\/wp\/v2\/product"}],"about":[{"href":"https:\/\/vinilozona.lt\/en\/wp-json\/wp\/v2\/types\/product"}],"wp:featuredmedia":[{"embeddable":true,"href":"https:\/\/vinilozona.lt\/en\/wp-json\/wp\/v2\/media\/1672"}],"wp:attachment":[{"href":"https:\/\/vinilozona.lt\/en\/wp-json\/wp\/v2\/media?parent=1670"}],"wp:term":[{"taxonomy":"product_cat","embeddable":true,"href":"https:\/\/vinilozona.lt\/en\/wp-json\/wp\/v2\/product_cat?post=1670"},{"taxonomy":"product_tag","embeddable":true,"href":"https:\/\/vinilozona.lt\/en\/wp-json\/wp\/v2\/product_tag?post=1670"}],"curies":[{"name":"wp","href":"https:\/\/api.w.org\/{rel}","templated":true}]}}