{"id":16633,"date":"2023-11-20T12:00:24","date_gmt":"2023-11-20T10:00:24","guid":{"rendered":"https:\/\/vinilozona.lt\/?post_type=product&#038;p=16633"},"modified":"2023-11-21T15:00:15","modified_gmt":"2023-11-21T13:00:15","slug":"rod-stewart-the-tears-of-hercules","status":"publish","type":"product","link":"https:\/\/vinilozona.lt\/en\/parduotuve\/naujos-lp\/rod-stewart-the-tears-of-hercules\/","title":{"rendered":"Rod Stewart \u2013 The Tears Of Hercules"},"content":{"rendered":"<p>A1\t\tOne More Time<br \/>\nA2\t\tGabriella<br \/>\nA3\t\tAll My Days<br \/>\nA4\t\tSome Kind Of Wonderful<br \/>\nA5\t\tBorn To Boogie (A Tribute To Marc Bolan)<br \/>\nA6\t\tKookooaramabama<br \/>\nB1\t\tI Can&#8217;t Imagine<br \/>\nB2\t\tThe Tears Of Hercules<br \/>\nB3\t\tHold On<br \/>\nB4\t\tPrecious Memories<br \/>\nB5\t\tThese Are My People<br \/>\nB6\t\tTouchline<\/p>","protected":false},"excerpt":{"rendered":"<p>Warner Records<br \/>\nFormat:<br \/>\nVinyl, LP<br \/>\nCountry:\tEurope<br \/>\nReleased:\tNov 10, 2021<\/p>","protected":false},"featured_media":16634,"template":"","meta":[],"product_cat":[23],"product_tag":[55],"yoast_head":"<!-- This site is optimized with the Yoast SEO plugin v23.5 - https:\/\/yoast.com\/wordpress\/plugins\/seo\/ -->\n<title>Rod Stewart \u2013 The Tears Of Hercules Vinilin\u0117 Plok\u0161tel\u0117 | Vinilozona.lt<\/title>\n<meta name=\"robots\" content=\"index, follow, max-snippet:-1, max-image-preview:large, max-video-preview:-1\" \/>\n<link rel=\"canonical\" href=\"https:\/\/vinilozona.lt\/en\/parduotuve\/naujos-lp\/rod-stewart-the-tears-of-hercules\/\" \/>\n<meta property=\"og:locale\" content=\"en_GB\" \/>\n<meta property=\"og:type\" content=\"article\" \/>\n<meta property=\"og:title\" content=\"Rod Stewart \u2013 The Tears Of Hercules Vinilin\u0117 Plok\u0161tel\u0117 | Vinilozona.lt\" \/>\n<meta property=\"og:description\" content=\"Warner Records Format:  Vinyl, LP Country: Europe Released: Nov 10, 2021\" \/>\n<meta property=\"og:url\" content=\"https:\/\/vinilozona.lt\/en\/parduotuve\/naujos-lp\/rod-stewart-the-tears-of-hercules\/\" \/>\n<meta property=\"og:site_name\" content=\"Vinilo Zona\" \/>\n<meta property=\"article:modified_time\" content=\"2023-11-21T13:00:15+00:00\" \/>\n<meta property=\"og:image\" content=\"https:\/\/vinilozona.lt\/wp-content\/uploads\/2021\/11\/R-20925451-1636710387-2472.jpeg.jpg\" \/>\n\t<meta property=\"og:image:width\" content=\"600\" \/>\n\t<meta property=\"og:image:height\" content=\"598\" \/>\n\t<meta property=\"og:image:type\" content=\"image\/jpeg\" \/>\n<meta name=\"twitter:card\" content=\"summary_large_image\" \/>\n<script type=\"application\/ld+json\" class=\"yoast-schema-graph\">{\"@context\":\"https:\/\/schema.org\",\"@graph\":[{\"@type\":\"WebPage\",\"@id\":\"https:\/\/vinilozona.lt\/parduotuve\/naujos-lp\/rod-stewart-the-tears-of-hercules\/\",\"url\":\"https:\/\/vinilozona.lt\/parduotuve\/naujos-lp\/rod-stewart-the-tears-of-hercules\/\",\"name\":\"Rod Stewart \u2013 The Tears Of Hercules Vinilin\u0117 Plok\u0161tel\u0117 | Vinilozona.lt\",\"isPartOf\":{\"@id\":\"https:\/\/vinilozona.lt\/#website\"},\"primaryImageOfPage\":{\"@id\":\"https:\/\/vinilozona.lt\/parduotuve\/naujos-lp\/rod-stewart-the-tears-of-hercules\/#primaryimage\"},\"image\":{\"@id\":\"https:\/\/vinilozona.lt\/parduotuve\/naujos-lp\/rod-stewart-the-tears-of-hercules\/#primaryimage\"},\"thumbnailUrl\":\"https:\/\/vinilozona.lt\/wp-content\/uploads\/2021\/11\/R-20925451-1636710387-2472.jpeg.jpg\",\"datePublished\":\"2023-11-20T10:00:24+00:00\",\"dateModified\":\"2023-11-21T13:00:15+00:00\",\"breadcrumb\":{\"@id\":\"https:\/\/vinilozona.lt\/parduotuve\/naujos-lp\/rod-stewart-the-tears-of-hercules\/#breadcrumb\"},\"inLanguage\":\"en-GB\",\"potentialAction\":[{\"@type\":\"ReadAction\",\"target\":[\"https:\/\/vinilozona.lt\/parduotuve\/naujos-lp\/rod-stewart-the-tears-of-hercules\/\"]}]},{\"@type\":\"ImageObject\",\"inLanguage\":\"en-GB\",\"@id\":\"https:\/\/vinilozona.lt\/parduotuve\/naujos-lp\/rod-stewart-the-tears-of-hercules\/#primaryimage\",\"url\":\"https:\/\/vinilozona.lt\/wp-content\/uploads\/2021\/11\/R-20925451-1636710387-2472.jpeg.jpg\",\"contentUrl\":\"https:\/\/vinilozona.lt\/wp-content\/uploads\/2021\/11\/R-20925451-1636710387-2472.jpeg.jpg\",\"width\":600,\"height\":598},{\"@type\":\"BreadcrumbList\",\"@id\":\"https:\/\/vinilozona.lt\/parduotuve\/naujos-lp\/rod-stewart-the-tears-of-hercules\/#breadcrumb\",\"itemListElement\":[{\"@type\":\"ListItem\",\"position\":1,\"name\":\"Home\",\"item\":\"https:\/\/vinilozona.lt\/\"},{\"@type\":\"ListItem\",\"position\":2,\"name\":\"Parduotuv\u0117\",\"item\":\"https:\/\/vinilozona.lt\/parduotuve\/\"},{\"@type\":\"ListItem\",\"position\":3,\"name\":\"Rod Stewart \u2013 The Tears Of Hercules\"}]},{\"@type\":\"WebSite\",\"@id\":\"https:\/\/vinilozona.lt\/#website\",\"url\":\"https:\/\/vinilozona.lt\/\",\"name\":\"Vinilo Zona\",\"description\":\"Nup\u016bsk dulkes ir klausyk LP\",\"potentialAction\":[{\"@type\":\"SearchAction\",\"target\":{\"@type\":\"EntryPoint\",\"urlTemplate\":\"https:\/\/vinilozona.lt\/?s={search_term_string}\"},\"query-input\":{\"@type\":\"PropertyValueSpecification\",\"valueRequired\":true,\"valueName\":\"search_term_string\"}}],\"inLanguage\":\"en-GB\"}]}<\/script>\n<!-- \/ Yoast SEO plugin. -->","yoast_head_json":{"title":"Rod Stewart \u2013 The Tears Of Hercules Vinilin\u0117 Plok\u0161tel\u0117 | Vinilozona.lt","robots":{"index":"index","follow":"follow","max-snippet":"max-snippet:-1","max-image-preview":"max-image-preview:large","max-video-preview":"max-video-preview:-1"},"canonical":"https:\/\/vinilozona.lt\/en\/parduotuve\/naujos-lp\/rod-stewart-the-tears-of-hercules\/","og_locale":"en_GB","og_type":"article","og_title":"Rod Stewart \u2013 The Tears Of Hercules Vinilin\u0117 Plok\u0161tel\u0117 | Vinilozona.lt","og_description":"Warner Records Format:  Vinyl, LP Country: Europe Released: Nov 10, 2021","og_url":"https:\/\/vinilozona.lt\/en\/parduotuve\/naujos-lp\/rod-stewart-the-tears-of-hercules\/","og_site_name":"Vinilo Zona","article_modified_time":"2023-11-21T13:00:15+00:00","og_image":[{"width":600,"height":598,"url":"https:\/\/vinilozona.lt\/wp-content\/uploads\/2021\/11\/R-20925451-1636710387-2472.jpeg.jpg","type":"image\/jpeg"}],"twitter_card":"summary_large_image","schema":{"@context":"https:\/\/schema.org","@graph":[{"@type":"WebPage","@id":"https:\/\/vinilozona.lt\/parduotuve\/naujos-lp\/rod-stewart-the-tears-of-hercules\/","url":"https:\/\/vinilozona.lt\/parduotuve\/naujos-lp\/rod-stewart-the-tears-of-hercules\/","name":"Rod Stewart \u2013 The Tears Of Hercules Vinilin\u0117 Plok\u0161tel\u0117 | Vinilozona.lt","isPartOf":{"@id":"https:\/\/vinilozona.lt\/#website"},"primaryImageOfPage":{"@id":"https:\/\/vinilozona.lt\/parduotuve\/naujos-lp\/rod-stewart-the-tears-of-hercules\/#primaryimage"},"image":{"@id":"https:\/\/vinilozona.lt\/parduotuve\/naujos-lp\/rod-stewart-the-tears-of-hercules\/#primaryimage"},"thumbnailUrl":"https:\/\/vinilozona.lt\/wp-content\/uploads\/2021\/11\/R-20925451-1636710387-2472.jpeg.jpg","datePublished":"2023-11-20T10:00:24+00:00","dateModified":"2023-11-21T13:00:15+00:00","breadcrumb":{"@id":"https:\/\/vinilozona.lt\/parduotuve\/naujos-lp\/rod-stewart-the-tears-of-hercules\/#breadcrumb"},"inLanguage":"en-GB","potentialAction":[{"@type":"ReadAction","target":["https:\/\/vinilozona.lt\/parduotuve\/naujos-lp\/rod-stewart-the-tears-of-hercules\/"]}]},{"@type":"ImageObject","inLanguage":"en-GB","@id":"https:\/\/vinilozona.lt\/parduotuve\/naujos-lp\/rod-stewart-the-tears-of-hercules\/#primaryimage","url":"https:\/\/vinilozona.lt\/wp-content\/uploads\/2021\/11\/R-20925451-1636710387-2472.jpeg.jpg","contentUrl":"https:\/\/vinilozona.lt\/wp-content\/uploads\/2021\/11\/R-20925451-1636710387-2472.jpeg.jpg","width":600,"height":598},{"@type":"BreadcrumbList","@id":"https:\/\/vinilozona.lt\/parduotuve\/naujos-lp\/rod-stewart-the-tears-of-hercules\/#breadcrumb","itemListElement":[{"@type":"ListItem","position":1,"name":"Home","item":"https:\/\/vinilozona.lt\/"},{"@type":"ListItem","position":2,"name":"Parduotuv\u0117","item":"https:\/\/vinilozona.lt\/parduotuve\/"},{"@type":"ListItem","position":3,"name":"Rod Stewart \u2013 The Tears Of Hercules"}]},{"@type":"WebSite","@id":"https:\/\/vinilozona.lt\/#website","url":"https:\/\/vinilozona.lt\/","name":"Vinilo Zona","description":"Nup\u016bsk dulkes ir klausyk LP","potentialAction":[{"@type":"SearchAction","target":{"@type":"EntryPoint","urlTemplate":"https:\/\/vinilozona.lt\/?s={search_term_string}"},"query-input":{"@type":"PropertyValueSpecification","valueRequired":true,"valueName":"search_term_string"}}],"inLanguage":"en-GB"}]}},"_links":{"self":[{"href":"https:\/\/vinilozona.lt\/en\/wp-json\/wp\/v2\/product\/16633"}],"collection":[{"href":"https:\/\/vinilozona.lt\/en\/wp-json\/wp\/v2\/product"}],"about":[{"href":"https:\/\/vinilozona.lt\/en\/wp-json\/wp\/v2\/types\/product"}],"wp:featuredmedia":[{"embeddable":true,"href":"https:\/\/vinilozona.lt\/en\/wp-json\/wp\/v2\/media\/16634"}],"wp:attachment":[{"href":"https:\/\/vinilozona.lt\/en\/wp-json\/wp\/v2\/media?parent=16633"}],"wp:term":[{"taxonomy":"product_cat","embeddable":true,"href":"https:\/\/vinilozona.lt\/en\/wp-json\/wp\/v2\/product_cat?post=16633"},{"taxonomy":"product_tag","embeddable":true,"href":"https:\/\/vinilozona.lt\/en\/wp-json\/wp\/v2\/product_tag?post=16633"}],"curies":[{"name":"wp","href":"https:\/\/api.w.org\/{rel}","templated":true}]}}