{"id":16613,"date":"2021-11-11T11:24:01","date_gmt":"2021-11-11T09:24:01","guid":{"rendered":"https:\/\/vinilozona.lt\/?post_type=product&#038;p=16613"},"modified":"2022-03-18T15:11:42","modified_gmt":"2022-03-18T13:11:42","slug":"joe-cocker-cocker-happy-joe-cocker","status":"publish","type":"product","link":"https:\/\/vinilozona.lt\/en\/parduotuve\/rock-pop\/joe-cocker-cocker-happy-joe-cocker\/","title":{"rendered":"Joe Cocker \u2013 Cocker Happy \/ Joe Cocker!"},"content":{"rendered":"<p>Cocker Happy<br \/>\nPut Out The Light\t4:33<br \/>\nBye Bye Blackbird\t3:28<br \/>\nMarjorine\t2:47<br \/>\nShe&#8217;s So Good To Me\t2:50<br \/>\nSandpaper Cadillac\t3:18<br \/>\nWith A Little Help From My Friends\t5:08<br \/>\nHigh Time We Went\t4:25<br \/>\nShe Don&#8217;t Mind\t3:13<br \/>\nDo I Still Figure In Your Life?\t3:59<br \/>\nFeeling Alright\t4:12<br \/>\nSomething&#8217;s Coming On\t2:10<br \/>\nThe Letter\t4:10<br \/>\nJoe Cocker!<br \/>\nDear Landlord\t3:21<br \/>\nBird On The Wire\t4:28<br \/>\nLawdy Miss Clowdy\t2:25<br \/>\nShe Came In Through The Bathroom Window\t2:36<br \/>\nHitchcock Railway\t4:35<br \/>\nThat&#8217;s Your Business\t2:56<br \/>\nSomething\t2:30<br \/>\nDelta Lady\t2:40<br \/>\nHello Little Friend\t3:50<br \/>\nDarling Be Home Soon\t4:38<\/p>","protected":false},"excerpt":{"rendered":"<p>Cube Records \u2013 INT 156.302, Cube Records \u2013 156.302<br \/>\nSeries:\t2 Original LP&#8217;s<br \/>\nFormat:<br \/>\n2 x Vinyl, LP, Compilation<br \/>\nCountry:\tGermany<\/p>","protected":false},"featured_media":16614,"template":"","meta":[],"product_cat":[15],"product_tag":[44],"yoast_head":"<!-- This site is optimized with the Yoast SEO plugin v23.5 - https:\/\/yoast.com\/wordpress\/plugins\/seo\/ -->\n<title>Joe Cocker \u2013 Cocker Happy \/ Joe Cocker! Vinilin\u0117 Plok\u0161tel\u0117 | Vinilozona.lt<\/title>\n<meta name=\"robots\" content=\"index, follow, max-snippet:-1, max-image-preview:large, max-video-preview:-1\" \/>\n<link rel=\"canonical\" href=\"https:\/\/vinilozona.lt\/en\/parduotuve\/rock-pop\/joe-cocker-cocker-happy-joe-cocker\/\" \/>\n<meta property=\"og:locale\" content=\"en_GB\" \/>\n<meta property=\"og:type\" content=\"article\" \/>\n<meta property=\"og:title\" content=\"Joe Cocker \u2013 Cocker Happy \/ Joe Cocker! Vinilin\u0117 Plok\u0161tel\u0117 | Vinilozona.lt\" \/>\n<meta property=\"og:description\" content=\"Cube Records \u2013 INT 156.302, Cube Records \u2013 156.302 Series: 2 Original LP&#039;s Format:  2 x Vinyl, LP, Compilation Country: Germany\" \/>\n<meta property=\"og:url\" content=\"https:\/\/vinilozona.lt\/en\/parduotuve\/rock-pop\/joe-cocker-cocker-happy-joe-cocker\/\" \/>\n<meta property=\"og:site_name\" content=\"Vinilo Zona\" \/>\n<meta property=\"article:modified_time\" content=\"2022-03-18T13:11:42+00:00\" \/>\n<meta property=\"og:image\" content=\"https:\/\/vinilozona.lt\/wp-content\/uploads\/2021\/11\/R-8723294-1467379571-9768.jpeg.jpg\" \/>\n\t<meta property=\"og:image:width\" content=\"600\" \/>\n\t<meta property=\"og:image:height\" content=\"596\" \/>\n\t<meta property=\"og:image:type\" content=\"image\/jpeg\" \/>\n<meta name=\"twitter:card\" content=\"summary_large_image\" \/>\n<script type=\"application\/ld+json\" class=\"yoast-schema-graph\">{\"@context\":\"https:\/\/schema.org\",\"@graph\":[{\"@type\":\"WebPage\",\"@id\":\"https:\/\/vinilozona.lt\/en\/parduotuve\/rock-pop\/joe-cocker-cocker-happy-joe-cocker\/\",\"url\":\"https:\/\/vinilozona.lt\/en\/parduotuve\/rock-pop\/joe-cocker-cocker-happy-joe-cocker\/\",\"name\":\"Joe Cocker \u2013 Cocker Happy \/ Joe Cocker! Vinilin\u0117 Plok\u0161tel\u0117 | Vinilozona.lt\",\"isPartOf\":{\"@id\":\"https:\/\/vinilozona.lt\/#website\"},\"primaryImageOfPage\":{\"@id\":\"https:\/\/vinilozona.lt\/en\/parduotuve\/rock-pop\/joe-cocker-cocker-happy-joe-cocker\/#primaryimage\"},\"image\":{\"@id\":\"https:\/\/vinilozona.lt\/en\/parduotuve\/rock-pop\/joe-cocker-cocker-happy-joe-cocker\/#primaryimage\"},\"thumbnailUrl\":\"https:\/\/vinilozona.lt\/wp-content\/uploads\/2021\/11\/R-8723294-1467379571-9768.jpeg.jpg\",\"datePublished\":\"2021-11-11T09:24:01+00:00\",\"dateModified\":\"2022-03-18T13:11:42+00:00\",\"breadcrumb\":{\"@id\":\"https:\/\/vinilozona.lt\/en\/parduotuve\/rock-pop\/joe-cocker-cocker-happy-joe-cocker\/#breadcrumb\"},\"inLanguage\":\"en-GB\",\"potentialAction\":[{\"@type\":\"ReadAction\",\"target\":[\"https:\/\/vinilozona.lt\/en\/parduotuve\/rock-pop\/joe-cocker-cocker-happy-joe-cocker\/\"]}]},{\"@type\":\"ImageObject\",\"inLanguage\":\"en-GB\",\"@id\":\"https:\/\/vinilozona.lt\/en\/parduotuve\/rock-pop\/joe-cocker-cocker-happy-joe-cocker\/#primaryimage\",\"url\":\"https:\/\/vinilozona.lt\/wp-content\/uploads\/2021\/11\/R-8723294-1467379571-9768.jpeg.jpg\",\"contentUrl\":\"https:\/\/vinilozona.lt\/wp-content\/uploads\/2021\/11\/R-8723294-1467379571-9768.jpeg.jpg\",\"width\":600,\"height\":596},{\"@type\":\"BreadcrumbList\",\"@id\":\"https:\/\/vinilozona.lt\/en\/parduotuve\/rock-pop\/joe-cocker-cocker-happy-joe-cocker\/#breadcrumb\",\"itemListElement\":[{\"@type\":\"ListItem\",\"position\":1,\"name\":\"Home\",\"item\":\"https:\/\/vinilozona.lt\/\"},{\"@type\":\"ListItem\",\"position\":2,\"name\":\"Parduotuv\u0117\",\"item\":\"https:\/\/vinilozona.lt\/parduotuve\/\"},{\"@type\":\"ListItem\",\"position\":3,\"name\":\"Joe Cocker \u2013 Cocker Happy \/ Joe Cocker!\"}]},{\"@type\":\"WebSite\",\"@id\":\"https:\/\/vinilozona.lt\/#website\",\"url\":\"https:\/\/vinilozona.lt\/\",\"name\":\"Vinilo Zona\",\"description\":\"Nup\u016bsk dulkes ir klausyk LP\",\"potentialAction\":[{\"@type\":\"SearchAction\",\"target\":{\"@type\":\"EntryPoint\",\"urlTemplate\":\"https:\/\/vinilozona.lt\/?s={search_term_string}\"},\"query-input\":{\"@type\":\"PropertyValueSpecification\",\"valueRequired\":true,\"valueName\":\"search_term_string\"}}],\"inLanguage\":\"en-GB\"}]}<\/script>\n<!-- \/ Yoast SEO plugin. -->","yoast_head_json":{"title":"Joe Cocker \u2013 Cocker Happy \/ Joe Cocker! Vinilin\u0117 Plok\u0161tel\u0117 | Vinilozona.lt","robots":{"index":"index","follow":"follow","max-snippet":"max-snippet:-1","max-image-preview":"max-image-preview:large","max-video-preview":"max-video-preview:-1"},"canonical":"https:\/\/vinilozona.lt\/en\/parduotuve\/rock-pop\/joe-cocker-cocker-happy-joe-cocker\/","og_locale":"en_GB","og_type":"article","og_title":"Joe Cocker \u2013 Cocker Happy \/ Joe Cocker! Vinilin\u0117 Plok\u0161tel\u0117 | Vinilozona.lt","og_description":"Cube Records \u2013 INT 156.302, Cube Records \u2013 156.302 Series: 2 Original LP's Format:  2 x Vinyl, LP, Compilation Country: Germany","og_url":"https:\/\/vinilozona.lt\/en\/parduotuve\/rock-pop\/joe-cocker-cocker-happy-joe-cocker\/","og_site_name":"Vinilo Zona","article_modified_time":"2022-03-18T13:11:42+00:00","og_image":[{"width":600,"height":596,"url":"https:\/\/vinilozona.lt\/wp-content\/uploads\/2021\/11\/R-8723294-1467379571-9768.jpeg.jpg","type":"image\/jpeg"}],"twitter_card":"summary_large_image","schema":{"@context":"https:\/\/schema.org","@graph":[{"@type":"WebPage","@id":"https:\/\/vinilozona.lt\/en\/parduotuve\/rock-pop\/joe-cocker-cocker-happy-joe-cocker\/","url":"https:\/\/vinilozona.lt\/en\/parduotuve\/rock-pop\/joe-cocker-cocker-happy-joe-cocker\/","name":"Joe Cocker \u2013 Cocker Happy \/ Joe Cocker! Vinilin\u0117 Plok\u0161tel\u0117 | Vinilozona.lt","isPartOf":{"@id":"https:\/\/vinilozona.lt\/#website"},"primaryImageOfPage":{"@id":"https:\/\/vinilozona.lt\/en\/parduotuve\/rock-pop\/joe-cocker-cocker-happy-joe-cocker\/#primaryimage"},"image":{"@id":"https:\/\/vinilozona.lt\/en\/parduotuve\/rock-pop\/joe-cocker-cocker-happy-joe-cocker\/#primaryimage"},"thumbnailUrl":"https:\/\/vinilozona.lt\/wp-content\/uploads\/2021\/11\/R-8723294-1467379571-9768.jpeg.jpg","datePublished":"2021-11-11T09:24:01+00:00","dateModified":"2022-03-18T13:11:42+00:00","breadcrumb":{"@id":"https:\/\/vinilozona.lt\/en\/parduotuve\/rock-pop\/joe-cocker-cocker-happy-joe-cocker\/#breadcrumb"},"inLanguage":"en-GB","potentialAction":[{"@type":"ReadAction","target":["https:\/\/vinilozona.lt\/en\/parduotuve\/rock-pop\/joe-cocker-cocker-happy-joe-cocker\/"]}]},{"@type":"ImageObject","inLanguage":"en-GB","@id":"https:\/\/vinilozona.lt\/en\/parduotuve\/rock-pop\/joe-cocker-cocker-happy-joe-cocker\/#primaryimage","url":"https:\/\/vinilozona.lt\/wp-content\/uploads\/2021\/11\/R-8723294-1467379571-9768.jpeg.jpg","contentUrl":"https:\/\/vinilozona.lt\/wp-content\/uploads\/2021\/11\/R-8723294-1467379571-9768.jpeg.jpg","width":600,"height":596},{"@type":"BreadcrumbList","@id":"https:\/\/vinilozona.lt\/en\/parduotuve\/rock-pop\/joe-cocker-cocker-happy-joe-cocker\/#breadcrumb","itemListElement":[{"@type":"ListItem","position":1,"name":"Home","item":"https:\/\/vinilozona.lt\/"},{"@type":"ListItem","position":2,"name":"Parduotuv\u0117","item":"https:\/\/vinilozona.lt\/parduotuve\/"},{"@type":"ListItem","position":3,"name":"Joe Cocker \u2013 Cocker Happy \/ Joe Cocker!"}]},{"@type":"WebSite","@id":"https:\/\/vinilozona.lt\/#website","url":"https:\/\/vinilozona.lt\/","name":"Vinilo Zona","description":"Nup\u016bsk dulkes ir klausyk LP","potentialAction":[{"@type":"SearchAction","target":{"@type":"EntryPoint","urlTemplate":"https:\/\/vinilozona.lt\/?s={search_term_string}"},"query-input":{"@type":"PropertyValueSpecification","valueRequired":true,"valueName":"search_term_string"}}],"inLanguage":"en-GB"}]}},"_links":{"self":[{"href":"https:\/\/vinilozona.lt\/en\/wp-json\/wp\/v2\/product\/16613"}],"collection":[{"href":"https:\/\/vinilozona.lt\/en\/wp-json\/wp\/v2\/product"}],"about":[{"href":"https:\/\/vinilozona.lt\/en\/wp-json\/wp\/v2\/types\/product"}],"wp:featuredmedia":[{"embeddable":true,"href":"https:\/\/vinilozona.lt\/en\/wp-json\/wp\/v2\/media\/16614"}],"wp:attachment":[{"href":"https:\/\/vinilozona.lt\/en\/wp-json\/wp\/v2\/media?parent=16613"}],"wp:term":[{"taxonomy":"product_cat","embeddable":true,"href":"https:\/\/vinilozona.lt\/en\/wp-json\/wp\/v2\/product_cat?post=16613"},{"taxonomy":"product_tag","embeddable":true,"href":"https:\/\/vinilozona.lt\/en\/wp-json\/wp\/v2\/product_tag?post=16613"}],"curies":[{"name":"wp","href":"https:\/\/api.w.org\/{rel}","templated":true}]}}