{"id":16576,"date":"2021-11-10T18:48:13","date_gmt":"2021-11-10T16:48:13","guid":{"rendered":"https:\/\/vinilozona.lt\/?post_type=product&#038;p=16576"},"modified":"2024-09-27T07:10:45","modified_gmt":"2024-09-27T04:10:45","slug":"the-beautiful-south-choke-cd-album-bon","status":"publish","type":"product","link":"https:\/\/vinilozona.lt\/en\/parduotuve\/cd\/naudoti-cd\/the-beautiful-south-choke-cd-album-bon\/","title":{"rendered":"The Beautiful South &#8211; Choke (CD, Album, Bon)"},"content":{"rendered":"<p>1\tTonight I Fancy Myself\t3:24<br \/>\n2\tMy Book\t3:17<br \/>\n3\tLet Love Speak Up Itself\t5:03<br \/>\n4\tShould&#8217;ve Kept My Eyes Shut\t3:24<br \/>\n5\tI&#8217;ve Come For My Award\t3:12<br \/>\n6\tLips\t1:12<br \/>\n7\tI Think The Answer&#8217;s Yes\t5:13<br \/>\n8\tA Little Time\t2:58<br \/>\n9\tMother&#8217;s Pride\t2:02<br \/>\n10\tI Hate You (But You&#8217;re Interesting)\t3:44<br \/>\n11\tThe Rising Of Grafton Street\t3:04<br \/>\n12\tWhat You See Is What You Get\t4:29<\/p>","protected":false},"excerpt":{"rendered":"<p>Go! Discs \u200e\u2013 828 232-2<br \/>\nFormat:<br \/>\nCD, Album, Bonus Track<br \/>\nCountry:<br \/>\nGermany<br \/>\nReleased:<br \/>\n30 Oct 1990<\/p>","protected":false},"featured_media":16577,"template":"","meta":[],"product_cat":[24,946],"product_tag":[44],"yoast_head":"<!-- This site is optimized with the Yoast SEO plugin v23.5 - https:\/\/yoast.com\/wordpress\/plugins\/seo\/ -->\n<title>The Beautiful South - Choke (CD, Album, Bon) Vinilin\u0117 Plok\u0161tel\u0117 | Vinilozona.lt<\/title>\n<meta name=\"robots\" content=\"index, follow, max-snippet:-1, max-image-preview:large, max-video-preview:-1\" \/>\n<link rel=\"canonical\" href=\"https:\/\/vinilozona.lt\/en\/parduotuve\/cd\/naudoti-cd\/the-beautiful-south-choke-cd-album-bon\/\" \/>\n<meta property=\"og:locale\" content=\"en_GB\" \/>\n<meta property=\"og:type\" content=\"article\" \/>\n<meta property=\"og:title\" content=\"The Beautiful South - Choke (CD, Album, Bon) Vinilin\u0117 Plok\u0161tel\u0117 | Vinilozona.lt\" \/>\n<meta property=\"og:description\" content=\"Go! Discs \u200e\u2013 828 232-2 Format: CD, Album, Bonus Track Country: Germany Released: 30 Oct 1990\" \/>\n<meta property=\"og:url\" content=\"https:\/\/vinilozona.lt\/en\/parduotuve\/cd\/naudoti-cd\/the-beautiful-south-choke-cd-album-bon\/\" \/>\n<meta property=\"og:site_name\" content=\"Vinilo Zona\" \/>\n<meta property=\"article:modified_time\" content=\"2024-09-27T04:10:45+00:00\" \/>\n<meta property=\"og:image\" content=\"https:\/\/vinilozona.lt\/wp-content\/uploads\/2021\/11\/R-1387976-1376117674-7781.jpeg.jpg\" \/>\n\t<meta property=\"og:image:width\" content=\"500\" \/>\n\t<meta property=\"og:image:height\" content=\"500\" \/>\n\t<meta property=\"og:image:type\" content=\"image\/jpeg\" \/>\n<meta name=\"twitter:card\" content=\"summary_large_image\" \/>\n<script type=\"application\/ld+json\" class=\"yoast-schema-graph\">{\"@context\":\"https:\/\/schema.org\",\"@graph\":[{\"@type\":\"WebPage\",\"@id\":\"https:\/\/vinilozona.lt\/parduotuve\/cd\/naudoti-cd\/the-beautiful-south-choke-cd-album-bon\/\",\"url\":\"https:\/\/vinilozona.lt\/parduotuve\/cd\/naudoti-cd\/the-beautiful-south-choke-cd-album-bon\/\",\"name\":\"The Beautiful South - Choke (CD, Album, Bon) Vinilin\u0117 Plok\u0161tel\u0117 | Vinilozona.lt\",\"isPartOf\":{\"@id\":\"https:\/\/vinilozona.lt\/#website\"},\"primaryImageOfPage\":{\"@id\":\"https:\/\/vinilozona.lt\/parduotuve\/cd\/naudoti-cd\/the-beautiful-south-choke-cd-album-bon\/#primaryimage\"},\"image\":{\"@id\":\"https:\/\/vinilozona.lt\/parduotuve\/cd\/naudoti-cd\/the-beautiful-south-choke-cd-album-bon\/#primaryimage\"},\"thumbnailUrl\":\"https:\/\/vinilozona.lt\/wp-content\/uploads\/2021\/11\/R-1387976-1376117674-7781.jpeg.jpg\",\"datePublished\":\"2021-11-10T16:48:13+00:00\",\"dateModified\":\"2024-09-27T04:10:45+00:00\",\"breadcrumb\":{\"@id\":\"https:\/\/vinilozona.lt\/parduotuve\/cd\/naudoti-cd\/the-beautiful-south-choke-cd-album-bon\/#breadcrumb\"},\"inLanguage\":\"en-GB\",\"potentialAction\":[{\"@type\":\"ReadAction\",\"target\":[\"https:\/\/vinilozona.lt\/parduotuve\/cd\/naudoti-cd\/the-beautiful-south-choke-cd-album-bon\/\"]}]},{\"@type\":\"ImageObject\",\"inLanguage\":\"en-GB\",\"@id\":\"https:\/\/vinilozona.lt\/parduotuve\/cd\/naudoti-cd\/the-beautiful-south-choke-cd-album-bon\/#primaryimage\",\"url\":\"https:\/\/vinilozona.lt\/wp-content\/uploads\/2021\/11\/R-1387976-1376117674-7781.jpeg.jpg\",\"contentUrl\":\"https:\/\/vinilozona.lt\/wp-content\/uploads\/2021\/11\/R-1387976-1376117674-7781.jpeg.jpg\",\"width\":500,\"height\":500},{\"@type\":\"BreadcrumbList\",\"@id\":\"https:\/\/vinilozona.lt\/parduotuve\/cd\/naudoti-cd\/the-beautiful-south-choke-cd-album-bon\/#breadcrumb\",\"itemListElement\":[{\"@type\":\"ListItem\",\"position\":1,\"name\":\"Home\",\"item\":\"https:\/\/vinilozona.lt\/\"},{\"@type\":\"ListItem\",\"position\":2,\"name\":\"Parduotuv\u0117\",\"item\":\"https:\/\/vinilozona.lt\/parduotuve\/\"},{\"@type\":\"ListItem\",\"position\":3,\"name\":\"The Beautiful South &#8211; Choke (CD, Album, Bon)\"}]},{\"@type\":\"WebSite\",\"@id\":\"https:\/\/vinilozona.lt\/#website\",\"url\":\"https:\/\/vinilozona.lt\/\",\"name\":\"Vinilo Zona\",\"description\":\"Nup\u016bsk dulkes ir klausyk LP\",\"potentialAction\":[{\"@type\":\"SearchAction\",\"target\":{\"@type\":\"EntryPoint\",\"urlTemplate\":\"https:\/\/vinilozona.lt\/?s={search_term_string}\"},\"query-input\":{\"@type\":\"PropertyValueSpecification\",\"valueRequired\":true,\"valueName\":\"search_term_string\"}}],\"inLanguage\":\"en-GB\"}]}<\/script>\n<!-- \/ Yoast SEO plugin. -->","yoast_head_json":{"title":"The Beautiful South - Choke (CD, Album, Bon) Vinilin\u0117 Plok\u0161tel\u0117 | Vinilozona.lt","robots":{"index":"index","follow":"follow","max-snippet":"max-snippet:-1","max-image-preview":"max-image-preview:large","max-video-preview":"max-video-preview:-1"},"canonical":"https:\/\/vinilozona.lt\/en\/parduotuve\/cd\/naudoti-cd\/the-beautiful-south-choke-cd-album-bon\/","og_locale":"en_GB","og_type":"article","og_title":"The Beautiful South - Choke (CD, Album, Bon) Vinilin\u0117 Plok\u0161tel\u0117 | Vinilozona.lt","og_description":"Go! Discs \u200e\u2013 828 232-2 Format: CD, Album, Bonus Track Country: Germany Released: 30 Oct 1990","og_url":"https:\/\/vinilozona.lt\/en\/parduotuve\/cd\/naudoti-cd\/the-beautiful-south-choke-cd-album-bon\/","og_site_name":"Vinilo Zona","article_modified_time":"2024-09-27T04:10:45+00:00","og_image":[{"width":500,"height":500,"url":"https:\/\/vinilozona.lt\/wp-content\/uploads\/2021\/11\/R-1387976-1376117674-7781.jpeg.jpg","type":"image\/jpeg"}],"twitter_card":"summary_large_image","schema":{"@context":"https:\/\/schema.org","@graph":[{"@type":"WebPage","@id":"https:\/\/vinilozona.lt\/parduotuve\/cd\/naudoti-cd\/the-beautiful-south-choke-cd-album-bon\/","url":"https:\/\/vinilozona.lt\/parduotuve\/cd\/naudoti-cd\/the-beautiful-south-choke-cd-album-bon\/","name":"The Beautiful South - Choke (CD, Album, Bon) Vinilin\u0117 Plok\u0161tel\u0117 | Vinilozona.lt","isPartOf":{"@id":"https:\/\/vinilozona.lt\/#website"},"primaryImageOfPage":{"@id":"https:\/\/vinilozona.lt\/parduotuve\/cd\/naudoti-cd\/the-beautiful-south-choke-cd-album-bon\/#primaryimage"},"image":{"@id":"https:\/\/vinilozona.lt\/parduotuve\/cd\/naudoti-cd\/the-beautiful-south-choke-cd-album-bon\/#primaryimage"},"thumbnailUrl":"https:\/\/vinilozona.lt\/wp-content\/uploads\/2021\/11\/R-1387976-1376117674-7781.jpeg.jpg","datePublished":"2021-11-10T16:48:13+00:00","dateModified":"2024-09-27T04:10:45+00:00","breadcrumb":{"@id":"https:\/\/vinilozona.lt\/parduotuve\/cd\/naudoti-cd\/the-beautiful-south-choke-cd-album-bon\/#breadcrumb"},"inLanguage":"en-GB","potentialAction":[{"@type":"ReadAction","target":["https:\/\/vinilozona.lt\/parduotuve\/cd\/naudoti-cd\/the-beautiful-south-choke-cd-album-bon\/"]}]},{"@type":"ImageObject","inLanguage":"en-GB","@id":"https:\/\/vinilozona.lt\/parduotuve\/cd\/naudoti-cd\/the-beautiful-south-choke-cd-album-bon\/#primaryimage","url":"https:\/\/vinilozona.lt\/wp-content\/uploads\/2021\/11\/R-1387976-1376117674-7781.jpeg.jpg","contentUrl":"https:\/\/vinilozona.lt\/wp-content\/uploads\/2021\/11\/R-1387976-1376117674-7781.jpeg.jpg","width":500,"height":500},{"@type":"BreadcrumbList","@id":"https:\/\/vinilozona.lt\/parduotuve\/cd\/naudoti-cd\/the-beautiful-south-choke-cd-album-bon\/#breadcrumb","itemListElement":[{"@type":"ListItem","position":1,"name":"Home","item":"https:\/\/vinilozona.lt\/"},{"@type":"ListItem","position":2,"name":"Parduotuv\u0117","item":"https:\/\/vinilozona.lt\/parduotuve\/"},{"@type":"ListItem","position":3,"name":"The Beautiful South &#8211; Choke (CD, Album, Bon)"}]},{"@type":"WebSite","@id":"https:\/\/vinilozona.lt\/#website","url":"https:\/\/vinilozona.lt\/","name":"Vinilo Zona","description":"Nup\u016bsk dulkes ir klausyk LP","potentialAction":[{"@type":"SearchAction","target":{"@type":"EntryPoint","urlTemplate":"https:\/\/vinilozona.lt\/?s={search_term_string}"},"query-input":{"@type":"PropertyValueSpecification","valueRequired":true,"valueName":"search_term_string"}}],"inLanguage":"en-GB"}]}},"_links":{"self":[{"href":"https:\/\/vinilozona.lt\/en\/wp-json\/wp\/v2\/product\/16576"}],"collection":[{"href":"https:\/\/vinilozona.lt\/en\/wp-json\/wp\/v2\/product"}],"about":[{"href":"https:\/\/vinilozona.lt\/en\/wp-json\/wp\/v2\/types\/product"}],"wp:featuredmedia":[{"embeddable":true,"href":"https:\/\/vinilozona.lt\/en\/wp-json\/wp\/v2\/media\/16577"}],"wp:attachment":[{"href":"https:\/\/vinilozona.lt\/en\/wp-json\/wp\/v2\/media?parent=16576"}],"wp:term":[{"taxonomy":"product_cat","embeddable":true,"href":"https:\/\/vinilozona.lt\/en\/wp-json\/wp\/v2\/product_cat?post=16576"},{"taxonomy":"product_tag","embeddable":true,"href":"https:\/\/vinilozona.lt\/en\/wp-json\/wp\/v2\/product_tag?post=16576"}],"curies":[{"name":"wp","href":"https:\/\/api.w.org\/{rel}","templated":true}]}}