{"id":16566,"date":"2025-12-15T05:04:16","date_gmt":"2025-12-15T03:04:16","guid":{"rendered":"https:\/\/vinilozona.lt\/?post_type=product&#038;p=16566"},"modified":"2025-12-15T08:14:30","modified_gmt":"2025-12-15T06:14:30","slug":"b-b-king-his-definitive-greatest-hits-2xcd-comp","status":"publish","type":"product","link":"https:\/\/vinilozona.lt\/en\/parduotuve\/cd\/naudoti-cd\/b-b-king-his-definitive-greatest-hits-2xcd-comp\/","title":{"rendered":"U2 \u2013 Rattle And Hum   CD"},"content":{"rendered":"<p>1\t\tHelter Skelter  3:07<br \/>\n2\t\tVan Diemen&#8217;s Land  3:06<br \/>\n3\t\tDesire  2:58<br \/>\n4\t\tHawkmoon 269  6:22<br \/>\n5\t\tAll Along The Watchtower  4:24<br \/>\n6\t\tI Still Haven&#8217;t Found What I&#8217;m Looking For  5:53<br \/>\n7\t\t(Freedom For My People)  0:38<br \/>\n8\t\tSilver And Gold  5:50<br \/>\n9\t\tPride (In The Name Of Love)  4:27<br \/>\n10\t\tAngel Of Harlem  3:49<br \/>\n11\t\tLove Rescue Me  6:23<br \/>\n12\t\tWhen Love Comes To Town  4:14<br \/>\n13\t\tHeartland  5:02<br \/>\n14\t\tGod Part II  3:15<br \/>\n15\t\t(The Star Spangled Banner)  0:43<br \/>\n16\t\tBullet The Blue Sky  5:37<br \/>\n17\t\tAll I Want Is You  6:30<\/p>","protected":false},"excerpt":{"rendered":"<p>Island Records \u2013 CID U27<br \/>\nFormat:<br \/>\nCD, Album, Stereo<br \/>\nCountry:\tUK<br \/>\nReleased:\tOct 10, 1988<\/p>","protected":false},"featured_media":25728,"template":"","meta":[],"product_cat":[24,946],"product_tag":[44],"yoast_head":"<!-- This site is optimized with the Yoast SEO plugin v23.5 - https:\/\/yoast.com\/wordpress\/plugins\/seo\/ -->\n<title>U2 \u2013 Rattle And Hum  CD Vinilin\u0117 Plok\u0161tel\u0117 | Vinilozona.lt<\/title>\n<meta name=\"robots\" content=\"index, follow, max-snippet:-1, max-image-preview:large, max-video-preview:-1\" \/>\n<link rel=\"canonical\" href=\"https:\/\/vinilozona.lt\/en\/parduotuve\/cd\/naudoti-cd\/b-b-king-his-definitive-greatest-hits-2xcd-comp\/\" \/>\n<meta property=\"og:locale\" content=\"en_GB\" \/>\n<meta property=\"og:type\" content=\"article\" \/>\n<meta property=\"og:title\" content=\"U2 \u2013 Rattle And Hum  CD Vinilin\u0117 Plok\u0161tel\u0117 | Vinilozona.lt\" \/>\n<meta property=\"og:description\" content=\"Island Records \u2013 CID U27 Format:  CD, Album, Stereo Country: UK Released: Oct 10, 1988\" \/>\n<meta property=\"og:url\" content=\"https:\/\/vinilozona.lt\/en\/parduotuve\/cd\/naudoti-cd\/b-b-king-his-definitive-greatest-hits-2xcd-comp\/\" \/>\n<meta property=\"og:site_name\" content=\"Vinilo Zona\" \/>\n<meta property=\"article:modified_time\" content=\"2025-12-15T06:14:30+00:00\" \/>\n<meta property=\"og:image\" content=\"https:\/\/vinilozona.lt\/wp-content\/uploads\/2023\/08\/R-2977275-1310067798.jpg\" \/>\n\t<meta property=\"og:image:width\" content=\"600\" \/>\n\t<meta property=\"og:image:height\" content=\"598\" \/>\n\t<meta property=\"og:image:type\" content=\"image\/jpeg\" \/>\n<meta name=\"twitter:card\" content=\"summary_large_image\" \/>\n<script type=\"application\/ld+json\" class=\"yoast-schema-graph\">{\"@context\":\"https:\/\/schema.org\",\"@graph\":[{\"@type\":\"WebPage\",\"@id\":\"https:\/\/vinilozona.lt\/parduotuve\/cd\/naudoti-cd\/b-b-king-his-definitive-greatest-hits-2xcd-comp\/\",\"url\":\"https:\/\/vinilozona.lt\/parduotuve\/cd\/naudoti-cd\/b-b-king-his-definitive-greatest-hits-2xcd-comp\/\",\"name\":\"U2 \u2013 Rattle And Hum CD Vinilin\u0117 Plok\u0161tel\u0117 | Vinilozona.lt\",\"isPartOf\":{\"@id\":\"https:\/\/vinilozona.lt\/#website\"},\"primaryImageOfPage\":{\"@id\":\"https:\/\/vinilozona.lt\/parduotuve\/cd\/naudoti-cd\/b-b-king-his-definitive-greatest-hits-2xcd-comp\/#primaryimage\"},\"image\":{\"@id\":\"https:\/\/vinilozona.lt\/parduotuve\/cd\/naudoti-cd\/b-b-king-his-definitive-greatest-hits-2xcd-comp\/#primaryimage\"},\"thumbnailUrl\":\"https:\/\/vinilozona.lt\/wp-content\/uploads\/2023\/08\/R-2977275-1310067798.jpg\",\"datePublished\":\"2025-12-15T03:04:16+00:00\",\"dateModified\":\"2025-12-15T06:14:30+00:00\",\"breadcrumb\":{\"@id\":\"https:\/\/vinilozona.lt\/parduotuve\/cd\/naudoti-cd\/b-b-king-his-definitive-greatest-hits-2xcd-comp\/#breadcrumb\"},\"inLanguage\":\"en-GB\",\"potentialAction\":[{\"@type\":\"ReadAction\",\"target\":[\"https:\/\/vinilozona.lt\/parduotuve\/cd\/naudoti-cd\/b-b-king-his-definitive-greatest-hits-2xcd-comp\/\"]}]},{\"@type\":\"ImageObject\",\"inLanguage\":\"en-GB\",\"@id\":\"https:\/\/vinilozona.lt\/parduotuve\/cd\/naudoti-cd\/b-b-king-his-definitive-greatest-hits-2xcd-comp\/#primaryimage\",\"url\":\"https:\/\/vinilozona.lt\/wp-content\/uploads\/2023\/08\/R-2977275-1310067798.jpg\",\"contentUrl\":\"https:\/\/vinilozona.lt\/wp-content\/uploads\/2023\/08\/R-2977275-1310067798.jpg\",\"width\":600,\"height\":598},{\"@type\":\"BreadcrumbList\",\"@id\":\"https:\/\/vinilozona.lt\/parduotuve\/cd\/naudoti-cd\/b-b-king-his-definitive-greatest-hits-2xcd-comp\/#breadcrumb\",\"itemListElement\":[{\"@type\":\"ListItem\",\"position\":1,\"name\":\"Home\",\"item\":\"https:\/\/vinilozona.lt\/\"},{\"@type\":\"ListItem\",\"position\":2,\"name\":\"Parduotuv\u0117\",\"item\":\"https:\/\/vinilozona.lt\/parduotuve\/\"},{\"@type\":\"ListItem\",\"position\":3,\"name\":\"U2 \u2013 Rattle And Hum CD\"}]},{\"@type\":\"WebSite\",\"@id\":\"https:\/\/vinilozona.lt\/#website\",\"url\":\"https:\/\/vinilozona.lt\/\",\"name\":\"Vinilo Zona\",\"description\":\"Nup\u016bsk dulkes ir klausyk LP\",\"potentialAction\":[{\"@type\":\"SearchAction\",\"target\":{\"@type\":\"EntryPoint\",\"urlTemplate\":\"https:\/\/vinilozona.lt\/?s={search_term_string}\"},\"query-input\":{\"@type\":\"PropertyValueSpecification\",\"valueRequired\":true,\"valueName\":\"search_term_string\"}}],\"inLanguage\":\"en-GB\"}]}<\/script>\n<!-- \/ Yoast SEO plugin. -->","yoast_head_json":{"title":"U2 \u2013 Rattle And Hum  CD Vinilin\u0117 Plok\u0161tel\u0117 | Vinilozona.lt","robots":{"index":"index","follow":"follow","max-snippet":"max-snippet:-1","max-image-preview":"max-image-preview:large","max-video-preview":"max-video-preview:-1"},"canonical":"https:\/\/vinilozona.lt\/en\/parduotuve\/cd\/naudoti-cd\/b-b-king-his-definitive-greatest-hits-2xcd-comp\/","og_locale":"en_GB","og_type":"article","og_title":"U2 \u2013 Rattle And Hum  CD Vinilin\u0117 Plok\u0161tel\u0117 | Vinilozona.lt","og_description":"Island Records \u2013 CID U27 Format:  CD, Album, Stereo Country: UK Released: Oct 10, 1988","og_url":"https:\/\/vinilozona.lt\/en\/parduotuve\/cd\/naudoti-cd\/b-b-king-his-definitive-greatest-hits-2xcd-comp\/","og_site_name":"Vinilo Zona","article_modified_time":"2025-12-15T06:14:30+00:00","og_image":[{"width":600,"height":598,"url":"https:\/\/vinilozona.lt\/wp-content\/uploads\/2023\/08\/R-2977275-1310067798.jpg","type":"image\/jpeg"}],"twitter_card":"summary_large_image","schema":{"@context":"https:\/\/schema.org","@graph":[{"@type":"WebPage","@id":"https:\/\/vinilozona.lt\/parduotuve\/cd\/naudoti-cd\/b-b-king-his-definitive-greatest-hits-2xcd-comp\/","url":"https:\/\/vinilozona.lt\/parduotuve\/cd\/naudoti-cd\/b-b-king-his-definitive-greatest-hits-2xcd-comp\/","name":"U2 \u2013 Rattle And Hum CD Vinilin\u0117 Plok\u0161tel\u0117 | Vinilozona.lt","isPartOf":{"@id":"https:\/\/vinilozona.lt\/#website"},"primaryImageOfPage":{"@id":"https:\/\/vinilozona.lt\/parduotuve\/cd\/naudoti-cd\/b-b-king-his-definitive-greatest-hits-2xcd-comp\/#primaryimage"},"image":{"@id":"https:\/\/vinilozona.lt\/parduotuve\/cd\/naudoti-cd\/b-b-king-his-definitive-greatest-hits-2xcd-comp\/#primaryimage"},"thumbnailUrl":"https:\/\/vinilozona.lt\/wp-content\/uploads\/2023\/08\/R-2977275-1310067798.jpg","datePublished":"2025-12-15T03:04:16+00:00","dateModified":"2025-12-15T06:14:30+00:00","breadcrumb":{"@id":"https:\/\/vinilozona.lt\/parduotuve\/cd\/naudoti-cd\/b-b-king-his-definitive-greatest-hits-2xcd-comp\/#breadcrumb"},"inLanguage":"en-GB","potentialAction":[{"@type":"ReadAction","target":["https:\/\/vinilozona.lt\/parduotuve\/cd\/naudoti-cd\/b-b-king-his-definitive-greatest-hits-2xcd-comp\/"]}]},{"@type":"ImageObject","inLanguage":"en-GB","@id":"https:\/\/vinilozona.lt\/parduotuve\/cd\/naudoti-cd\/b-b-king-his-definitive-greatest-hits-2xcd-comp\/#primaryimage","url":"https:\/\/vinilozona.lt\/wp-content\/uploads\/2023\/08\/R-2977275-1310067798.jpg","contentUrl":"https:\/\/vinilozona.lt\/wp-content\/uploads\/2023\/08\/R-2977275-1310067798.jpg","width":600,"height":598},{"@type":"BreadcrumbList","@id":"https:\/\/vinilozona.lt\/parduotuve\/cd\/naudoti-cd\/b-b-king-his-definitive-greatest-hits-2xcd-comp\/#breadcrumb","itemListElement":[{"@type":"ListItem","position":1,"name":"Home","item":"https:\/\/vinilozona.lt\/"},{"@type":"ListItem","position":2,"name":"Parduotuv\u0117","item":"https:\/\/vinilozona.lt\/parduotuve\/"},{"@type":"ListItem","position":3,"name":"U2 \u2013 Rattle And Hum CD"}]},{"@type":"WebSite","@id":"https:\/\/vinilozona.lt\/#website","url":"https:\/\/vinilozona.lt\/","name":"Vinilo Zona","description":"Nup\u016bsk dulkes ir klausyk LP","potentialAction":[{"@type":"SearchAction","target":{"@type":"EntryPoint","urlTemplate":"https:\/\/vinilozona.lt\/?s={search_term_string}"},"query-input":{"@type":"PropertyValueSpecification","valueRequired":true,"valueName":"search_term_string"}}],"inLanguage":"en-GB"}]}},"_links":{"self":[{"href":"https:\/\/vinilozona.lt\/en\/wp-json\/wp\/v2\/product\/16566"}],"collection":[{"href":"https:\/\/vinilozona.lt\/en\/wp-json\/wp\/v2\/product"}],"about":[{"href":"https:\/\/vinilozona.lt\/en\/wp-json\/wp\/v2\/types\/product"}],"wp:featuredmedia":[{"embeddable":true,"href":"https:\/\/vinilozona.lt\/en\/wp-json\/wp\/v2\/media\/25728"}],"wp:attachment":[{"href":"https:\/\/vinilozona.lt\/en\/wp-json\/wp\/v2\/media?parent=16566"}],"wp:term":[{"taxonomy":"product_cat","embeddable":true,"href":"https:\/\/vinilozona.lt\/en\/wp-json\/wp\/v2\/product_cat?post=16566"},{"taxonomy":"product_tag","embeddable":true,"href":"https:\/\/vinilozona.lt\/en\/wp-json\/wp\/v2\/product_tag?post=16566"}],"curies":[{"name":"wp","href":"https:\/\/api.w.org\/{rel}","templated":true}]}}