{"id":16564,"date":"2024-10-05T05:08:21","date_gmt":"2024-10-05T02:08:21","guid":{"rendered":"https:\/\/vinilozona.lt\/?post_type=product&#038;p=16564"},"modified":"2025-12-31T11:23:24","modified_gmt":"2025-12-31T09:23:24","slug":"arena-%e2%80%8e-peppers-ghost-cd","status":"publish","type":"product","link":"https:\/\/vinilozona.lt\/en\/parduotuve\/cd\/naudoti-cd\/arena-%e2%80%8e-peppers-ghost-cd\/","title":{"rendered":"Sade \u2013 Lovers Rock  CD"},"content":{"rendered":"<p>1\t\tBy Your Side\t4:34<br \/>\n2\t\tFlow\t4:34<br \/>\n3\t\tKing Of Sorrow  4:53<br \/>\n4\t\tSomebody Already Broke My Heart\t5:01<br \/>\n5\t\tAll About Our Love\t2:40<br \/>\n6\t\tSlave Song\t4:12<br \/>\n7\t\tThe Sweetest Gift\t2:18<br \/>\n8\t\tEvery Word  4:04<br \/>\n9\t\tImmigrant  3:48<br \/>\n10\t\tLovers Rock\t4:13<br \/>\n11\t\tIt&#8217;s Only Love That Gets You Through  3:53<\/p>","protected":false},"excerpt":{"rendered":"<p>Epic \u2013 500766 2, Epic \u2013 5007662000<br \/>\nFormat:<br \/>\nCD, Album<br \/>\nCountry:\tEurope<br \/>\nReleased:\tNov 3, 2000<\/p>","protected":false},"featured_media":25908,"template":"","meta":[],"product_cat":[24,946],"product_tag":[44],"yoast_head":"<!-- This site is optimized with the Yoast SEO plugin v23.5 - https:\/\/yoast.com\/wordpress\/plugins\/seo\/ -->\n<title>Sade \u2013 Lovers Rock CD Vinilin\u0117 Plok\u0161tel\u0117 | Vinilozona.lt<\/title>\n<meta name=\"robots\" content=\"index, follow, max-snippet:-1, max-image-preview:large, max-video-preview:-1\" \/>\n<link rel=\"canonical\" href=\"https:\/\/vinilozona.lt\/en\/parduotuve\/cd\/naudoti-cd\/arena-\u200e-peppers-ghost-cd\/\" \/>\n<meta property=\"og:locale\" content=\"en_GB\" \/>\n<meta property=\"og:type\" content=\"article\" \/>\n<meta property=\"og:title\" content=\"Sade \u2013 Lovers Rock CD Vinilin\u0117 Plok\u0161tel\u0117 | Vinilozona.lt\" \/>\n<meta property=\"og:description\" content=\"Epic \u2013 500766 2, Epic \u2013 5007662000 Format:  CD, Album Country: Europe Released: Nov 3, 2000\" \/>\n<meta property=\"og:url\" content=\"https:\/\/vinilozona.lt\/en\/parduotuve\/cd\/naudoti-cd\/arena-\u200e-peppers-ghost-cd\/\" \/>\n<meta property=\"og:site_name\" content=\"Vinilo Zona\" \/>\n<meta property=\"article:modified_time\" content=\"2025-12-31T09:23:24+00:00\" \/>\n<meta property=\"og:image\" content=\"https:\/\/vinilozona.lt\/wp-content\/uploads\/2023\/10\/R-649373-1451311790-5686.jpg\" \/>\n\t<meta property=\"og:image:width\" content=\"599\" \/>\n\t<meta property=\"og:image:height\" content=\"595\" \/>\n\t<meta property=\"og:image:type\" content=\"image\/jpeg\" \/>\n<meta name=\"twitter:card\" content=\"summary_large_image\" \/>\n<script type=\"application\/ld+json\" class=\"yoast-schema-graph\">{\"@context\":\"https:\/\/schema.org\",\"@graph\":[{\"@type\":\"WebPage\",\"@id\":\"https:\/\/vinilozona.lt\/en\/parduotuve\/cd\/naudoti-cd\/arena-%e2%80%8e-peppers-ghost-cd\/\",\"url\":\"https:\/\/vinilozona.lt\/en\/parduotuve\/cd\/naudoti-cd\/arena-%e2%80%8e-peppers-ghost-cd\/\",\"name\":\"Sade \u2013 Lovers Rock CD Vinilin\u0117 Plok\u0161tel\u0117 | Vinilozona.lt\",\"isPartOf\":{\"@id\":\"https:\/\/vinilozona.lt\/#website\"},\"primaryImageOfPage\":{\"@id\":\"https:\/\/vinilozona.lt\/en\/parduotuve\/cd\/naudoti-cd\/arena-%e2%80%8e-peppers-ghost-cd\/#primaryimage\"},\"image\":{\"@id\":\"https:\/\/vinilozona.lt\/en\/parduotuve\/cd\/naudoti-cd\/arena-%e2%80%8e-peppers-ghost-cd\/#primaryimage\"},\"thumbnailUrl\":\"https:\/\/vinilozona.lt\/wp-content\/uploads\/2023\/10\/R-649373-1451311790-5686.jpg\",\"datePublished\":\"2024-10-05T02:08:21+00:00\",\"dateModified\":\"2025-12-31T09:23:24+00:00\",\"breadcrumb\":{\"@id\":\"https:\/\/vinilozona.lt\/en\/parduotuve\/cd\/naudoti-cd\/arena-%e2%80%8e-peppers-ghost-cd\/#breadcrumb\"},\"inLanguage\":\"en-GB\",\"potentialAction\":[{\"@type\":\"ReadAction\",\"target\":[\"https:\/\/vinilozona.lt\/en\/parduotuve\/cd\/naudoti-cd\/arena-%e2%80%8e-peppers-ghost-cd\/\"]}]},{\"@type\":\"ImageObject\",\"inLanguage\":\"en-GB\",\"@id\":\"https:\/\/vinilozona.lt\/en\/parduotuve\/cd\/naudoti-cd\/arena-%e2%80%8e-peppers-ghost-cd\/#primaryimage\",\"url\":\"https:\/\/vinilozona.lt\/wp-content\/uploads\/2023\/10\/R-649373-1451311790-5686.jpg\",\"contentUrl\":\"https:\/\/vinilozona.lt\/wp-content\/uploads\/2023\/10\/R-649373-1451311790-5686.jpg\",\"width\":599,\"height\":595},{\"@type\":\"BreadcrumbList\",\"@id\":\"https:\/\/vinilozona.lt\/en\/parduotuve\/cd\/naudoti-cd\/arena-%e2%80%8e-peppers-ghost-cd\/#breadcrumb\",\"itemListElement\":[{\"@type\":\"ListItem\",\"position\":1,\"name\":\"Home\",\"item\":\"https:\/\/vinilozona.lt\/\"},{\"@type\":\"ListItem\",\"position\":2,\"name\":\"Parduotuv\u0117\",\"item\":\"https:\/\/vinilozona.lt\/parduotuve\/\"},{\"@type\":\"ListItem\",\"position\":3,\"name\":\"Sade \u2013 Lovers Rock CD\"}]},{\"@type\":\"WebSite\",\"@id\":\"https:\/\/vinilozona.lt\/#website\",\"url\":\"https:\/\/vinilozona.lt\/\",\"name\":\"Vinilo Zona\",\"description\":\"Nup\u016bsk dulkes ir klausyk LP\",\"potentialAction\":[{\"@type\":\"SearchAction\",\"target\":{\"@type\":\"EntryPoint\",\"urlTemplate\":\"https:\/\/vinilozona.lt\/?s={search_term_string}\"},\"query-input\":{\"@type\":\"PropertyValueSpecification\",\"valueRequired\":true,\"valueName\":\"search_term_string\"}}],\"inLanguage\":\"en-GB\"}]}<\/script>\n<!-- \/ Yoast SEO plugin. -->","yoast_head_json":{"title":"Sade \u2013 Lovers Rock CD Vinilin\u0117 Plok\u0161tel\u0117 | Vinilozona.lt","robots":{"index":"index","follow":"follow","max-snippet":"max-snippet:-1","max-image-preview":"max-image-preview:large","max-video-preview":"max-video-preview:-1"},"canonical":"https:\/\/vinilozona.lt\/en\/parduotuve\/cd\/naudoti-cd\/arena-\u200e-peppers-ghost-cd\/","og_locale":"en_GB","og_type":"article","og_title":"Sade \u2013 Lovers Rock CD Vinilin\u0117 Plok\u0161tel\u0117 | Vinilozona.lt","og_description":"Epic \u2013 500766 2, Epic \u2013 5007662000 Format:  CD, Album Country: Europe Released: Nov 3, 2000","og_url":"https:\/\/vinilozona.lt\/en\/parduotuve\/cd\/naudoti-cd\/arena-\u200e-peppers-ghost-cd\/","og_site_name":"Vinilo Zona","article_modified_time":"2025-12-31T09:23:24+00:00","og_image":[{"width":599,"height":595,"url":"https:\/\/vinilozona.lt\/wp-content\/uploads\/2023\/10\/R-649373-1451311790-5686.jpg","type":"image\/jpeg"}],"twitter_card":"summary_large_image","schema":{"@context":"https:\/\/schema.org","@graph":[{"@type":"WebPage","@id":"https:\/\/vinilozona.lt\/en\/parduotuve\/cd\/naudoti-cd\/arena-%e2%80%8e-peppers-ghost-cd\/","url":"https:\/\/vinilozona.lt\/en\/parduotuve\/cd\/naudoti-cd\/arena-%e2%80%8e-peppers-ghost-cd\/","name":"Sade \u2013 Lovers Rock CD Vinilin\u0117 Plok\u0161tel\u0117 | Vinilozona.lt","isPartOf":{"@id":"https:\/\/vinilozona.lt\/#website"},"primaryImageOfPage":{"@id":"https:\/\/vinilozona.lt\/en\/parduotuve\/cd\/naudoti-cd\/arena-%e2%80%8e-peppers-ghost-cd\/#primaryimage"},"image":{"@id":"https:\/\/vinilozona.lt\/en\/parduotuve\/cd\/naudoti-cd\/arena-%e2%80%8e-peppers-ghost-cd\/#primaryimage"},"thumbnailUrl":"https:\/\/vinilozona.lt\/wp-content\/uploads\/2023\/10\/R-649373-1451311790-5686.jpg","datePublished":"2024-10-05T02:08:21+00:00","dateModified":"2025-12-31T09:23:24+00:00","breadcrumb":{"@id":"https:\/\/vinilozona.lt\/en\/parduotuve\/cd\/naudoti-cd\/arena-%e2%80%8e-peppers-ghost-cd\/#breadcrumb"},"inLanguage":"en-GB","potentialAction":[{"@type":"ReadAction","target":["https:\/\/vinilozona.lt\/en\/parduotuve\/cd\/naudoti-cd\/arena-%e2%80%8e-peppers-ghost-cd\/"]}]},{"@type":"ImageObject","inLanguage":"en-GB","@id":"https:\/\/vinilozona.lt\/en\/parduotuve\/cd\/naudoti-cd\/arena-%e2%80%8e-peppers-ghost-cd\/#primaryimage","url":"https:\/\/vinilozona.lt\/wp-content\/uploads\/2023\/10\/R-649373-1451311790-5686.jpg","contentUrl":"https:\/\/vinilozona.lt\/wp-content\/uploads\/2023\/10\/R-649373-1451311790-5686.jpg","width":599,"height":595},{"@type":"BreadcrumbList","@id":"https:\/\/vinilozona.lt\/en\/parduotuve\/cd\/naudoti-cd\/arena-%e2%80%8e-peppers-ghost-cd\/#breadcrumb","itemListElement":[{"@type":"ListItem","position":1,"name":"Home","item":"https:\/\/vinilozona.lt\/"},{"@type":"ListItem","position":2,"name":"Parduotuv\u0117","item":"https:\/\/vinilozona.lt\/parduotuve\/"},{"@type":"ListItem","position":3,"name":"Sade \u2013 Lovers Rock CD"}]},{"@type":"WebSite","@id":"https:\/\/vinilozona.lt\/#website","url":"https:\/\/vinilozona.lt\/","name":"Vinilo Zona","description":"Nup\u016bsk dulkes ir klausyk LP","potentialAction":[{"@type":"SearchAction","target":{"@type":"EntryPoint","urlTemplate":"https:\/\/vinilozona.lt\/?s={search_term_string}"},"query-input":{"@type":"PropertyValueSpecification","valueRequired":true,"valueName":"search_term_string"}}],"inLanguage":"en-GB"}]}},"_links":{"self":[{"href":"https:\/\/vinilozona.lt\/en\/wp-json\/wp\/v2\/product\/16564"}],"collection":[{"href":"https:\/\/vinilozona.lt\/en\/wp-json\/wp\/v2\/product"}],"about":[{"href":"https:\/\/vinilozona.lt\/en\/wp-json\/wp\/v2\/types\/product"}],"wp:featuredmedia":[{"embeddable":true,"href":"https:\/\/vinilozona.lt\/en\/wp-json\/wp\/v2\/media\/25908"}],"wp:attachment":[{"href":"https:\/\/vinilozona.lt\/en\/wp-json\/wp\/v2\/media?parent=16564"}],"wp:term":[{"taxonomy":"product_cat","embeddable":true,"href":"https:\/\/vinilozona.lt\/en\/wp-json\/wp\/v2\/product_cat?post=16564"},{"taxonomy":"product_tag","embeddable":true,"href":"https:\/\/vinilozona.lt\/en\/wp-json\/wp\/v2\/product_tag?post=16564"}],"curies":[{"name":"wp","href":"https:\/\/api.w.org\/{rel}","templated":true}]}}