{"id":16559,"date":"2024-03-02T05:02:00","date_gmt":"2024-03-02T03:02:00","guid":{"rendered":"https:\/\/vinilozona.lt\/?post_type=product&#038;p=16559"},"modified":"2025-02-18T22:26:21","modified_gmt":"2025-02-18T20:26:21","slug":"alanis-morissette-%e2%80%8e-jagged-little-pill-cd","status":"publish","type":"product","link":"https:\/\/vinilozona.lt\/en\/parduotuve\/cd\/naudoti-cd\/alanis-morissette-%e2%80%8e-jagged-little-pill-cd\/","title":{"rendered":"Nick Cave &#038; The Bad Seeds \u2013 The Best Of Nick Cave &#038; The Bad Seeds CD"},"content":{"rendered":"<p>1\t\tDeanna  3:46<br \/>\n2\t\tRed Right Hand  4:49<br \/>\n3\t\tStraight To You  4:35<br \/>\n4\t\tTupelo  5:12<br \/>\n5\t\tNobody&#8217;s Baby Now  3:54<br \/>\n6\t\tStranger Than Kindness  4:42<br \/>\n7\t\tInto My Arms  4:14<br \/>\n8\t\t(Are You) The One That I&#8217;ve Been Waiting For?  4:06<br \/>\n9\t\tThe Carny  8:01<br \/>\n10\t\tDo You Love Me?  4:37<br \/>\n11\t\tThe Mercy Seat  5:09<br \/>\n12\t\tHenry Lee   3:56<br \/>\n13\t\tThe Weeping Song  4:21<br \/>\n14\t\tThe Ship Song  4:43<br \/>\n15\t\tWhere The Wild Roses Grow  3:57<br \/>\n16\t\tFrom Her To Eternity  5:33<\/p>","protected":false},"excerpt":{"rendered":"<p>Mute \u2013 CDMUTEL4<br \/>\nFormat:<br \/>\nCD, Compilation, Reissue<br \/>\nCountry:\tEurope<\/p>","protected":false},"featured_media":24376,"template":"","meta":[],"product_cat":[24,946],"product_tag":[44],"yoast_head":"<!-- This site is optimized with the Yoast SEO plugin v23.5 - https:\/\/yoast.com\/wordpress\/plugins\/seo\/ -->\n<title>Nick Cave &amp; The Bad Seeds \u2013 The Best Of Nick Cave &amp; The Bad Seeds CD Vinilin\u0117 Plok\u0161tel\u0117 | Vinilozona.lt<\/title>\n<meta name=\"robots\" content=\"index, follow, max-snippet:-1, max-image-preview:large, max-video-preview:-1\" \/>\n<link rel=\"canonical\" href=\"https:\/\/vinilozona.lt\/en\/parduotuve\/cd\/naudoti-cd\/alanis-morissette-\u200e-jagged-little-pill-cd\/\" \/>\n<meta property=\"og:locale\" content=\"en_GB\" \/>\n<meta property=\"og:type\" content=\"article\" \/>\n<meta property=\"og:title\" content=\"Nick Cave &amp; The Bad Seeds \u2013 The Best Of Nick Cave &amp; The Bad Seeds CD Vinilin\u0117 Plok\u0161tel\u0117 | Vinilozona.lt\" \/>\n<meta property=\"og:description\" content=\"Mute \u2013 CDMUTEL4 Format:  CD, Compilation, Reissue Country: Europe\" \/>\n<meta property=\"og:url\" content=\"https:\/\/vinilozona.lt\/en\/parduotuve\/cd\/naudoti-cd\/alanis-morissette-\u200e-jagged-little-pill-cd\/\" \/>\n<meta property=\"og:site_name\" content=\"Vinilo Zona\" \/>\n<meta property=\"article:modified_time\" content=\"2025-02-18T20:26:21+00:00\" \/>\n<meta property=\"og:image\" content=\"https:\/\/vinilozona.lt\/wp-content\/uploads\/2021\/11\/R-25847062-1674380719-7142.jpg\" \/>\n\t<meta property=\"og:image:width\" content=\"599\" \/>\n\t<meta property=\"og:image:height\" content=\"527\" \/>\n\t<meta property=\"og:image:type\" content=\"image\/jpeg\" \/>\n<meta name=\"twitter:card\" content=\"summary_large_image\" \/>\n<script type=\"application\/ld+json\" class=\"yoast-schema-graph\">{\"@context\":\"https:\/\/schema.org\",\"@graph\":[{\"@type\":\"WebPage\",\"@id\":\"https:\/\/vinilozona.lt\/parduotuve\/cd\/naudoti-cd\/alanis-morissette-%e2%80%8e-jagged-little-pill-cd\/\",\"url\":\"https:\/\/vinilozona.lt\/parduotuve\/cd\/naudoti-cd\/alanis-morissette-%e2%80%8e-jagged-little-pill-cd\/\",\"name\":\"Nick Cave & The Bad Seeds \u2013 The Best Of Nick Cave & The Bad Seeds CD Vinilin\u0117 Plok\u0161tel\u0117 | Vinilozona.lt\",\"isPartOf\":{\"@id\":\"https:\/\/vinilozona.lt\/#website\"},\"primaryImageOfPage\":{\"@id\":\"https:\/\/vinilozona.lt\/parduotuve\/cd\/naudoti-cd\/alanis-morissette-%e2%80%8e-jagged-little-pill-cd\/#primaryimage\"},\"image\":{\"@id\":\"https:\/\/vinilozona.lt\/parduotuve\/cd\/naudoti-cd\/alanis-morissette-%e2%80%8e-jagged-little-pill-cd\/#primaryimage\"},\"thumbnailUrl\":\"https:\/\/vinilozona.lt\/wp-content\/uploads\/2021\/11\/R-25847062-1674380719-7142.jpg\",\"datePublished\":\"2024-03-02T03:02:00+00:00\",\"dateModified\":\"2025-02-18T20:26:21+00:00\",\"breadcrumb\":{\"@id\":\"https:\/\/vinilozona.lt\/parduotuve\/cd\/naudoti-cd\/alanis-morissette-%e2%80%8e-jagged-little-pill-cd\/#breadcrumb\"},\"inLanguage\":\"en-GB\",\"potentialAction\":[{\"@type\":\"ReadAction\",\"target\":[\"https:\/\/vinilozona.lt\/parduotuve\/cd\/naudoti-cd\/alanis-morissette-%e2%80%8e-jagged-little-pill-cd\/\"]}]},{\"@type\":\"ImageObject\",\"inLanguage\":\"en-GB\",\"@id\":\"https:\/\/vinilozona.lt\/parduotuve\/cd\/naudoti-cd\/alanis-morissette-%e2%80%8e-jagged-little-pill-cd\/#primaryimage\",\"url\":\"https:\/\/vinilozona.lt\/wp-content\/uploads\/2021\/11\/R-25847062-1674380719-7142.jpg\",\"contentUrl\":\"https:\/\/vinilozona.lt\/wp-content\/uploads\/2021\/11\/R-25847062-1674380719-7142.jpg\",\"width\":599,\"height\":527},{\"@type\":\"BreadcrumbList\",\"@id\":\"https:\/\/vinilozona.lt\/parduotuve\/cd\/naudoti-cd\/alanis-morissette-%e2%80%8e-jagged-little-pill-cd\/#breadcrumb\",\"itemListElement\":[{\"@type\":\"ListItem\",\"position\":1,\"name\":\"Home\",\"item\":\"https:\/\/vinilozona.lt\/\"},{\"@type\":\"ListItem\",\"position\":2,\"name\":\"Parduotuv\u0117\",\"item\":\"https:\/\/vinilozona.lt\/parduotuve\/\"},{\"@type\":\"ListItem\",\"position\":3,\"name\":\"Nick Cave &#038; The Bad Seeds \u2013 The Best Of Nick Cave &#038; The Bad Seeds CD\"}]},{\"@type\":\"WebSite\",\"@id\":\"https:\/\/vinilozona.lt\/#website\",\"url\":\"https:\/\/vinilozona.lt\/\",\"name\":\"Vinilo Zona\",\"description\":\"Nup\u016bsk dulkes ir klausyk LP\",\"potentialAction\":[{\"@type\":\"SearchAction\",\"target\":{\"@type\":\"EntryPoint\",\"urlTemplate\":\"https:\/\/vinilozona.lt\/?s={search_term_string}\"},\"query-input\":{\"@type\":\"PropertyValueSpecification\",\"valueRequired\":true,\"valueName\":\"search_term_string\"}}],\"inLanguage\":\"en-GB\"}]}<\/script>\n<!-- \/ Yoast SEO plugin. -->","yoast_head_json":{"title":"Nick Cave & The Bad Seeds \u2013 The Best Of Nick Cave & The Bad Seeds CD Vinilin\u0117 Plok\u0161tel\u0117 | Vinilozona.lt","robots":{"index":"index","follow":"follow","max-snippet":"max-snippet:-1","max-image-preview":"max-image-preview:large","max-video-preview":"max-video-preview:-1"},"canonical":"https:\/\/vinilozona.lt\/en\/parduotuve\/cd\/naudoti-cd\/alanis-morissette-\u200e-jagged-little-pill-cd\/","og_locale":"en_GB","og_type":"article","og_title":"Nick Cave & The Bad Seeds \u2013 The Best Of Nick Cave & The Bad Seeds CD Vinilin\u0117 Plok\u0161tel\u0117 | Vinilozona.lt","og_description":"Mute \u2013 CDMUTEL4 Format:  CD, Compilation, Reissue Country: Europe","og_url":"https:\/\/vinilozona.lt\/en\/parduotuve\/cd\/naudoti-cd\/alanis-morissette-\u200e-jagged-little-pill-cd\/","og_site_name":"Vinilo Zona","article_modified_time":"2025-02-18T20:26:21+00:00","og_image":[{"width":599,"height":527,"url":"https:\/\/vinilozona.lt\/wp-content\/uploads\/2021\/11\/R-25847062-1674380719-7142.jpg","type":"image\/jpeg"}],"twitter_card":"summary_large_image","schema":{"@context":"https:\/\/schema.org","@graph":[{"@type":"WebPage","@id":"https:\/\/vinilozona.lt\/parduotuve\/cd\/naudoti-cd\/alanis-morissette-%e2%80%8e-jagged-little-pill-cd\/","url":"https:\/\/vinilozona.lt\/parduotuve\/cd\/naudoti-cd\/alanis-morissette-%e2%80%8e-jagged-little-pill-cd\/","name":"Nick Cave & The Bad Seeds \u2013 The Best Of Nick Cave & The Bad Seeds CD Vinilin\u0117 Plok\u0161tel\u0117 | Vinilozona.lt","isPartOf":{"@id":"https:\/\/vinilozona.lt\/#website"},"primaryImageOfPage":{"@id":"https:\/\/vinilozona.lt\/parduotuve\/cd\/naudoti-cd\/alanis-morissette-%e2%80%8e-jagged-little-pill-cd\/#primaryimage"},"image":{"@id":"https:\/\/vinilozona.lt\/parduotuve\/cd\/naudoti-cd\/alanis-morissette-%e2%80%8e-jagged-little-pill-cd\/#primaryimage"},"thumbnailUrl":"https:\/\/vinilozona.lt\/wp-content\/uploads\/2021\/11\/R-25847062-1674380719-7142.jpg","datePublished":"2024-03-02T03:02:00+00:00","dateModified":"2025-02-18T20:26:21+00:00","breadcrumb":{"@id":"https:\/\/vinilozona.lt\/parduotuve\/cd\/naudoti-cd\/alanis-morissette-%e2%80%8e-jagged-little-pill-cd\/#breadcrumb"},"inLanguage":"en-GB","potentialAction":[{"@type":"ReadAction","target":["https:\/\/vinilozona.lt\/parduotuve\/cd\/naudoti-cd\/alanis-morissette-%e2%80%8e-jagged-little-pill-cd\/"]}]},{"@type":"ImageObject","inLanguage":"en-GB","@id":"https:\/\/vinilozona.lt\/parduotuve\/cd\/naudoti-cd\/alanis-morissette-%e2%80%8e-jagged-little-pill-cd\/#primaryimage","url":"https:\/\/vinilozona.lt\/wp-content\/uploads\/2021\/11\/R-25847062-1674380719-7142.jpg","contentUrl":"https:\/\/vinilozona.lt\/wp-content\/uploads\/2021\/11\/R-25847062-1674380719-7142.jpg","width":599,"height":527},{"@type":"BreadcrumbList","@id":"https:\/\/vinilozona.lt\/parduotuve\/cd\/naudoti-cd\/alanis-morissette-%e2%80%8e-jagged-little-pill-cd\/#breadcrumb","itemListElement":[{"@type":"ListItem","position":1,"name":"Home","item":"https:\/\/vinilozona.lt\/"},{"@type":"ListItem","position":2,"name":"Parduotuv\u0117","item":"https:\/\/vinilozona.lt\/parduotuve\/"},{"@type":"ListItem","position":3,"name":"Nick Cave &#038; The Bad Seeds \u2013 The Best Of Nick Cave &#038; The Bad Seeds CD"}]},{"@type":"WebSite","@id":"https:\/\/vinilozona.lt\/#website","url":"https:\/\/vinilozona.lt\/","name":"Vinilo Zona","description":"Nup\u016bsk dulkes ir klausyk LP","potentialAction":[{"@type":"SearchAction","target":{"@type":"EntryPoint","urlTemplate":"https:\/\/vinilozona.lt\/?s={search_term_string}"},"query-input":{"@type":"PropertyValueSpecification","valueRequired":true,"valueName":"search_term_string"}}],"inLanguage":"en-GB"}]}},"_links":{"self":[{"href":"https:\/\/vinilozona.lt\/en\/wp-json\/wp\/v2\/product\/16559"}],"collection":[{"href":"https:\/\/vinilozona.lt\/en\/wp-json\/wp\/v2\/product"}],"about":[{"href":"https:\/\/vinilozona.lt\/en\/wp-json\/wp\/v2\/types\/product"}],"wp:featuredmedia":[{"embeddable":true,"href":"https:\/\/vinilozona.lt\/en\/wp-json\/wp\/v2\/media\/24376"}],"wp:attachment":[{"href":"https:\/\/vinilozona.lt\/en\/wp-json\/wp\/v2\/media?parent=16559"}],"wp:term":[{"taxonomy":"product_cat","embeddable":true,"href":"https:\/\/vinilozona.lt\/en\/wp-json\/wp\/v2\/product_cat?post=16559"},{"taxonomy":"product_tag","embeddable":true,"href":"https:\/\/vinilozona.lt\/en\/wp-json\/wp\/v2\/product_tag?post=16559"}],"curies":[{"name":"wp","href":"https:\/\/api.w.org\/{rel}","templated":true}]}}