{"id":16550,"date":"2021-11-10T17:58:53","date_gmt":"2021-11-10T15:58:53","guid":{"rendered":"https:\/\/vinilozona.lt\/?post_type=product&#038;p=16550"},"modified":"2024-02-24T13:10:28","modified_gmt":"2024-02-24T11:10:28","slug":"ac-dc-%e2%80%8e-if-you-want-blood-youve-got-it-cd","status":"publish","type":"product","link":"https:\/\/vinilozona.lt\/en\/parduotuve\/cd\/naudoti-cd\/ac-dc-%e2%80%8e-if-you-want-blood-youve-got-it-cd\/","title":{"rendered":"AC\/DC \u200e\u2013 If You Want Blood You&#8217;ve Got It CD"},"content":{"rendered":"<p>1\tRiff Raff\t5:10<br \/>\n2\tHell Ain&#8217;t A Bad Place To Be\t4:02<br \/>\n3\tBad Boy Boogie\t7:35<br \/>\n4\tThe Jack\t5:43<br \/>\n5\tProblem Child\t4:32<br \/>\n6\tWhole Lotta Rosie\t3:50<br \/>\n7\tRock &#8216;N&#8217; Roll Damnation\t3:30<br \/>\n8\tHigh Voltage\t6:00<br \/>\n9\tLet There Be Rock\t8:15<br \/>\n10\tRocker\t3:00<\/p>","protected":false},"excerpt":{"rendered":"<p>ATCO Records \u200e\u2013 92447-2<br \/>\nFormat:<br \/>\nCD, Album, Reissue, Remastered<br \/>\nReleased:<br \/>\n1994<\/p>","protected":false},"featured_media":16551,"template":"","meta":[],"product_cat":[24,946],"product_tag":[44],"yoast_head":"<!-- This site is optimized with the Yoast SEO plugin v23.5 - https:\/\/yoast.com\/wordpress\/plugins\/seo\/ -->\n<title>AC\/DC \u200e\u2013 If You Want Blood You&#039;ve Got It CD Vinilin\u0117 Plok\u0161tel\u0117 | Vinilozona.lt<\/title>\n<meta name=\"robots\" content=\"index, follow, max-snippet:-1, max-image-preview:large, max-video-preview:-1\" \/>\n<link rel=\"canonical\" href=\"https:\/\/vinilozona.lt\/en\/parduotuve\/cd\/naudoti-cd\/ac-dc-\u200e-if-you-want-blood-youve-got-it-cd\/\" \/>\n<meta property=\"og:locale\" content=\"en_GB\" \/>\n<meta property=\"og:type\" content=\"article\" \/>\n<meta property=\"og:title\" content=\"AC\/DC \u200e\u2013 If You Want Blood You&#039;ve Got It CD Vinilin\u0117 Plok\u0161tel\u0117 | Vinilozona.lt\" \/>\n<meta property=\"og:description\" content=\"ATCO Records \u200e\u2013 92447-2 Format: CD, Album, Reissue, Remastered Released: 1994\" \/>\n<meta property=\"og:url\" content=\"https:\/\/vinilozona.lt\/en\/parduotuve\/cd\/naudoti-cd\/ac-dc-\u200e-if-you-want-blood-youve-got-it-cd\/\" \/>\n<meta property=\"og:site_name\" content=\"Vinilo Zona\" \/>\n<meta property=\"article:modified_time\" content=\"2024-02-24T11:10:28+00:00\" \/>\n<meta property=\"og:image\" content=\"https:\/\/vinilozona.lt\/wp-content\/uploads\/2021\/11\/R-2457250-1503431929-7664.png.jpg\" \/>\n\t<meta property=\"og:image:width\" content=\"600\" \/>\n\t<meta property=\"og:image:height\" content=\"585\" \/>\n\t<meta property=\"og:image:type\" content=\"image\/jpeg\" \/>\n<meta name=\"twitter:card\" content=\"summary_large_image\" \/>\n<script type=\"application\/ld+json\" class=\"yoast-schema-graph\">{\"@context\":\"https:\/\/schema.org\",\"@graph\":[{\"@type\":\"WebPage\",\"@id\":\"https:\/\/vinilozona.lt\/parduotuve\/cd\/naudoti-cd\/ac-dc-%e2%80%8e-if-you-want-blood-youve-got-it-cd\/\",\"url\":\"https:\/\/vinilozona.lt\/parduotuve\/cd\/naudoti-cd\/ac-dc-%e2%80%8e-if-you-want-blood-youve-got-it-cd\/\",\"name\":\"AC\/DC \u200e\u2013 If You Want Blood You've Got It CD Vinilin\u0117 Plok\u0161tel\u0117 | Vinilozona.lt\",\"isPartOf\":{\"@id\":\"https:\/\/vinilozona.lt\/#website\"},\"primaryImageOfPage\":{\"@id\":\"https:\/\/vinilozona.lt\/parduotuve\/cd\/naudoti-cd\/ac-dc-%e2%80%8e-if-you-want-blood-youve-got-it-cd\/#primaryimage\"},\"image\":{\"@id\":\"https:\/\/vinilozona.lt\/parduotuve\/cd\/naudoti-cd\/ac-dc-%e2%80%8e-if-you-want-blood-youve-got-it-cd\/#primaryimage\"},\"thumbnailUrl\":\"https:\/\/vinilozona.lt\/wp-content\/uploads\/2021\/11\/R-2457250-1503431929-7664.png.jpg\",\"datePublished\":\"2021-11-10T15:58:53+00:00\",\"dateModified\":\"2024-02-24T11:10:28+00:00\",\"breadcrumb\":{\"@id\":\"https:\/\/vinilozona.lt\/parduotuve\/cd\/naudoti-cd\/ac-dc-%e2%80%8e-if-you-want-blood-youve-got-it-cd\/#breadcrumb\"},\"inLanguage\":\"en-GB\",\"potentialAction\":[{\"@type\":\"ReadAction\",\"target\":[\"https:\/\/vinilozona.lt\/parduotuve\/cd\/naudoti-cd\/ac-dc-%e2%80%8e-if-you-want-blood-youve-got-it-cd\/\"]}]},{\"@type\":\"ImageObject\",\"inLanguage\":\"en-GB\",\"@id\":\"https:\/\/vinilozona.lt\/parduotuve\/cd\/naudoti-cd\/ac-dc-%e2%80%8e-if-you-want-blood-youve-got-it-cd\/#primaryimage\",\"url\":\"https:\/\/vinilozona.lt\/wp-content\/uploads\/2021\/11\/R-2457250-1503431929-7664.png.jpg\",\"contentUrl\":\"https:\/\/vinilozona.lt\/wp-content\/uploads\/2021\/11\/R-2457250-1503431929-7664.png.jpg\",\"width\":600,\"height\":585},{\"@type\":\"BreadcrumbList\",\"@id\":\"https:\/\/vinilozona.lt\/parduotuve\/cd\/naudoti-cd\/ac-dc-%e2%80%8e-if-you-want-blood-youve-got-it-cd\/#breadcrumb\",\"itemListElement\":[{\"@type\":\"ListItem\",\"position\":1,\"name\":\"Home\",\"item\":\"https:\/\/vinilozona.lt\/\"},{\"@type\":\"ListItem\",\"position\":2,\"name\":\"Parduotuv\u0117\",\"item\":\"https:\/\/vinilozona.lt\/parduotuve\/\"},{\"@type\":\"ListItem\",\"position\":3,\"name\":\"AC\/DC \u200e\u2013 If You Want Blood You&#8217;ve Got It CD\"}]},{\"@type\":\"WebSite\",\"@id\":\"https:\/\/vinilozona.lt\/#website\",\"url\":\"https:\/\/vinilozona.lt\/\",\"name\":\"Vinilo Zona\",\"description\":\"Nup\u016bsk dulkes ir klausyk LP\",\"potentialAction\":[{\"@type\":\"SearchAction\",\"target\":{\"@type\":\"EntryPoint\",\"urlTemplate\":\"https:\/\/vinilozona.lt\/?s={search_term_string}\"},\"query-input\":{\"@type\":\"PropertyValueSpecification\",\"valueRequired\":true,\"valueName\":\"search_term_string\"}}],\"inLanguage\":\"en-GB\"}]}<\/script>\n<!-- \/ Yoast SEO plugin. -->","yoast_head_json":{"title":"AC\/DC \u200e\u2013 If You Want Blood You've Got It CD Vinilin\u0117 Plok\u0161tel\u0117 | Vinilozona.lt","robots":{"index":"index","follow":"follow","max-snippet":"max-snippet:-1","max-image-preview":"max-image-preview:large","max-video-preview":"max-video-preview:-1"},"canonical":"https:\/\/vinilozona.lt\/en\/parduotuve\/cd\/naudoti-cd\/ac-dc-\u200e-if-you-want-blood-youve-got-it-cd\/","og_locale":"en_GB","og_type":"article","og_title":"AC\/DC \u200e\u2013 If You Want Blood You've Got It CD Vinilin\u0117 Plok\u0161tel\u0117 | Vinilozona.lt","og_description":"ATCO Records \u200e\u2013 92447-2 Format: CD, Album, Reissue, Remastered Released: 1994","og_url":"https:\/\/vinilozona.lt\/en\/parduotuve\/cd\/naudoti-cd\/ac-dc-\u200e-if-you-want-blood-youve-got-it-cd\/","og_site_name":"Vinilo Zona","article_modified_time":"2024-02-24T11:10:28+00:00","og_image":[{"width":600,"height":585,"url":"https:\/\/vinilozona.lt\/wp-content\/uploads\/2021\/11\/R-2457250-1503431929-7664.png.jpg","type":"image\/jpeg"}],"twitter_card":"summary_large_image","schema":{"@context":"https:\/\/schema.org","@graph":[{"@type":"WebPage","@id":"https:\/\/vinilozona.lt\/parduotuve\/cd\/naudoti-cd\/ac-dc-%e2%80%8e-if-you-want-blood-youve-got-it-cd\/","url":"https:\/\/vinilozona.lt\/parduotuve\/cd\/naudoti-cd\/ac-dc-%e2%80%8e-if-you-want-blood-youve-got-it-cd\/","name":"AC\/DC \u200e\u2013 If You Want Blood You've Got It CD Vinilin\u0117 Plok\u0161tel\u0117 | Vinilozona.lt","isPartOf":{"@id":"https:\/\/vinilozona.lt\/#website"},"primaryImageOfPage":{"@id":"https:\/\/vinilozona.lt\/parduotuve\/cd\/naudoti-cd\/ac-dc-%e2%80%8e-if-you-want-blood-youve-got-it-cd\/#primaryimage"},"image":{"@id":"https:\/\/vinilozona.lt\/parduotuve\/cd\/naudoti-cd\/ac-dc-%e2%80%8e-if-you-want-blood-youve-got-it-cd\/#primaryimage"},"thumbnailUrl":"https:\/\/vinilozona.lt\/wp-content\/uploads\/2021\/11\/R-2457250-1503431929-7664.png.jpg","datePublished":"2021-11-10T15:58:53+00:00","dateModified":"2024-02-24T11:10:28+00:00","breadcrumb":{"@id":"https:\/\/vinilozona.lt\/parduotuve\/cd\/naudoti-cd\/ac-dc-%e2%80%8e-if-you-want-blood-youve-got-it-cd\/#breadcrumb"},"inLanguage":"en-GB","potentialAction":[{"@type":"ReadAction","target":["https:\/\/vinilozona.lt\/parduotuve\/cd\/naudoti-cd\/ac-dc-%e2%80%8e-if-you-want-blood-youve-got-it-cd\/"]}]},{"@type":"ImageObject","inLanguage":"en-GB","@id":"https:\/\/vinilozona.lt\/parduotuve\/cd\/naudoti-cd\/ac-dc-%e2%80%8e-if-you-want-blood-youve-got-it-cd\/#primaryimage","url":"https:\/\/vinilozona.lt\/wp-content\/uploads\/2021\/11\/R-2457250-1503431929-7664.png.jpg","contentUrl":"https:\/\/vinilozona.lt\/wp-content\/uploads\/2021\/11\/R-2457250-1503431929-7664.png.jpg","width":600,"height":585},{"@type":"BreadcrumbList","@id":"https:\/\/vinilozona.lt\/parduotuve\/cd\/naudoti-cd\/ac-dc-%e2%80%8e-if-you-want-blood-youve-got-it-cd\/#breadcrumb","itemListElement":[{"@type":"ListItem","position":1,"name":"Home","item":"https:\/\/vinilozona.lt\/"},{"@type":"ListItem","position":2,"name":"Parduotuv\u0117","item":"https:\/\/vinilozona.lt\/parduotuve\/"},{"@type":"ListItem","position":3,"name":"AC\/DC \u200e\u2013 If You Want Blood You&#8217;ve Got It CD"}]},{"@type":"WebSite","@id":"https:\/\/vinilozona.lt\/#website","url":"https:\/\/vinilozona.lt\/","name":"Vinilo Zona","description":"Nup\u016bsk dulkes ir klausyk LP","potentialAction":[{"@type":"SearchAction","target":{"@type":"EntryPoint","urlTemplate":"https:\/\/vinilozona.lt\/?s={search_term_string}"},"query-input":{"@type":"PropertyValueSpecification","valueRequired":true,"valueName":"search_term_string"}}],"inLanguage":"en-GB"}]}},"_links":{"self":[{"href":"https:\/\/vinilozona.lt\/en\/wp-json\/wp\/v2\/product\/16550"}],"collection":[{"href":"https:\/\/vinilozona.lt\/en\/wp-json\/wp\/v2\/product"}],"about":[{"href":"https:\/\/vinilozona.lt\/en\/wp-json\/wp\/v2\/types\/product"}],"wp:featuredmedia":[{"embeddable":true,"href":"https:\/\/vinilozona.lt\/en\/wp-json\/wp\/v2\/media\/16551"}],"wp:attachment":[{"href":"https:\/\/vinilozona.lt\/en\/wp-json\/wp\/v2\/media?parent=16550"}],"wp:term":[{"taxonomy":"product_cat","embeddable":true,"href":"https:\/\/vinilozona.lt\/en\/wp-json\/wp\/v2\/product_cat?post=16550"},{"taxonomy":"product_tag","embeddable":true,"href":"https:\/\/vinilozona.lt\/en\/wp-json\/wp\/v2\/product_tag?post=16550"}],"curies":[{"name":"wp","href":"https:\/\/api.w.org\/{rel}","templated":true}]}}