{"id":16523,"date":"2024-11-21T05:06:47","date_gmt":"2024-11-21T03:06:47","guid":{"rendered":"https:\/\/vinilozona.lt\/?post_type=product&#038;p=16523"},"modified":"2026-03-01T11:51:13","modified_gmt":"2026-03-01T09:51:13","slug":"meatloaf-friends-their-ultimate-collection","status":"publish","type":"product","link":"https:\/\/vinilozona.lt\/en\/parduotuve\/naujos-lp\/meatloaf-friends-their-ultimate-collection\/","title":{"rendered":"Meatloaf &#038; Friends &#8211; Their Ultimate Collection"},"content":{"rendered":"<p>A1\tMeat Loaf\u2013\tParadise By The Dashboard Light<br \/>\nA2\tMeat Loaf &#038; Cher\u2013\tDead Ringer For Love<br \/>\nA3\tBonnie Tyler\u2013\tTotal Eclipse Of The Heart<br \/>\nA4\tMeat Loaf\u2013\tTwo Out If Three Ain&#8217;t Bad<br \/>\nA5\tEllen Foley\u2013\tWhat&#8217;s A Matter Baby<br \/>\nA6\tMeat Loaf\u2013\tMidnight At The Lost And Found<br \/>\nB1\tMeat Loaf\u2013\tYou Took The Words Right Out Of My Mouth (Hot Summer Night)<br \/>\nB2\tMeat Loaf\u2013\tBat Out Of Hell<br \/>\nB3\tEllen Foley\u2013\tWe Belong To The Night<br \/>\nB4\tMeat Loaf\u2013\tRead &#8216;Em And Weep<br \/>\nB5\tBonnie Tyler\u2013\tHolding Out For A Hero<br \/>\nB6\tJim Steinman\u2013\tRock And Roll Dreams Come Through<\/p>","protected":false},"excerpt":{"rendered":"<p>Sony Music \u2013 19439713021, Cleveland International Records \u2013 19439713021<br \/>\nSeries:\tThe Ultimate Collection (11)<br \/>\nFormat:<br \/>\nVinyl, LP, Compilation<br \/>\nCountry:\tNetherlands<br \/>\nReleased:\t2019<\/p>","protected":false},"featured_media":16524,"template":"","meta":[],"product_cat":[23],"product_tag":[44],"yoast_head":"<!-- This site is optimized with the Yoast SEO plugin v23.5 - https:\/\/yoast.com\/wordpress\/plugins\/seo\/ -->\n<title>Meatloaf &amp; Friends - Their Ultimate Collection Vinilin\u0117 Plok\u0161tel\u0117 | Vinilozona.lt<\/title>\n<meta name=\"robots\" content=\"index, follow, max-snippet:-1, max-image-preview:large, max-video-preview:-1\" \/>\n<link rel=\"canonical\" href=\"https:\/\/vinilozona.lt\/en\/parduotuve\/naujos-lp\/meatloaf-friends-their-ultimate-collection\/\" \/>\n<meta property=\"og:locale\" content=\"en_GB\" \/>\n<meta property=\"og:type\" content=\"article\" \/>\n<meta property=\"og:title\" content=\"Meatloaf &amp; Friends - Their Ultimate Collection Vinilin\u0117 Plok\u0161tel\u0117 | Vinilozona.lt\" \/>\n<meta property=\"og:description\" content=\"Sony Music \u2013 19439713021, Cleveland International Records \u2013 19439713021 Series: The Ultimate Collection (11) Format:  Vinyl, LP, Compilation Country: Netherlands Released: 2019\" \/>\n<meta property=\"og:url\" content=\"https:\/\/vinilozona.lt\/en\/parduotuve\/naujos-lp\/meatloaf-friends-their-ultimate-collection\/\" \/>\n<meta property=\"og:site_name\" content=\"Vinilo Zona\" \/>\n<meta property=\"article:modified_time\" content=\"2026-03-01T09:51:13+00:00\" \/>\n<meta property=\"og:image\" content=\"https:\/\/vinilozona.lt\/wp-content\/uploads\/2021\/11\/R-14889564-1583530446-4625.jpeg.jpg\" \/>\n\t<meta property=\"og:image:width\" content=\"600\" \/>\n\t<meta property=\"og:image:height\" content=\"600\" \/>\n\t<meta property=\"og:image:type\" content=\"image\/jpeg\" \/>\n<meta name=\"twitter:card\" content=\"summary_large_image\" \/>\n<meta name=\"twitter:label1\" content=\"Estimated reading time\" \/>\n\t<meta name=\"twitter:data1\" content=\"1 minute\" \/>\n<script type=\"application\/ld+json\" class=\"yoast-schema-graph\">{\"@context\":\"https:\/\/schema.org\",\"@graph\":[{\"@type\":\"WebPage\",\"@id\":\"https:\/\/vinilozona.lt\/parduotuve\/naujos-lp\/meatloaf-friends-their-ultimate-collection\/\",\"url\":\"https:\/\/vinilozona.lt\/parduotuve\/naujos-lp\/meatloaf-friends-their-ultimate-collection\/\",\"name\":\"Meatloaf & Friends - Their Ultimate Collection Vinilin\u0117 Plok\u0161tel\u0117 | Vinilozona.lt\",\"isPartOf\":{\"@id\":\"https:\/\/vinilozona.lt\/#website\"},\"primaryImageOfPage\":{\"@id\":\"https:\/\/vinilozona.lt\/parduotuve\/naujos-lp\/meatloaf-friends-their-ultimate-collection\/#primaryimage\"},\"image\":{\"@id\":\"https:\/\/vinilozona.lt\/parduotuve\/naujos-lp\/meatloaf-friends-their-ultimate-collection\/#primaryimage\"},\"thumbnailUrl\":\"https:\/\/vinilozona.lt\/wp-content\/uploads\/2021\/11\/R-14889564-1583530446-4625.jpeg.jpg\",\"datePublished\":\"2024-11-21T03:06:47+00:00\",\"dateModified\":\"2026-03-01T09:51:13+00:00\",\"breadcrumb\":{\"@id\":\"https:\/\/vinilozona.lt\/parduotuve\/naujos-lp\/meatloaf-friends-their-ultimate-collection\/#breadcrumb\"},\"inLanguage\":\"en-GB\",\"potentialAction\":[{\"@type\":\"ReadAction\",\"target\":[\"https:\/\/vinilozona.lt\/parduotuve\/naujos-lp\/meatloaf-friends-their-ultimate-collection\/\"]}]},{\"@type\":\"ImageObject\",\"inLanguage\":\"en-GB\",\"@id\":\"https:\/\/vinilozona.lt\/parduotuve\/naujos-lp\/meatloaf-friends-their-ultimate-collection\/#primaryimage\",\"url\":\"https:\/\/vinilozona.lt\/wp-content\/uploads\/2021\/11\/R-14889564-1583530446-4625.jpeg.jpg\",\"contentUrl\":\"https:\/\/vinilozona.lt\/wp-content\/uploads\/2021\/11\/R-14889564-1583530446-4625.jpeg.jpg\",\"width\":600,\"height\":600},{\"@type\":\"BreadcrumbList\",\"@id\":\"https:\/\/vinilozona.lt\/parduotuve\/naujos-lp\/meatloaf-friends-their-ultimate-collection\/#breadcrumb\",\"itemListElement\":[{\"@type\":\"ListItem\",\"position\":1,\"name\":\"Home\",\"item\":\"https:\/\/vinilozona.lt\/\"},{\"@type\":\"ListItem\",\"position\":2,\"name\":\"Parduotuv\u0117\",\"item\":\"https:\/\/vinilozona.lt\/parduotuve\/\"},{\"@type\":\"ListItem\",\"position\":3,\"name\":\"Meatloaf &#038; Friends &#8211; Their Ultimate Collection\"}]},{\"@type\":\"WebSite\",\"@id\":\"https:\/\/vinilozona.lt\/#website\",\"url\":\"https:\/\/vinilozona.lt\/\",\"name\":\"Vinilo Zona\",\"description\":\"Nup\u016bsk dulkes ir klausyk LP\",\"potentialAction\":[{\"@type\":\"SearchAction\",\"target\":{\"@type\":\"EntryPoint\",\"urlTemplate\":\"https:\/\/vinilozona.lt\/?s={search_term_string}\"},\"query-input\":{\"@type\":\"PropertyValueSpecification\",\"valueRequired\":true,\"valueName\":\"search_term_string\"}}],\"inLanguage\":\"en-GB\"}]}<\/script>\n<!-- \/ Yoast SEO plugin. -->","yoast_head_json":{"title":"Meatloaf & Friends - Their Ultimate Collection Vinilin\u0117 Plok\u0161tel\u0117 | Vinilozona.lt","robots":{"index":"index","follow":"follow","max-snippet":"max-snippet:-1","max-image-preview":"max-image-preview:large","max-video-preview":"max-video-preview:-1"},"canonical":"https:\/\/vinilozona.lt\/en\/parduotuve\/naujos-lp\/meatloaf-friends-their-ultimate-collection\/","og_locale":"en_GB","og_type":"article","og_title":"Meatloaf & Friends - Their Ultimate Collection Vinilin\u0117 Plok\u0161tel\u0117 | Vinilozona.lt","og_description":"Sony Music \u2013 19439713021, Cleveland International Records \u2013 19439713021 Series: The Ultimate Collection (11) Format:  Vinyl, LP, Compilation Country: Netherlands Released: 2019","og_url":"https:\/\/vinilozona.lt\/en\/parduotuve\/naujos-lp\/meatloaf-friends-their-ultimate-collection\/","og_site_name":"Vinilo Zona","article_modified_time":"2026-03-01T09:51:13+00:00","og_image":[{"width":600,"height":600,"url":"https:\/\/vinilozona.lt\/wp-content\/uploads\/2021\/11\/R-14889564-1583530446-4625.jpeg.jpg","type":"image\/jpeg"}],"twitter_card":"summary_large_image","twitter_misc":{"Estimated reading time":"1 minute"},"schema":{"@context":"https:\/\/schema.org","@graph":[{"@type":"WebPage","@id":"https:\/\/vinilozona.lt\/parduotuve\/naujos-lp\/meatloaf-friends-their-ultimate-collection\/","url":"https:\/\/vinilozona.lt\/parduotuve\/naujos-lp\/meatloaf-friends-their-ultimate-collection\/","name":"Meatloaf & Friends - Their Ultimate Collection Vinilin\u0117 Plok\u0161tel\u0117 | Vinilozona.lt","isPartOf":{"@id":"https:\/\/vinilozona.lt\/#website"},"primaryImageOfPage":{"@id":"https:\/\/vinilozona.lt\/parduotuve\/naujos-lp\/meatloaf-friends-their-ultimate-collection\/#primaryimage"},"image":{"@id":"https:\/\/vinilozona.lt\/parduotuve\/naujos-lp\/meatloaf-friends-their-ultimate-collection\/#primaryimage"},"thumbnailUrl":"https:\/\/vinilozona.lt\/wp-content\/uploads\/2021\/11\/R-14889564-1583530446-4625.jpeg.jpg","datePublished":"2024-11-21T03:06:47+00:00","dateModified":"2026-03-01T09:51:13+00:00","breadcrumb":{"@id":"https:\/\/vinilozona.lt\/parduotuve\/naujos-lp\/meatloaf-friends-their-ultimate-collection\/#breadcrumb"},"inLanguage":"en-GB","potentialAction":[{"@type":"ReadAction","target":["https:\/\/vinilozona.lt\/parduotuve\/naujos-lp\/meatloaf-friends-their-ultimate-collection\/"]}]},{"@type":"ImageObject","inLanguage":"en-GB","@id":"https:\/\/vinilozona.lt\/parduotuve\/naujos-lp\/meatloaf-friends-their-ultimate-collection\/#primaryimage","url":"https:\/\/vinilozona.lt\/wp-content\/uploads\/2021\/11\/R-14889564-1583530446-4625.jpeg.jpg","contentUrl":"https:\/\/vinilozona.lt\/wp-content\/uploads\/2021\/11\/R-14889564-1583530446-4625.jpeg.jpg","width":600,"height":600},{"@type":"BreadcrumbList","@id":"https:\/\/vinilozona.lt\/parduotuve\/naujos-lp\/meatloaf-friends-their-ultimate-collection\/#breadcrumb","itemListElement":[{"@type":"ListItem","position":1,"name":"Home","item":"https:\/\/vinilozona.lt\/"},{"@type":"ListItem","position":2,"name":"Parduotuv\u0117","item":"https:\/\/vinilozona.lt\/parduotuve\/"},{"@type":"ListItem","position":3,"name":"Meatloaf &#038; Friends &#8211; Their Ultimate Collection"}]},{"@type":"WebSite","@id":"https:\/\/vinilozona.lt\/#website","url":"https:\/\/vinilozona.lt\/","name":"Vinilo Zona","description":"Nup\u016bsk dulkes ir klausyk LP","potentialAction":[{"@type":"SearchAction","target":{"@type":"EntryPoint","urlTemplate":"https:\/\/vinilozona.lt\/?s={search_term_string}"},"query-input":{"@type":"PropertyValueSpecification","valueRequired":true,"valueName":"search_term_string"}}],"inLanguage":"en-GB"}]}},"_links":{"self":[{"href":"https:\/\/vinilozona.lt\/en\/wp-json\/wp\/v2\/product\/16523"}],"collection":[{"href":"https:\/\/vinilozona.lt\/en\/wp-json\/wp\/v2\/product"}],"about":[{"href":"https:\/\/vinilozona.lt\/en\/wp-json\/wp\/v2\/types\/product"}],"wp:featuredmedia":[{"embeddable":true,"href":"https:\/\/vinilozona.lt\/en\/wp-json\/wp\/v2\/media\/16524"}],"wp:attachment":[{"href":"https:\/\/vinilozona.lt\/en\/wp-json\/wp\/v2\/media?parent=16523"}],"wp:term":[{"taxonomy":"product_cat","embeddable":true,"href":"https:\/\/vinilozona.lt\/en\/wp-json\/wp\/v2\/product_cat?post=16523"},{"taxonomy":"product_tag","embeddable":true,"href":"https:\/\/vinilozona.lt\/en\/wp-json\/wp\/v2\/product_tag?post=16523"}],"curies":[{"name":"wp","href":"https:\/\/api.w.org\/{rel}","templated":true}]}}