{"id":16519,"date":"2023-12-25T05:12:30","date_gmt":"2023-12-25T03:12:30","guid":{"rendered":"https:\/\/vinilozona.lt\/?post_type=product&#038;p=16519"},"modified":"2024-05-12T08:04:59","modified_gmt":"2024-05-12T05:04:59","slug":"coldplay-music-of-the-spheres","status":"publish","type":"product","link":"https:\/\/vinilozona.lt\/en\/parduotuve\/rock-pop\/coldplay-music-of-the-spheres\/","title":{"rendered":"Coldplay \u2013 Music Of The Spheres"},"content":{"rendered":"<p>A1\tColdplay\u2013\tMusic Of The Spheres<br \/>\nA2\tColdplay\u2013\tHigher Power<br \/>\nA3\tColdplay\u2013\tHumankind<br \/>\nA4\tColdplay\u2013\tAlien Choir<br \/>\nA5\tColdplay X Selena Gomez\u2013\tLet Somebody Go<br \/>\nA6\tColdplay X We Are King X Jacob Collier\u2013\tHuman Heart<br \/>\nA7\tColdplay\u2013\tPeople Of The Pride<br \/>\nB1\tColdplay\u2013\tBiutyful<br \/>\nB2\tColdplay\u2013\tMusic Of The Spheres II<br \/>\nB3\tColdplay X BTS (4)\u2013\tMy Universe<br \/>\nB4\tColdplay\u2013\tInfinity Sign<br \/>\nB5\tColdplay\u2013\tColoratura<\/p>","protected":false},"excerpt":{"rendered":"<p>Parlophone \u2013 0190296666964<br \/>\nFormat:<br \/>\nVinyl, LP, Album, Stereo, Coloured Recycled Vinyl, 140 Gram<br \/>\nCountry:\tEurope<br \/>\nReleased:\tOct 15, 2021<\/p>","protected":false},"featured_media":16520,"template":"","meta":[],"product_cat":[15],"product_tag":[1025],"yoast_head":"<!-- This site is optimized with the Yoast SEO plugin v23.5 - https:\/\/yoast.com\/wordpress\/plugins\/seo\/ -->\n<title>Coldplay \u2013 Music Of The Spheres Vinilin\u0117 Plok\u0161tel\u0117 | Vinilozona.lt<\/title>\n<meta name=\"robots\" content=\"index, follow, max-snippet:-1, max-image-preview:large, max-video-preview:-1\" \/>\n<link rel=\"canonical\" href=\"https:\/\/vinilozona.lt\/en\/parduotuve\/rock-pop\/coldplay-music-of-the-spheres\/\" \/>\n<meta property=\"og:locale\" content=\"en_GB\" \/>\n<meta property=\"og:type\" content=\"article\" \/>\n<meta property=\"og:title\" content=\"Coldplay \u2013 Music Of The Spheres Vinilin\u0117 Plok\u0161tel\u0117 | Vinilozona.lt\" \/>\n<meta property=\"og:description\" content=\"Parlophone \u2013 0190296666964 Format:  Vinyl, LP, Album, Stereo, Coloured Recycled Vinyl, 140 Gram Country: Europe Released: Oct 15, 2021\" \/>\n<meta property=\"og:url\" content=\"https:\/\/vinilozona.lt\/en\/parduotuve\/rock-pop\/coldplay-music-of-the-spheres\/\" \/>\n<meta property=\"og:site_name\" content=\"Vinilo Zona\" \/>\n<meta property=\"article:modified_time\" content=\"2024-05-12T05:04:59+00:00\" \/>\n<meta property=\"og:image\" content=\"https:\/\/vinilozona.lt\/wp-content\/uploads\/2021\/11\/R-20587606-1634670110-4723.jpeg.jpg\" \/>\n\t<meta property=\"og:image:width\" content=\"599\" \/>\n\t<meta property=\"og:image:height\" content=\"596\" \/>\n\t<meta property=\"og:image:type\" content=\"image\/jpeg\" \/>\n<meta name=\"twitter:card\" content=\"summary_large_image\" \/>\n<script type=\"application\/ld+json\" class=\"yoast-schema-graph\">{\"@context\":\"https:\/\/schema.org\",\"@graph\":[{\"@type\":\"WebPage\",\"@id\":\"https:\/\/vinilozona.lt\/parduotuve\/rock-pop\/coldplay-music-of-the-spheres\/\",\"url\":\"https:\/\/vinilozona.lt\/parduotuve\/rock-pop\/coldplay-music-of-the-spheres\/\",\"name\":\"Coldplay \u2013 Music Of The Spheres Vinilin\u0117 Plok\u0161tel\u0117 | Vinilozona.lt\",\"isPartOf\":{\"@id\":\"https:\/\/vinilozona.lt\/#website\"},\"primaryImageOfPage\":{\"@id\":\"https:\/\/vinilozona.lt\/parduotuve\/rock-pop\/coldplay-music-of-the-spheres\/#primaryimage\"},\"image\":{\"@id\":\"https:\/\/vinilozona.lt\/parduotuve\/rock-pop\/coldplay-music-of-the-spheres\/#primaryimage\"},\"thumbnailUrl\":\"https:\/\/vinilozona.lt\/wp-content\/uploads\/2021\/11\/R-20587606-1634670110-4723.jpeg.jpg\",\"datePublished\":\"2023-12-25T03:12:30+00:00\",\"dateModified\":\"2024-05-12T05:04:59+00:00\",\"breadcrumb\":{\"@id\":\"https:\/\/vinilozona.lt\/parduotuve\/rock-pop\/coldplay-music-of-the-spheres\/#breadcrumb\"},\"inLanguage\":\"en-GB\",\"potentialAction\":[{\"@type\":\"ReadAction\",\"target\":[\"https:\/\/vinilozona.lt\/parduotuve\/rock-pop\/coldplay-music-of-the-spheres\/\"]}]},{\"@type\":\"ImageObject\",\"inLanguage\":\"en-GB\",\"@id\":\"https:\/\/vinilozona.lt\/parduotuve\/rock-pop\/coldplay-music-of-the-spheres\/#primaryimage\",\"url\":\"https:\/\/vinilozona.lt\/wp-content\/uploads\/2021\/11\/R-20587606-1634670110-4723.jpeg.jpg\",\"contentUrl\":\"https:\/\/vinilozona.lt\/wp-content\/uploads\/2021\/11\/R-20587606-1634670110-4723.jpeg.jpg\",\"width\":599,\"height\":596},{\"@type\":\"BreadcrumbList\",\"@id\":\"https:\/\/vinilozona.lt\/parduotuve\/rock-pop\/coldplay-music-of-the-spheres\/#breadcrumb\",\"itemListElement\":[{\"@type\":\"ListItem\",\"position\":1,\"name\":\"Home\",\"item\":\"https:\/\/vinilozona.lt\/\"},{\"@type\":\"ListItem\",\"position\":2,\"name\":\"Parduotuv\u0117\",\"item\":\"https:\/\/vinilozona.lt\/parduotuve\/\"},{\"@type\":\"ListItem\",\"position\":3,\"name\":\"Coldplay \u2013 Music Of The Spheres\"}]},{\"@type\":\"WebSite\",\"@id\":\"https:\/\/vinilozona.lt\/#website\",\"url\":\"https:\/\/vinilozona.lt\/\",\"name\":\"Vinilo Zona\",\"description\":\"Nup\u016bsk dulkes ir klausyk LP\",\"potentialAction\":[{\"@type\":\"SearchAction\",\"target\":{\"@type\":\"EntryPoint\",\"urlTemplate\":\"https:\/\/vinilozona.lt\/?s={search_term_string}\"},\"query-input\":{\"@type\":\"PropertyValueSpecification\",\"valueRequired\":true,\"valueName\":\"search_term_string\"}}],\"inLanguage\":\"en-GB\"}]}<\/script>\n<!-- \/ Yoast SEO plugin. -->","yoast_head_json":{"title":"Coldplay \u2013 Music Of The Spheres Vinilin\u0117 Plok\u0161tel\u0117 | Vinilozona.lt","robots":{"index":"index","follow":"follow","max-snippet":"max-snippet:-1","max-image-preview":"max-image-preview:large","max-video-preview":"max-video-preview:-1"},"canonical":"https:\/\/vinilozona.lt\/en\/parduotuve\/rock-pop\/coldplay-music-of-the-spheres\/","og_locale":"en_GB","og_type":"article","og_title":"Coldplay \u2013 Music Of The Spheres Vinilin\u0117 Plok\u0161tel\u0117 | Vinilozona.lt","og_description":"Parlophone \u2013 0190296666964 Format:  Vinyl, LP, Album, Stereo, Coloured Recycled Vinyl, 140 Gram Country: Europe Released: Oct 15, 2021","og_url":"https:\/\/vinilozona.lt\/en\/parduotuve\/rock-pop\/coldplay-music-of-the-spheres\/","og_site_name":"Vinilo Zona","article_modified_time":"2024-05-12T05:04:59+00:00","og_image":[{"width":599,"height":596,"url":"https:\/\/vinilozona.lt\/wp-content\/uploads\/2021\/11\/R-20587606-1634670110-4723.jpeg.jpg","type":"image\/jpeg"}],"twitter_card":"summary_large_image","schema":{"@context":"https:\/\/schema.org","@graph":[{"@type":"WebPage","@id":"https:\/\/vinilozona.lt\/parduotuve\/rock-pop\/coldplay-music-of-the-spheres\/","url":"https:\/\/vinilozona.lt\/parduotuve\/rock-pop\/coldplay-music-of-the-spheres\/","name":"Coldplay \u2013 Music Of The Spheres Vinilin\u0117 Plok\u0161tel\u0117 | Vinilozona.lt","isPartOf":{"@id":"https:\/\/vinilozona.lt\/#website"},"primaryImageOfPage":{"@id":"https:\/\/vinilozona.lt\/parduotuve\/rock-pop\/coldplay-music-of-the-spheres\/#primaryimage"},"image":{"@id":"https:\/\/vinilozona.lt\/parduotuve\/rock-pop\/coldplay-music-of-the-spheres\/#primaryimage"},"thumbnailUrl":"https:\/\/vinilozona.lt\/wp-content\/uploads\/2021\/11\/R-20587606-1634670110-4723.jpeg.jpg","datePublished":"2023-12-25T03:12:30+00:00","dateModified":"2024-05-12T05:04:59+00:00","breadcrumb":{"@id":"https:\/\/vinilozona.lt\/parduotuve\/rock-pop\/coldplay-music-of-the-spheres\/#breadcrumb"},"inLanguage":"en-GB","potentialAction":[{"@type":"ReadAction","target":["https:\/\/vinilozona.lt\/parduotuve\/rock-pop\/coldplay-music-of-the-spheres\/"]}]},{"@type":"ImageObject","inLanguage":"en-GB","@id":"https:\/\/vinilozona.lt\/parduotuve\/rock-pop\/coldplay-music-of-the-spheres\/#primaryimage","url":"https:\/\/vinilozona.lt\/wp-content\/uploads\/2021\/11\/R-20587606-1634670110-4723.jpeg.jpg","contentUrl":"https:\/\/vinilozona.lt\/wp-content\/uploads\/2021\/11\/R-20587606-1634670110-4723.jpeg.jpg","width":599,"height":596},{"@type":"BreadcrumbList","@id":"https:\/\/vinilozona.lt\/parduotuve\/rock-pop\/coldplay-music-of-the-spheres\/#breadcrumb","itemListElement":[{"@type":"ListItem","position":1,"name":"Home","item":"https:\/\/vinilozona.lt\/"},{"@type":"ListItem","position":2,"name":"Parduotuv\u0117","item":"https:\/\/vinilozona.lt\/parduotuve\/"},{"@type":"ListItem","position":3,"name":"Coldplay \u2013 Music Of The Spheres"}]},{"@type":"WebSite","@id":"https:\/\/vinilozona.lt\/#website","url":"https:\/\/vinilozona.lt\/","name":"Vinilo Zona","description":"Nup\u016bsk dulkes ir klausyk LP","potentialAction":[{"@type":"SearchAction","target":{"@type":"EntryPoint","urlTemplate":"https:\/\/vinilozona.lt\/?s={search_term_string}"},"query-input":{"@type":"PropertyValueSpecification","valueRequired":true,"valueName":"search_term_string"}}],"inLanguage":"en-GB"}]}},"_links":{"self":[{"href":"https:\/\/vinilozona.lt\/en\/wp-json\/wp\/v2\/product\/16519"}],"collection":[{"href":"https:\/\/vinilozona.lt\/en\/wp-json\/wp\/v2\/product"}],"about":[{"href":"https:\/\/vinilozona.lt\/en\/wp-json\/wp\/v2\/types\/product"}],"wp:featuredmedia":[{"embeddable":true,"href":"https:\/\/vinilozona.lt\/en\/wp-json\/wp\/v2\/media\/16520"}],"wp:attachment":[{"href":"https:\/\/vinilozona.lt\/en\/wp-json\/wp\/v2\/media?parent=16519"}],"wp:term":[{"taxonomy":"product_cat","embeddable":true,"href":"https:\/\/vinilozona.lt\/en\/wp-json\/wp\/v2\/product_cat?post=16519"},{"taxonomy":"product_tag","embeddable":true,"href":"https:\/\/vinilozona.lt\/en\/wp-json\/wp\/v2\/product_tag?post=16519"}],"curies":[{"name":"wp","href":"https:\/\/api.w.org\/{rel}","templated":true}]}}