{"id":1651,"date":"2025-01-12T18:02:23","date_gmt":"2025-01-12T16:02:23","guid":{"rendered":"https:\/\/vinylhome.lt\/?post_type=product&#038;p=1651"},"modified":"2025-01-13T15:19:09","modified_gmt":"2025-01-13T13:19:09","slug":"stasys-povilaitis-%e2%80%8e-stasys-povilaitis-cd","status":"publish","type":"product","link":"https:\/\/vinilozona.lt\/en\/parduotuve\/cd\/lietuviski-cd\/stasys-povilaitis-%e2%80%8e-stasys-povilaitis-cd\/","title":{"rendered":"Stasys Povilaitis \u200e\u2013 Stasys Povilaitis -CD"},"content":{"rendered":"<p>1\tTu Man Atleisk<br \/>\n2\tPien\u0117<br \/>\n3\tPaklydo Ramun\u0117<br \/>\n4\tSenel\u0117<br \/>\n5\tTavo Lang\u0173 \u0160iluma<br \/>\n6\tSudeginti Tiltai<br \/>\n7\tKai Esi \u0160alia<br \/>\n8\tGera Buvo, \u010cipolinai<br \/>\n9\tKristina<br \/>\n10\tTik Rytoj<br \/>\n11\tOrchid\u0117ja<br \/>\n12\tV\u0117l \u0160vieski<br \/>\n13\tSulaukt Negal\u0117siu<br \/>\n14\tJ\u016bros Melodija<br \/>\n15\tK\u0105 A\u0161 Dary\u010diau<br \/>\n16\tMet\u0173 Turtas<br \/>\n17\tVy\u0161ni\u0173 Sodai<br \/>\n18\tPavasaris Gimtin\u0117je<br \/>\n19\tAtsisveikinimas Prie J\u016bros<\/p>","protected":false},"excerpt":{"rendered":"<p>VS 012<\/p>","protected":false},"featured_media":1652,"template":"","meta":[],"product_cat":[24,947,56],"product_tag":[55],"yoast_head":"<!-- This site is optimized with the Yoast SEO plugin v23.5 - https:\/\/yoast.com\/wordpress\/plugins\/seo\/ -->\n<title>Stasys Povilaitis \u200e\u2013 Stasys Povilaitis -CD Vinilin\u0117 Plok\u0161tel\u0117 | Vinilozona.lt<\/title>\n<meta name=\"robots\" content=\"index, follow, max-snippet:-1, max-image-preview:large, max-video-preview:-1\" \/>\n<link rel=\"canonical\" href=\"https:\/\/vinilozona.lt\/en\/parduotuve\/cd\/lietuviski-cd\/stasys-povilaitis-\u200e-stasys-povilaitis-cd\/\" \/>\n<meta property=\"og:locale\" content=\"en_GB\" \/>\n<meta property=\"og:type\" content=\"article\" \/>\n<meta property=\"og:title\" content=\"Stasys Povilaitis \u200e\u2013 Stasys Povilaitis -CD Vinilin\u0117 Plok\u0161tel\u0117 | Vinilozona.lt\" \/>\n<meta property=\"og:description\" content=\"VS 012\" \/>\n<meta property=\"og:url\" content=\"https:\/\/vinilozona.lt\/en\/parduotuve\/cd\/lietuviski-cd\/stasys-povilaitis-\u200e-stasys-povilaitis-cd\/\" \/>\n<meta property=\"og:site_name\" content=\"Vinilo Zona\" \/>\n<meta property=\"article:modified_time\" content=\"2025-01-13T13:19:09+00:00\" \/>\n<meta property=\"og:image\" content=\"https:\/\/vinilozona.lt\/wp-content\/uploads\/2019\/12\/stasys-povilaitis-stasys-povilaitis-cd-1.jpg\" \/>\n\t<meta property=\"og:image:width\" content=\"693\" \/>\n\t<meta property=\"og:image:height\" content=\"520\" \/>\n\t<meta property=\"og:image:type\" content=\"image\/jpeg\" \/>\n<meta name=\"twitter:card\" content=\"summary_large_image\" \/>\n<meta name=\"twitter:label1\" content=\"Estimated reading time\" \/>\n\t<meta name=\"twitter:data1\" content=\"1 minute\" \/>\n<script type=\"application\/ld+json\" class=\"yoast-schema-graph\">{\"@context\":\"https:\/\/schema.org\",\"@graph\":[{\"@type\":\"WebPage\",\"@id\":\"https:\/\/vinilozona.lt\/parduotuve\/cd\/lietuviski-cd\/stasys-povilaitis-%e2%80%8e-stasys-povilaitis-cd\/\",\"url\":\"https:\/\/vinilozona.lt\/parduotuve\/cd\/lietuviski-cd\/stasys-povilaitis-%e2%80%8e-stasys-povilaitis-cd\/\",\"name\":\"Stasys Povilaitis \u200e\u2013 Stasys Povilaitis -CD Vinilin\u0117 Plok\u0161tel\u0117 | Vinilozona.lt\",\"isPartOf\":{\"@id\":\"https:\/\/vinilozona.lt\/#website\"},\"primaryImageOfPage\":{\"@id\":\"https:\/\/vinilozona.lt\/parduotuve\/cd\/lietuviski-cd\/stasys-povilaitis-%e2%80%8e-stasys-povilaitis-cd\/#primaryimage\"},\"image\":{\"@id\":\"https:\/\/vinilozona.lt\/parduotuve\/cd\/lietuviski-cd\/stasys-povilaitis-%e2%80%8e-stasys-povilaitis-cd\/#primaryimage\"},\"thumbnailUrl\":\"https:\/\/vinilozona.lt\/wp-content\/uploads\/2019\/12\/stasys-povilaitis-stasys-povilaitis-cd-1.jpg\",\"datePublished\":\"2025-01-12T16:02:23+00:00\",\"dateModified\":\"2025-01-13T13:19:09+00:00\",\"breadcrumb\":{\"@id\":\"https:\/\/vinilozona.lt\/parduotuve\/cd\/lietuviski-cd\/stasys-povilaitis-%e2%80%8e-stasys-povilaitis-cd\/#breadcrumb\"},\"inLanguage\":\"en-GB\",\"potentialAction\":[{\"@type\":\"ReadAction\",\"target\":[\"https:\/\/vinilozona.lt\/parduotuve\/cd\/lietuviski-cd\/stasys-povilaitis-%e2%80%8e-stasys-povilaitis-cd\/\"]}]},{\"@type\":\"ImageObject\",\"inLanguage\":\"en-GB\",\"@id\":\"https:\/\/vinilozona.lt\/parduotuve\/cd\/lietuviski-cd\/stasys-povilaitis-%e2%80%8e-stasys-povilaitis-cd\/#primaryimage\",\"url\":\"https:\/\/vinilozona.lt\/wp-content\/uploads\/2019\/12\/stasys-povilaitis-stasys-povilaitis-cd-1.jpg\",\"contentUrl\":\"https:\/\/vinilozona.lt\/wp-content\/uploads\/2019\/12\/stasys-povilaitis-stasys-povilaitis-cd-1.jpg\",\"width\":693,\"height\":520},{\"@type\":\"BreadcrumbList\",\"@id\":\"https:\/\/vinilozona.lt\/parduotuve\/cd\/lietuviski-cd\/stasys-povilaitis-%e2%80%8e-stasys-povilaitis-cd\/#breadcrumb\",\"itemListElement\":[{\"@type\":\"ListItem\",\"position\":1,\"name\":\"Home\",\"item\":\"https:\/\/vinilozona.lt\/\"},{\"@type\":\"ListItem\",\"position\":2,\"name\":\"Parduotuv\u0117\",\"item\":\"https:\/\/vinilozona.lt\/parduotuve\/\"},{\"@type\":\"ListItem\",\"position\":3,\"name\":\"Stasys Povilaitis \u200e\u2013 Stasys Povilaitis -CD\"}]},{\"@type\":\"WebSite\",\"@id\":\"https:\/\/vinilozona.lt\/#website\",\"url\":\"https:\/\/vinilozona.lt\/\",\"name\":\"Vinilo Zona\",\"description\":\"Nup\u016bsk dulkes ir klausyk LP\",\"potentialAction\":[{\"@type\":\"SearchAction\",\"target\":{\"@type\":\"EntryPoint\",\"urlTemplate\":\"https:\/\/vinilozona.lt\/?s={search_term_string}\"},\"query-input\":{\"@type\":\"PropertyValueSpecification\",\"valueRequired\":true,\"valueName\":\"search_term_string\"}}],\"inLanguage\":\"en-GB\"}]}<\/script>\n<!-- \/ Yoast SEO plugin. -->","yoast_head_json":{"title":"Stasys Povilaitis \u200e\u2013 Stasys Povilaitis -CD Vinilin\u0117 Plok\u0161tel\u0117 | Vinilozona.lt","robots":{"index":"index","follow":"follow","max-snippet":"max-snippet:-1","max-image-preview":"max-image-preview:large","max-video-preview":"max-video-preview:-1"},"canonical":"https:\/\/vinilozona.lt\/en\/parduotuve\/cd\/lietuviski-cd\/stasys-povilaitis-\u200e-stasys-povilaitis-cd\/","og_locale":"en_GB","og_type":"article","og_title":"Stasys Povilaitis \u200e\u2013 Stasys Povilaitis -CD Vinilin\u0117 Plok\u0161tel\u0117 | Vinilozona.lt","og_description":"VS 012","og_url":"https:\/\/vinilozona.lt\/en\/parduotuve\/cd\/lietuviski-cd\/stasys-povilaitis-\u200e-stasys-povilaitis-cd\/","og_site_name":"Vinilo Zona","article_modified_time":"2025-01-13T13:19:09+00:00","og_image":[{"width":693,"height":520,"url":"https:\/\/vinilozona.lt\/wp-content\/uploads\/2019\/12\/stasys-povilaitis-stasys-povilaitis-cd-1.jpg","type":"image\/jpeg"}],"twitter_card":"summary_large_image","twitter_misc":{"Estimated reading time":"1 minute"},"schema":{"@context":"https:\/\/schema.org","@graph":[{"@type":"WebPage","@id":"https:\/\/vinilozona.lt\/parduotuve\/cd\/lietuviski-cd\/stasys-povilaitis-%e2%80%8e-stasys-povilaitis-cd\/","url":"https:\/\/vinilozona.lt\/parduotuve\/cd\/lietuviski-cd\/stasys-povilaitis-%e2%80%8e-stasys-povilaitis-cd\/","name":"Stasys Povilaitis \u200e\u2013 Stasys Povilaitis -CD Vinilin\u0117 Plok\u0161tel\u0117 | Vinilozona.lt","isPartOf":{"@id":"https:\/\/vinilozona.lt\/#website"},"primaryImageOfPage":{"@id":"https:\/\/vinilozona.lt\/parduotuve\/cd\/lietuviski-cd\/stasys-povilaitis-%e2%80%8e-stasys-povilaitis-cd\/#primaryimage"},"image":{"@id":"https:\/\/vinilozona.lt\/parduotuve\/cd\/lietuviski-cd\/stasys-povilaitis-%e2%80%8e-stasys-povilaitis-cd\/#primaryimage"},"thumbnailUrl":"https:\/\/vinilozona.lt\/wp-content\/uploads\/2019\/12\/stasys-povilaitis-stasys-povilaitis-cd-1.jpg","datePublished":"2025-01-12T16:02:23+00:00","dateModified":"2025-01-13T13:19:09+00:00","breadcrumb":{"@id":"https:\/\/vinilozona.lt\/parduotuve\/cd\/lietuviski-cd\/stasys-povilaitis-%e2%80%8e-stasys-povilaitis-cd\/#breadcrumb"},"inLanguage":"en-GB","potentialAction":[{"@type":"ReadAction","target":["https:\/\/vinilozona.lt\/parduotuve\/cd\/lietuviski-cd\/stasys-povilaitis-%e2%80%8e-stasys-povilaitis-cd\/"]}]},{"@type":"ImageObject","inLanguage":"en-GB","@id":"https:\/\/vinilozona.lt\/parduotuve\/cd\/lietuviski-cd\/stasys-povilaitis-%e2%80%8e-stasys-povilaitis-cd\/#primaryimage","url":"https:\/\/vinilozona.lt\/wp-content\/uploads\/2019\/12\/stasys-povilaitis-stasys-povilaitis-cd-1.jpg","contentUrl":"https:\/\/vinilozona.lt\/wp-content\/uploads\/2019\/12\/stasys-povilaitis-stasys-povilaitis-cd-1.jpg","width":693,"height":520},{"@type":"BreadcrumbList","@id":"https:\/\/vinilozona.lt\/parduotuve\/cd\/lietuviski-cd\/stasys-povilaitis-%e2%80%8e-stasys-povilaitis-cd\/#breadcrumb","itemListElement":[{"@type":"ListItem","position":1,"name":"Home","item":"https:\/\/vinilozona.lt\/"},{"@type":"ListItem","position":2,"name":"Parduotuv\u0117","item":"https:\/\/vinilozona.lt\/parduotuve\/"},{"@type":"ListItem","position":3,"name":"Stasys Povilaitis \u200e\u2013 Stasys Povilaitis -CD"}]},{"@type":"WebSite","@id":"https:\/\/vinilozona.lt\/#website","url":"https:\/\/vinilozona.lt\/","name":"Vinilo Zona","description":"Nup\u016bsk dulkes ir klausyk LP","potentialAction":[{"@type":"SearchAction","target":{"@type":"EntryPoint","urlTemplate":"https:\/\/vinilozona.lt\/?s={search_term_string}"},"query-input":{"@type":"PropertyValueSpecification","valueRequired":true,"valueName":"search_term_string"}}],"inLanguage":"en-GB"}]}},"_links":{"self":[{"href":"https:\/\/vinilozona.lt\/en\/wp-json\/wp\/v2\/product\/1651"}],"collection":[{"href":"https:\/\/vinilozona.lt\/en\/wp-json\/wp\/v2\/product"}],"about":[{"href":"https:\/\/vinilozona.lt\/en\/wp-json\/wp\/v2\/types\/product"}],"wp:featuredmedia":[{"embeddable":true,"href":"https:\/\/vinilozona.lt\/en\/wp-json\/wp\/v2\/media\/1652"}],"wp:attachment":[{"href":"https:\/\/vinilozona.lt\/en\/wp-json\/wp\/v2\/media?parent=1651"}],"wp:term":[{"taxonomy":"product_cat","embeddable":true,"href":"https:\/\/vinilozona.lt\/en\/wp-json\/wp\/v2\/product_cat?post=1651"},{"taxonomy":"product_tag","embeddable":true,"href":"https:\/\/vinilozona.lt\/en\/wp-json\/wp\/v2\/product_tag?post=1651"}],"curies":[{"name":"wp","href":"https:\/\/api.w.org\/{rel}","templated":true}]}}