{"id":16490,"date":"2023-11-13T05:14:18","date_gmt":"2023-11-13T03:14:18","guid":{"rendered":"https:\/\/vinilozona.lt\/?post_type=product&#038;p=16490"},"modified":"2024-09-28T20:06:41","modified_gmt":"2024-09-28T17:06:41","slug":"london-studio-orchestra-once-upon-a-time-in-america-the-music-of-ennio-morricone","status":"publish","type":"product","link":"https:\/\/vinilozona.lt\/en\/parduotuve\/rock-pop\/london-studio-orchestra-once-upon-a-time-in-america-the-music-of-ennio-morricone\/","title":{"rendered":"Placido Domingo, Vienna Symphony Orchestra \u2013 Christmas With Placido Domingo"},"content":{"rendered":"<p>\t\tA Medley Of Christmas Carols\t(5:18)<br \/>\nA1a\t\tJoy To The World<br \/>\nA1b\t\tGod Rest Ye Merry Gentlemen<br \/>\nA1c\t\tGood King Wenceslas<br \/>\nA1d\t\tOh Little Town Of Bethlehem<br \/>\nA1e\t\tThe First Noel<br \/>\nA2\t\tO Joyful Children  2:44<br \/>\nA3\t\tLa Virgen Lava Panales  2:29<br \/>\nA4\t\tIt&#8217;s Christmas Time This Year  2:48<br \/>\nA5\t\tWhite Christmas   2:49<br \/>\nB1\t\tI&#8217;ll Be Home For Christmas  2:55<br \/>\nB2\t\tMary&#8217;s Boy Child  2:31<br \/>\nB3\t\tCantique De Noel (O Holy Night)  3:35<br \/>\nB4\t\tI Heard The Bells On Christmas Day  2:35<br \/>\nB5\t\tSilent Night  3:42<\/p>","protected":false},"excerpt":{"rendered":"<p>CBS \u2013 CBS 73635, CBS \u2013 73635<br \/>\nFormat:<br \/>\nVinyl, LP, Album<br \/>\nCountry:\tEurope<br \/>\nReleased:\t1981<\/p>","protected":false},"featured_media":23493,"template":"","meta":[],"product_cat":[15,22],"product_tag":[44],"yoast_head":"<!-- This site is optimized with the Yoast SEO plugin v23.5 - https:\/\/yoast.com\/wordpress\/plugins\/seo\/ -->\n<title>Placido Domingo, Vienna Symphony Orchestra \u2013 Christmas With Placido Domingo Vinilin\u0117 Plok\u0161tel\u0117 | Vinilozona.lt<\/title>\n<meta name=\"robots\" content=\"index, follow, max-snippet:-1, max-image-preview:large, max-video-preview:-1\" \/>\n<link rel=\"canonical\" href=\"https:\/\/vinilozona.lt\/en\/parduotuve\/rock-pop\/london-studio-orchestra-once-upon-a-time-in-america-the-music-of-ennio-morricone\/\" \/>\n<meta property=\"og:locale\" content=\"en_GB\" \/>\n<meta property=\"og:type\" content=\"article\" \/>\n<meta property=\"og:title\" content=\"Placido Domingo, Vienna Symphony Orchestra \u2013 Christmas With Placido Domingo Vinilin\u0117 Plok\u0161tel\u0117 | Vinilozona.lt\" \/>\n<meta property=\"og:description\" content=\"CBS \u2013 CBS 73635, CBS \u2013 73635 Format:  Vinyl, LP, Album Country: Europe Released: 1981\" \/>\n<meta property=\"og:url\" content=\"https:\/\/vinilozona.lt\/en\/parduotuve\/rock-pop\/london-studio-orchestra-once-upon-a-time-in-america-the-music-of-ennio-morricone\/\" \/>\n<meta property=\"og:site_name\" content=\"Vinilo Zona\" \/>\n<meta property=\"article:modified_time\" content=\"2024-09-28T17:06:41+00:00\" \/>\n<meta property=\"og:image\" content=\"https:\/\/vinilozona.lt\/wp-content\/uploads\/2021\/11\/R-11979860-1627890971-2953.jpg\" \/>\n\t<meta property=\"og:image:width\" content=\"567\" \/>\n\t<meta property=\"og:image:height\" content=\"599\" \/>\n\t<meta property=\"og:image:type\" content=\"image\/jpeg\" \/>\n<meta name=\"twitter:card\" content=\"summary_large_image\" \/>\n<script type=\"application\/ld+json\" class=\"yoast-schema-graph\">{\"@context\":\"https:\/\/schema.org\",\"@graph\":[{\"@type\":\"WebPage\",\"@id\":\"https:\/\/vinilozona.lt\/parduotuve\/rock-pop\/london-studio-orchestra-once-upon-a-time-in-america-the-music-of-ennio-morricone\/\",\"url\":\"https:\/\/vinilozona.lt\/parduotuve\/rock-pop\/london-studio-orchestra-once-upon-a-time-in-america-the-music-of-ennio-morricone\/\",\"name\":\"Placido Domingo, Vienna Symphony Orchestra \u2013 Christmas With Placido Domingo Vinilin\u0117 Plok\u0161tel\u0117 | Vinilozona.lt\",\"isPartOf\":{\"@id\":\"https:\/\/vinilozona.lt\/#website\"},\"primaryImageOfPage\":{\"@id\":\"https:\/\/vinilozona.lt\/parduotuve\/rock-pop\/london-studio-orchestra-once-upon-a-time-in-america-the-music-of-ennio-morricone\/#primaryimage\"},\"image\":{\"@id\":\"https:\/\/vinilozona.lt\/parduotuve\/rock-pop\/london-studio-orchestra-once-upon-a-time-in-america-the-music-of-ennio-morricone\/#primaryimage\"},\"thumbnailUrl\":\"https:\/\/vinilozona.lt\/wp-content\/uploads\/2021\/11\/R-11979860-1627890971-2953.jpg\",\"datePublished\":\"2023-11-13T03:14:18+00:00\",\"dateModified\":\"2024-09-28T17:06:41+00:00\",\"breadcrumb\":{\"@id\":\"https:\/\/vinilozona.lt\/parduotuve\/rock-pop\/london-studio-orchestra-once-upon-a-time-in-america-the-music-of-ennio-morricone\/#breadcrumb\"},\"inLanguage\":\"en-GB\",\"potentialAction\":[{\"@type\":\"ReadAction\",\"target\":[\"https:\/\/vinilozona.lt\/parduotuve\/rock-pop\/london-studio-orchestra-once-upon-a-time-in-america-the-music-of-ennio-morricone\/\"]}]},{\"@type\":\"ImageObject\",\"inLanguage\":\"en-GB\",\"@id\":\"https:\/\/vinilozona.lt\/parduotuve\/rock-pop\/london-studio-orchestra-once-upon-a-time-in-america-the-music-of-ennio-morricone\/#primaryimage\",\"url\":\"https:\/\/vinilozona.lt\/wp-content\/uploads\/2021\/11\/R-11979860-1627890971-2953.jpg\",\"contentUrl\":\"https:\/\/vinilozona.lt\/wp-content\/uploads\/2021\/11\/R-11979860-1627890971-2953.jpg\",\"width\":567,\"height\":599},{\"@type\":\"BreadcrumbList\",\"@id\":\"https:\/\/vinilozona.lt\/parduotuve\/rock-pop\/london-studio-orchestra-once-upon-a-time-in-america-the-music-of-ennio-morricone\/#breadcrumb\",\"itemListElement\":[{\"@type\":\"ListItem\",\"position\":1,\"name\":\"Home\",\"item\":\"https:\/\/vinilozona.lt\/\"},{\"@type\":\"ListItem\",\"position\":2,\"name\":\"Parduotuv\u0117\",\"item\":\"https:\/\/vinilozona.lt\/parduotuve\/\"},{\"@type\":\"ListItem\",\"position\":3,\"name\":\"Placido Domingo, Vienna Symphony Orchestra \u2013 Christmas With Placido Domingo\"}]},{\"@type\":\"WebSite\",\"@id\":\"https:\/\/vinilozona.lt\/#website\",\"url\":\"https:\/\/vinilozona.lt\/\",\"name\":\"Vinilo Zona\",\"description\":\"Nup\u016bsk dulkes ir klausyk LP\",\"potentialAction\":[{\"@type\":\"SearchAction\",\"target\":{\"@type\":\"EntryPoint\",\"urlTemplate\":\"https:\/\/vinilozona.lt\/?s={search_term_string}\"},\"query-input\":{\"@type\":\"PropertyValueSpecification\",\"valueRequired\":true,\"valueName\":\"search_term_string\"}}],\"inLanguage\":\"en-GB\"}]}<\/script>\n<!-- \/ Yoast SEO plugin. -->","yoast_head_json":{"title":"Placido Domingo, Vienna Symphony Orchestra \u2013 Christmas With Placido Domingo Vinilin\u0117 Plok\u0161tel\u0117 | Vinilozona.lt","robots":{"index":"index","follow":"follow","max-snippet":"max-snippet:-1","max-image-preview":"max-image-preview:large","max-video-preview":"max-video-preview:-1"},"canonical":"https:\/\/vinilozona.lt\/en\/parduotuve\/rock-pop\/london-studio-orchestra-once-upon-a-time-in-america-the-music-of-ennio-morricone\/","og_locale":"en_GB","og_type":"article","og_title":"Placido Domingo, Vienna Symphony Orchestra \u2013 Christmas With Placido Domingo Vinilin\u0117 Plok\u0161tel\u0117 | Vinilozona.lt","og_description":"CBS \u2013 CBS 73635, CBS \u2013 73635 Format:  Vinyl, LP, Album Country: Europe Released: 1981","og_url":"https:\/\/vinilozona.lt\/en\/parduotuve\/rock-pop\/london-studio-orchestra-once-upon-a-time-in-america-the-music-of-ennio-morricone\/","og_site_name":"Vinilo Zona","article_modified_time":"2024-09-28T17:06:41+00:00","og_image":[{"width":567,"height":599,"url":"https:\/\/vinilozona.lt\/wp-content\/uploads\/2021\/11\/R-11979860-1627890971-2953.jpg","type":"image\/jpeg"}],"twitter_card":"summary_large_image","schema":{"@context":"https:\/\/schema.org","@graph":[{"@type":"WebPage","@id":"https:\/\/vinilozona.lt\/parduotuve\/rock-pop\/london-studio-orchestra-once-upon-a-time-in-america-the-music-of-ennio-morricone\/","url":"https:\/\/vinilozona.lt\/parduotuve\/rock-pop\/london-studio-orchestra-once-upon-a-time-in-america-the-music-of-ennio-morricone\/","name":"Placido Domingo, Vienna Symphony Orchestra \u2013 Christmas With Placido Domingo Vinilin\u0117 Plok\u0161tel\u0117 | Vinilozona.lt","isPartOf":{"@id":"https:\/\/vinilozona.lt\/#website"},"primaryImageOfPage":{"@id":"https:\/\/vinilozona.lt\/parduotuve\/rock-pop\/london-studio-orchestra-once-upon-a-time-in-america-the-music-of-ennio-morricone\/#primaryimage"},"image":{"@id":"https:\/\/vinilozona.lt\/parduotuve\/rock-pop\/london-studio-orchestra-once-upon-a-time-in-america-the-music-of-ennio-morricone\/#primaryimage"},"thumbnailUrl":"https:\/\/vinilozona.lt\/wp-content\/uploads\/2021\/11\/R-11979860-1627890971-2953.jpg","datePublished":"2023-11-13T03:14:18+00:00","dateModified":"2024-09-28T17:06:41+00:00","breadcrumb":{"@id":"https:\/\/vinilozona.lt\/parduotuve\/rock-pop\/london-studio-orchestra-once-upon-a-time-in-america-the-music-of-ennio-morricone\/#breadcrumb"},"inLanguage":"en-GB","potentialAction":[{"@type":"ReadAction","target":["https:\/\/vinilozona.lt\/parduotuve\/rock-pop\/london-studio-orchestra-once-upon-a-time-in-america-the-music-of-ennio-morricone\/"]}]},{"@type":"ImageObject","inLanguage":"en-GB","@id":"https:\/\/vinilozona.lt\/parduotuve\/rock-pop\/london-studio-orchestra-once-upon-a-time-in-america-the-music-of-ennio-morricone\/#primaryimage","url":"https:\/\/vinilozona.lt\/wp-content\/uploads\/2021\/11\/R-11979860-1627890971-2953.jpg","contentUrl":"https:\/\/vinilozona.lt\/wp-content\/uploads\/2021\/11\/R-11979860-1627890971-2953.jpg","width":567,"height":599},{"@type":"BreadcrumbList","@id":"https:\/\/vinilozona.lt\/parduotuve\/rock-pop\/london-studio-orchestra-once-upon-a-time-in-america-the-music-of-ennio-morricone\/#breadcrumb","itemListElement":[{"@type":"ListItem","position":1,"name":"Home","item":"https:\/\/vinilozona.lt\/"},{"@type":"ListItem","position":2,"name":"Parduotuv\u0117","item":"https:\/\/vinilozona.lt\/parduotuve\/"},{"@type":"ListItem","position":3,"name":"Placido Domingo, Vienna Symphony Orchestra \u2013 Christmas With Placido Domingo"}]},{"@type":"WebSite","@id":"https:\/\/vinilozona.lt\/#website","url":"https:\/\/vinilozona.lt\/","name":"Vinilo Zona","description":"Nup\u016bsk dulkes ir klausyk LP","potentialAction":[{"@type":"SearchAction","target":{"@type":"EntryPoint","urlTemplate":"https:\/\/vinilozona.lt\/?s={search_term_string}"},"query-input":{"@type":"PropertyValueSpecification","valueRequired":true,"valueName":"search_term_string"}}],"inLanguage":"en-GB"}]}},"_links":{"self":[{"href":"https:\/\/vinilozona.lt\/en\/wp-json\/wp\/v2\/product\/16490"}],"collection":[{"href":"https:\/\/vinilozona.lt\/en\/wp-json\/wp\/v2\/product"}],"about":[{"href":"https:\/\/vinilozona.lt\/en\/wp-json\/wp\/v2\/types\/product"}],"wp:featuredmedia":[{"embeddable":true,"href":"https:\/\/vinilozona.lt\/en\/wp-json\/wp\/v2\/media\/23493"}],"wp:attachment":[{"href":"https:\/\/vinilozona.lt\/en\/wp-json\/wp\/v2\/media?parent=16490"}],"wp:term":[{"taxonomy":"product_cat","embeddable":true,"href":"https:\/\/vinilozona.lt\/en\/wp-json\/wp\/v2\/product_cat?post=16490"},{"taxonomy":"product_tag","embeddable":true,"href":"https:\/\/vinilozona.lt\/en\/wp-json\/wp\/v2\/product_tag?post=16490"}],"curies":[{"name":"wp","href":"https:\/\/api.w.org\/{rel}","templated":true}]}}