{"id":16449,"date":"2024-03-01T05:07:49","date_gmt":"2024-03-01T03:07:49","guid":{"rendered":"https:\/\/vinilozona.lt\/?post_type=product&#038;p=16449"},"modified":"2024-08-23T17:41:05","modified_gmt":"2024-08-23T14:41:05","slug":"modern-talking-%e2%80%8e-back-for-good-the-7th-album","status":"publish","type":"product","link":"https:\/\/vinilozona.lt\/en\/parduotuve\/naujos-lp\/modern-talking-%e2%80%8e-back-for-good-the-7th-album\/","title":{"rendered":"Modern Talking \u200e\u2013 Back For Good (The 7th Album)"},"content":{"rendered":"<p>You&#8217;re My Heart, You&#8217;re My Soul (New Version)\t3:47<br \/>\nBrother Louie (New Version)\t3:36<br \/>\nI Will Follow You (New Hit &#8217;98)\t3:56<br \/>\nCheri Cheri Lady (New Version)\t3:00<br \/>\nYou Can Win If You Want (New Version)\t3:25<br \/>\nDon&#8217;t Play With My Heart (New Hit &#8217;98)\t3:23<br \/>\nAtlantis Is Calling (New Version)\t3:20<br \/>\nGeronimo&#8217;s Cadillac (New Version)\t3:02<br \/>\nGive Me Peace On Earth (New Version)\t4:08<br \/>\nWe Take The Chance (New Hit &#8217;98)\t3:59<br \/>\nJet Airliner (New Version)\t3:51<br \/>\nLady Lai (New Version)\t4:56<br \/>\nAnything Is Possible (New Hit &#8217;98)\t3:36<br \/>\nIn 100 Years (New Version)\t3:53<br \/>\nAngie&#8217;s Heart (New Version)\t3:28<br \/>\nYou&#8217;re My Heart, You&#8217;re My Soul (Original No. 1 Mix &#8217;84)\t3:10<br \/>\nYou Can Win If You Want (Original No. 1 Mix &#8217;84)\t3:40<br \/>\nNo. 1 Hit Medley\t7:03<\/p>","protected":false},"excerpt":{"rendered":"<p>Music On Vinyl \u2013 MOVLP2890, Sony Music \u2013 MOVLP2890<br \/>\nFormat:<br \/>\n2 x Vinyl, LP, Album, Limited Edition, Numbered, Reissue, Translucent Red<br \/>\nCountry:\tNetherlands<br \/>\nReleased:\tSep 15, 2023<\/p>","protected":false},"featured_media":24361,"template":"","meta":[],"product_cat":[23],"product_tag":[74],"yoast_head":"<!-- This site is optimized with the Yoast SEO plugin v23.5 - https:\/\/yoast.com\/wordpress\/plugins\/seo\/ -->\n<title>Modern Talking \u200e\u2013 Back For Good (The 7th Album) Vinilin\u0117 Plok\u0161tel\u0117 | Vinilozona.lt<\/title>\n<meta name=\"robots\" content=\"index, follow, max-snippet:-1, max-image-preview:large, max-video-preview:-1\" \/>\n<link rel=\"canonical\" href=\"https:\/\/vinilozona.lt\/en\/parduotuve\/naujos-lp\/modern-talking-\u200e-back-for-good-the-7th-album\/\" \/>\n<meta property=\"og:locale\" content=\"en_GB\" \/>\n<meta property=\"og:type\" content=\"article\" \/>\n<meta property=\"og:title\" content=\"Modern Talking \u200e\u2013 Back For Good (The 7th Album) Vinilin\u0117 Plok\u0161tel\u0117 | Vinilozona.lt\" \/>\n<meta property=\"og:description\" content=\"Music On Vinyl \u2013 MOVLP2890, Sony Music \u2013 MOVLP2890 Format:  2 x Vinyl, LP, Album, Limited Edition, Numbered, Reissue, Translucent Red Country: Netherlands Released: Sep 15, 2023\" \/>\n<meta property=\"og:url\" content=\"https:\/\/vinilozona.lt\/en\/parduotuve\/naujos-lp\/modern-talking-\u200e-back-for-good-the-7th-album\/\" \/>\n<meta property=\"og:site_name\" content=\"Vinilo Zona\" \/>\n<meta property=\"article:modified_time\" content=\"2024-08-23T14:41:05+00:00\" \/>\n<meta property=\"og:image\" content=\"https:\/\/vinilozona.lt\/wp-content\/uploads\/2022\/10\/R-28264957-1695230098-1949.jpg\" \/>\n\t<meta property=\"og:image:width\" content=\"600\" \/>\n\t<meta property=\"og:image:height\" content=\"600\" \/>\n\t<meta property=\"og:image:type\" content=\"image\/jpeg\" \/>\n<meta name=\"twitter:card\" content=\"summary_large_image\" \/>\n<meta name=\"twitter:label1\" content=\"Estimated reading time\" \/>\n\t<meta name=\"twitter:data1\" content=\"1 minute\" \/>\n<script type=\"application\/ld+json\" class=\"yoast-schema-graph\">{\"@context\":\"https:\/\/schema.org\",\"@graph\":[{\"@type\":\"WebPage\",\"@id\":\"https:\/\/vinilozona.lt\/parduotuve\/naujos-lp\/modern-talking-%e2%80%8e-back-for-good-the-7th-album\/\",\"url\":\"https:\/\/vinilozona.lt\/parduotuve\/naujos-lp\/modern-talking-%e2%80%8e-back-for-good-the-7th-album\/\",\"name\":\"Modern Talking \u200e\u2013 Back For Good (The 7th Album) Vinilin\u0117 Plok\u0161tel\u0117 | Vinilozona.lt\",\"isPartOf\":{\"@id\":\"https:\/\/vinilozona.lt\/#website\"},\"primaryImageOfPage\":{\"@id\":\"https:\/\/vinilozona.lt\/parduotuve\/naujos-lp\/modern-talking-%e2%80%8e-back-for-good-the-7th-album\/#primaryimage\"},\"image\":{\"@id\":\"https:\/\/vinilozona.lt\/parduotuve\/naujos-lp\/modern-talking-%e2%80%8e-back-for-good-the-7th-album\/#primaryimage\"},\"thumbnailUrl\":\"https:\/\/vinilozona.lt\/wp-content\/uploads\/2022\/10\/R-28264957-1695230098-1949.jpg\",\"datePublished\":\"2024-03-01T03:07:49+00:00\",\"dateModified\":\"2024-08-23T14:41:05+00:00\",\"breadcrumb\":{\"@id\":\"https:\/\/vinilozona.lt\/parduotuve\/naujos-lp\/modern-talking-%e2%80%8e-back-for-good-the-7th-album\/#breadcrumb\"},\"inLanguage\":\"en-GB\",\"potentialAction\":[{\"@type\":\"ReadAction\",\"target\":[\"https:\/\/vinilozona.lt\/parduotuve\/naujos-lp\/modern-talking-%e2%80%8e-back-for-good-the-7th-album\/\"]}]},{\"@type\":\"ImageObject\",\"inLanguage\":\"en-GB\",\"@id\":\"https:\/\/vinilozona.lt\/parduotuve\/naujos-lp\/modern-talking-%e2%80%8e-back-for-good-the-7th-album\/#primaryimage\",\"url\":\"https:\/\/vinilozona.lt\/wp-content\/uploads\/2022\/10\/R-28264957-1695230098-1949.jpg\",\"contentUrl\":\"https:\/\/vinilozona.lt\/wp-content\/uploads\/2022\/10\/R-28264957-1695230098-1949.jpg\",\"width\":600,\"height\":600},{\"@type\":\"BreadcrumbList\",\"@id\":\"https:\/\/vinilozona.lt\/parduotuve\/naujos-lp\/modern-talking-%e2%80%8e-back-for-good-the-7th-album\/#breadcrumb\",\"itemListElement\":[{\"@type\":\"ListItem\",\"position\":1,\"name\":\"Home\",\"item\":\"https:\/\/vinilozona.lt\/\"},{\"@type\":\"ListItem\",\"position\":2,\"name\":\"Parduotuv\u0117\",\"item\":\"https:\/\/vinilozona.lt\/parduotuve\/\"},{\"@type\":\"ListItem\",\"position\":3,\"name\":\"Modern Talking \u200e\u2013 Back For Good (The 7th Album)\"}]},{\"@type\":\"WebSite\",\"@id\":\"https:\/\/vinilozona.lt\/#website\",\"url\":\"https:\/\/vinilozona.lt\/\",\"name\":\"Vinilo Zona\",\"description\":\"Nup\u016bsk dulkes ir klausyk LP\",\"potentialAction\":[{\"@type\":\"SearchAction\",\"target\":{\"@type\":\"EntryPoint\",\"urlTemplate\":\"https:\/\/vinilozona.lt\/?s={search_term_string}\"},\"query-input\":{\"@type\":\"PropertyValueSpecification\",\"valueRequired\":true,\"valueName\":\"search_term_string\"}}],\"inLanguage\":\"en-GB\"}]}<\/script>\n<!-- \/ Yoast SEO plugin. -->","yoast_head_json":{"title":"Modern Talking \u200e\u2013 Back For Good (The 7th Album) Vinilin\u0117 Plok\u0161tel\u0117 | Vinilozona.lt","robots":{"index":"index","follow":"follow","max-snippet":"max-snippet:-1","max-image-preview":"max-image-preview:large","max-video-preview":"max-video-preview:-1"},"canonical":"https:\/\/vinilozona.lt\/en\/parduotuve\/naujos-lp\/modern-talking-\u200e-back-for-good-the-7th-album\/","og_locale":"en_GB","og_type":"article","og_title":"Modern Talking \u200e\u2013 Back For Good (The 7th Album) Vinilin\u0117 Plok\u0161tel\u0117 | Vinilozona.lt","og_description":"Music On Vinyl \u2013 MOVLP2890, Sony Music \u2013 MOVLP2890 Format:  2 x Vinyl, LP, Album, Limited Edition, Numbered, Reissue, Translucent Red Country: Netherlands Released: Sep 15, 2023","og_url":"https:\/\/vinilozona.lt\/en\/parduotuve\/naujos-lp\/modern-talking-\u200e-back-for-good-the-7th-album\/","og_site_name":"Vinilo Zona","article_modified_time":"2024-08-23T14:41:05+00:00","og_image":[{"width":600,"height":600,"url":"https:\/\/vinilozona.lt\/wp-content\/uploads\/2022\/10\/R-28264957-1695230098-1949.jpg","type":"image\/jpeg"}],"twitter_card":"summary_large_image","twitter_misc":{"Estimated reading time":"1 minute"},"schema":{"@context":"https:\/\/schema.org","@graph":[{"@type":"WebPage","@id":"https:\/\/vinilozona.lt\/parduotuve\/naujos-lp\/modern-talking-%e2%80%8e-back-for-good-the-7th-album\/","url":"https:\/\/vinilozona.lt\/parduotuve\/naujos-lp\/modern-talking-%e2%80%8e-back-for-good-the-7th-album\/","name":"Modern Talking \u200e\u2013 Back For Good (The 7th Album) Vinilin\u0117 Plok\u0161tel\u0117 | Vinilozona.lt","isPartOf":{"@id":"https:\/\/vinilozona.lt\/#website"},"primaryImageOfPage":{"@id":"https:\/\/vinilozona.lt\/parduotuve\/naujos-lp\/modern-talking-%e2%80%8e-back-for-good-the-7th-album\/#primaryimage"},"image":{"@id":"https:\/\/vinilozona.lt\/parduotuve\/naujos-lp\/modern-talking-%e2%80%8e-back-for-good-the-7th-album\/#primaryimage"},"thumbnailUrl":"https:\/\/vinilozona.lt\/wp-content\/uploads\/2022\/10\/R-28264957-1695230098-1949.jpg","datePublished":"2024-03-01T03:07:49+00:00","dateModified":"2024-08-23T14:41:05+00:00","breadcrumb":{"@id":"https:\/\/vinilozona.lt\/parduotuve\/naujos-lp\/modern-talking-%e2%80%8e-back-for-good-the-7th-album\/#breadcrumb"},"inLanguage":"en-GB","potentialAction":[{"@type":"ReadAction","target":["https:\/\/vinilozona.lt\/parduotuve\/naujos-lp\/modern-talking-%e2%80%8e-back-for-good-the-7th-album\/"]}]},{"@type":"ImageObject","inLanguage":"en-GB","@id":"https:\/\/vinilozona.lt\/parduotuve\/naujos-lp\/modern-talking-%e2%80%8e-back-for-good-the-7th-album\/#primaryimage","url":"https:\/\/vinilozona.lt\/wp-content\/uploads\/2022\/10\/R-28264957-1695230098-1949.jpg","contentUrl":"https:\/\/vinilozona.lt\/wp-content\/uploads\/2022\/10\/R-28264957-1695230098-1949.jpg","width":600,"height":600},{"@type":"BreadcrumbList","@id":"https:\/\/vinilozona.lt\/parduotuve\/naujos-lp\/modern-talking-%e2%80%8e-back-for-good-the-7th-album\/#breadcrumb","itemListElement":[{"@type":"ListItem","position":1,"name":"Home","item":"https:\/\/vinilozona.lt\/"},{"@type":"ListItem","position":2,"name":"Parduotuv\u0117","item":"https:\/\/vinilozona.lt\/parduotuve\/"},{"@type":"ListItem","position":3,"name":"Modern Talking \u200e\u2013 Back For Good (The 7th Album)"}]},{"@type":"WebSite","@id":"https:\/\/vinilozona.lt\/#website","url":"https:\/\/vinilozona.lt\/","name":"Vinilo Zona","description":"Nup\u016bsk dulkes ir klausyk LP","potentialAction":[{"@type":"SearchAction","target":{"@type":"EntryPoint","urlTemplate":"https:\/\/vinilozona.lt\/?s={search_term_string}"},"query-input":{"@type":"PropertyValueSpecification","valueRequired":true,"valueName":"search_term_string"}}],"inLanguage":"en-GB"}]}},"_links":{"self":[{"href":"https:\/\/vinilozona.lt\/en\/wp-json\/wp\/v2\/product\/16449"}],"collection":[{"href":"https:\/\/vinilozona.lt\/en\/wp-json\/wp\/v2\/product"}],"about":[{"href":"https:\/\/vinilozona.lt\/en\/wp-json\/wp\/v2\/types\/product"}],"wp:featuredmedia":[{"embeddable":true,"href":"https:\/\/vinilozona.lt\/en\/wp-json\/wp\/v2\/media\/24361"}],"wp:attachment":[{"href":"https:\/\/vinilozona.lt\/en\/wp-json\/wp\/v2\/media?parent=16449"}],"wp:term":[{"taxonomy":"product_cat","embeddable":true,"href":"https:\/\/vinilozona.lt\/en\/wp-json\/wp\/v2\/product_cat?post=16449"},{"taxonomy":"product_tag","embeddable":true,"href":"https:\/\/vinilozona.lt\/en\/wp-json\/wp\/v2\/product_tag?post=16449"}],"curies":[{"name":"wp","href":"https:\/\/api.w.org\/{rel}","templated":true}]}}