{"id":16445,"date":"2023-12-10T05:10:26","date_gmt":"2023-12-10T03:10:26","guid":{"rendered":"https:\/\/vinilozona.lt\/?post_type=product&#038;p=16445"},"modified":"2024-02-23T17:20:29","modified_gmt":"2024-02-23T15:20:29","slug":"amy-winehouse-frank","status":"publish","type":"product","link":"https:\/\/vinilozona.lt\/en\/parduotuve\/naujos-lp\/amy-winehouse-frank\/","title":{"rendered":"Amy Winehouse \u2013 Frank"},"content":{"rendered":"<p>A1\t\tStronger Than Me\t3:54<br \/>\nA2.1\t\tYou Sent Me Flying\t5:15<br \/>\nA2.2\t\tCherry\t1:35<br \/>\nA3\t\tKnow You Now\t3:03<br \/>\nA4\t\tFuck Me Pumps\t3:20<br \/>\nA5\t\tI Heard Love Is Blind\t2:10<br \/>\nA6.1\t\tMoody&#8217;s Mood For Love\t2:50<br \/>\nA6.2\t\tTeo Licks\t0:38<br \/>\nA7\t\t(There Is) No Greater Love\t2:08<br \/>\nA8\t\tIn My Bed\t5:17<br \/>\nB1\t\tTake The Box\t3:20<br \/>\nB2\t\tOctober Song\t3:24<br \/>\nB3\t\tWhat Is It About Men?\t3:29<br \/>\nB4\t\tHelp Yourself\t5:01<br \/>\nB5.1\t\tAmy Amy Amy\t4:15<br \/>\nB5.2\t\tOutro\t0:45<br \/>\nB5.3\t\tBrother\t4:10<br \/>\nB5.4\t\tMr Magic (Through The Smoke)\t3:54<\/p>","protected":false},"excerpt":{"rendered":"<p>Island Records \u2013 00602517762411 , Island Records Group \u2013 00602517762411<br \/>\nFormat:<br \/>\nVinyl, LP, Album, Remastered, Stereo<br \/>\nCountry:\tEurope<br \/>\nReleased:\t2019<\/p>","protected":false},"featured_media":16446,"template":"","meta":[],"product_cat":[23],"product_tag":[74],"yoast_head":"<!-- This site is optimized with the Yoast SEO plugin v23.5 - https:\/\/yoast.com\/wordpress\/plugins\/seo\/ -->\n<title>Amy Winehouse \u2013 Frank Vinilin\u0117 Plok\u0161tel\u0117 | Vinilozona.lt<\/title>\n<meta name=\"robots\" content=\"index, follow, max-snippet:-1, max-image-preview:large, max-video-preview:-1\" \/>\n<link rel=\"canonical\" href=\"https:\/\/vinilozona.lt\/en\/parduotuve\/naujos-lp\/amy-winehouse-frank\/\" \/>\n<meta property=\"og:locale\" content=\"en_GB\" \/>\n<meta property=\"og:type\" content=\"article\" \/>\n<meta property=\"og:title\" content=\"Amy Winehouse \u2013 Frank Vinilin\u0117 Plok\u0161tel\u0117 | Vinilozona.lt\" \/>\n<meta property=\"og:description\" content=\"Island Records \u2013 00602517762411 , Island Records Group \u2013 00602517762411 Format:  Vinyl, LP, Album, Remastered, Stereo Country: Europe Released: 2019\" \/>\n<meta property=\"og:url\" content=\"https:\/\/vinilozona.lt\/en\/parduotuve\/naujos-lp\/amy-winehouse-frank\/\" \/>\n<meta property=\"og:site_name\" content=\"Vinilo Zona\" \/>\n<meta property=\"article:modified_time\" content=\"2024-02-23T15:20:29+00:00\" \/>\n<meta property=\"og:image\" content=\"https:\/\/vinilozona.lt\/wp-content\/uploads\/2021\/10\/R-14237467-1570523977-8297.jpeg.jpg\" \/>\n\t<meta property=\"og:image:width\" content=\"599\" \/>\n\t<meta property=\"og:image:height\" content=\"605\" \/>\n\t<meta property=\"og:image:type\" content=\"image\/jpeg\" \/>\n<meta name=\"twitter:card\" content=\"summary_large_image\" \/>\n<script type=\"application\/ld+json\" class=\"yoast-schema-graph\">{\"@context\":\"https:\/\/schema.org\",\"@graph\":[{\"@type\":\"WebPage\",\"@id\":\"https:\/\/vinilozona.lt\/parduotuve\/naujos-lp\/amy-winehouse-frank\/\",\"url\":\"https:\/\/vinilozona.lt\/parduotuve\/naujos-lp\/amy-winehouse-frank\/\",\"name\":\"Amy Winehouse \u2013 Frank Vinilin\u0117 Plok\u0161tel\u0117 | Vinilozona.lt\",\"isPartOf\":{\"@id\":\"https:\/\/vinilozona.lt\/#website\"},\"primaryImageOfPage\":{\"@id\":\"https:\/\/vinilozona.lt\/parduotuve\/naujos-lp\/amy-winehouse-frank\/#primaryimage\"},\"image\":{\"@id\":\"https:\/\/vinilozona.lt\/parduotuve\/naujos-lp\/amy-winehouse-frank\/#primaryimage\"},\"thumbnailUrl\":\"https:\/\/vinilozona.lt\/wp-content\/uploads\/2021\/10\/R-14237467-1570523977-8297.jpeg.jpg\",\"datePublished\":\"2023-12-10T03:10:26+00:00\",\"dateModified\":\"2024-02-23T15:20:29+00:00\",\"breadcrumb\":{\"@id\":\"https:\/\/vinilozona.lt\/parduotuve\/naujos-lp\/amy-winehouse-frank\/#breadcrumb\"},\"inLanguage\":\"en-GB\",\"potentialAction\":[{\"@type\":\"ReadAction\",\"target\":[\"https:\/\/vinilozona.lt\/parduotuve\/naujos-lp\/amy-winehouse-frank\/\"]}]},{\"@type\":\"ImageObject\",\"inLanguage\":\"en-GB\",\"@id\":\"https:\/\/vinilozona.lt\/parduotuve\/naujos-lp\/amy-winehouse-frank\/#primaryimage\",\"url\":\"https:\/\/vinilozona.lt\/wp-content\/uploads\/2021\/10\/R-14237467-1570523977-8297.jpeg.jpg\",\"contentUrl\":\"https:\/\/vinilozona.lt\/wp-content\/uploads\/2021\/10\/R-14237467-1570523977-8297.jpeg.jpg\",\"width\":599,\"height\":605},{\"@type\":\"BreadcrumbList\",\"@id\":\"https:\/\/vinilozona.lt\/parduotuve\/naujos-lp\/amy-winehouse-frank\/#breadcrumb\",\"itemListElement\":[{\"@type\":\"ListItem\",\"position\":1,\"name\":\"Home\",\"item\":\"https:\/\/vinilozona.lt\/\"},{\"@type\":\"ListItem\",\"position\":2,\"name\":\"Parduotuv\u0117\",\"item\":\"https:\/\/vinilozona.lt\/parduotuve\/\"},{\"@type\":\"ListItem\",\"position\":3,\"name\":\"Amy Winehouse \u2013 Frank\"}]},{\"@type\":\"WebSite\",\"@id\":\"https:\/\/vinilozona.lt\/#website\",\"url\":\"https:\/\/vinilozona.lt\/\",\"name\":\"Vinilo Zona\",\"description\":\"Nup\u016bsk dulkes ir klausyk LP\",\"potentialAction\":[{\"@type\":\"SearchAction\",\"target\":{\"@type\":\"EntryPoint\",\"urlTemplate\":\"https:\/\/vinilozona.lt\/?s={search_term_string}\"},\"query-input\":{\"@type\":\"PropertyValueSpecification\",\"valueRequired\":true,\"valueName\":\"search_term_string\"}}],\"inLanguage\":\"en-GB\"}]}<\/script>\n<!-- \/ Yoast SEO plugin. -->","yoast_head_json":{"title":"Amy Winehouse \u2013 Frank Vinilin\u0117 Plok\u0161tel\u0117 | Vinilozona.lt","robots":{"index":"index","follow":"follow","max-snippet":"max-snippet:-1","max-image-preview":"max-image-preview:large","max-video-preview":"max-video-preview:-1"},"canonical":"https:\/\/vinilozona.lt\/en\/parduotuve\/naujos-lp\/amy-winehouse-frank\/","og_locale":"en_GB","og_type":"article","og_title":"Amy Winehouse \u2013 Frank Vinilin\u0117 Plok\u0161tel\u0117 | Vinilozona.lt","og_description":"Island Records \u2013 00602517762411 , Island Records Group \u2013 00602517762411 Format:  Vinyl, LP, Album, Remastered, Stereo Country: Europe Released: 2019","og_url":"https:\/\/vinilozona.lt\/en\/parduotuve\/naujos-lp\/amy-winehouse-frank\/","og_site_name":"Vinilo Zona","article_modified_time":"2024-02-23T15:20:29+00:00","og_image":[{"width":599,"height":605,"url":"https:\/\/vinilozona.lt\/wp-content\/uploads\/2021\/10\/R-14237467-1570523977-8297.jpeg.jpg","type":"image\/jpeg"}],"twitter_card":"summary_large_image","schema":{"@context":"https:\/\/schema.org","@graph":[{"@type":"WebPage","@id":"https:\/\/vinilozona.lt\/parduotuve\/naujos-lp\/amy-winehouse-frank\/","url":"https:\/\/vinilozona.lt\/parduotuve\/naujos-lp\/amy-winehouse-frank\/","name":"Amy Winehouse \u2013 Frank Vinilin\u0117 Plok\u0161tel\u0117 | Vinilozona.lt","isPartOf":{"@id":"https:\/\/vinilozona.lt\/#website"},"primaryImageOfPage":{"@id":"https:\/\/vinilozona.lt\/parduotuve\/naujos-lp\/amy-winehouse-frank\/#primaryimage"},"image":{"@id":"https:\/\/vinilozona.lt\/parduotuve\/naujos-lp\/amy-winehouse-frank\/#primaryimage"},"thumbnailUrl":"https:\/\/vinilozona.lt\/wp-content\/uploads\/2021\/10\/R-14237467-1570523977-8297.jpeg.jpg","datePublished":"2023-12-10T03:10:26+00:00","dateModified":"2024-02-23T15:20:29+00:00","breadcrumb":{"@id":"https:\/\/vinilozona.lt\/parduotuve\/naujos-lp\/amy-winehouse-frank\/#breadcrumb"},"inLanguage":"en-GB","potentialAction":[{"@type":"ReadAction","target":["https:\/\/vinilozona.lt\/parduotuve\/naujos-lp\/amy-winehouse-frank\/"]}]},{"@type":"ImageObject","inLanguage":"en-GB","@id":"https:\/\/vinilozona.lt\/parduotuve\/naujos-lp\/amy-winehouse-frank\/#primaryimage","url":"https:\/\/vinilozona.lt\/wp-content\/uploads\/2021\/10\/R-14237467-1570523977-8297.jpeg.jpg","contentUrl":"https:\/\/vinilozona.lt\/wp-content\/uploads\/2021\/10\/R-14237467-1570523977-8297.jpeg.jpg","width":599,"height":605},{"@type":"BreadcrumbList","@id":"https:\/\/vinilozona.lt\/parduotuve\/naujos-lp\/amy-winehouse-frank\/#breadcrumb","itemListElement":[{"@type":"ListItem","position":1,"name":"Home","item":"https:\/\/vinilozona.lt\/"},{"@type":"ListItem","position":2,"name":"Parduotuv\u0117","item":"https:\/\/vinilozona.lt\/parduotuve\/"},{"@type":"ListItem","position":3,"name":"Amy Winehouse \u2013 Frank"}]},{"@type":"WebSite","@id":"https:\/\/vinilozona.lt\/#website","url":"https:\/\/vinilozona.lt\/","name":"Vinilo Zona","description":"Nup\u016bsk dulkes ir klausyk LP","potentialAction":[{"@type":"SearchAction","target":{"@type":"EntryPoint","urlTemplate":"https:\/\/vinilozona.lt\/?s={search_term_string}"},"query-input":{"@type":"PropertyValueSpecification","valueRequired":true,"valueName":"search_term_string"}}],"inLanguage":"en-GB"}]}},"_links":{"self":[{"href":"https:\/\/vinilozona.lt\/en\/wp-json\/wp\/v2\/product\/16445"}],"collection":[{"href":"https:\/\/vinilozona.lt\/en\/wp-json\/wp\/v2\/product"}],"about":[{"href":"https:\/\/vinilozona.lt\/en\/wp-json\/wp\/v2\/types\/product"}],"wp:featuredmedia":[{"embeddable":true,"href":"https:\/\/vinilozona.lt\/en\/wp-json\/wp\/v2\/media\/16446"}],"wp:attachment":[{"href":"https:\/\/vinilozona.lt\/en\/wp-json\/wp\/v2\/media?parent=16445"}],"wp:term":[{"taxonomy":"product_cat","embeddable":true,"href":"https:\/\/vinilozona.lt\/en\/wp-json\/wp\/v2\/product_cat?post=16445"},{"taxonomy":"product_tag","embeddable":true,"href":"https:\/\/vinilozona.lt\/en\/wp-json\/wp\/v2\/product_tag?post=16445"}],"curies":[{"name":"wp","href":"https:\/\/api.w.org\/{rel}","templated":true}]}}