{"id":16443,"date":"2021-10-29T13:10:05","date_gmt":"2021-10-29T10:10:05","guid":{"rendered":"https:\/\/vinilozona.lt\/?post_type=product&#038;p=16443"},"modified":"2022-05-08T11:31:13","modified_gmt":"2022-05-08T08:31:13","slug":"bad-boys-blue-back","status":"publish","type":"product","link":"https:\/\/vinilozona.lt\/en\/parduotuve\/naujos-lp\/bad-boys-blue-back\/","title":{"rendered":"Bad Boys Blue \u2013 Back"},"content":{"rendered":"<p>A1\t\tYou&#8217;re A Woman (Original Remix 1998)\t3:48<br \/>\nA2\t\tL.O.V.E. In My Car &#8217;98\t4:14<br \/>\nA3\t\tDon&#8217;t Break My Heart\t4:06<br \/>\nA4\t\tFrom Heaven To Heartache (Extended Version)\t5:25<br \/>\nA5\t\tB By Your Side\t4:05<br \/>\nB1\t\tPretty Young Girl &#8217;98\t3:59<br \/>\nB2\t\tLad In Black &#8217;98\t3:27<br \/>\nB3\t\tI Wanna Hear Your Heartbeat &#8217;98\t3:49<br \/>\nB4\t\tA World Without You (Michelle) &#8217;98\t3:22<br \/>\nB5\t\tAll About You\t3:25<br \/>\nB6\t\tCome Back And Stay &#8217;98\t4:08<\/p>","protected":false},"excerpt":{"rendered":"<p>Lastafroz S.r.o. \u2013 DCART014, Discollectors Production \u2013 DCART014<br \/>\nFormat:<br \/>\nVinyl, LP, Limited Edition, Numbered<br \/>\nCountry:\tSlovakia<br \/>\nReleased:\tOct 11, 2021<\/p>","protected":false},"featured_media":16444,"template":"","meta":[],"product_cat":[23],"product_tag":[44],"yoast_head":"<!-- This site is optimized with the Yoast SEO plugin v23.5 - https:\/\/yoast.com\/wordpress\/plugins\/seo\/ -->\n<title>Bad Boys Blue \u2013 Back Vinilin\u0117 Plok\u0161tel\u0117 | Vinilozona.lt<\/title>\n<meta name=\"robots\" content=\"index, follow, max-snippet:-1, max-image-preview:large, max-video-preview:-1\" \/>\n<link rel=\"canonical\" href=\"https:\/\/vinilozona.lt\/en\/parduotuve\/naujos-lp\/bad-boys-blue-back\/\" \/>\n<meta property=\"og:locale\" content=\"en_GB\" \/>\n<meta property=\"og:type\" content=\"article\" \/>\n<meta property=\"og:title\" content=\"Bad Boys Blue \u2013 Back Vinilin\u0117 Plok\u0161tel\u0117 | Vinilozona.lt\" \/>\n<meta property=\"og:description\" content=\"Lastafroz S.r.o. \u2013 DCART014, Discollectors Production \u2013 DCART014 Format:  Vinyl, LP, Limited Edition, Numbered Country: Slovakia Released: Oct 11, 2021\" \/>\n<meta property=\"og:url\" content=\"https:\/\/vinilozona.lt\/en\/parduotuve\/naujos-lp\/bad-boys-blue-back\/\" \/>\n<meta property=\"og:site_name\" content=\"Vinilo Zona\" \/>\n<meta property=\"article:modified_time\" content=\"2022-05-08T08:31:13+00:00\" \/>\n<meta property=\"og:image\" content=\"https:\/\/vinilozona.lt\/wp-content\/uploads\/2021\/10\/R-20349364-1632480627-6903.jpeg.jpg\" \/>\n\t<meta property=\"og:image:width\" content=\"600\" \/>\n\t<meta property=\"og:image:height\" content=\"589\" \/>\n\t<meta property=\"og:image:type\" content=\"image\/jpeg\" \/>\n<meta name=\"twitter:card\" content=\"summary_large_image\" \/>\n<script type=\"application\/ld+json\" class=\"yoast-schema-graph\">{\"@context\":\"https:\/\/schema.org\",\"@graph\":[{\"@type\":\"WebPage\",\"@id\":\"https:\/\/vinilozona.lt\/parduotuve\/naujos-lp\/bad-boys-blue-back\/\",\"url\":\"https:\/\/vinilozona.lt\/parduotuve\/naujos-lp\/bad-boys-blue-back\/\",\"name\":\"Bad Boys Blue \u2013 Back Vinilin\u0117 Plok\u0161tel\u0117 | Vinilozona.lt\",\"isPartOf\":{\"@id\":\"https:\/\/vinilozona.lt\/#website\"},\"primaryImageOfPage\":{\"@id\":\"https:\/\/vinilozona.lt\/parduotuve\/naujos-lp\/bad-boys-blue-back\/#primaryimage\"},\"image\":{\"@id\":\"https:\/\/vinilozona.lt\/parduotuve\/naujos-lp\/bad-boys-blue-back\/#primaryimage\"},\"thumbnailUrl\":\"https:\/\/vinilozona.lt\/wp-content\/uploads\/2021\/10\/R-20349364-1632480627-6903.jpeg.jpg\",\"datePublished\":\"2021-10-29T10:10:05+00:00\",\"dateModified\":\"2022-05-08T08:31:13+00:00\",\"breadcrumb\":{\"@id\":\"https:\/\/vinilozona.lt\/parduotuve\/naujos-lp\/bad-boys-blue-back\/#breadcrumb\"},\"inLanguage\":\"en-GB\",\"potentialAction\":[{\"@type\":\"ReadAction\",\"target\":[\"https:\/\/vinilozona.lt\/parduotuve\/naujos-lp\/bad-boys-blue-back\/\"]}]},{\"@type\":\"ImageObject\",\"inLanguage\":\"en-GB\",\"@id\":\"https:\/\/vinilozona.lt\/parduotuve\/naujos-lp\/bad-boys-blue-back\/#primaryimage\",\"url\":\"https:\/\/vinilozona.lt\/wp-content\/uploads\/2021\/10\/R-20349364-1632480627-6903.jpeg.jpg\",\"contentUrl\":\"https:\/\/vinilozona.lt\/wp-content\/uploads\/2021\/10\/R-20349364-1632480627-6903.jpeg.jpg\",\"width\":600,\"height\":589},{\"@type\":\"BreadcrumbList\",\"@id\":\"https:\/\/vinilozona.lt\/parduotuve\/naujos-lp\/bad-boys-blue-back\/#breadcrumb\",\"itemListElement\":[{\"@type\":\"ListItem\",\"position\":1,\"name\":\"Home\",\"item\":\"https:\/\/vinilozona.lt\/\"},{\"@type\":\"ListItem\",\"position\":2,\"name\":\"Parduotuv\u0117\",\"item\":\"https:\/\/vinilozona.lt\/parduotuve\/\"},{\"@type\":\"ListItem\",\"position\":3,\"name\":\"Bad Boys Blue \u2013 Back\"}]},{\"@type\":\"WebSite\",\"@id\":\"https:\/\/vinilozona.lt\/#website\",\"url\":\"https:\/\/vinilozona.lt\/\",\"name\":\"Vinilo Zona\",\"description\":\"Nup\u016bsk dulkes ir klausyk LP\",\"potentialAction\":[{\"@type\":\"SearchAction\",\"target\":{\"@type\":\"EntryPoint\",\"urlTemplate\":\"https:\/\/vinilozona.lt\/?s={search_term_string}\"},\"query-input\":{\"@type\":\"PropertyValueSpecification\",\"valueRequired\":true,\"valueName\":\"search_term_string\"}}],\"inLanguage\":\"en-GB\"}]}<\/script>\n<!-- \/ Yoast SEO plugin. -->","yoast_head_json":{"title":"Bad Boys Blue \u2013 Back Vinilin\u0117 Plok\u0161tel\u0117 | Vinilozona.lt","robots":{"index":"index","follow":"follow","max-snippet":"max-snippet:-1","max-image-preview":"max-image-preview:large","max-video-preview":"max-video-preview:-1"},"canonical":"https:\/\/vinilozona.lt\/en\/parduotuve\/naujos-lp\/bad-boys-blue-back\/","og_locale":"en_GB","og_type":"article","og_title":"Bad Boys Blue \u2013 Back Vinilin\u0117 Plok\u0161tel\u0117 | Vinilozona.lt","og_description":"Lastafroz S.r.o. \u2013 DCART014, Discollectors Production \u2013 DCART014 Format:  Vinyl, LP, Limited Edition, Numbered Country: Slovakia Released: Oct 11, 2021","og_url":"https:\/\/vinilozona.lt\/en\/parduotuve\/naujos-lp\/bad-boys-blue-back\/","og_site_name":"Vinilo Zona","article_modified_time":"2022-05-08T08:31:13+00:00","og_image":[{"width":600,"height":589,"url":"https:\/\/vinilozona.lt\/wp-content\/uploads\/2021\/10\/R-20349364-1632480627-6903.jpeg.jpg","type":"image\/jpeg"}],"twitter_card":"summary_large_image","schema":{"@context":"https:\/\/schema.org","@graph":[{"@type":"WebPage","@id":"https:\/\/vinilozona.lt\/parduotuve\/naujos-lp\/bad-boys-blue-back\/","url":"https:\/\/vinilozona.lt\/parduotuve\/naujos-lp\/bad-boys-blue-back\/","name":"Bad Boys Blue \u2013 Back Vinilin\u0117 Plok\u0161tel\u0117 | Vinilozona.lt","isPartOf":{"@id":"https:\/\/vinilozona.lt\/#website"},"primaryImageOfPage":{"@id":"https:\/\/vinilozona.lt\/parduotuve\/naujos-lp\/bad-boys-blue-back\/#primaryimage"},"image":{"@id":"https:\/\/vinilozona.lt\/parduotuve\/naujos-lp\/bad-boys-blue-back\/#primaryimage"},"thumbnailUrl":"https:\/\/vinilozona.lt\/wp-content\/uploads\/2021\/10\/R-20349364-1632480627-6903.jpeg.jpg","datePublished":"2021-10-29T10:10:05+00:00","dateModified":"2022-05-08T08:31:13+00:00","breadcrumb":{"@id":"https:\/\/vinilozona.lt\/parduotuve\/naujos-lp\/bad-boys-blue-back\/#breadcrumb"},"inLanguage":"en-GB","potentialAction":[{"@type":"ReadAction","target":["https:\/\/vinilozona.lt\/parduotuve\/naujos-lp\/bad-boys-blue-back\/"]}]},{"@type":"ImageObject","inLanguage":"en-GB","@id":"https:\/\/vinilozona.lt\/parduotuve\/naujos-lp\/bad-boys-blue-back\/#primaryimage","url":"https:\/\/vinilozona.lt\/wp-content\/uploads\/2021\/10\/R-20349364-1632480627-6903.jpeg.jpg","contentUrl":"https:\/\/vinilozona.lt\/wp-content\/uploads\/2021\/10\/R-20349364-1632480627-6903.jpeg.jpg","width":600,"height":589},{"@type":"BreadcrumbList","@id":"https:\/\/vinilozona.lt\/parduotuve\/naujos-lp\/bad-boys-blue-back\/#breadcrumb","itemListElement":[{"@type":"ListItem","position":1,"name":"Home","item":"https:\/\/vinilozona.lt\/"},{"@type":"ListItem","position":2,"name":"Parduotuv\u0117","item":"https:\/\/vinilozona.lt\/parduotuve\/"},{"@type":"ListItem","position":3,"name":"Bad Boys Blue \u2013 Back"}]},{"@type":"WebSite","@id":"https:\/\/vinilozona.lt\/#website","url":"https:\/\/vinilozona.lt\/","name":"Vinilo Zona","description":"Nup\u016bsk dulkes ir klausyk LP","potentialAction":[{"@type":"SearchAction","target":{"@type":"EntryPoint","urlTemplate":"https:\/\/vinilozona.lt\/?s={search_term_string}"},"query-input":{"@type":"PropertyValueSpecification","valueRequired":true,"valueName":"search_term_string"}}],"inLanguage":"en-GB"}]}},"_links":{"self":[{"href":"https:\/\/vinilozona.lt\/en\/wp-json\/wp\/v2\/product\/16443"}],"collection":[{"href":"https:\/\/vinilozona.lt\/en\/wp-json\/wp\/v2\/product"}],"about":[{"href":"https:\/\/vinilozona.lt\/en\/wp-json\/wp\/v2\/types\/product"}],"wp:featuredmedia":[{"embeddable":true,"href":"https:\/\/vinilozona.lt\/en\/wp-json\/wp\/v2\/media\/16444"}],"wp:attachment":[{"href":"https:\/\/vinilozona.lt\/en\/wp-json\/wp\/v2\/media?parent=16443"}],"wp:term":[{"taxonomy":"product_cat","embeddable":true,"href":"https:\/\/vinilozona.lt\/en\/wp-json\/wp\/v2\/product_cat?post=16443"},{"taxonomy":"product_tag","embeddable":true,"href":"https:\/\/vinilozona.lt\/en\/wp-json\/wp\/v2\/product_tag?post=16443"}],"curies":[{"name":"wp","href":"https:\/\/api.w.org\/{rel}","templated":true}]}}