{"id":16431,"date":"2024-11-18T05:16:23","date_gmt":"2024-11-18T03:16:23","guid":{"rendered":"https:\/\/vinilozona.lt\/?post_type=product&#038;p=16431"},"modified":"2024-11-18T08:01:03","modified_gmt":"2024-11-18T06:01:03","slug":"prince-graffiti-bridge","status":"publish","type":"product","link":"https:\/\/vinilozona.lt\/en\/parduotuve\/rock-pop\/prince-graffiti-bridge\/","title":{"rendered":"Prince \u2013 Graffiti Bridge"},"content":{"rendered":"<p>Can&#8217;t Stop This Feeling I Got\t4:24<br \/>\nNew Power Generation\t3:39<br \/>\nRelease It\t3:54<br \/>\nThe Question Of U\t3:59<br \/>\nElephants &#038; Flowers\t3:54<br \/>\nRound And Round\t3:55<br \/>\nWe Can Funk\t5:28<br \/>\nJoy In Repetition\t4:53<br \/>\nLove Machine\t3:34<br \/>\nTick, Tick, Bang\t3:31<br \/>\nShake!\t4:01<br \/>\nThieves In The Temple\t3:19<br \/>\nThe Latest Fashion\t4:02<br \/>\nMelody Cool\t3:39<br \/>\nStill Would Stand All Time\t5:23<br \/>\nGraffiti Bridge\t3:51<br \/>\nNew Power Generation (Pt. II)\t2:57<\/p>","protected":false},"excerpt":{"rendered":"<p>Paisley Park \u2013 7599-27493-1, Warner Bros. Records \u2013 7599-27493-1, Warner Bros. Records \u2013 WX 361<br \/>\nFormat:<br \/>\n2 x Vinyl, LP, Album<br \/>\nCountry:\tEurope<br \/>\nReleased:\t1990<\/p>","protected":false},"featured_media":16432,"template":"","meta":[],"product_cat":[15],"product_tag":[44],"yoast_head":"<!-- This site is optimized with the Yoast SEO plugin v23.5 - https:\/\/yoast.com\/wordpress\/plugins\/seo\/ -->\n<title>Prince \u2013 Graffiti Bridge Vinilin\u0117 Plok\u0161tel\u0117 | Vinilozona.lt<\/title>\n<meta name=\"robots\" content=\"index, follow, max-snippet:-1, max-image-preview:large, max-video-preview:-1\" \/>\n<link rel=\"canonical\" href=\"https:\/\/vinilozona.lt\/en\/parduotuve\/rock-pop\/prince-graffiti-bridge\/\" \/>\n<meta property=\"og:locale\" content=\"en_GB\" \/>\n<meta property=\"og:type\" content=\"article\" \/>\n<meta property=\"og:title\" content=\"Prince \u2013 Graffiti Bridge Vinilin\u0117 Plok\u0161tel\u0117 | Vinilozona.lt\" \/>\n<meta property=\"og:description\" content=\"Paisley Park \u2013 7599-27493-1, Warner Bros. Records \u2013 7599-27493-1, Warner Bros. Records \u2013 WX 361 Format:  2 x Vinyl, LP, Album Country: Europe Released: 1990\" \/>\n<meta property=\"og:url\" content=\"https:\/\/vinilozona.lt\/en\/parduotuve\/rock-pop\/prince-graffiti-bridge\/\" \/>\n<meta property=\"og:site_name\" content=\"Vinilo Zona\" \/>\n<meta property=\"article:modified_time\" content=\"2024-11-18T06:01:03+00:00\" \/>\n<meta property=\"og:image\" content=\"https:\/\/vinilozona.lt\/wp-content\/uploads\/2021\/10\/R-14180412-1569355894-4593.jpeg.jpg\" \/>\n\t<meta property=\"og:image:width\" content=\"600\" \/>\n\t<meta property=\"og:image:height\" content=\"592\" \/>\n\t<meta property=\"og:image:type\" content=\"image\/jpeg\" \/>\n<meta name=\"twitter:card\" content=\"summary_large_image\" \/>\n<script type=\"application\/ld+json\" class=\"yoast-schema-graph\">{\"@context\":\"https:\/\/schema.org\",\"@graph\":[{\"@type\":\"WebPage\",\"@id\":\"https:\/\/vinilozona.lt\/parduotuve\/rock-pop\/prince-graffiti-bridge\/\",\"url\":\"https:\/\/vinilozona.lt\/parduotuve\/rock-pop\/prince-graffiti-bridge\/\",\"name\":\"Prince \u2013 Graffiti Bridge Vinilin\u0117 Plok\u0161tel\u0117 | Vinilozona.lt\",\"isPartOf\":{\"@id\":\"https:\/\/vinilozona.lt\/#website\"},\"primaryImageOfPage\":{\"@id\":\"https:\/\/vinilozona.lt\/parduotuve\/rock-pop\/prince-graffiti-bridge\/#primaryimage\"},\"image\":{\"@id\":\"https:\/\/vinilozona.lt\/parduotuve\/rock-pop\/prince-graffiti-bridge\/#primaryimage\"},\"thumbnailUrl\":\"https:\/\/vinilozona.lt\/wp-content\/uploads\/2021\/10\/R-14180412-1569355894-4593.jpeg.jpg\",\"datePublished\":\"2024-11-18T03:16:23+00:00\",\"dateModified\":\"2024-11-18T06:01:03+00:00\",\"breadcrumb\":{\"@id\":\"https:\/\/vinilozona.lt\/parduotuve\/rock-pop\/prince-graffiti-bridge\/#breadcrumb\"},\"inLanguage\":\"en-GB\",\"potentialAction\":[{\"@type\":\"ReadAction\",\"target\":[\"https:\/\/vinilozona.lt\/parduotuve\/rock-pop\/prince-graffiti-bridge\/\"]}]},{\"@type\":\"ImageObject\",\"inLanguage\":\"en-GB\",\"@id\":\"https:\/\/vinilozona.lt\/parduotuve\/rock-pop\/prince-graffiti-bridge\/#primaryimage\",\"url\":\"https:\/\/vinilozona.lt\/wp-content\/uploads\/2021\/10\/R-14180412-1569355894-4593.jpeg.jpg\",\"contentUrl\":\"https:\/\/vinilozona.lt\/wp-content\/uploads\/2021\/10\/R-14180412-1569355894-4593.jpeg.jpg\",\"width\":600,\"height\":592},{\"@type\":\"BreadcrumbList\",\"@id\":\"https:\/\/vinilozona.lt\/parduotuve\/rock-pop\/prince-graffiti-bridge\/#breadcrumb\",\"itemListElement\":[{\"@type\":\"ListItem\",\"position\":1,\"name\":\"Home\",\"item\":\"https:\/\/vinilozona.lt\/\"},{\"@type\":\"ListItem\",\"position\":2,\"name\":\"Parduotuv\u0117\",\"item\":\"https:\/\/vinilozona.lt\/parduotuve\/\"},{\"@type\":\"ListItem\",\"position\":3,\"name\":\"Prince \u2013 Graffiti Bridge\"}]},{\"@type\":\"WebSite\",\"@id\":\"https:\/\/vinilozona.lt\/#website\",\"url\":\"https:\/\/vinilozona.lt\/\",\"name\":\"Vinilo Zona\",\"description\":\"Nup\u016bsk dulkes ir klausyk LP\",\"potentialAction\":[{\"@type\":\"SearchAction\",\"target\":{\"@type\":\"EntryPoint\",\"urlTemplate\":\"https:\/\/vinilozona.lt\/?s={search_term_string}\"},\"query-input\":{\"@type\":\"PropertyValueSpecification\",\"valueRequired\":true,\"valueName\":\"search_term_string\"}}],\"inLanguage\":\"en-GB\"}]}<\/script>\n<!-- \/ Yoast SEO plugin. -->","yoast_head_json":{"title":"Prince \u2013 Graffiti Bridge Vinilin\u0117 Plok\u0161tel\u0117 | Vinilozona.lt","robots":{"index":"index","follow":"follow","max-snippet":"max-snippet:-1","max-image-preview":"max-image-preview:large","max-video-preview":"max-video-preview:-1"},"canonical":"https:\/\/vinilozona.lt\/en\/parduotuve\/rock-pop\/prince-graffiti-bridge\/","og_locale":"en_GB","og_type":"article","og_title":"Prince \u2013 Graffiti Bridge Vinilin\u0117 Plok\u0161tel\u0117 | Vinilozona.lt","og_description":"Paisley Park \u2013 7599-27493-1, Warner Bros. Records \u2013 7599-27493-1, Warner Bros. Records \u2013 WX 361 Format:  2 x Vinyl, LP, Album Country: Europe Released: 1990","og_url":"https:\/\/vinilozona.lt\/en\/parduotuve\/rock-pop\/prince-graffiti-bridge\/","og_site_name":"Vinilo Zona","article_modified_time":"2024-11-18T06:01:03+00:00","og_image":[{"width":600,"height":592,"url":"https:\/\/vinilozona.lt\/wp-content\/uploads\/2021\/10\/R-14180412-1569355894-4593.jpeg.jpg","type":"image\/jpeg"}],"twitter_card":"summary_large_image","schema":{"@context":"https:\/\/schema.org","@graph":[{"@type":"WebPage","@id":"https:\/\/vinilozona.lt\/parduotuve\/rock-pop\/prince-graffiti-bridge\/","url":"https:\/\/vinilozona.lt\/parduotuve\/rock-pop\/prince-graffiti-bridge\/","name":"Prince \u2013 Graffiti Bridge Vinilin\u0117 Plok\u0161tel\u0117 | Vinilozona.lt","isPartOf":{"@id":"https:\/\/vinilozona.lt\/#website"},"primaryImageOfPage":{"@id":"https:\/\/vinilozona.lt\/parduotuve\/rock-pop\/prince-graffiti-bridge\/#primaryimage"},"image":{"@id":"https:\/\/vinilozona.lt\/parduotuve\/rock-pop\/prince-graffiti-bridge\/#primaryimage"},"thumbnailUrl":"https:\/\/vinilozona.lt\/wp-content\/uploads\/2021\/10\/R-14180412-1569355894-4593.jpeg.jpg","datePublished":"2024-11-18T03:16:23+00:00","dateModified":"2024-11-18T06:01:03+00:00","breadcrumb":{"@id":"https:\/\/vinilozona.lt\/parduotuve\/rock-pop\/prince-graffiti-bridge\/#breadcrumb"},"inLanguage":"en-GB","potentialAction":[{"@type":"ReadAction","target":["https:\/\/vinilozona.lt\/parduotuve\/rock-pop\/prince-graffiti-bridge\/"]}]},{"@type":"ImageObject","inLanguage":"en-GB","@id":"https:\/\/vinilozona.lt\/parduotuve\/rock-pop\/prince-graffiti-bridge\/#primaryimage","url":"https:\/\/vinilozona.lt\/wp-content\/uploads\/2021\/10\/R-14180412-1569355894-4593.jpeg.jpg","contentUrl":"https:\/\/vinilozona.lt\/wp-content\/uploads\/2021\/10\/R-14180412-1569355894-4593.jpeg.jpg","width":600,"height":592},{"@type":"BreadcrumbList","@id":"https:\/\/vinilozona.lt\/parduotuve\/rock-pop\/prince-graffiti-bridge\/#breadcrumb","itemListElement":[{"@type":"ListItem","position":1,"name":"Home","item":"https:\/\/vinilozona.lt\/"},{"@type":"ListItem","position":2,"name":"Parduotuv\u0117","item":"https:\/\/vinilozona.lt\/parduotuve\/"},{"@type":"ListItem","position":3,"name":"Prince \u2013 Graffiti Bridge"}]},{"@type":"WebSite","@id":"https:\/\/vinilozona.lt\/#website","url":"https:\/\/vinilozona.lt\/","name":"Vinilo Zona","description":"Nup\u016bsk dulkes ir klausyk LP","potentialAction":[{"@type":"SearchAction","target":{"@type":"EntryPoint","urlTemplate":"https:\/\/vinilozona.lt\/?s={search_term_string}"},"query-input":{"@type":"PropertyValueSpecification","valueRequired":true,"valueName":"search_term_string"}}],"inLanguage":"en-GB"}]}},"_links":{"self":[{"href":"https:\/\/vinilozona.lt\/en\/wp-json\/wp\/v2\/product\/16431"}],"collection":[{"href":"https:\/\/vinilozona.lt\/en\/wp-json\/wp\/v2\/product"}],"about":[{"href":"https:\/\/vinilozona.lt\/en\/wp-json\/wp\/v2\/types\/product"}],"wp:featuredmedia":[{"embeddable":true,"href":"https:\/\/vinilozona.lt\/en\/wp-json\/wp\/v2\/media\/16432"}],"wp:attachment":[{"href":"https:\/\/vinilozona.lt\/en\/wp-json\/wp\/v2\/media?parent=16431"}],"wp:term":[{"taxonomy":"product_cat","embeddable":true,"href":"https:\/\/vinilozona.lt\/en\/wp-json\/wp\/v2\/product_cat?post=16431"},{"taxonomy":"product_tag","embeddable":true,"href":"https:\/\/vinilozona.lt\/en\/wp-json\/wp\/v2\/product_tag?post=16431"}],"curies":[{"name":"wp","href":"https:\/\/api.w.org\/{rel}","templated":true}]}}