{"id":16423,"date":"2023-08-08T05:01:58","date_gmt":"2023-08-08T02:01:58","guid":{"rendered":"https:\/\/vinilozona.lt\/?post_type=product&#038;p=16423"},"modified":"2023-08-09T22:08:33","modified_gmt":"2023-08-09T19:08:33","slug":"deep-purple-greatest-purple","status":"publish","type":"product","link":"https:\/\/vinilozona.lt\/en\/parduotuve\/rock-pop\/deep-purple-greatest-purple\/","title":{"rendered":"Deep Purple \u2013 Greatest Purple"},"content":{"rendered":"<p>A1\t\tBlack Night\t3:20<br \/>\nA2\t\tStrange Kind Of Woman\t3:48<br \/>\nA3\t\tChild In Time\t10:16<br \/>\nA4\t\tWoman From Tokyo\t5:45<br \/>\nA5\t\tSoldier Of Fortune\t3:13<br \/>\nB1\t\tFireball\t3:21<br \/>\nB2\t\tDemon&#8217;s Eye\t5:17<br \/>\nB3\t\tInto The Fire\t3:30<br \/>\nB4\t\tHush\t4:22<br \/>\nB5\t\tApril\t12:12<br \/>\nC1\t\tSmoke On The Water\t5:39<br \/>\nC2\t\tSpeed King\t5:50<br \/>\nC3\t\tNever Before\t3:58<br \/>\nC4\t\tStormbringer\t4:03<br \/>\nC5\t\tStrange Kind Of Woman\t9:19<br \/>\nD1\t\tBurn\t6:00<br \/>\nD2\t\tSail Away\t5:46<br \/>\nD3\t\tHighway Star\t6:08<br \/>\nD4\t\tSpace Truckin&#8217;\t4:33<br \/>\nD5\t\tMight Just Take Your Life\t4:37<\/p>","protected":false},"excerpt":{"rendered":"<p>EMI \u2013 2LP 198 26 0452 3, EMI \u2013 26 0452 3<br \/>\nFormat:<br \/>\n2 x Vinyl, LP, Compilation<br \/>\nCountry:\tEurope<br \/>\nReleased:\t1985<\/p>","protected":false},"featured_media":16424,"template":"","meta":[],"product_cat":[15],"product_tag":[44],"yoast_head":"<!-- This site is optimized with the Yoast SEO plugin v23.5 - https:\/\/yoast.com\/wordpress\/plugins\/seo\/ -->\n<title>Deep Purple \u2013 Greatest Purple Vinilin\u0117 Plok\u0161tel\u0117 | Vinilozona.lt<\/title>\n<meta name=\"robots\" content=\"index, follow, max-snippet:-1, max-image-preview:large, max-video-preview:-1\" \/>\n<link rel=\"canonical\" href=\"https:\/\/vinilozona.lt\/en\/parduotuve\/rock-pop\/deep-purple-greatest-purple\/\" \/>\n<meta property=\"og:locale\" content=\"en_GB\" \/>\n<meta property=\"og:type\" content=\"article\" \/>\n<meta property=\"og:title\" content=\"Deep Purple \u2013 Greatest Purple Vinilin\u0117 Plok\u0161tel\u0117 | Vinilozona.lt\" \/>\n<meta property=\"og:description\" content=\"EMI \u2013 2LP 198 26 0452 3, EMI \u2013 26 0452 3 Format:  2 x Vinyl, LP, Compilation Country: Europe Released: 1985\" \/>\n<meta property=\"og:url\" content=\"https:\/\/vinilozona.lt\/en\/parduotuve\/rock-pop\/deep-purple-greatest-purple\/\" \/>\n<meta property=\"og:site_name\" content=\"Vinilo Zona\" \/>\n<meta property=\"article:modified_time\" content=\"2023-08-09T19:08:33+00:00\" \/>\n<meta property=\"og:image\" content=\"https:\/\/vinilozona.lt\/wp-content\/uploads\/2021\/10\/R-2946159-1549615479-2170.jpeg.jpg\" \/>\n\t<meta property=\"og:image:width\" content=\"600\" \/>\n\t<meta property=\"og:image:height\" content=\"608\" \/>\n\t<meta property=\"og:image:type\" content=\"image\/jpeg\" \/>\n<meta name=\"twitter:card\" content=\"summary_large_image\" \/>\n<script type=\"application\/ld+json\" class=\"yoast-schema-graph\">{\"@context\":\"https:\/\/schema.org\",\"@graph\":[{\"@type\":\"WebPage\",\"@id\":\"https:\/\/vinilozona.lt\/parduotuve\/rock-pop\/deep-purple-greatest-purple\/\",\"url\":\"https:\/\/vinilozona.lt\/parduotuve\/rock-pop\/deep-purple-greatest-purple\/\",\"name\":\"Deep Purple \u2013 Greatest Purple Vinilin\u0117 Plok\u0161tel\u0117 | Vinilozona.lt\",\"isPartOf\":{\"@id\":\"https:\/\/vinilozona.lt\/#website\"},\"primaryImageOfPage\":{\"@id\":\"https:\/\/vinilozona.lt\/parduotuve\/rock-pop\/deep-purple-greatest-purple\/#primaryimage\"},\"image\":{\"@id\":\"https:\/\/vinilozona.lt\/parduotuve\/rock-pop\/deep-purple-greatest-purple\/#primaryimage\"},\"thumbnailUrl\":\"https:\/\/vinilozona.lt\/wp-content\/uploads\/2021\/10\/R-2946159-1549615479-2170.jpeg.jpg\",\"datePublished\":\"2023-08-08T02:01:58+00:00\",\"dateModified\":\"2023-08-09T19:08:33+00:00\",\"breadcrumb\":{\"@id\":\"https:\/\/vinilozona.lt\/parduotuve\/rock-pop\/deep-purple-greatest-purple\/#breadcrumb\"},\"inLanguage\":\"en-GB\",\"potentialAction\":[{\"@type\":\"ReadAction\",\"target\":[\"https:\/\/vinilozona.lt\/parduotuve\/rock-pop\/deep-purple-greatest-purple\/\"]}]},{\"@type\":\"ImageObject\",\"inLanguage\":\"en-GB\",\"@id\":\"https:\/\/vinilozona.lt\/parduotuve\/rock-pop\/deep-purple-greatest-purple\/#primaryimage\",\"url\":\"https:\/\/vinilozona.lt\/wp-content\/uploads\/2021\/10\/R-2946159-1549615479-2170.jpeg.jpg\",\"contentUrl\":\"https:\/\/vinilozona.lt\/wp-content\/uploads\/2021\/10\/R-2946159-1549615479-2170.jpeg.jpg\",\"width\":600,\"height\":608},{\"@type\":\"BreadcrumbList\",\"@id\":\"https:\/\/vinilozona.lt\/parduotuve\/rock-pop\/deep-purple-greatest-purple\/#breadcrumb\",\"itemListElement\":[{\"@type\":\"ListItem\",\"position\":1,\"name\":\"Home\",\"item\":\"https:\/\/vinilozona.lt\/\"},{\"@type\":\"ListItem\",\"position\":2,\"name\":\"Parduotuv\u0117\",\"item\":\"https:\/\/vinilozona.lt\/parduotuve\/\"},{\"@type\":\"ListItem\",\"position\":3,\"name\":\"Deep Purple \u2013 Greatest Purple\"}]},{\"@type\":\"WebSite\",\"@id\":\"https:\/\/vinilozona.lt\/#website\",\"url\":\"https:\/\/vinilozona.lt\/\",\"name\":\"Vinilo Zona\",\"description\":\"Nup\u016bsk dulkes ir klausyk LP\",\"potentialAction\":[{\"@type\":\"SearchAction\",\"target\":{\"@type\":\"EntryPoint\",\"urlTemplate\":\"https:\/\/vinilozona.lt\/?s={search_term_string}\"},\"query-input\":{\"@type\":\"PropertyValueSpecification\",\"valueRequired\":true,\"valueName\":\"search_term_string\"}}],\"inLanguage\":\"en-GB\"}]}<\/script>\n<!-- \/ Yoast SEO plugin. -->","yoast_head_json":{"title":"Deep Purple \u2013 Greatest Purple Vinilin\u0117 Plok\u0161tel\u0117 | Vinilozona.lt","robots":{"index":"index","follow":"follow","max-snippet":"max-snippet:-1","max-image-preview":"max-image-preview:large","max-video-preview":"max-video-preview:-1"},"canonical":"https:\/\/vinilozona.lt\/en\/parduotuve\/rock-pop\/deep-purple-greatest-purple\/","og_locale":"en_GB","og_type":"article","og_title":"Deep Purple \u2013 Greatest Purple Vinilin\u0117 Plok\u0161tel\u0117 | Vinilozona.lt","og_description":"EMI \u2013 2LP 198 26 0452 3, EMI \u2013 26 0452 3 Format:  2 x Vinyl, LP, Compilation Country: Europe Released: 1985","og_url":"https:\/\/vinilozona.lt\/en\/parduotuve\/rock-pop\/deep-purple-greatest-purple\/","og_site_name":"Vinilo Zona","article_modified_time":"2023-08-09T19:08:33+00:00","og_image":[{"width":600,"height":608,"url":"https:\/\/vinilozona.lt\/wp-content\/uploads\/2021\/10\/R-2946159-1549615479-2170.jpeg.jpg","type":"image\/jpeg"}],"twitter_card":"summary_large_image","schema":{"@context":"https:\/\/schema.org","@graph":[{"@type":"WebPage","@id":"https:\/\/vinilozona.lt\/parduotuve\/rock-pop\/deep-purple-greatest-purple\/","url":"https:\/\/vinilozona.lt\/parduotuve\/rock-pop\/deep-purple-greatest-purple\/","name":"Deep Purple \u2013 Greatest Purple Vinilin\u0117 Plok\u0161tel\u0117 | Vinilozona.lt","isPartOf":{"@id":"https:\/\/vinilozona.lt\/#website"},"primaryImageOfPage":{"@id":"https:\/\/vinilozona.lt\/parduotuve\/rock-pop\/deep-purple-greatest-purple\/#primaryimage"},"image":{"@id":"https:\/\/vinilozona.lt\/parduotuve\/rock-pop\/deep-purple-greatest-purple\/#primaryimage"},"thumbnailUrl":"https:\/\/vinilozona.lt\/wp-content\/uploads\/2021\/10\/R-2946159-1549615479-2170.jpeg.jpg","datePublished":"2023-08-08T02:01:58+00:00","dateModified":"2023-08-09T19:08:33+00:00","breadcrumb":{"@id":"https:\/\/vinilozona.lt\/parduotuve\/rock-pop\/deep-purple-greatest-purple\/#breadcrumb"},"inLanguage":"en-GB","potentialAction":[{"@type":"ReadAction","target":["https:\/\/vinilozona.lt\/parduotuve\/rock-pop\/deep-purple-greatest-purple\/"]}]},{"@type":"ImageObject","inLanguage":"en-GB","@id":"https:\/\/vinilozona.lt\/parduotuve\/rock-pop\/deep-purple-greatest-purple\/#primaryimage","url":"https:\/\/vinilozona.lt\/wp-content\/uploads\/2021\/10\/R-2946159-1549615479-2170.jpeg.jpg","contentUrl":"https:\/\/vinilozona.lt\/wp-content\/uploads\/2021\/10\/R-2946159-1549615479-2170.jpeg.jpg","width":600,"height":608},{"@type":"BreadcrumbList","@id":"https:\/\/vinilozona.lt\/parduotuve\/rock-pop\/deep-purple-greatest-purple\/#breadcrumb","itemListElement":[{"@type":"ListItem","position":1,"name":"Home","item":"https:\/\/vinilozona.lt\/"},{"@type":"ListItem","position":2,"name":"Parduotuv\u0117","item":"https:\/\/vinilozona.lt\/parduotuve\/"},{"@type":"ListItem","position":3,"name":"Deep Purple \u2013 Greatest Purple"}]},{"@type":"WebSite","@id":"https:\/\/vinilozona.lt\/#website","url":"https:\/\/vinilozona.lt\/","name":"Vinilo Zona","description":"Nup\u016bsk dulkes ir klausyk LP","potentialAction":[{"@type":"SearchAction","target":{"@type":"EntryPoint","urlTemplate":"https:\/\/vinilozona.lt\/?s={search_term_string}"},"query-input":{"@type":"PropertyValueSpecification","valueRequired":true,"valueName":"search_term_string"}}],"inLanguage":"en-GB"}]}},"_links":{"self":[{"href":"https:\/\/vinilozona.lt\/en\/wp-json\/wp\/v2\/product\/16423"}],"collection":[{"href":"https:\/\/vinilozona.lt\/en\/wp-json\/wp\/v2\/product"}],"about":[{"href":"https:\/\/vinilozona.lt\/en\/wp-json\/wp\/v2\/types\/product"}],"wp:featuredmedia":[{"embeddable":true,"href":"https:\/\/vinilozona.lt\/en\/wp-json\/wp\/v2\/media\/16424"}],"wp:attachment":[{"href":"https:\/\/vinilozona.lt\/en\/wp-json\/wp\/v2\/media?parent=16423"}],"wp:term":[{"taxonomy":"product_cat","embeddable":true,"href":"https:\/\/vinilozona.lt\/en\/wp-json\/wp\/v2\/product_cat?post=16423"},{"taxonomy":"product_tag","embeddable":true,"href":"https:\/\/vinilozona.lt\/en\/wp-json\/wp\/v2\/product_tag?post=16423"}],"curies":[{"name":"wp","href":"https:\/\/api.w.org\/{rel}","templated":true}]}}