{"id":16419,"date":"2021-10-29T07:03:45","date_gmt":"2021-10-29T04:03:45","guid":{"rendered":"https:\/\/vinilozona.lt\/?post_type=product&#038;p=16419"},"modified":"2024-09-19T00:41:36","modified_gmt":"2024-09-18T21:41:36","slug":"karel-gott-stargala-2-lp","status":"publish","type":"product","link":"https:\/\/vinilozona.lt\/en\/parduotuve\/rock-pop\/karel-gott-stargala-2-lp\/","title":{"rendered":"Karel Gott \u2013 Stargala 2 Lp"},"content":{"rendered":"<p>A1\t\tKaiserwalzer (Traummelodie)\t3:51<br \/>\nA2\t\tB\u00f6hmische Kirmes (Polka-Medley)\t3:34<br \/>\nA3\t\tSereno E (Wenn Wir Uns Sehn)\t3:43<br \/>\nA4\t\tKalinka\t4:08<br \/>\nA5\t\tZwei Gitarren\t3:22<br \/>\nA6\t\tWolgalied Aus &#8222;Der Zarewitsch&#8221;\t4:30<br \/>\nB1\t\tHeut&#8217; Ist Der Sch\u00f6nste Tag In Meinem Leben\t2:28<br \/>\nB2\t\tChianti-Lied\t3:21<br \/>\nB3\t\tAlle Tage Ist Kein Sonntag\t2:27<br \/>\nB4\t\tIn Mir Klingt Ein Lied\t3:30<br \/>\nB5\t\tMaria (Westside Story)\t2:54<br \/>\nB6\t\tDer Reigen\t3:11<br \/>\nC1\t\tEinmal Um Die Ganze Welt\t3:00<br \/>\nC2\t\tLady Carneval\t2:58<br \/>\nC3\t\tWei\u00dft Du Wohin (Schiwago-Melodie)\t2:37<br \/>\nC4\t\tSchicksalsmelodie (Love Story)\t3:22<br \/>\nC5\t\tDer Himmel Ist Noch Nicht Verloren\t3:10<br \/>\nC6\t\tDonauwellen (Schnell, Viel Zu Schnell)\t3:10<br \/>\nD1\t\tLang, Lang Ist&#8217;s Her\t2:31<br \/>\nPotpourri<br \/>\nD2.1\t\tLustig Ist Das Zigeunerleben\t1:23<br \/>\nD2.2\t\tAch, Wie Ist&#8217;s M\u00f6glich Dann\t1:11<br \/>\nD2.3\t\tMu\u00df I Denn Zum St\u00e4dtele Hinaus\t1:06<br \/>\nD2.4\t\tOh Wie Wohl Ist Mir Am Abend\t1:38<br \/>\nD2.5\t\tNur Einmal Bl\u00fcht Im Jahr Der Mai\t1:03<br \/>\nD2.6\t\tFreut Euch Des Lebens\t1:14<br \/>\nD2.7\t\tJetzt Kommen Die Lustigen Tage\t0:58<br \/>\nD2.8\t\tEs Zogen Drei Burschen\t1:40<br \/>\nD2.9\t\tIch Schie\u00df&#8217; Den Hirsch Im Wilden Forst\t1:10<br \/>\nD2.10\t\tEs Geht Ein Rundgesang\t1:33<br \/>\nD2.11\t\tMein Herz, Das Ist Ein Bienenhaus\t1:05<br \/>\nD2.12\t\tBeim Kronenwirt Ist Heute Jubel Und Tanz\t1:19<br \/>\nD2.13\t\tGuten Abend, Gut&#8217; Nacht\t2:25<\/p>","protected":false},"excerpt":{"rendered":"<p>Polydor \u2013 2664 176<br \/>\nSeries:\tStargala<br \/>\nFormat:<br \/>\n2 x Vinyl, LP, Compilation<\/p>","protected":false},"featured_media":16420,"template":"","meta":[],"product_cat":[15],"product_tag":[44],"yoast_head":"<!-- This site is optimized with the Yoast SEO plugin v23.5 - https:\/\/yoast.com\/wordpress\/plugins\/seo\/ -->\n<title>Karel Gott \u2013 Stargala 2 Lp Vinilin\u0117 Plok\u0161tel\u0117 | Vinilozona.lt<\/title>\n<meta name=\"robots\" content=\"index, follow, max-snippet:-1, max-image-preview:large, max-video-preview:-1\" \/>\n<link rel=\"canonical\" href=\"https:\/\/vinilozona.lt\/en\/parduotuve\/rock-pop\/karel-gott-stargala-2-lp\/\" \/>\n<meta property=\"og:locale\" content=\"en_GB\" \/>\n<meta property=\"og:type\" content=\"article\" \/>\n<meta property=\"og:title\" content=\"Karel Gott \u2013 Stargala 2 Lp Vinilin\u0117 Plok\u0161tel\u0117 | Vinilozona.lt\" \/>\n<meta property=\"og:description\" content=\"Polydor \u2013 2664 176 Series: Stargala Format:  2 x Vinyl, LP, Compilation\" \/>\n<meta property=\"og:url\" content=\"https:\/\/vinilozona.lt\/en\/parduotuve\/rock-pop\/karel-gott-stargala-2-lp\/\" \/>\n<meta property=\"og:site_name\" content=\"Vinilo Zona\" \/>\n<meta property=\"article:modified_time\" content=\"2024-09-18T21:41:36+00:00\" \/>\n<meta property=\"og:image\" content=\"https:\/\/vinilozona.lt\/wp-content\/uploads\/2021\/10\/R-3317980-1352206491-4805.jpeg.jpg\" \/>\n\t<meta property=\"og:image:width\" content=\"598\" \/>\n\t<meta property=\"og:image:height\" content=\"584\" \/>\n\t<meta property=\"og:image:type\" content=\"image\/jpeg\" \/>\n<meta name=\"twitter:card\" content=\"summary_large_image\" \/>\n<meta name=\"twitter:label1\" content=\"Estimated reading time\" \/>\n\t<meta name=\"twitter:data1\" content=\"1 minute\" \/>\n<script type=\"application\/ld+json\" class=\"yoast-schema-graph\">{\"@context\":\"https:\/\/schema.org\",\"@graph\":[{\"@type\":\"WebPage\",\"@id\":\"https:\/\/vinilozona.lt\/parduotuve\/rock-pop\/karel-gott-stargala-2-lp\/\",\"url\":\"https:\/\/vinilozona.lt\/parduotuve\/rock-pop\/karel-gott-stargala-2-lp\/\",\"name\":\"Karel Gott \u2013 Stargala 2 Lp Vinilin\u0117 Plok\u0161tel\u0117 | Vinilozona.lt\",\"isPartOf\":{\"@id\":\"https:\/\/vinilozona.lt\/#website\"},\"primaryImageOfPage\":{\"@id\":\"https:\/\/vinilozona.lt\/parduotuve\/rock-pop\/karel-gott-stargala-2-lp\/#primaryimage\"},\"image\":{\"@id\":\"https:\/\/vinilozona.lt\/parduotuve\/rock-pop\/karel-gott-stargala-2-lp\/#primaryimage\"},\"thumbnailUrl\":\"https:\/\/vinilozona.lt\/wp-content\/uploads\/2021\/10\/R-3317980-1352206491-4805.jpeg.jpg\",\"datePublished\":\"2021-10-29T04:03:45+00:00\",\"dateModified\":\"2024-09-18T21:41:36+00:00\",\"breadcrumb\":{\"@id\":\"https:\/\/vinilozona.lt\/parduotuve\/rock-pop\/karel-gott-stargala-2-lp\/#breadcrumb\"},\"inLanguage\":\"en-GB\",\"potentialAction\":[{\"@type\":\"ReadAction\",\"target\":[\"https:\/\/vinilozona.lt\/parduotuve\/rock-pop\/karel-gott-stargala-2-lp\/\"]}]},{\"@type\":\"ImageObject\",\"inLanguage\":\"en-GB\",\"@id\":\"https:\/\/vinilozona.lt\/parduotuve\/rock-pop\/karel-gott-stargala-2-lp\/#primaryimage\",\"url\":\"https:\/\/vinilozona.lt\/wp-content\/uploads\/2021\/10\/R-3317980-1352206491-4805.jpeg.jpg\",\"contentUrl\":\"https:\/\/vinilozona.lt\/wp-content\/uploads\/2021\/10\/R-3317980-1352206491-4805.jpeg.jpg\",\"width\":598,\"height\":584},{\"@type\":\"BreadcrumbList\",\"@id\":\"https:\/\/vinilozona.lt\/parduotuve\/rock-pop\/karel-gott-stargala-2-lp\/#breadcrumb\",\"itemListElement\":[{\"@type\":\"ListItem\",\"position\":1,\"name\":\"Home\",\"item\":\"https:\/\/vinilozona.lt\/\"},{\"@type\":\"ListItem\",\"position\":2,\"name\":\"Parduotuv\u0117\",\"item\":\"https:\/\/vinilozona.lt\/parduotuve\/\"},{\"@type\":\"ListItem\",\"position\":3,\"name\":\"Karel Gott \u2013 Stargala 2 Lp\"}]},{\"@type\":\"WebSite\",\"@id\":\"https:\/\/vinilozona.lt\/#website\",\"url\":\"https:\/\/vinilozona.lt\/\",\"name\":\"Vinilo Zona\",\"description\":\"Nup\u016bsk dulkes ir klausyk LP\",\"potentialAction\":[{\"@type\":\"SearchAction\",\"target\":{\"@type\":\"EntryPoint\",\"urlTemplate\":\"https:\/\/vinilozona.lt\/?s={search_term_string}\"},\"query-input\":{\"@type\":\"PropertyValueSpecification\",\"valueRequired\":true,\"valueName\":\"search_term_string\"}}],\"inLanguage\":\"en-GB\"}]}<\/script>\n<!-- \/ Yoast SEO plugin. -->","yoast_head_json":{"title":"Karel Gott \u2013 Stargala 2 Lp Vinilin\u0117 Plok\u0161tel\u0117 | Vinilozona.lt","robots":{"index":"index","follow":"follow","max-snippet":"max-snippet:-1","max-image-preview":"max-image-preview:large","max-video-preview":"max-video-preview:-1"},"canonical":"https:\/\/vinilozona.lt\/en\/parduotuve\/rock-pop\/karel-gott-stargala-2-lp\/","og_locale":"en_GB","og_type":"article","og_title":"Karel Gott \u2013 Stargala 2 Lp Vinilin\u0117 Plok\u0161tel\u0117 | Vinilozona.lt","og_description":"Polydor \u2013 2664 176 Series: Stargala Format:  2 x Vinyl, LP, Compilation","og_url":"https:\/\/vinilozona.lt\/en\/parduotuve\/rock-pop\/karel-gott-stargala-2-lp\/","og_site_name":"Vinilo Zona","article_modified_time":"2024-09-18T21:41:36+00:00","og_image":[{"width":598,"height":584,"url":"https:\/\/vinilozona.lt\/wp-content\/uploads\/2021\/10\/R-3317980-1352206491-4805.jpeg.jpg","type":"image\/jpeg"}],"twitter_card":"summary_large_image","twitter_misc":{"Estimated reading time":"1 minute"},"schema":{"@context":"https:\/\/schema.org","@graph":[{"@type":"WebPage","@id":"https:\/\/vinilozona.lt\/parduotuve\/rock-pop\/karel-gott-stargala-2-lp\/","url":"https:\/\/vinilozona.lt\/parduotuve\/rock-pop\/karel-gott-stargala-2-lp\/","name":"Karel Gott \u2013 Stargala 2 Lp Vinilin\u0117 Plok\u0161tel\u0117 | Vinilozona.lt","isPartOf":{"@id":"https:\/\/vinilozona.lt\/#website"},"primaryImageOfPage":{"@id":"https:\/\/vinilozona.lt\/parduotuve\/rock-pop\/karel-gott-stargala-2-lp\/#primaryimage"},"image":{"@id":"https:\/\/vinilozona.lt\/parduotuve\/rock-pop\/karel-gott-stargala-2-lp\/#primaryimage"},"thumbnailUrl":"https:\/\/vinilozona.lt\/wp-content\/uploads\/2021\/10\/R-3317980-1352206491-4805.jpeg.jpg","datePublished":"2021-10-29T04:03:45+00:00","dateModified":"2024-09-18T21:41:36+00:00","breadcrumb":{"@id":"https:\/\/vinilozona.lt\/parduotuve\/rock-pop\/karel-gott-stargala-2-lp\/#breadcrumb"},"inLanguage":"en-GB","potentialAction":[{"@type":"ReadAction","target":["https:\/\/vinilozona.lt\/parduotuve\/rock-pop\/karel-gott-stargala-2-lp\/"]}]},{"@type":"ImageObject","inLanguage":"en-GB","@id":"https:\/\/vinilozona.lt\/parduotuve\/rock-pop\/karel-gott-stargala-2-lp\/#primaryimage","url":"https:\/\/vinilozona.lt\/wp-content\/uploads\/2021\/10\/R-3317980-1352206491-4805.jpeg.jpg","contentUrl":"https:\/\/vinilozona.lt\/wp-content\/uploads\/2021\/10\/R-3317980-1352206491-4805.jpeg.jpg","width":598,"height":584},{"@type":"BreadcrumbList","@id":"https:\/\/vinilozona.lt\/parduotuve\/rock-pop\/karel-gott-stargala-2-lp\/#breadcrumb","itemListElement":[{"@type":"ListItem","position":1,"name":"Home","item":"https:\/\/vinilozona.lt\/"},{"@type":"ListItem","position":2,"name":"Parduotuv\u0117","item":"https:\/\/vinilozona.lt\/parduotuve\/"},{"@type":"ListItem","position":3,"name":"Karel Gott \u2013 Stargala 2 Lp"}]},{"@type":"WebSite","@id":"https:\/\/vinilozona.lt\/#website","url":"https:\/\/vinilozona.lt\/","name":"Vinilo Zona","description":"Nup\u016bsk dulkes ir klausyk LP","potentialAction":[{"@type":"SearchAction","target":{"@type":"EntryPoint","urlTemplate":"https:\/\/vinilozona.lt\/?s={search_term_string}"},"query-input":{"@type":"PropertyValueSpecification","valueRequired":true,"valueName":"search_term_string"}}],"inLanguage":"en-GB"}]}},"_links":{"self":[{"href":"https:\/\/vinilozona.lt\/en\/wp-json\/wp\/v2\/product\/16419"}],"collection":[{"href":"https:\/\/vinilozona.lt\/en\/wp-json\/wp\/v2\/product"}],"about":[{"href":"https:\/\/vinilozona.lt\/en\/wp-json\/wp\/v2\/types\/product"}],"wp:featuredmedia":[{"embeddable":true,"href":"https:\/\/vinilozona.lt\/en\/wp-json\/wp\/v2\/media\/16420"}],"wp:attachment":[{"href":"https:\/\/vinilozona.lt\/en\/wp-json\/wp\/v2\/media?parent=16419"}],"wp:term":[{"taxonomy":"product_cat","embeddable":true,"href":"https:\/\/vinilozona.lt\/en\/wp-json\/wp\/v2\/product_cat?post=16419"},{"taxonomy":"product_tag","embeddable":true,"href":"https:\/\/vinilozona.lt\/en\/wp-json\/wp\/v2\/product_tag?post=16419"}],"curies":[{"name":"wp","href":"https:\/\/api.w.org\/{rel}","templated":true}]}}