{"id":16408,"date":"2021-10-22T16:49:01","date_gmt":"2021-10-22T13:49:01","guid":{"rendered":"https:\/\/vinilozona.lt\/?post_type=product&#038;p=16408"},"modified":"2023-01-10T21:13:54","modified_gmt":"2023-01-10T19:13:54","slug":"sonata-arctica-the-days-of-grays","status":"publish","type":"product","link":"https:\/\/vinilozona.lt\/en\/parduotuve\/naujos-lp\/sonata-arctica-the-days-of-grays\/","title":{"rendered":"Sonata Arctica \u2013 The Days Of Grays"},"content":{"rendered":"<p>A1\t\tEverything Fades To Gray (Instrumental)\t3:07<br \/>\nA2\t\tDeathaura\t7:59<br \/>\nA3\t\tThe Last Amazing Grays\t5:40<br \/>\nA4\t\tFlag In The Ground\t4:09<br \/>\nA5\t\tBreathing\t3:55<br \/>\nB1\t\tZeroes\t4:24<br \/>\nB2\t\tThe Dead Skin\t6:15<br \/>\nB3\t\tJuliet\t5:59<br \/>\nB4\t\tNo Dream Can Heal A Broken Heart\t4:33<br \/>\nC1\t\tAs If The World Wasn&#8217;t Ending\t3:49<br \/>\nC2\t\tThe Truth Is Out There\t5:04<br \/>\nC3\t\tEverything Fades To Gray (Full Version)\t4:47<br \/>\nC4\t\tIn The Dark (Bonus Track)<br \/>\nD1\t\tThe Last Amazing Grays (Orchestral Version)<br \/>\nD2\t\tFlag In The Ground (Orchestral Version)<br \/>\nD3\t\tJuliet (Orchestral Version)<br \/>\nD4\t\tAs If The World Wasn&#8217;t Ending (Orchestral Version)<br \/>\nD5\t\tThe Truth Is Out There (Orchestral Version)<\/p>","protected":false},"excerpt":{"rendered":"<p>Back On Black \u2013 BOBV604LPLTD<br \/>\nFormat:<br \/>\n2 x Vinyl, LP, Album, Reissue, Grey w\/ White &#038; Black Splatter<br \/>\nCountry:\tEurope<br \/>\nReleased:\tApr 19, 2019<\/p>","protected":false},"featured_media":16409,"template":"","meta":[],"product_cat":[23],"product_tag":[44],"yoast_head":"<!-- This site is optimized with the Yoast SEO plugin v23.5 - https:\/\/yoast.com\/wordpress\/plugins\/seo\/ -->\n<title>Sonata Arctica \u2013 The Days Of Grays Vinilin\u0117 Plok\u0161tel\u0117 | Vinilozona.lt<\/title>\n<meta name=\"robots\" content=\"index, follow, max-snippet:-1, max-image-preview:large, max-video-preview:-1\" \/>\n<link rel=\"canonical\" href=\"https:\/\/vinilozona.lt\/en\/parduotuve\/naujos-lp\/sonata-arctica-the-days-of-grays\/\" \/>\n<meta property=\"og:locale\" content=\"en_GB\" \/>\n<meta property=\"og:type\" content=\"article\" \/>\n<meta property=\"og:title\" content=\"Sonata Arctica \u2013 The Days Of Grays Vinilin\u0117 Plok\u0161tel\u0117 | Vinilozona.lt\" \/>\n<meta property=\"og:description\" content=\"Back On Black \u2013 BOBV604LPLTD Format:  2 x Vinyl, LP, Album, Reissue, Grey w\/ White &amp; Black Splatter Country: Europe Released: Apr 19, 2019\" \/>\n<meta property=\"og:url\" content=\"https:\/\/vinilozona.lt\/en\/parduotuve\/naujos-lp\/sonata-arctica-the-days-of-grays\/\" \/>\n<meta property=\"og:site_name\" content=\"Vinilo Zona\" \/>\n<meta property=\"article:modified_time\" content=\"2023-01-10T19:13:54+00:00\" \/>\n<meta property=\"og:image\" content=\"https:\/\/vinilozona.lt\/wp-content\/uploads\/2021\/10\/R-13530686-1625567492-5602.jpeg.jpg\" \/>\n\t<meta property=\"og:image:width\" content=\"600\" \/>\n\t<meta property=\"og:image:height\" content=\"600\" \/>\n\t<meta property=\"og:image:type\" content=\"image\/jpeg\" \/>\n<meta name=\"twitter:card\" content=\"summary_large_image\" \/>\n<script type=\"application\/ld+json\" class=\"yoast-schema-graph\">{\"@context\":\"https:\/\/schema.org\",\"@graph\":[{\"@type\":\"WebPage\",\"@id\":\"https:\/\/vinilozona.lt\/parduotuve\/naujos-lp\/sonata-arctica-the-days-of-grays\/\",\"url\":\"https:\/\/vinilozona.lt\/parduotuve\/naujos-lp\/sonata-arctica-the-days-of-grays\/\",\"name\":\"Sonata Arctica \u2013 The Days Of Grays Vinilin\u0117 Plok\u0161tel\u0117 | Vinilozona.lt\",\"isPartOf\":{\"@id\":\"https:\/\/vinilozona.lt\/#website\"},\"primaryImageOfPage\":{\"@id\":\"https:\/\/vinilozona.lt\/parduotuve\/naujos-lp\/sonata-arctica-the-days-of-grays\/#primaryimage\"},\"image\":{\"@id\":\"https:\/\/vinilozona.lt\/parduotuve\/naujos-lp\/sonata-arctica-the-days-of-grays\/#primaryimage\"},\"thumbnailUrl\":\"https:\/\/vinilozona.lt\/wp-content\/uploads\/2021\/10\/R-13530686-1625567492-5602.jpeg.jpg\",\"datePublished\":\"2021-10-22T13:49:01+00:00\",\"dateModified\":\"2023-01-10T19:13:54+00:00\",\"breadcrumb\":{\"@id\":\"https:\/\/vinilozona.lt\/parduotuve\/naujos-lp\/sonata-arctica-the-days-of-grays\/#breadcrumb\"},\"inLanguage\":\"en-GB\",\"potentialAction\":[{\"@type\":\"ReadAction\",\"target\":[\"https:\/\/vinilozona.lt\/parduotuve\/naujos-lp\/sonata-arctica-the-days-of-grays\/\"]}]},{\"@type\":\"ImageObject\",\"inLanguage\":\"en-GB\",\"@id\":\"https:\/\/vinilozona.lt\/parduotuve\/naujos-lp\/sonata-arctica-the-days-of-grays\/#primaryimage\",\"url\":\"https:\/\/vinilozona.lt\/wp-content\/uploads\/2021\/10\/R-13530686-1625567492-5602.jpeg.jpg\",\"contentUrl\":\"https:\/\/vinilozona.lt\/wp-content\/uploads\/2021\/10\/R-13530686-1625567492-5602.jpeg.jpg\",\"width\":600,\"height\":600},{\"@type\":\"BreadcrumbList\",\"@id\":\"https:\/\/vinilozona.lt\/parduotuve\/naujos-lp\/sonata-arctica-the-days-of-grays\/#breadcrumb\",\"itemListElement\":[{\"@type\":\"ListItem\",\"position\":1,\"name\":\"Home\",\"item\":\"https:\/\/vinilozona.lt\/\"},{\"@type\":\"ListItem\",\"position\":2,\"name\":\"Parduotuv\u0117\",\"item\":\"https:\/\/vinilozona.lt\/parduotuve\/\"},{\"@type\":\"ListItem\",\"position\":3,\"name\":\"Sonata Arctica \u2013 The Days Of Grays\"}]},{\"@type\":\"WebSite\",\"@id\":\"https:\/\/vinilozona.lt\/#website\",\"url\":\"https:\/\/vinilozona.lt\/\",\"name\":\"Vinilo Zona\",\"description\":\"Nup\u016bsk dulkes ir klausyk LP\",\"potentialAction\":[{\"@type\":\"SearchAction\",\"target\":{\"@type\":\"EntryPoint\",\"urlTemplate\":\"https:\/\/vinilozona.lt\/?s={search_term_string}\"},\"query-input\":{\"@type\":\"PropertyValueSpecification\",\"valueRequired\":true,\"valueName\":\"search_term_string\"}}],\"inLanguage\":\"en-GB\"}]}<\/script>\n<!-- \/ Yoast SEO plugin. -->","yoast_head_json":{"title":"Sonata Arctica \u2013 The Days Of Grays Vinilin\u0117 Plok\u0161tel\u0117 | Vinilozona.lt","robots":{"index":"index","follow":"follow","max-snippet":"max-snippet:-1","max-image-preview":"max-image-preview:large","max-video-preview":"max-video-preview:-1"},"canonical":"https:\/\/vinilozona.lt\/en\/parduotuve\/naujos-lp\/sonata-arctica-the-days-of-grays\/","og_locale":"en_GB","og_type":"article","og_title":"Sonata Arctica \u2013 The Days Of Grays Vinilin\u0117 Plok\u0161tel\u0117 | Vinilozona.lt","og_description":"Back On Black \u2013 BOBV604LPLTD Format:  2 x Vinyl, LP, Album, Reissue, Grey w\/ White & Black Splatter Country: Europe Released: Apr 19, 2019","og_url":"https:\/\/vinilozona.lt\/en\/parduotuve\/naujos-lp\/sonata-arctica-the-days-of-grays\/","og_site_name":"Vinilo Zona","article_modified_time":"2023-01-10T19:13:54+00:00","og_image":[{"width":600,"height":600,"url":"https:\/\/vinilozona.lt\/wp-content\/uploads\/2021\/10\/R-13530686-1625567492-5602.jpeg.jpg","type":"image\/jpeg"}],"twitter_card":"summary_large_image","schema":{"@context":"https:\/\/schema.org","@graph":[{"@type":"WebPage","@id":"https:\/\/vinilozona.lt\/parduotuve\/naujos-lp\/sonata-arctica-the-days-of-grays\/","url":"https:\/\/vinilozona.lt\/parduotuve\/naujos-lp\/sonata-arctica-the-days-of-grays\/","name":"Sonata Arctica \u2013 The Days Of Grays Vinilin\u0117 Plok\u0161tel\u0117 | Vinilozona.lt","isPartOf":{"@id":"https:\/\/vinilozona.lt\/#website"},"primaryImageOfPage":{"@id":"https:\/\/vinilozona.lt\/parduotuve\/naujos-lp\/sonata-arctica-the-days-of-grays\/#primaryimage"},"image":{"@id":"https:\/\/vinilozona.lt\/parduotuve\/naujos-lp\/sonata-arctica-the-days-of-grays\/#primaryimage"},"thumbnailUrl":"https:\/\/vinilozona.lt\/wp-content\/uploads\/2021\/10\/R-13530686-1625567492-5602.jpeg.jpg","datePublished":"2021-10-22T13:49:01+00:00","dateModified":"2023-01-10T19:13:54+00:00","breadcrumb":{"@id":"https:\/\/vinilozona.lt\/parduotuve\/naujos-lp\/sonata-arctica-the-days-of-grays\/#breadcrumb"},"inLanguage":"en-GB","potentialAction":[{"@type":"ReadAction","target":["https:\/\/vinilozona.lt\/parduotuve\/naujos-lp\/sonata-arctica-the-days-of-grays\/"]}]},{"@type":"ImageObject","inLanguage":"en-GB","@id":"https:\/\/vinilozona.lt\/parduotuve\/naujos-lp\/sonata-arctica-the-days-of-grays\/#primaryimage","url":"https:\/\/vinilozona.lt\/wp-content\/uploads\/2021\/10\/R-13530686-1625567492-5602.jpeg.jpg","contentUrl":"https:\/\/vinilozona.lt\/wp-content\/uploads\/2021\/10\/R-13530686-1625567492-5602.jpeg.jpg","width":600,"height":600},{"@type":"BreadcrumbList","@id":"https:\/\/vinilozona.lt\/parduotuve\/naujos-lp\/sonata-arctica-the-days-of-grays\/#breadcrumb","itemListElement":[{"@type":"ListItem","position":1,"name":"Home","item":"https:\/\/vinilozona.lt\/"},{"@type":"ListItem","position":2,"name":"Parduotuv\u0117","item":"https:\/\/vinilozona.lt\/parduotuve\/"},{"@type":"ListItem","position":3,"name":"Sonata Arctica \u2013 The Days Of Grays"}]},{"@type":"WebSite","@id":"https:\/\/vinilozona.lt\/#website","url":"https:\/\/vinilozona.lt\/","name":"Vinilo Zona","description":"Nup\u016bsk dulkes ir klausyk LP","potentialAction":[{"@type":"SearchAction","target":{"@type":"EntryPoint","urlTemplate":"https:\/\/vinilozona.lt\/?s={search_term_string}"},"query-input":{"@type":"PropertyValueSpecification","valueRequired":true,"valueName":"search_term_string"}}],"inLanguage":"en-GB"}]}},"_links":{"self":[{"href":"https:\/\/vinilozona.lt\/en\/wp-json\/wp\/v2\/product\/16408"}],"collection":[{"href":"https:\/\/vinilozona.lt\/en\/wp-json\/wp\/v2\/product"}],"about":[{"href":"https:\/\/vinilozona.lt\/en\/wp-json\/wp\/v2\/types\/product"}],"wp:featuredmedia":[{"embeddable":true,"href":"https:\/\/vinilozona.lt\/en\/wp-json\/wp\/v2\/media\/16409"}],"wp:attachment":[{"href":"https:\/\/vinilozona.lt\/en\/wp-json\/wp\/v2\/media?parent=16408"}],"wp:term":[{"taxonomy":"product_cat","embeddable":true,"href":"https:\/\/vinilozona.lt\/en\/wp-json\/wp\/v2\/product_cat?post=16408"},{"taxonomy":"product_tag","embeddable":true,"href":"https:\/\/vinilozona.lt\/en\/wp-json\/wp\/v2\/product_tag?post=16408"}],"curies":[{"name":"wp","href":"https:\/\/api.w.org\/{rel}","templated":true}]}}