{"id":16394,"date":"2021-10-29T12:04:13","date_gmt":"2021-10-29T09:04:13","guid":{"rendered":"https:\/\/vinilozona.lt\/?post_type=product&#038;p=16394"},"modified":"2022-03-06T14:28:24","modified_gmt":"2022-03-06T12:28:24","slug":"supersonic-blues-machine-road-chronicles-live-feat-billy-gibbons","status":"publish","type":"product","link":"https:\/\/vinilozona.lt\/en\/parduotuve\/naujos-lp\/supersonic-blues-machine-road-chronicles-live-feat-billy-gibbons\/","title":{"rendered":"Supersonic Blues Machine \u2013 Road Chronicles: Live! feat Billy Gibbons"},"content":{"rendered":"<p>A1\t\tI Am Done Missing You\t5:21<br \/>\nA2\t\tI Ain&#8217;t Fallin&#8217; Again\t4:15<br \/>\nA3\t\tRemedy\t5:45<br \/>\nA4\t\tCan&#8217;t Take It No More\t6:41<br \/>\nB1\t\tWatchagonnado\t5:28<br \/>\nB2\t\tElevate\t6:41<br \/>\nB3\t\tBad Boys\t6:07<br \/>\nC1\t\tLet It Be\t7:34<br \/>\nC2\t\tLa Grange\t6:51<br \/>\nC3\t\tBroken Heart\t4:07<br \/>\nC4\t\tDust My Broom\t4:26<br \/>\nD1\t\tRunning Whiskey\t3:32<br \/>\nD2\t\tGot My Mojo Working\t5:10<br \/>\nD3\t\tGoing Down\t5:43<br \/>\nD4\t\tThe Stranger\t5:14<\/p>","protected":false},"excerpt":{"rendered":"<p>Provogue \u2013 PRD 75921<br \/>\nFormat:<br \/>\n2 x Vinyl, LP, Album, Stereo<br \/>\nCountry:\tEurope<br \/>\nReleased:\t2019<\/p>","protected":false},"featured_media":16395,"template":"","meta":[],"product_cat":[23],"product_tag":[44],"yoast_head":"<!-- This site is optimized with the Yoast SEO plugin v23.5 - https:\/\/yoast.com\/wordpress\/plugins\/seo\/ -->\n<title>Supersonic Blues Machine \u2013 Road Chronicles: Live! feat Billy Gibbons Vinilin\u0117 Plok\u0161tel\u0117 | Vinilozona.lt<\/title>\n<meta name=\"robots\" content=\"index, follow, max-snippet:-1, max-image-preview:large, max-video-preview:-1\" \/>\n<link rel=\"canonical\" href=\"https:\/\/vinilozona.lt\/en\/parduotuve\/naujos-lp\/supersonic-blues-machine-road-chronicles-live-feat-billy-gibbons\/\" \/>\n<meta property=\"og:locale\" content=\"en_GB\" \/>\n<meta property=\"og:type\" content=\"article\" \/>\n<meta property=\"og:title\" content=\"Supersonic Blues Machine \u2013 Road Chronicles: Live! feat Billy Gibbons Vinilin\u0117 Plok\u0161tel\u0117 | Vinilozona.lt\" \/>\n<meta property=\"og:description\" content=\"Provogue \u2013 PRD 75921 Format:  2 x Vinyl, LP, Album, Stereo Country: Europe Released: 2019\" \/>\n<meta property=\"og:url\" content=\"https:\/\/vinilozona.lt\/en\/parduotuve\/naujos-lp\/supersonic-blues-machine-road-chronicles-live-feat-billy-gibbons\/\" \/>\n<meta property=\"og:site_name\" content=\"Vinilo Zona\" \/>\n<meta property=\"article:modified_time\" content=\"2022-03-06T12:28:24+00:00\" \/>\n<meta property=\"og:image\" content=\"https:\/\/vinilozona.lt\/wp-content\/uploads\/2021\/10\/R-13868849-1562940833-6720.jpeg.jpg\" \/>\n\t<meta property=\"og:image:width\" content=\"600\" \/>\n\t<meta property=\"og:image:height\" content=\"605\" \/>\n\t<meta property=\"og:image:type\" content=\"image\/jpeg\" \/>\n<meta name=\"twitter:card\" content=\"summary_large_image\" \/>\n<script type=\"application\/ld+json\" class=\"yoast-schema-graph\">{\"@context\":\"https:\/\/schema.org\",\"@graph\":[{\"@type\":\"WebPage\",\"@id\":\"https:\/\/vinilozona.lt\/parduotuve\/naujos-lp\/supersonic-blues-machine-road-chronicles-live-feat-billy-gibbons\/\",\"url\":\"https:\/\/vinilozona.lt\/parduotuve\/naujos-lp\/supersonic-blues-machine-road-chronicles-live-feat-billy-gibbons\/\",\"name\":\"Supersonic Blues Machine \u2013 Road Chronicles: Live! feat Billy Gibbons Vinilin\u0117 Plok\u0161tel\u0117 | Vinilozona.lt\",\"isPartOf\":{\"@id\":\"https:\/\/vinilozona.lt\/#website\"},\"primaryImageOfPage\":{\"@id\":\"https:\/\/vinilozona.lt\/parduotuve\/naujos-lp\/supersonic-blues-machine-road-chronicles-live-feat-billy-gibbons\/#primaryimage\"},\"image\":{\"@id\":\"https:\/\/vinilozona.lt\/parduotuve\/naujos-lp\/supersonic-blues-machine-road-chronicles-live-feat-billy-gibbons\/#primaryimage\"},\"thumbnailUrl\":\"https:\/\/vinilozona.lt\/wp-content\/uploads\/2021\/10\/R-13868849-1562940833-6720.jpeg.jpg\",\"datePublished\":\"2021-10-29T09:04:13+00:00\",\"dateModified\":\"2022-03-06T12:28:24+00:00\",\"breadcrumb\":{\"@id\":\"https:\/\/vinilozona.lt\/parduotuve\/naujos-lp\/supersonic-blues-machine-road-chronicles-live-feat-billy-gibbons\/#breadcrumb\"},\"inLanguage\":\"en-GB\",\"potentialAction\":[{\"@type\":\"ReadAction\",\"target\":[\"https:\/\/vinilozona.lt\/parduotuve\/naujos-lp\/supersonic-blues-machine-road-chronicles-live-feat-billy-gibbons\/\"]}]},{\"@type\":\"ImageObject\",\"inLanguage\":\"en-GB\",\"@id\":\"https:\/\/vinilozona.lt\/parduotuve\/naujos-lp\/supersonic-blues-machine-road-chronicles-live-feat-billy-gibbons\/#primaryimage\",\"url\":\"https:\/\/vinilozona.lt\/wp-content\/uploads\/2021\/10\/R-13868849-1562940833-6720.jpeg.jpg\",\"contentUrl\":\"https:\/\/vinilozona.lt\/wp-content\/uploads\/2021\/10\/R-13868849-1562940833-6720.jpeg.jpg\",\"width\":600,\"height\":605},{\"@type\":\"BreadcrumbList\",\"@id\":\"https:\/\/vinilozona.lt\/parduotuve\/naujos-lp\/supersonic-blues-machine-road-chronicles-live-feat-billy-gibbons\/#breadcrumb\",\"itemListElement\":[{\"@type\":\"ListItem\",\"position\":1,\"name\":\"Home\",\"item\":\"https:\/\/vinilozona.lt\/\"},{\"@type\":\"ListItem\",\"position\":2,\"name\":\"Parduotuv\u0117\",\"item\":\"https:\/\/vinilozona.lt\/parduotuve\/\"},{\"@type\":\"ListItem\",\"position\":3,\"name\":\"Supersonic Blues Machine \u2013 Road Chronicles: Live! feat Billy Gibbons\"}]},{\"@type\":\"WebSite\",\"@id\":\"https:\/\/vinilozona.lt\/#website\",\"url\":\"https:\/\/vinilozona.lt\/\",\"name\":\"Vinilo Zona\",\"description\":\"Nup\u016bsk dulkes ir klausyk LP\",\"potentialAction\":[{\"@type\":\"SearchAction\",\"target\":{\"@type\":\"EntryPoint\",\"urlTemplate\":\"https:\/\/vinilozona.lt\/?s={search_term_string}\"},\"query-input\":{\"@type\":\"PropertyValueSpecification\",\"valueRequired\":true,\"valueName\":\"search_term_string\"}}],\"inLanguage\":\"en-GB\"}]}<\/script>\n<!-- \/ Yoast SEO plugin. -->","yoast_head_json":{"title":"Supersonic Blues Machine \u2013 Road Chronicles: Live! feat Billy Gibbons Vinilin\u0117 Plok\u0161tel\u0117 | Vinilozona.lt","robots":{"index":"index","follow":"follow","max-snippet":"max-snippet:-1","max-image-preview":"max-image-preview:large","max-video-preview":"max-video-preview:-1"},"canonical":"https:\/\/vinilozona.lt\/en\/parduotuve\/naujos-lp\/supersonic-blues-machine-road-chronicles-live-feat-billy-gibbons\/","og_locale":"en_GB","og_type":"article","og_title":"Supersonic Blues Machine \u2013 Road Chronicles: Live! feat Billy Gibbons Vinilin\u0117 Plok\u0161tel\u0117 | Vinilozona.lt","og_description":"Provogue \u2013 PRD 75921 Format:  2 x Vinyl, LP, Album, Stereo Country: Europe Released: 2019","og_url":"https:\/\/vinilozona.lt\/en\/parduotuve\/naujos-lp\/supersonic-blues-machine-road-chronicles-live-feat-billy-gibbons\/","og_site_name":"Vinilo Zona","article_modified_time":"2022-03-06T12:28:24+00:00","og_image":[{"width":600,"height":605,"url":"https:\/\/vinilozona.lt\/wp-content\/uploads\/2021\/10\/R-13868849-1562940833-6720.jpeg.jpg","type":"image\/jpeg"}],"twitter_card":"summary_large_image","schema":{"@context":"https:\/\/schema.org","@graph":[{"@type":"WebPage","@id":"https:\/\/vinilozona.lt\/parduotuve\/naujos-lp\/supersonic-blues-machine-road-chronicles-live-feat-billy-gibbons\/","url":"https:\/\/vinilozona.lt\/parduotuve\/naujos-lp\/supersonic-blues-machine-road-chronicles-live-feat-billy-gibbons\/","name":"Supersonic Blues Machine \u2013 Road Chronicles: Live! feat Billy Gibbons Vinilin\u0117 Plok\u0161tel\u0117 | Vinilozona.lt","isPartOf":{"@id":"https:\/\/vinilozona.lt\/#website"},"primaryImageOfPage":{"@id":"https:\/\/vinilozona.lt\/parduotuve\/naujos-lp\/supersonic-blues-machine-road-chronicles-live-feat-billy-gibbons\/#primaryimage"},"image":{"@id":"https:\/\/vinilozona.lt\/parduotuve\/naujos-lp\/supersonic-blues-machine-road-chronicles-live-feat-billy-gibbons\/#primaryimage"},"thumbnailUrl":"https:\/\/vinilozona.lt\/wp-content\/uploads\/2021\/10\/R-13868849-1562940833-6720.jpeg.jpg","datePublished":"2021-10-29T09:04:13+00:00","dateModified":"2022-03-06T12:28:24+00:00","breadcrumb":{"@id":"https:\/\/vinilozona.lt\/parduotuve\/naujos-lp\/supersonic-blues-machine-road-chronicles-live-feat-billy-gibbons\/#breadcrumb"},"inLanguage":"en-GB","potentialAction":[{"@type":"ReadAction","target":["https:\/\/vinilozona.lt\/parduotuve\/naujos-lp\/supersonic-blues-machine-road-chronicles-live-feat-billy-gibbons\/"]}]},{"@type":"ImageObject","inLanguage":"en-GB","@id":"https:\/\/vinilozona.lt\/parduotuve\/naujos-lp\/supersonic-blues-machine-road-chronicles-live-feat-billy-gibbons\/#primaryimage","url":"https:\/\/vinilozona.lt\/wp-content\/uploads\/2021\/10\/R-13868849-1562940833-6720.jpeg.jpg","contentUrl":"https:\/\/vinilozona.lt\/wp-content\/uploads\/2021\/10\/R-13868849-1562940833-6720.jpeg.jpg","width":600,"height":605},{"@type":"BreadcrumbList","@id":"https:\/\/vinilozona.lt\/parduotuve\/naujos-lp\/supersonic-blues-machine-road-chronicles-live-feat-billy-gibbons\/#breadcrumb","itemListElement":[{"@type":"ListItem","position":1,"name":"Home","item":"https:\/\/vinilozona.lt\/"},{"@type":"ListItem","position":2,"name":"Parduotuv\u0117","item":"https:\/\/vinilozona.lt\/parduotuve\/"},{"@type":"ListItem","position":3,"name":"Supersonic Blues Machine \u2013 Road Chronicles: Live! feat Billy Gibbons"}]},{"@type":"WebSite","@id":"https:\/\/vinilozona.lt\/#website","url":"https:\/\/vinilozona.lt\/","name":"Vinilo Zona","description":"Nup\u016bsk dulkes ir klausyk LP","potentialAction":[{"@type":"SearchAction","target":{"@type":"EntryPoint","urlTemplate":"https:\/\/vinilozona.lt\/?s={search_term_string}"},"query-input":{"@type":"PropertyValueSpecification","valueRequired":true,"valueName":"search_term_string"}}],"inLanguage":"en-GB"}]}},"_links":{"self":[{"href":"https:\/\/vinilozona.lt\/en\/wp-json\/wp\/v2\/product\/16394"}],"collection":[{"href":"https:\/\/vinilozona.lt\/en\/wp-json\/wp\/v2\/product"}],"about":[{"href":"https:\/\/vinilozona.lt\/en\/wp-json\/wp\/v2\/types\/product"}],"wp:featuredmedia":[{"embeddable":true,"href":"https:\/\/vinilozona.lt\/en\/wp-json\/wp\/v2\/media\/16395"}],"wp:attachment":[{"href":"https:\/\/vinilozona.lt\/en\/wp-json\/wp\/v2\/media?parent=16394"}],"wp:term":[{"taxonomy":"product_cat","embeddable":true,"href":"https:\/\/vinilozona.lt\/en\/wp-json\/wp\/v2\/product_cat?post=16394"},{"taxonomy":"product_tag","embeddable":true,"href":"https:\/\/vinilozona.lt\/en\/wp-json\/wp\/v2\/product_tag?post=16394"}],"curies":[{"name":"wp","href":"https:\/\/api.w.org\/{rel}","templated":true}]}}