{"id":16392,"date":"2026-02-22T05:42:21","date_gmt":"2026-02-22T03:42:21","guid":{"rendered":"https:\/\/vinilozona.lt\/?post_type=product&#038;p=16392"},"modified":"2026-02-22T09:22:28","modified_gmt":"2026-02-22T07:22:28","slug":"isley-brothers-santana-power-of-peace","status":"publish","type":"product","link":"https:\/\/vinilozona.lt\/en\/parduotuve\/naujos-lp\/isley-brothers-santana-power-of-peace\/","title":{"rendered":"Santana \u2013 Africa Speaks 2LP"},"content":{"rendered":"<p>A1\t\tAfrica Speaks  4:47<br \/>\nA2\t\tBatonga  5:43<br \/>\nA3\t\tOye Este Mi Canto  5:58<br \/>\nB1\t\tYo Me Lo Merezco  6:12<br \/>\nB2\t\tBlue Skies  9:08<br \/>\nC1\t\tParaisos Quemados  5:59<br \/>\nC2\t\tBreaking Down The Door  4:30<br \/>\nC3\t\tLos Invisibles  5:54<br \/>\nD1\t\tLuna Hechicera  4:47<br \/>\nD2\t\tBembele  5:51<br \/>\nD3\t\tCandombe Cumbele  5:36<\/p>","protected":false},"excerpt":{"rendered":"<p>Concord Records \u2013 00888072090859<br \/>\nFormat:<br \/>\n2 x Vinyl, LP, Album, Stereo, yellow marbled<br \/>\nCountry:\tEurope<br \/>\nReleased:\tJun 7, 2019<\/p>","protected":false},"featured_media":22038,"template":"","meta":[],"product_cat":[23],"product_tag":[74],"yoast_head":"<!-- This site is optimized with the Yoast SEO plugin v23.5 - https:\/\/yoast.com\/wordpress\/plugins\/seo\/ -->\n<title>Santana \u2013 Africa Speaks 2LP Vinilin\u0117 Plok\u0161tel\u0117 | Vinilozona.lt<\/title>\n<meta name=\"robots\" content=\"index, follow, max-snippet:-1, max-image-preview:large, max-video-preview:-1\" \/>\n<link rel=\"canonical\" href=\"https:\/\/vinilozona.lt\/en\/parduotuve\/naujos-lp\/isley-brothers-santana-power-of-peace\/\" \/>\n<meta property=\"og:locale\" content=\"en_GB\" \/>\n<meta property=\"og:type\" content=\"article\" \/>\n<meta property=\"og:title\" content=\"Santana \u2013 Africa Speaks 2LP Vinilin\u0117 Plok\u0161tel\u0117 | Vinilozona.lt\" \/>\n<meta property=\"og:description\" content=\"Concord Records \u2013 00888072090859 Format:  2 x Vinyl, LP, Album, Stereo, yellow marbled Country: Europe Released: Jun 7, 2019\" \/>\n<meta property=\"og:url\" content=\"https:\/\/vinilozona.lt\/en\/parduotuve\/naujos-lp\/isley-brothers-santana-power-of-peace\/\" \/>\n<meta property=\"og:site_name\" content=\"Vinilo Zona\" \/>\n<meta property=\"article:modified_time\" content=\"2026-02-22T07:22:28+00:00\" \/>\n<meta property=\"og:image\" content=\"https:\/\/vinilozona.lt\/wp-content\/uploads\/2021\/10\/R-13726173-1562239512-7752.jpg\" \/>\n\t<meta property=\"og:image:width\" content=\"597\" \/>\n\t<meta property=\"og:image:height\" content=\"599\" \/>\n\t<meta property=\"og:image:type\" content=\"image\/jpeg\" \/>\n<meta name=\"twitter:card\" content=\"summary_large_image\" \/>\n<script type=\"application\/ld+json\" class=\"yoast-schema-graph\">{\"@context\":\"https:\/\/schema.org\",\"@graph\":[{\"@type\":\"WebPage\",\"@id\":\"https:\/\/vinilozona.lt\/parduotuve\/naujos-lp\/isley-brothers-santana-power-of-peace\/\",\"url\":\"https:\/\/vinilozona.lt\/parduotuve\/naujos-lp\/isley-brothers-santana-power-of-peace\/\",\"name\":\"Santana \u2013 Africa Speaks 2LP Vinilin\u0117 Plok\u0161tel\u0117 | Vinilozona.lt\",\"isPartOf\":{\"@id\":\"https:\/\/vinilozona.lt\/#website\"},\"primaryImageOfPage\":{\"@id\":\"https:\/\/vinilozona.lt\/parduotuve\/naujos-lp\/isley-brothers-santana-power-of-peace\/#primaryimage\"},\"image\":{\"@id\":\"https:\/\/vinilozona.lt\/parduotuve\/naujos-lp\/isley-brothers-santana-power-of-peace\/#primaryimage\"},\"thumbnailUrl\":\"https:\/\/vinilozona.lt\/wp-content\/uploads\/2021\/10\/R-13726173-1562239512-7752.jpg\",\"datePublished\":\"2026-02-22T03:42:21+00:00\",\"dateModified\":\"2026-02-22T07:22:28+00:00\",\"breadcrumb\":{\"@id\":\"https:\/\/vinilozona.lt\/parduotuve\/naujos-lp\/isley-brothers-santana-power-of-peace\/#breadcrumb\"},\"inLanguage\":\"en-GB\",\"potentialAction\":[{\"@type\":\"ReadAction\",\"target\":[\"https:\/\/vinilozona.lt\/parduotuve\/naujos-lp\/isley-brothers-santana-power-of-peace\/\"]}]},{\"@type\":\"ImageObject\",\"inLanguage\":\"en-GB\",\"@id\":\"https:\/\/vinilozona.lt\/parduotuve\/naujos-lp\/isley-brothers-santana-power-of-peace\/#primaryimage\",\"url\":\"https:\/\/vinilozona.lt\/wp-content\/uploads\/2021\/10\/R-13726173-1562239512-7752.jpg\",\"contentUrl\":\"https:\/\/vinilozona.lt\/wp-content\/uploads\/2021\/10\/R-13726173-1562239512-7752.jpg\",\"width\":597,\"height\":599},{\"@type\":\"BreadcrumbList\",\"@id\":\"https:\/\/vinilozona.lt\/parduotuve\/naujos-lp\/isley-brothers-santana-power-of-peace\/#breadcrumb\",\"itemListElement\":[{\"@type\":\"ListItem\",\"position\":1,\"name\":\"Home\",\"item\":\"https:\/\/vinilozona.lt\/\"},{\"@type\":\"ListItem\",\"position\":2,\"name\":\"Parduotuv\u0117\",\"item\":\"https:\/\/vinilozona.lt\/parduotuve\/\"},{\"@type\":\"ListItem\",\"position\":3,\"name\":\"Santana \u2013 Africa Speaks 2LP\"}]},{\"@type\":\"WebSite\",\"@id\":\"https:\/\/vinilozona.lt\/#website\",\"url\":\"https:\/\/vinilozona.lt\/\",\"name\":\"Vinilo Zona\",\"description\":\"Nup\u016bsk dulkes ir klausyk LP\",\"potentialAction\":[{\"@type\":\"SearchAction\",\"target\":{\"@type\":\"EntryPoint\",\"urlTemplate\":\"https:\/\/vinilozona.lt\/?s={search_term_string}\"},\"query-input\":{\"@type\":\"PropertyValueSpecification\",\"valueRequired\":true,\"valueName\":\"search_term_string\"}}],\"inLanguage\":\"en-GB\"}]}<\/script>\n<!-- \/ Yoast SEO plugin. -->","yoast_head_json":{"title":"Santana \u2013 Africa Speaks 2LP Vinilin\u0117 Plok\u0161tel\u0117 | Vinilozona.lt","robots":{"index":"index","follow":"follow","max-snippet":"max-snippet:-1","max-image-preview":"max-image-preview:large","max-video-preview":"max-video-preview:-1"},"canonical":"https:\/\/vinilozona.lt\/en\/parduotuve\/naujos-lp\/isley-brothers-santana-power-of-peace\/","og_locale":"en_GB","og_type":"article","og_title":"Santana \u2013 Africa Speaks 2LP Vinilin\u0117 Plok\u0161tel\u0117 | Vinilozona.lt","og_description":"Concord Records \u2013 00888072090859 Format:  2 x Vinyl, LP, Album, Stereo, yellow marbled Country: Europe Released: Jun 7, 2019","og_url":"https:\/\/vinilozona.lt\/en\/parduotuve\/naujos-lp\/isley-brothers-santana-power-of-peace\/","og_site_name":"Vinilo Zona","article_modified_time":"2026-02-22T07:22:28+00:00","og_image":[{"width":597,"height":599,"url":"https:\/\/vinilozona.lt\/wp-content\/uploads\/2021\/10\/R-13726173-1562239512-7752.jpg","type":"image\/jpeg"}],"twitter_card":"summary_large_image","schema":{"@context":"https:\/\/schema.org","@graph":[{"@type":"WebPage","@id":"https:\/\/vinilozona.lt\/parduotuve\/naujos-lp\/isley-brothers-santana-power-of-peace\/","url":"https:\/\/vinilozona.lt\/parduotuve\/naujos-lp\/isley-brothers-santana-power-of-peace\/","name":"Santana \u2013 Africa Speaks 2LP Vinilin\u0117 Plok\u0161tel\u0117 | Vinilozona.lt","isPartOf":{"@id":"https:\/\/vinilozona.lt\/#website"},"primaryImageOfPage":{"@id":"https:\/\/vinilozona.lt\/parduotuve\/naujos-lp\/isley-brothers-santana-power-of-peace\/#primaryimage"},"image":{"@id":"https:\/\/vinilozona.lt\/parduotuve\/naujos-lp\/isley-brothers-santana-power-of-peace\/#primaryimage"},"thumbnailUrl":"https:\/\/vinilozona.lt\/wp-content\/uploads\/2021\/10\/R-13726173-1562239512-7752.jpg","datePublished":"2026-02-22T03:42:21+00:00","dateModified":"2026-02-22T07:22:28+00:00","breadcrumb":{"@id":"https:\/\/vinilozona.lt\/parduotuve\/naujos-lp\/isley-brothers-santana-power-of-peace\/#breadcrumb"},"inLanguage":"en-GB","potentialAction":[{"@type":"ReadAction","target":["https:\/\/vinilozona.lt\/parduotuve\/naujos-lp\/isley-brothers-santana-power-of-peace\/"]}]},{"@type":"ImageObject","inLanguage":"en-GB","@id":"https:\/\/vinilozona.lt\/parduotuve\/naujos-lp\/isley-brothers-santana-power-of-peace\/#primaryimage","url":"https:\/\/vinilozona.lt\/wp-content\/uploads\/2021\/10\/R-13726173-1562239512-7752.jpg","contentUrl":"https:\/\/vinilozona.lt\/wp-content\/uploads\/2021\/10\/R-13726173-1562239512-7752.jpg","width":597,"height":599},{"@type":"BreadcrumbList","@id":"https:\/\/vinilozona.lt\/parduotuve\/naujos-lp\/isley-brothers-santana-power-of-peace\/#breadcrumb","itemListElement":[{"@type":"ListItem","position":1,"name":"Home","item":"https:\/\/vinilozona.lt\/"},{"@type":"ListItem","position":2,"name":"Parduotuv\u0117","item":"https:\/\/vinilozona.lt\/parduotuve\/"},{"@type":"ListItem","position":3,"name":"Santana \u2013 Africa Speaks 2LP"}]},{"@type":"WebSite","@id":"https:\/\/vinilozona.lt\/#website","url":"https:\/\/vinilozona.lt\/","name":"Vinilo Zona","description":"Nup\u016bsk dulkes ir klausyk LP","potentialAction":[{"@type":"SearchAction","target":{"@type":"EntryPoint","urlTemplate":"https:\/\/vinilozona.lt\/?s={search_term_string}"},"query-input":{"@type":"PropertyValueSpecification","valueRequired":true,"valueName":"search_term_string"}}],"inLanguage":"en-GB"}]}},"_links":{"self":[{"href":"https:\/\/vinilozona.lt\/en\/wp-json\/wp\/v2\/product\/16392"}],"collection":[{"href":"https:\/\/vinilozona.lt\/en\/wp-json\/wp\/v2\/product"}],"about":[{"href":"https:\/\/vinilozona.lt\/en\/wp-json\/wp\/v2\/types\/product"}],"wp:featuredmedia":[{"embeddable":true,"href":"https:\/\/vinilozona.lt\/en\/wp-json\/wp\/v2\/media\/22038"}],"wp:attachment":[{"href":"https:\/\/vinilozona.lt\/en\/wp-json\/wp\/v2\/media?parent=16392"}],"wp:term":[{"taxonomy":"product_cat","embeddable":true,"href":"https:\/\/vinilozona.lt\/en\/wp-json\/wp\/v2\/product_cat?post=16392"},{"taxonomy":"product_tag","embeddable":true,"href":"https:\/\/vinilozona.lt\/en\/wp-json\/wp\/v2\/product_tag?post=16392"}],"curies":[{"name":"wp","href":"https:\/\/api.w.org\/{rel}","templated":true}]}}