{"id":16346,"date":"2026-02-28T05:02:14","date_gmt":"2026-02-28T03:02:14","guid":{"rendered":"https:\/\/vinilozona.lt\/?post_type=product&#038;p=16346"},"modified":"2026-02-28T06:53:52","modified_gmt":"2026-02-28T04:53:52","slug":"mike-oldfield-tubular-bells-ii","status":"publish","type":"product","link":"https:\/\/vinilozona.lt\/en\/parduotuve\/naujos-lp\/mike-oldfield-tubular-bells-ii\/","title":{"rendered":"Mike Oldfield \u2013 Tubular Bells II"},"content":{"rendered":"<p>A1\t\tSentinel\t8:06<br \/>\nA2\t\tDark Star\t2:16<br \/>\nA3\t\tClear Light\t5:47<br \/>\nA4\t\tBlue Saloon\t2:58<br \/>\nA5\t\tSunjammer\t2:32<br \/>\nA6\t\tRed Dawn\t1:49<br \/>\nA7\t\tThe Bell\t6:55<br \/>\nB1\t\tWeightless\t5:43<br \/>\nB2\t\tThe Great Plain\t4:46<br \/>\nB3\t\tSunset Door\t2:23<br \/>\nB4\t\tTattoo\t4:14<br \/>\nB5\t\tAltered State 5:12<br \/>\nB6\t\tMaya Gold\t4:00<br \/>\nB7\t\tMoonshine\t1:41<\/p>","protected":false},"excerpt":{"rendered":"<p>Warner Music \u2013 2564623323<br \/>\nFormat:<br \/>\nVinyl, LP, Album, Reissue, 180 Gram<br \/>\nCountry:<br \/>\nUK &#038; Europe<br \/>\nReleased:<br \/>\nApr 27, 2015<\/p>","protected":false},"featured_media":16347,"template":"","meta":[],"product_cat":[23],"product_tag":[74],"yoast_head":"<!-- This site is optimized with the Yoast SEO plugin v23.5 - https:\/\/yoast.com\/wordpress\/plugins\/seo\/ -->\n<title>Mike Oldfield \u2013 Tubular Bells II Vinilin\u0117 Plok\u0161tel\u0117 | Vinilozona.lt<\/title>\n<meta name=\"robots\" content=\"index, follow, max-snippet:-1, max-image-preview:large, max-video-preview:-1\" \/>\n<link rel=\"canonical\" href=\"https:\/\/vinilozona.lt\/en\/parduotuve\/naujos-lp\/mike-oldfield-tubular-bells-ii\/\" \/>\n<meta property=\"og:locale\" content=\"en_GB\" \/>\n<meta property=\"og:type\" content=\"article\" \/>\n<meta property=\"og:title\" content=\"Mike Oldfield \u2013 Tubular Bells II Vinilin\u0117 Plok\u0161tel\u0117 | Vinilozona.lt\" \/>\n<meta property=\"og:description\" content=\"Warner Music \u2013 2564623323 Format: Vinyl, LP, Album, Reissue, 180 Gram Country: UK &amp; Europe Released: Apr 27, 2015\" \/>\n<meta property=\"og:url\" content=\"https:\/\/vinilozona.lt\/en\/parduotuve\/naujos-lp\/mike-oldfield-tubular-bells-ii\/\" \/>\n<meta property=\"og:site_name\" content=\"Vinilo Zona\" \/>\n<meta property=\"article:modified_time\" content=\"2026-02-28T04:53:52+00:00\" \/>\n<meta property=\"og:image\" content=\"https:\/\/vinilozona.lt\/wp-content\/uploads\/2021\/10\/R-6795868-1430323621-5195.jpeg.jpg\" \/>\n\t<meta property=\"og:image:width\" content=\"600\" \/>\n\t<meta property=\"og:image:height\" content=\"600\" \/>\n\t<meta property=\"og:image:type\" content=\"image\/jpeg\" \/>\n<meta name=\"twitter:card\" content=\"summary_large_image\" \/>\n<script type=\"application\/ld+json\" class=\"yoast-schema-graph\">{\"@context\":\"https:\/\/schema.org\",\"@graph\":[{\"@type\":\"WebPage\",\"@id\":\"https:\/\/vinilozona.lt\/parduotuve\/naujos-lp\/mike-oldfield-tubular-bells-ii\/\",\"url\":\"https:\/\/vinilozona.lt\/parduotuve\/naujos-lp\/mike-oldfield-tubular-bells-ii\/\",\"name\":\"Mike Oldfield \u2013 Tubular Bells II Vinilin\u0117 Plok\u0161tel\u0117 | Vinilozona.lt\",\"isPartOf\":{\"@id\":\"https:\/\/vinilozona.lt\/#website\"},\"primaryImageOfPage\":{\"@id\":\"https:\/\/vinilozona.lt\/parduotuve\/naujos-lp\/mike-oldfield-tubular-bells-ii\/#primaryimage\"},\"image\":{\"@id\":\"https:\/\/vinilozona.lt\/parduotuve\/naujos-lp\/mike-oldfield-tubular-bells-ii\/#primaryimage\"},\"thumbnailUrl\":\"https:\/\/vinilozona.lt\/wp-content\/uploads\/2021\/10\/R-6795868-1430323621-5195.jpeg.jpg\",\"datePublished\":\"2026-02-28T03:02:14+00:00\",\"dateModified\":\"2026-02-28T04:53:52+00:00\",\"breadcrumb\":{\"@id\":\"https:\/\/vinilozona.lt\/parduotuve\/naujos-lp\/mike-oldfield-tubular-bells-ii\/#breadcrumb\"},\"inLanguage\":\"en-GB\",\"potentialAction\":[{\"@type\":\"ReadAction\",\"target\":[\"https:\/\/vinilozona.lt\/parduotuve\/naujos-lp\/mike-oldfield-tubular-bells-ii\/\"]}]},{\"@type\":\"ImageObject\",\"inLanguage\":\"en-GB\",\"@id\":\"https:\/\/vinilozona.lt\/parduotuve\/naujos-lp\/mike-oldfield-tubular-bells-ii\/#primaryimage\",\"url\":\"https:\/\/vinilozona.lt\/wp-content\/uploads\/2021\/10\/R-6795868-1430323621-5195.jpeg.jpg\",\"contentUrl\":\"https:\/\/vinilozona.lt\/wp-content\/uploads\/2021\/10\/R-6795868-1430323621-5195.jpeg.jpg\",\"width\":600,\"height\":600},{\"@type\":\"BreadcrumbList\",\"@id\":\"https:\/\/vinilozona.lt\/parduotuve\/naujos-lp\/mike-oldfield-tubular-bells-ii\/#breadcrumb\",\"itemListElement\":[{\"@type\":\"ListItem\",\"position\":1,\"name\":\"Home\",\"item\":\"https:\/\/vinilozona.lt\/\"},{\"@type\":\"ListItem\",\"position\":2,\"name\":\"Parduotuv\u0117\",\"item\":\"https:\/\/vinilozona.lt\/parduotuve\/\"},{\"@type\":\"ListItem\",\"position\":3,\"name\":\"Mike Oldfield \u2013 Tubular Bells II\"}]},{\"@type\":\"WebSite\",\"@id\":\"https:\/\/vinilozona.lt\/#website\",\"url\":\"https:\/\/vinilozona.lt\/\",\"name\":\"Vinilo Zona\",\"description\":\"Nup\u016bsk dulkes ir klausyk LP\",\"potentialAction\":[{\"@type\":\"SearchAction\",\"target\":{\"@type\":\"EntryPoint\",\"urlTemplate\":\"https:\/\/vinilozona.lt\/?s={search_term_string}\"},\"query-input\":{\"@type\":\"PropertyValueSpecification\",\"valueRequired\":true,\"valueName\":\"search_term_string\"}}],\"inLanguage\":\"en-GB\"}]}<\/script>\n<!-- \/ Yoast SEO plugin. -->","yoast_head_json":{"title":"Mike Oldfield \u2013 Tubular Bells II Vinilin\u0117 Plok\u0161tel\u0117 | Vinilozona.lt","robots":{"index":"index","follow":"follow","max-snippet":"max-snippet:-1","max-image-preview":"max-image-preview:large","max-video-preview":"max-video-preview:-1"},"canonical":"https:\/\/vinilozona.lt\/en\/parduotuve\/naujos-lp\/mike-oldfield-tubular-bells-ii\/","og_locale":"en_GB","og_type":"article","og_title":"Mike Oldfield \u2013 Tubular Bells II Vinilin\u0117 Plok\u0161tel\u0117 | Vinilozona.lt","og_description":"Warner Music \u2013 2564623323 Format: Vinyl, LP, Album, Reissue, 180 Gram Country: UK & Europe Released: Apr 27, 2015","og_url":"https:\/\/vinilozona.lt\/en\/parduotuve\/naujos-lp\/mike-oldfield-tubular-bells-ii\/","og_site_name":"Vinilo Zona","article_modified_time":"2026-02-28T04:53:52+00:00","og_image":[{"width":600,"height":600,"url":"https:\/\/vinilozona.lt\/wp-content\/uploads\/2021\/10\/R-6795868-1430323621-5195.jpeg.jpg","type":"image\/jpeg"}],"twitter_card":"summary_large_image","schema":{"@context":"https:\/\/schema.org","@graph":[{"@type":"WebPage","@id":"https:\/\/vinilozona.lt\/parduotuve\/naujos-lp\/mike-oldfield-tubular-bells-ii\/","url":"https:\/\/vinilozona.lt\/parduotuve\/naujos-lp\/mike-oldfield-tubular-bells-ii\/","name":"Mike Oldfield \u2013 Tubular Bells II Vinilin\u0117 Plok\u0161tel\u0117 | Vinilozona.lt","isPartOf":{"@id":"https:\/\/vinilozona.lt\/#website"},"primaryImageOfPage":{"@id":"https:\/\/vinilozona.lt\/parduotuve\/naujos-lp\/mike-oldfield-tubular-bells-ii\/#primaryimage"},"image":{"@id":"https:\/\/vinilozona.lt\/parduotuve\/naujos-lp\/mike-oldfield-tubular-bells-ii\/#primaryimage"},"thumbnailUrl":"https:\/\/vinilozona.lt\/wp-content\/uploads\/2021\/10\/R-6795868-1430323621-5195.jpeg.jpg","datePublished":"2026-02-28T03:02:14+00:00","dateModified":"2026-02-28T04:53:52+00:00","breadcrumb":{"@id":"https:\/\/vinilozona.lt\/parduotuve\/naujos-lp\/mike-oldfield-tubular-bells-ii\/#breadcrumb"},"inLanguage":"en-GB","potentialAction":[{"@type":"ReadAction","target":["https:\/\/vinilozona.lt\/parduotuve\/naujos-lp\/mike-oldfield-tubular-bells-ii\/"]}]},{"@type":"ImageObject","inLanguage":"en-GB","@id":"https:\/\/vinilozona.lt\/parduotuve\/naujos-lp\/mike-oldfield-tubular-bells-ii\/#primaryimage","url":"https:\/\/vinilozona.lt\/wp-content\/uploads\/2021\/10\/R-6795868-1430323621-5195.jpeg.jpg","contentUrl":"https:\/\/vinilozona.lt\/wp-content\/uploads\/2021\/10\/R-6795868-1430323621-5195.jpeg.jpg","width":600,"height":600},{"@type":"BreadcrumbList","@id":"https:\/\/vinilozona.lt\/parduotuve\/naujos-lp\/mike-oldfield-tubular-bells-ii\/#breadcrumb","itemListElement":[{"@type":"ListItem","position":1,"name":"Home","item":"https:\/\/vinilozona.lt\/"},{"@type":"ListItem","position":2,"name":"Parduotuv\u0117","item":"https:\/\/vinilozona.lt\/parduotuve\/"},{"@type":"ListItem","position":3,"name":"Mike Oldfield \u2013 Tubular Bells II"}]},{"@type":"WebSite","@id":"https:\/\/vinilozona.lt\/#website","url":"https:\/\/vinilozona.lt\/","name":"Vinilo Zona","description":"Nup\u016bsk dulkes ir klausyk LP","potentialAction":[{"@type":"SearchAction","target":{"@type":"EntryPoint","urlTemplate":"https:\/\/vinilozona.lt\/?s={search_term_string}"},"query-input":{"@type":"PropertyValueSpecification","valueRequired":true,"valueName":"search_term_string"}}],"inLanguage":"en-GB"}]}},"_links":{"self":[{"href":"https:\/\/vinilozona.lt\/en\/wp-json\/wp\/v2\/product\/16346"}],"collection":[{"href":"https:\/\/vinilozona.lt\/en\/wp-json\/wp\/v2\/product"}],"about":[{"href":"https:\/\/vinilozona.lt\/en\/wp-json\/wp\/v2\/types\/product"}],"wp:featuredmedia":[{"embeddable":true,"href":"https:\/\/vinilozona.lt\/en\/wp-json\/wp\/v2\/media\/16347"}],"wp:attachment":[{"href":"https:\/\/vinilozona.lt\/en\/wp-json\/wp\/v2\/media?parent=16346"}],"wp:term":[{"taxonomy":"product_cat","embeddable":true,"href":"https:\/\/vinilozona.lt\/en\/wp-json\/wp\/v2\/product_cat?post=16346"},{"taxonomy":"product_tag","embeddable":true,"href":"https:\/\/vinilozona.lt\/en\/wp-json\/wp\/v2\/product_tag?post=16346"}],"curies":[{"name":"wp","href":"https:\/\/api.w.org\/{rel}","templated":true}]}}