{"id":16321,"date":"2025-08-22T22:27:26","date_gmt":"2025-08-22T19:27:26","guid":{"rendered":"https:\/\/vinilozona.lt\/?post_type=product&#038;p=16321"},"modified":"2025-08-23T16:27:59","modified_gmt":"2025-08-23T13:27:59","slug":"%d0%b4%d0%b6%d0%be-%d0%b4%d0%b0%d1%81%d1%81%d0%b5%d0%bd-%d0%bb%d1%8e%d0%ba%d1%81%d0%b5%d0%bc%d0%b1%d1%83%d1%80%d0%b3%d1%81%d0%ba%d0%b8%d0%b9-%d1%81%d0%b0%d0%b4","status":"publish","type":"product","link":"https:\/\/vinilozona.lt\/en\/parduotuve\/kita\/%d0%b4%d0%b6%d0%be-%d0%b4%d0%b0%d1%81%d1%81%d0%b5%d0%bd-%d0%bb%d1%8e%d0%ba%d1%81%d0%b5%d0%bc%d0%b1%d1%83%d1%80%d0%b3%d1%81%d0%ba%d0%b8%d0%b9-%d1%81%d0%b0%d0%b4\/","title":{"rendered":"Joe Dassin \u2013 Le Jardin Du Luxembourg \/ \u0414\u0436\u043e \u0414\u0430\u0441\u0441\u0435\u043d \u2013 \u041b\u044e\u043a\u0441\u0435\u043c\u0431\u0443\u0440\u0433\u0441\u043a\u0438\u0439 \u0421\u0430\u0434"},"content":{"rendered":"<p>A1\t\t\u041b\u044e\u043a\u0441\u0435\u043c\u0431\u0443\u0440\u0433\u0441\u043a\u0438\u0439 \u0421\u0430\u0434 = Le Jardin Du Luxembourg 12:00<br \/>\nA2\t\t\u041e\u0434\u043d\u0430\u0436\u0434\u044b \u041c\u044b \u0411\u044b\u043b\u0438 \u0412\u0434\u0432\u043e\u0435\u043c = Il Etait Une Fois Nous Deux 3:55<br \/>\nB1\t\t\u041a \u0422\u0435\u0431\u0435 = A Toi 2:50<br \/>\nB2\t\t\u041a\u0430\u0444\u0435 \u0422\u0440\u0435\u0445 \u0413\u043e\u043b\u0443\u0431\u043e\u043a = Le Cafe Des 3 Colombes 4:12<br \/>\nB3\t\t\u041a\u0430\u043a \u0413\u043e\u0432\u043e\u0440\u0438\u043b \u0412\u0430\u043b\u0435\u043d\u0442\u0438\u043d = Comme Disait Valentine 3:03<br \/>\nB4\t\t\u041d\u0435 \u0422\u0440\u0435\u0432\u043e\u0436\u044c \u041c\u043e\u0439 \u0421\u043e\u043d = Laisse\u2014Moi Dormir 2:40<br \/>\nB5\t\t\u0427\u0442\u043e \u0421\u0442\u0430\u043b\u043e \u0421 \u041c\u043e\u0435\u0439 \u041b\u044e\u0431\u043e\u0432\u044c\u044e? = Que Sont Devenues Mes Amours? 3:30<\/p>","protected":false},"excerpt":{"rendered":"<p>33 \u0421 60\u201412945-6<\/p>","protected":false},"featured_media":16323,"template":"","meta":[],"product_cat":[21],"product_tag":[55],"yoast_head":"<!-- This site is optimized with the Yoast SEO plugin v23.5 - https:\/\/yoast.com\/wordpress\/plugins\/seo\/ -->\n<title>Joe Dassin \u2013 Le Jardin Du Luxembourg \/ \u0414\u0436\u043e \u0414\u0430\u0441\u0441\u0435\u043d \u2013 \u041b\u044e\u043a\u0441\u0435\u043c\u0431\u0443\u0440\u0433\u0441\u043a\u0438\u0439 \u0421\u0430\u0434 Vinilin\u0117 Plok\u0161tel\u0117 | Vinilozona.lt<\/title>\n<meta name=\"robots\" content=\"index, follow, max-snippet:-1, max-image-preview:large, max-video-preview:-1\" \/>\n<link rel=\"canonical\" href=\"https:\/\/vinilozona.lt\/en\/parduotuve\/kita\/\u0434\u0436\u043e-\u0434\u0430\u0441\u0441\u0435\u043d-\u043b\u044e\u043a\u0441\u0435\u043c\u0431\u0443\u0440\u0433\u0441\u043a\u0438\u0439-\u0441\u0430\u0434\/\" \/>\n<meta property=\"og:locale\" content=\"en_GB\" \/>\n<meta property=\"og:type\" content=\"article\" \/>\n<meta property=\"og:title\" content=\"Joe Dassin \u2013 Le Jardin Du Luxembourg \/ \u0414\u0436\u043e \u0414\u0430\u0441\u0441\u0435\u043d \u2013 \u041b\u044e\u043a\u0441\u0435\u043c\u0431\u0443\u0440\u0433\u0441\u043a\u0438\u0439 \u0421\u0430\u0434 Vinilin\u0117 Plok\u0161tel\u0117 | Vinilozona.lt\" \/>\n<meta property=\"og:description\" content=\"33 \u0421 60\u201412945-6\" \/>\n<meta property=\"og:url\" content=\"https:\/\/vinilozona.lt\/en\/parduotuve\/kita\/\u0434\u0436\u043e-\u0434\u0430\u0441\u0441\u0435\u043d-\u043b\u044e\u043a\u0441\u0435\u043c\u0431\u0443\u0440\u0433\u0441\u043a\u0438\u0439-\u0441\u0430\u0434\/\" \/>\n<meta property=\"og:site_name\" content=\"Vinilo Zona\" \/>\n<meta property=\"article:modified_time\" content=\"2025-08-23T13:27:59+00:00\" \/>\n<meta property=\"og:image\" content=\"https:\/\/vinilozona.lt\/wp-content\/uploads\/2021\/10\/R-3832902-1346178855-8782.jpeg.jpg\" \/>\n\t<meta property=\"og:image:width\" content=\"600\" \/>\n\t<meta property=\"og:image:height\" content=\"596\" \/>\n\t<meta property=\"og:image:type\" content=\"image\/jpeg\" \/>\n<meta name=\"twitter:card\" content=\"summary_large_image\" \/>\n<meta name=\"twitter:label1\" content=\"Estimated reading time\" \/>\n\t<meta name=\"twitter:data1\" content=\"1 minute\" \/>\n<script type=\"application\/ld+json\" class=\"yoast-schema-graph\">{\"@context\":\"https:\/\/schema.org\",\"@graph\":[{\"@type\":\"WebPage\",\"@id\":\"https:\/\/vinilozona.lt\/parduotuve\/kita\/%d0%b4%d0%b6%d0%be-%d0%b4%d0%b0%d1%81%d1%81%d0%b5%d0%bd-%d0%bb%d1%8e%d0%ba%d1%81%d0%b5%d0%bc%d0%b1%d1%83%d1%80%d0%b3%d1%81%d0%ba%d0%b8%d0%b9-%d1%81%d0%b0%d0%b4\/\",\"url\":\"https:\/\/vinilozona.lt\/parduotuve\/kita\/%d0%b4%d0%b6%d0%be-%d0%b4%d0%b0%d1%81%d1%81%d0%b5%d0%bd-%d0%bb%d1%8e%d0%ba%d1%81%d0%b5%d0%bc%d0%b1%d1%83%d1%80%d0%b3%d1%81%d0%ba%d0%b8%d0%b9-%d1%81%d0%b0%d0%b4\/\",\"name\":\"Joe Dassin \u2013 Le Jardin Du Luxembourg \/ \u0414\u0436\u043e \u0414\u0430\u0441\u0441\u0435\u043d \u2013 \u041b\u044e\u043a\u0441\u0435\u043c\u0431\u0443\u0440\u0433\u0441\u043a\u0438\u0439 \u0421\u0430\u0434 Vinilin\u0117 Plok\u0161tel\u0117 | Vinilozona.lt\",\"isPartOf\":{\"@id\":\"https:\/\/vinilozona.lt\/#website\"},\"primaryImageOfPage\":{\"@id\":\"https:\/\/vinilozona.lt\/parduotuve\/kita\/%d0%b4%d0%b6%d0%be-%d0%b4%d0%b0%d1%81%d1%81%d0%b5%d0%bd-%d0%bb%d1%8e%d0%ba%d1%81%d0%b5%d0%bc%d0%b1%d1%83%d1%80%d0%b3%d1%81%d0%ba%d0%b8%d0%b9-%d1%81%d0%b0%d0%b4\/#primaryimage\"},\"image\":{\"@id\":\"https:\/\/vinilozona.lt\/parduotuve\/kita\/%d0%b4%d0%b6%d0%be-%d0%b4%d0%b0%d1%81%d1%81%d0%b5%d0%bd-%d0%bb%d1%8e%d0%ba%d1%81%d0%b5%d0%bc%d0%b1%d1%83%d1%80%d0%b3%d1%81%d0%ba%d0%b8%d0%b9-%d1%81%d0%b0%d0%b4\/#primaryimage\"},\"thumbnailUrl\":\"https:\/\/vinilozona.lt\/wp-content\/uploads\/2021\/10\/R-3832902-1346178855-8782.jpeg.jpg\",\"datePublished\":\"2025-08-22T19:27:26+00:00\",\"dateModified\":\"2025-08-23T13:27:59+00:00\",\"breadcrumb\":{\"@id\":\"https:\/\/vinilozona.lt\/parduotuve\/kita\/%d0%b4%d0%b6%d0%be-%d0%b4%d0%b0%d1%81%d1%81%d0%b5%d0%bd-%d0%bb%d1%8e%d0%ba%d1%81%d0%b5%d0%bc%d0%b1%d1%83%d1%80%d0%b3%d1%81%d0%ba%d0%b8%d0%b9-%d1%81%d0%b0%d0%b4\/#breadcrumb\"},\"inLanguage\":\"en-GB\",\"potentialAction\":[{\"@type\":\"ReadAction\",\"target\":[\"https:\/\/vinilozona.lt\/parduotuve\/kita\/%d0%b4%d0%b6%d0%be-%d0%b4%d0%b0%d1%81%d1%81%d0%b5%d0%bd-%d0%bb%d1%8e%d0%ba%d1%81%d0%b5%d0%bc%d0%b1%d1%83%d1%80%d0%b3%d1%81%d0%ba%d0%b8%d0%b9-%d1%81%d0%b0%d0%b4\/\"]}]},{\"@type\":\"ImageObject\",\"inLanguage\":\"en-GB\",\"@id\":\"https:\/\/vinilozona.lt\/parduotuve\/kita\/%d0%b4%d0%b6%d0%be-%d0%b4%d0%b0%d1%81%d1%81%d0%b5%d0%bd-%d0%bb%d1%8e%d0%ba%d1%81%d0%b5%d0%bc%d0%b1%d1%83%d1%80%d0%b3%d1%81%d0%ba%d0%b8%d0%b9-%d1%81%d0%b0%d0%b4\/#primaryimage\",\"url\":\"https:\/\/vinilozona.lt\/wp-content\/uploads\/2021\/10\/R-3832902-1346178855-8782.jpeg.jpg\",\"contentUrl\":\"https:\/\/vinilozona.lt\/wp-content\/uploads\/2021\/10\/R-3832902-1346178855-8782.jpeg.jpg\",\"width\":600,\"height\":596},{\"@type\":\"BreadcrumbList\",\"@id\":\"https:\/\/vinilozona.lt\/parduotuve\/kita\/%d0%b4%d0%b6%d0%be-%d0%b4%d0%b0%d1%81%d1%81%d0%b5%d0%bd-%d0%bb%d1%8e%d0%ba%d1%81%d0%b5%d0%bc%d0%b1%d1%83%d1%80%d0%b3%d1%81%d0%ba%d0%b8%d0%b9-%d1%81%d0%b0%d0%b4\/#breadcrumb\",\"itemListElement\":[{\"@type\":\"ListItem\",\"position\":1,\"name\":\"Home\",\"item\":\"https:\/\/vinilozona.lt\/\"},{\"@type\":\"ListItem\",\"position\":2,\"name\":\"Parduotuv\u0117\",\"item\":\"https:\/\/vinilozona.lt\/parduotuve\/\"},{\"@type\":\"ListItem\",\"position\":3,\"name\":\"Joe Dassin \u2013 Le Jardin Du Luxembourg \/ \u0414\u0436\u043e \u0414\u0430\u0441\u0441\u0435\u043d \u2013 \u041b\u044e\u043a\u0441\u0435\u043c\u0431\u0443\u0440\u0433\u0441\u043a\u0438\u0439 \u0421\u0430\u0434\"}]},{\"@type\":\"WebSite\",\"@id\":\"https:\/\/vinilozona.lt\/#website\",\"url\":\"https:\/\/vinilozona.lt\/\",\"name\":\"Vinilo Zona\",\"description\":\"Nup\u016bsk dulkes ir klausyk LP\",\"potentialAction\":[{\"@type\":\"SearchAction\",\"target\":{\"@type\":\"EntryPoint\",\"urlTemplate\":\"https:\/\/vinilozona.lt\/?s={search_term_string}\"},\"query-input\":{\"@type\":\"PropertyValueSpecification\",\"valueRequired\":true,\"valueName\":\"search_term_string\"}}],\"inLanguage\":\"en-GB\"}]}<\/script>\n<!-- \/ Yoast SEO plugin. -->","yoast_head_json":{"title":"Joe Dassin \u2013 Le Jardin Du Luxembourg \/ \u0414\u0436\u043e \u0414\u0430\u0441\u0441\u0435\u043d \u2013 \u041b\u044e\u043a\u0441\u0435\u043c\u0431\u0443\u0440\u0433\u0441\u043a\u0438\u0439 \u0421\u0430\u0434 Vinilin\u0117 Plok\u0161tel\u0117 | Vinilozona.lt","robots":{"index":"index","follow":"follow","max-snippet":"max-snippet:-1","max-image-preview":"max-image-preview:large","max-video-preview":"max-video-preview:-1"},"canonical":"https:\/\/vinilozona.lt\/en\/parduotuve\/kita\/\u0434\u0436\u043e-\u0434\u0430\u0441\u0441\u0435\u043d-\u043b\u044e\u043a\u0441\u0435\u043c\u0431\u0443\u0440\u0433\u0441\u043a\u0438\u0439-\u0441\u0430\u0434\/","og_locale":"en_GB","og_type":"article","og_title":"Joe Dassin \u2013 Le Jardin Du Luxembourg \/ \u0414\u0436\u043e \u0414\u0430\u0441\u0441\u0435\u043d \u2013 \u041b\u044e\u043a\u0441\u0435\u043c\u0431\u0443\u0440\u0433\u0441\u043a\u0438\u0439 \u0421\u0430\u0434 Vinilin\u0117 Plok\u0161tel\u0117 | Vinilozona.lt","og_description":"33 \u0421 60\u201412945-6","og_url":"https:\/\/vinilozona.lt\/en\/parduotuve\/kita\/\u0434\u0436\u043e-\u0434\u0430\u0441\u0441\u0435\u043d-\u043b\u044e\u043a\u0441\u0435\u043c\u0431\u0443\u0440\u0433\u0441\u043a\u0438\u0439-\u0441\u0430\u0434\/","og_site_name":"Vinilo Zona","article_modified_time":"2025-08-23T13:27:59+00:00","og_image":[{"width":600,"height":596,"url":"https:\/\/vinilozona.lt\/wp-content\/uploads\/2021\/10\/R-3832902-1346178855-8782.jpeg.jpg","type":"image\/jpeg"}],"twitter_card":"summary_large_image","twitter_misc":{"Estimated reading time":"1 minute"},"schema":{"@context":"https:\/\/schema.org","@graph":[{"@type":"WebPage","@id":"https:\/\/vinilozona.lt\/parduotuve\/kita\/%d0%b4%d0%b6%d0%be-%d0%b4%d0%b0%d1%81%d1%81%d0%b5%d0%bd-%d0%bb%d1%8e%d0%ba%d1%81%d0%b5%d0%bc%d0%b1%d1%83%d1%80%d0%b3%d1%81%d0%ba%d0%b8%d0%b9-%d1%81%d0%b0%d0%b4\/","url":"https:\/\/vinilozona.lt\/parduotuve\/kita\/%d0%b4%d0%b6%d0%be-%d0%b4%d0%b0%d1%81%d1%81%d0%b5%d0%bd-%d0%bb%d1%8e%d0%ba%d1%81%d0%b5%d0%bc%d0%b1%d1%83%d1%80%d0%b3%d1%81%d0%ba%d0%b8%d0%b9-%d1%81%d0%b0%d0%b4\/","name":"Joe Dassin \u2013 Le Jardin Du Luxembourg \/ \u0414\u0436\u043e \u0414\u0430\u0441\u0441\u0435\u043d \u2013 \u041b\u044e\u043a\u0441\u0435\u043c\u0431\u0443\u0440\u0433\u0441\u043a\u0438\u0439 \u0421\u0430\u0434 Vinilin\u0117 Plok\u0161tel\u0117 | Vinilozona.lt","isPartOf":{"@id":"https:\/\/vinilozona.lt\/#website"},"primaryImageOfPage":{"@id":"https:\/\/vinilozona.lt\/parduotuve\/kita\/%d0%b4%d0%b6%d0%be-%d0%b4%d0%b0%d1%81%d1%81%d0%b5%d0%bd-%d0%bb%d1%8e%d0%ba%d1%81%d0%b5%d0%bc%d0%b1%d1%83%d1%80%d0%b3%d1%81%d0%ba%d0%b8%d0%b9-%d1%81%d0%b0%d0%b4\/#primaryimage"},"image":{"@id":"https:\/\/vinilozona.lt\/parduotuve\/kita\/%d0%b4%d0%b6%d0%be-%d0%b4%d0%b0%d1%81%d1%81%d0%b5%d0%bd-%d0%bb%d1%8e%d0%ba%d1%81%d0%b5%d0%bc%d0%b1%d1%83%d1%80%d0%b3%d1%81%d0%ba%d0%b8%d0%b9-%d1%81%d0%b0%d0%b4\/#primaryimage"},"thumbnailUrl":"https:\/\/vinilozona.lt\/wp-content\/uploads\/2021\/10\/R-3832902-1346178855-8782.jpeg.jpg","datePublished":"2025-08-22T19:27:26+00:00","dateModified":"2025-08-23T13:27:59+00:00","breadcrumb":{"@id":"https:\/\/vinilozona.lt\/parduotuve\/kita\/%d0%b4%d0%b6%d0%be-%d0%b4%d0%b0%d1%81%d1%81%d0%b5%d0%bd-%d0%bb%d1%8e%d0%ba%d1%81%d0%b5%d0%bc%d0%b1%d1%83%d1%80%d0%b3%d1%81%d0%ba%d0%b8%d0%b9-%d1%81%d0%b0%d0%b4\/#breadcrumb"},"inLanguage":"en-GB","potentialAction":[{"@type":"ReadAction","target":["https:\/\/vinilozona.lt\/parduotuve\/kita\/%d0%b4%d0%b6%d0%be-%d0%b4%d0%b0%d1%81%d1%81%d0%b5%d0%bd-%d0%bb%d1%8e%d0%ba%d1%81%d0%b5%d0%bc%d0%b1%d1%83%d1%80%d0%b3%d1%81%d0%ba%d0%b8%d0%b9-%d1%81%d0%b0%d0%b4\/"]}]},{"@type":"ImageObject","inLanguage":"en-GB","@id":"https:\/\/vinilozona.lt\/parduotuve\/kita\/%d0%b4%d0%b6%d0%be-%d0%b4%d0%b0%d1%81%d1%81%d0%b5%d0%bd-%d0%bb%d1%8e%d0%ba%d1%81%d0%b5%d0%bc%d0%b1%d1%83%d1%80%d0%b3%d1%81%d0%ba%d0%b8%d0%b9-%d1%81%d0%b0%d0%b4\/#primaryimage","url":"https:\/\/vinilozona.lt\/wp-content\/uploads\/2021\/10\/R-3832902-1346178855-8782.jpeg.jpg","contentUrl":"https:\/\/vinilozona.lt\/wp-content\/uploads\/2021\/10\/R-3832902-1346178855-8782.jpeg.jpg","width":600,"height":596},{"@type":"BreadcrumbList","@id":"https:\/\/vinilozona.lt\/parduotuve\/kita\/%d0%b4%d0%b6%d0%be-%d0%b4%d0%b0%d1%81%d1%81%d0%b5%d0%bd-%d0%bb%d1%8e%d0%ba%d1%81%d0%b5%d0%bc%d0%b1%d1%83%d1%80%d0%b3%d1%81%d0%ba%d0%b8%d0%b9-%d1%81%d0%b0%d0%b4\/#breadcrumb","itemListElement":[{"@type":"ListItem","position":1,"name":"Home","item":"https:\/\/vinilozona.lt\/"},{"@type":"ListItem","position":2,"name":"Parduotuv\u0117","item":"https:\/\/vinilozona.lt\/parduotuve\/"},{"@type":"ListItem","position":3,"name":"Joe Dassin \u2013 Le Jardin Du Luxembourg \/ \u0414\u0436\u043e \u0414\u0430\u0441\u0441\u0435\u043d \u2013 \u041b\u044e\u043a\u0441\u0435\u043c\u0431\u0443\u0440\u0433\u0441\u043a\u0438\u0439 \u0421\u0430\u0434"}]},{"@type":"WebSite","@id":"https:\/\/vinilozona.lt\/#website","url":"https:\/\/vinilozona.lt\/","name":"Vinilo Zona","description":"Nup\u016bsk dulkes ir klausyk LP","potentialAction":[{"@type":"SearchAction","target":{"@type":"EntryPoint","urlTemplate":"https:\/\/vinilozona.lt\/?s={search_term_string}"},"query-input":{"@type":"PropertyValueSpecification","valueRequired":true,"valueName":"search_term_string"}}],"inLanguage":"en-GB"}]}},"_links":{"self":[{"href":"https:\/\/vinilozona.lt\/en\/wp-json\/wp\/v2\/product\/16321"}],"collection":[{"href":"https:\/\/vinilozona.lt\/en\/wp-json\/wp\/v2\/product"}],"about":[{"href":"https:\/\/vinilozona.lt\/en\/wp-json\/wp\/v2\/types\/product"}],"wp:featuredmedia":[{"embeddable":true,"href":"https:\/\/vinilozona.lt\/en\/wp-json\/wp\/v2\/media\/16323"}],"wp:attachment":[{"href":"https:\/\/vinilozona.lt\/en\/wp-json\/wp\/v2\/media?parent=16321"}],"wp:term":[{"taxonomy":"product_cat","embeddable":true,"href":"https:\/\/vinilozona.lt\/en\/wp-json\/wp\/v2\/product_cat?post=16321"},{"taxonomy":"product_tag","embeddable":true,"href":"https:\/\/vinilozona.lt\/en\/wp-json\/wp\/v2\/product_tag?post=16321"}],"curies":[{"name":"wp","href":"https:\/\/api.w.org\/{rel}","templated":true}]}}