{"id":16319,"date":"2025-08-22T22:22:51","date_gmt":"2025-08-22T19:22:51","guid":{"rendered":"https:\/\/vinilozona.lt\/?post_type=product&#038;p=16319"},"modified":"2025-08-23T16:30:13","modified_gmt":"2025-08-23T13:30:13","slug":"%d0%b4%d0%b6%d0%be-%d0%b4%d0%b0%d1%81%d1%81%d0%b5%d0%bd-%d0%bf%d0%be%d0%b5%d1%82-%d0%b4%d0%b6%d0%be-%d0%b4%d0%b0%d1%81%d1%81%d0%b5%d0%bd","status":"publish","type":"product","link":"https:\/\/vinilozona.lt\/en\/parduotuve\/kita\/%d0%b4%d0%b6%d0%be-%d0%b4%d0%b0%d1%81%d1%81%d0%b5%d0%bd-%d0%bf%d0%be%d0%b5%d1%82-%d0%b4%d0%b6%d0%be-%d0%b4%d0%b0%d1%81%d1%81%d0%b5%d0%bd\/","title":{"rendered":"Joe Dassin \/ \u0414\u0436\u043e \u0414\u0430\u0441\u0441\u0435\u043d \u2013 \u041f\u043e\u0435\u0442 \u0414\u0436\u043e \u0414\u0430\u0441\u0441\u0435\u043d"},"content":{"rendered":"<p>\u0415\u0441\u043b\u0438 \u0411\u044b \u0422\u0435\u0431\u044f \u041d\u0435 \u0411\u044b\u043b\u043e \u00b7 Et Si Tu N&#8217;Existais Pas\t3:25<br \/>\n\u0410\u043b\u044c\u0431\u0430\u0442\u0440\u043e\u0441 \u00b7 L&#8217; Albatros\t3:05<br \/>\n\u041c\u043e\u044f \u041c\u0443\u0437\u044b\u043a\u0430 \u00b7 Ma Musique\t2:50<br \/>\n\u042d\u0442\u043e \u041d\u0435 \u0418\u0437\u043c\u0435\u043d\u0438\u0442 \u041c\u0438\u0440 \u00b7 Ca Va Pas Changer Le Monde\t3:00<br \/>\n\u041f\u0440\u0438\u0432\u0435\u0442 \u00b7 Salut\t3:20<br \/>\n\u0415\u043b\u0438\u0441\u0435\u0439\u0441\u043a\u0438\u0435 \u041f\u043e\u043b\u044f \u00b7 Les Champs-Elys\u00e9es\t2:40<br \/>\n\u0415\u0441\u043b\u0438 \u0422\u0435\u0431\u0435 \u0413\u0440\u0443\u0441\u0442\u043d\u043e \u00b7 Si Tu T&#8217; Appelles M\u00e9lancolie\t3:17<br \/>\n\u0411\u0430\u0431\u044c\u0435 \u041b\u0435\u0442\u043e \u00b7 L&#8217;Ete Indien\t4:30<br \/>\n\u041d\u0430\u0441\u0432\u0438\u0441\u0442\u044b\u0432\u0430\u044f \u041d\u0430 \u0425\u043e\u043b\u043c\u0435 \u00b7 Siffler Sur La Colline.\t2:30<br \/>\n\u0414\u043e\u0440\u043e\u0433\u043e\u0439 \u041e\u0442\u0446\u0430 \u00b7 Le Chemin De Papa\t2:22<br \/>\n\u041c\u043e\u044f \u041f\u0440\u0435\u043a\u0440\u0430\u0441\u043d\u0430\u044f \u0417\u0432\u0435\u0437\u0434\u0430 \u00b7 Ma Bonne Etoile\t2:37<br \/>\n\u0411\u0443\u043b\u043e\u0447\u043a\u0430 \u0421 \u0428\u043e\u043a\u043e\u043b\u0430\u0434\u043e\u043c \u00b7 Le Petit Pain Au Chocolat\t3:30<br \/>\n\u0410\u043c\u0435\u0440\u0438\u043a\u0430 \u00b7 L&#8217;Amerique\t2:27<br \/>\n\u041d\u0443\u0430\u0437\u0435\u0442\u0442 \u0418 \u041a\u0430\u0441\u0441\u0438\u0434\u0438 \u00b7 Noisette Et Cassidy\t2:50<\/p>","protected":false},"excerpt":{"rendered":"<p>\u0421 60\u201413005-6<\/p>","protected":false},"featured_media":16320,"template":"","meta":[],"product_cat":[21],"product_tag":[55],"yoast_head":"<!-- This site is optimized with the Yoast SEO plugin v23.5 - https:\/\/yoast.com\/wordpress\/plugins\/seo\/ -->\n<title>Joe Dassin \/ \u0414\u0436\u043e \u0414\u0430\u0441\u0441\u0435\u043d \u2013 \u041f\u043e\u0435\u0442 \u0414\u0436\u043e \u0414\u0430\u0441\u0441\u0435\u043d Vinilin\u0117 Plok\u0161tel\u0117 | Vinilozona.lt<\/title>\n<meta name=\"robots\" content=\"index, follow, max-snippet:-1, max-image-preview:large, max-video-preview:-1\" \/>\n<link rel=\"canonical\" href=\"https:\/\/vinilozona.lt\/en\/parduotuve\/kita\/\u0434\u0436\u043e-\u0434\u0430\u0441\u0441\u0435\u043d-\u043f\u043e\u0435\u0442-\u0434\u0436\u043e-\u0434\u0430\u0441\u0441\u0435\u043d\/\" \/>\n<meta property=\"og:locale\" content=\"en_GB\" \/>\n<meta property=\"og:type\" content=\"article\" \/>\n<meta property=\"og:title\" content=\"Joe Dassin \/ \u0414\u0436\u043e \u0414\u0430\u0441\u0441\u0435\u043d \u2013 \u041f\u043e\u0435\u0442 \u0414\u0436\u043e \u0414\u0430\u0441\u0441\u0435\u043d Vinilin\u0117 Plok\u0161tel\u0117 | Vinilozona.lt\" \/>\n<meta property=\"og:description\" content=\"\u0421 60\u201413005-6\" \/>\n<meta property=\"og:url\" content=\"https:\/\/vinilozona.lt\/en\/parduotuve\/kita\/\u0434\u0436\u043e-\u0434\u0430\u0441\u0441\u0435\u043d-\u043f\u043e\u0435\u0442-\u0434\u0436\u043e-\u0434\u0430\u0441\u0441\u0435\u043d\/\" \/>\n<meta property=\"og:site_name\" content=\"Vinilo Zona\" \/>\n<meta property=\"article:modified_time\" content=\"2025-08-23T13:30:13+00:00\" \/>\n<meta property=\"og:image\" content=\"https:\/\/vinilozona.lt\/wp-content\/uploads\/2021\/10\/R-4343619-1385683592-6393.jpeg.jpg\" \/>\n\t<meta property=\"og:image:width\" content=\"600\" \/>\n\t<meta property=\"og:image:height\" content=\"605\" \/>\n\t<meta property=\"og:image:type\" content=\"image\/jpeg\" \/>\n<meta name=\"twitter:card\" content=\"summary_large_image\" \/>\n<meta name=\"twitter:label1\" content=\"Estimated reading time\" \/>\n\t<meta name=\"twitter:data1\" content=\"1 minute\" \/>\n<script type=\"application\/ld+json\" class=\"yoast-schema-graph\">{\"@context\":\"https:\/\/schema.org\",\"@graph\":[{\"@type\":\"WebPage\",\"@id\":\"https:\/\/vinilozona.lt\/parduotuve\/kita\/%d0%b4%d0%b6%d0%be-%d0%b4%d0%b0%d1%81%d1%81%d0%b5%d0%bd-%d0%bf%d0%be%d0%b5%d1%82-%d0%b4%d0%b6%d0%be-%d0%b4%d0%b0%d1%81%d1%81%d0%b5%d0%bd\/\",\"url\":\"https:\/\/vinilozona.lt\/parduotuve\/kita\/%d0%b4%d0%b6%d0%be-%d0%b4%d0%b0%d1%81%d1%81%d0%b5%d0%bd-%d0%bf%d0%be%d0%b5%d1%82-%d0%b4%d0%b6%d0%be-%d0%b4%d0%b0%d1%81%d1%81%d0%b5%d0%bd\/\",\"name\":\"Joe Dassin \/ \u0414\u0436\u043e \u0414\u0430\u0441\u0441\u0435\u043d \u2013 \u041f\u043e\u0435\u0442 \u0414\u0436\u043e \u0414\u0430\u0441\u0441\u0435\u043d Vinilin\u0117 Plok\u0161tel\u0117 | Vinilozona.lt\",\"isPartOf\":{\"@id\":\"https:\/\/vinilozona.lt\/#website\"},\"primaryImageOfPage\":{\"@id\":\"https:\/\/vinilozona.lt\/parduotuve\/kita\/%d0%b4%d0%b6%d0%be-%d0%b4%d0%b0%d1%81%d1%81%d0%b5%d0%bd-%d0%bf%d0%be%d0%b5%d1%82-%d0%b4%d0%b6%d0%be-%d0%b4%d0%b0%d1%81%d1%81%d0%b5%d0%bd\/#primaryimage\"},\"image\":{\"@id\":\"https:\/\/vinilozona.lt\/parduotuve\/kita\/%d0%b4%d0%b6%d0%be-%d0%b4%d0%b0%d1%81%d1%81%d0%b5%d0%bd-%d0%bf%d0%be%d0%b5%d1%82-%d0%b4%d0%b6%d0%be-%d0%b4%d0%b0%d1%81%d1%81%d0%b5%d0%bd\/#primaryimage\"},\"thumbnailUrl\":\"https:\/\/vinilozona.lt\/wp-content\/uploads\/2021\/10\/R-4343619-1385683592-6393.jpeg.jpg\",\"datePublished\":\"2025-08-22T19:22:51+00:00\",\"dateModified\":\"2025-08-23T13:30:13+00:00\",\"breadcrumb\":{\"@id\":\"https:\/\/vinilozona.lt\/parduotuve\/kita\/%d0%b4%d0%b6%d0%be-%d0%b4%d0%b0%d1%81%d1%81%d0%b5%d0%bd-%d0%bf%d0%be%d0%b5%d1%82-%d0%b4%d0%b6%d0%be-%d0%b4%d0%b0%d1%81%d1%81%d0%b5%d0%bd\/#breadcrumb\"},\"inLanguage\":\"en-GB\",\"potentialAction\":[{\"@type\":\"ReadAction\",\"target\":[\"https:\/\/vinilozona.lt\/parduotuve\/kita\/%d0%b4%d0%b6%d0%be-%d0%b4%d0%b0%d1%81%d1%81%d0%b5%d0%bd-%d0%bf%d0%be%d0%b5%d1%82-%d0%b4%d0%b6%d0%be-%d0%b4%d0%b0%d1%81%d1%81%d0%b5%d0%bd\/\"]}]},{\"@type\":\"ImageObject\",\"inLanguage\":\"en-GB\",\"@id\":\"https:\/\/vinilozona.lt\/parduotuve\/kita\/%d0%b4%d0%b6%d0%be-%d0%b4%d0%b0%d1%81%d1%81%d0%b5%d0%bd-%d0%bf%d0%be%d0%b5%d1%82-%d0%b4%d0%b6%d0%be-%d0%b4%d0%b0%d1%81%d1%81%d0%b5%d0%bd\/#primaryimage\",\"url\":\"https:\/\/vinilozona.lt\/wp-content\/uploads\/2021\/10\/R-4343619-1385683592-6393.jpeg.jpg\",\"contentUrl\":\"https:\/\/vinilozona.lt\/wp-content\/uploads\/2021\/10\/R-4343619-1385683592-6393.jpeg.jpg\",\"width\":600,\"height\":605},{\"@type\":\"BreadcrumbList\",\"@id\":\"https:\/\/vinilozona.lt\/parduotuve\/kita\/%d0%b4%d0%b6%d0%be-%d0%b4%d0%b0%d1%81%d1%81%d0%b5%d0%bd-%d0%bf%d0%be%d0%b5%d1%82-%d0%b4%d0%b6%d0%be-%d0%b4%d0%b0%d1%81%d1%81%d0%b5%d0%bd\/#breadcrumb\",\"itemListElement\":[{\"@type\":\"ListItem\",\"position\":1,\"name\":\"Home\",\"item\":\"https:\/\/vinilozona.lt\/\"},{\"@type\":\"ListItem\",\"position\":2,\"name\":\"Parduotuv\u0117\",\"item\":\"https:\/\/vinilozona.lt\/parduotuve\/\"},{\"@type\":\"ListItem\",\"position\":3,\"name\":\"Joe Dassin \/ \u0414\u0436\u043e \u0414\u0430\u0441\u0441\u0435\u043d \u2013 \u041f\u043e\u0435\u0442 \u0414\u0436\u043e \u0414\u0430\u0441\u0441\u0435\u043d\"}]},{\"@type\":\"WebSite\",\"@id\":\"https:\/\/vinilozona.lt\/#website\",\"url\":\"https:\/\/vinilozona.lt\/\",\"name\":\"Vinilo Zona\",\"description\":\"Nup\u016bsk dulkes ir klausyk LP\",\"potentialAction\":[{\"@type\":\"SearchAction\",\"target\":{\"@type\":\"EntryPoint\",\"urlTemplate\":\"https:\/\/vinilozona.lt\/?s={search_term_string}\"},\"query-input\":{\"@type\":\"PropertyValueSpecification\",\"valueRequired\":true,\"valueName\":\"search_term_string\"}}],\"inLanguage\":\"en-GB\"}]}<\/script>\n<!-- \/ Yoast SEO plugin. -->","yoast_head_json":{"title":"Joe Dassin \/ \u0414\u0436\u043e \u0414\u0430\u0441\u0441\u0435\u043d \u2013 \u041f\u043e\u0435\u0442 \u0414\u0436\u043e \u0414\u0430\u0441\u0441\u0435\u043d Vinilin\u0117 Plok\u0161tel\u0117 | Vinilozona.lt","robots":{"index":"index","follow":"follow","max-snippet":"max-snippet:-1","max-image-preview":"max-image-preview:large","max-video-preview":"max-video-preview:-1"},"canonical":"https:\/\/vinilozona.lt\/en\/parduotuve\/kita\/\u0434\u0436\u043e-\u0434\u0430\u0441\u0441\u0435\u043d-\u043f\u043e\u0435\u0442-\u0434\u0436\u043e-\u0434\u0430\u0441\u0441\u0435\u043d\/","og_locale":"en_GB","og_type":"article","og_title":"Joe Dassin \/ \u0414\u0436\u043e \u0414\u0430\u0441\u0441\u0435\u043d \u2013 \u041f\u043e\u0435\u0442 \u0414\u0436\u043e \u0414\u0430\u0441\u0441\u0435\u043d Vinilin\u0117 Plok\u0161tel\u0117 | Vinilozona.lt","og_description":"\u0421 60\u201413005-6","og_url":"https:\/\/vinilozona.lt\/en\/parduotuve\/kita\/\u0434\u0436\u043e-\u0434\u0430\u0441\u0441\u0435\u043d-\u043f\u043e\u0435\u0442-\u0434\u0436\u043e-\u0434\u0430\u0441\u0441\u0435\u043d\/","og_site_name":"Vinilo Zona","article_modified_time":"2025-08-23T13:30:13+00:00","og_image":[{"width":600,"height":605,"url":"https:\/\/vinilozona.lt\/wp-content\/uploads\/2021\/10\/R-4343619-1385683592-6393.jpeg.jpg","type":"image\/jpeg"}],"twitter_card":"summary_large_image","twitter_misc":{"Estimated reading time":"1 minute"},"schema":{"@context":"https:\/\/schema.org","@graph":[{"@type":"WebPage","@id":"https:\/\/vinilozona.lt\/parduotuve\/kita\/%d0%b4%d0%b6%d0%be-%d0%b4%d0%b0%d1%81%d1%81%d0%b5%d0%bd-%d0%bf%d0%be%d0%b5%d1%82-%d0%b4%d0%b6%d0%be-%d0%b4%d0%b0%d1%81%d1%81%d0%b5%d0%bd\/","url":"https:\/\/vinilozona.lt\/parduotuve\/kita\/%d0%b4%d0%b6%d0%be-%d0%b4%d0%b0%d1%81%d1%81%d0%b5%d0%bd-%d0%bf%d0%be%d0%b5%d1%82-%d0%b4%d0%b6%d0%be-%d0%b4%d0%b0%d1%81%d1%81%d0%b5%d0%bd\/","name":"Joe Dassin \/ \u0414\u0436\u043e \u0414\u0430\u0441\u0441\u0435\u043d \u2013 \u041f\u043e\u0435\u0442 \u0414\u0436\u043e \u0414\u0430\u0441\u0441\u0435\u043d Vinilin\u0117 Plok\u0161tel\u0117 | Vinilozona.lt","isPartOf":{"@id":"https:\/\/vinilozona.lt\/#website"},"primaryImageOfPage":{"@id":"https:\/\/vinilozona.lt\/parduotuve\/kita\/%d0%b4%d0%b6%d0%be-%d0%b4%d0%b0%d1%81%d1%81%d0%b5%d0%bd-%d0%bf%d0%be%d0%b5%d1%82-%d0%b4%d0%b6%d0%be-%d0%b4%d0%b0%d1%81%d1%81%d0%b5%d0%bd\/#primaryimage"},"image":{"@id":"https:\/\/vinilozona.lt\/parduotuve\/kita\/%d0%b4%d0%b6%d0%be-%d0%b4%d0%b0%d1%81%d1%81%d0%b5%d0%bd-%d0%bf%d0%be%d0%b5%d1%82-%d0%b4%d0%b6%d0%be-%d0%b4%d0%b0%d1%81%d1%81%d0%b5%d0%bd\/#primaryimage"},"thumbnailUrl":"https:\/\/vinilozona.lt\/wp-content\/uploads\/2021\/10\/R-4343619-1385683592-6393.jpeg.jpg","datePublished":"2025-08-22T19:22:51+00:00","dateModified":"2025-08-23T13:30:13+00:00","breadcrumb":{"@id":"https:\/\/vinilozona.lt\/parduotuve\/kita\/%d0%b4%d0%b6%d0%be-%d0%b4%d0%b0%d1%81%d1%81%d0%b5%d0%bd-%d0%bf%d0%be%d0%b5%d1%82-%d0%b4%d0%b6%d0%be-%d0%b4%d0%b0%d1%81%d1%81%d0%b5%d0%bd\/#breadcrumb"},"inLanguage":"en-GB","potentialAction":[{"@type":"ReadAction","target":["https:\/\/vinilozona.lt\/parduotuve\/kita\/%d0%b4%d0%b6%d0%be-%d0%b4%d0%b0%d1%81%d1%81%d0%b5%d0%bd-%d0%bf%d0%be%d0%b5%d1%82-%d0%b4%d0%b6%d0%be-%d0%b4%d0%b0%d1%81%d1%81%d0%b5%d0%bd\/"]}]},{"@type":"ImageObject","inLanguage":"en-GB","@id":"https:\/\/vinilozona.lt\/parduotuve\/kita\/%d0%b4%d0%b6%d0%be-%d0%b4%d0%b0%d1%81%d1%81%d0%b5%d0%bd-%d0%bf%d0%be%d0%b5%d1%82-%d0%b4%d0%b6%d0%be-%d0%b4%d0%b0%d1%81%d1%81%d0%b5%d0%bd\/#primaryimage","url":"https:\/\/vinilozona.lt\/wp-content\/uploads\/2021\/10\/R-4343619-1385683592-6393.jpeg.jpg","contentUrl":"https:\/\/vinilozona.lt\/wp-content\/uploads\/2021\/10\/R-4343619-1385683592-6393.jpeg.jpg","width":600,"height":605},{"@type":"BreadcrumbList","@id":"https:\/\/vinilozona.lt\/parduotuve\/kita\/%d0%b4%d0%b6%d0%be-%d0%b4%d0%b0%d1%81%d1%81%d0%b5%d0%bd-%d0%bf%d0%be%d0%b5%d1%82-%d0%b4%d0%b6%d0%be-%d0%b4%d0%b0%d1%81%d1%81%d0%b5%d0%bd\/#breadcrumb","itemListElement":[{"@type":"ListItem","position":1,"name":"Home","item":"https:\/\/vinilozona.lt\/"},{"@type":"ListItem","position":2,"name":"Parduotuv\u0117","item":"https:\/\/vinilozona.lt\/parduotuve\/"},{"@type":"ListItem","position":3,"name":"Joe Dassin \/ \u0414\u0436\u043e \u0414\u0430\u0441\u0441\u0435\u043d \u2013 \u041f\u043e\u0435\u0442 \u0414\u0436\u043e \u0414\u0430\u0441\u0441\u0435\u043d"}]},{"@type":"WebSite","@id":"https:\/\/vinilozona.lt\/#website","url":"https:\/\/vinilozona.lt\/","name":"Vinilo Zona","description":"Nup\u016bsk dulkes ir klausyk LP","potentialAction":[{"@type":"SearchAction","target":{"@type":"EntryPoint","urlTemplate":"https:\/\/vinilozona.lt\/?s={search_term_string}"},"query-input":{"@type":"PropertyValueSpecification","valueRequired":true,"valueName":"search_term_string"}}],"inLanguage":"en-GB"}]}},"_links":{"self":[{"href":"https:\/\/vinilozona.lt\/en\/wp-json\/wp\/v2\/product\/16319"}],"collection":[{"href":"https:\/\/vinilozona.lt\/en\/wp-json\/wp\/v2\/product"}],"about":[{"href":"https:\/\/vinilozona.lt\/en\/wp-json\/wp\/v2\/types\/product"}],"wp:featuredmedia":[{"embeddable":true,"href":"https:\/\/vinilozona.lt\/en\/wp-json\/wp\/v2\/media\/16320"}],"wp:attachment":[{"href":"https:\/\/vinilozona.lt\/en\/wp-json\/wp\/v2\/media?parent=16319"}],"wp:term":[{"taxonomy":"product_cat","embeddable":true,"href":"https:\/\/vinilozona.lt\/en\/wp-json\/wp\/v2\/product_cat?post=16319"},{"taxonomy":"product_tag","embeddable":true,"href":"https:\/\/vinilozona.lt\/en\/wp-json\/wp\/v2\/product_tag?post=16319"}],"curies":[{"name":"wp","href":"https:\/\/api.w.org\/{rel}","templated":true}]}}